{"id":9237,"date":"2018-07-18T19:50:24","date_gmt":"2018-07-18T19:50:24","guid":{"rendered":"http:\/\/lagh-univ.dz\/technologie-graduation-services-diplomes\/"},"modified":"2020-02-10T08:06:40","modified_gmt":"2020-02-10T10:06:40","slug":"technologie-graduation-services-diplomes","status":"publish","type":"page","link":"http:\/\/lagh-univ.dz\/fr\/faculte-de-technologie\/technologie-graduation-services-diplomes\/","title":{"rendered":"Technologie-graduation-service de la statistique, de l&rsquo;information et de l&rsquo;orientation"},"content":{"rendered":"<p dir=\"ltr\"><span style=\"color: #ff0000;font-family: Book Antiqua, Palatino;font-size: 14pt\"><strong><span class=\"tlid-translation translation\" lang=\"fr\"><span class=\"\" title=\"\"><span class=\"tlid-translation translation\" lang=\"en\">Service des statistiques, de l&rsquo;information et de l&rsquo;orientation<\/span><\/span><\/span><\/strong><\/span><\/p>\n<p dir=\"ltr\"><span style=\"font-family: Book Antiqua, Palatino;font-size: 14pt\">chef de service: <strong>karima boucedra<\/strong><\/span><\/p>\n<p dir=\"ltr\" style=\"text-align: left\"><span style=\"font-family: arabic-kufi;font-size: 14pt\"><span style=\"font-family: Book Antiqua, Palatino\">Email : <\/span><a href=\"mailto:k.boucedra@gmail.com\"><span style=\"font-family: Book Antiqua, Palatino;font-size: 14pt\">k.boucedra@gmail.com<\/span><\/a><\/span><\/p>\n<p dir=\"ltr\" style=\"text-align: left\"><span style=\"font-family: Book Antiqua, Palatino;font-size: 14pt\">Tel: 029521160\u00a0 poste:229<br \/>\n<\/span><\/p>\n<p dir=\"ltr\" style=\"text-align: left\"><span style=\"font-family: Book Antiqua, Palatino;font-size: 14pt;color: #ff00ff\"><u>Taches de service<\/u><\/span><\/p>\n<p dir=\"ltr\" style=\"text-align: left\"><span style=\"font-family: Book Antiqua, Palatino;font-size: 14pt;color: #000000\">Le service des statistiques est charg\u00e9 d\u2019actualiser les taches suivantes\u00a0:<\/span><\/p>\n<ul style=\"text-align: left\">\n<li><span style=\"font-family: Book Antiqua, Palatino;font-size: 14pt;color: #000000\">Nombre total des \u00e9tudiants.<\/span><\/li>\n<li><span style=\"font-family: Book Antiqua, Palatino;font-size: 14pt;color: #000000\">Etudiants par fili\u00e8res et sp\u00e9cialisations.<\/span><\/li>\n<li><span style=\"font-family: Book Antiqua, Palatino;font-size: 14pt;color: #000000\">Etudiants redoublants et d abandons.<\/span><\/li>\n<li><span style=\"font-family: Book Antiqua, Palatino;font-size: 14pt;color: #000000\">Etudiants \u00e9trangers.<\/span><\/li>\n<li><span style=\"font-family: Book Antiqua, Palatino;font-size: 14pt;color: #000000\">Etudiants concern\u00e9s par le service national.<\/span><\/li>\n<\/ul>\n<p>&nbsp;<\/p>\n","protected":false},"excerpt":{"rendered":"<p>Service des statistiques, de l&rsquo;information et de l&rsquo;orientation chef de service: karima boucedra Email : k.boucedra@gmail.com Tel: 029521160\u00a0 poste:229 Taches de service Le service des statistiques est charg\u00e9 d\u2019actualiser les taches suivantes\u00a0: Nombre total des \u00e9tudiants. Etudiants par fili\u00e8res et sp\u00e9cialisations. Etudiants redoublants et d abandons. Etudiants \u00e9trangers. Etudiants concern\u00e9s par le service national. &nbsp;<\/p>\n","protected":false},"author":13,"featured_media":0,"parent":6784,"menu_order":0,"comment_status":"closed","ping_status":"closed","template":"elementor_header_footer","meta":{"_exactmetrics_skip_tracking":false,"_exactmetrics_sitenote_active":false,"_exactmetrics_sitenote_note":"","_exactmetrics_sitenote_category":0,"footnotes":""},"coauthors":[533],"class_list":["post-9237","page","type-page","status-publish","hentry"],"_links":{"self":[{"href":"http:\/\/lagh-univ.dz\/fr\/wp-json\/wp\/v2\/pages\/9237","targetHints":{"allow":["GET"]}}],"collection":[{"href":"http:\/\/lagh-univ.dz\/fr\/wp-json\/wp\/v2\/pages"}],"about":[{"href":"http:\/\/lagh-univ.dz\/fr\/wp-json\/wp\/v2\/types\/page"}],"author":[{"embeddable":true,"href":"http:\/\/lagh-univ.dz\/fr\/wp-json\/wp\/v2\/users\/13"}],"replies":[{"embeddable":true,"href":"http:\/\/lagh-univ.dz\/fr\/wp-json\/wp\/v2\/comments?post=9237"}],"version-history":[{"count":10,"href":"http:\/\/lagh-univ.dz\/fr\/wp-json\/wp\/v2\/pages\/9237\/revisions"}],"predecessor-version":[{"id":24664,"href":"http:\/\/lagh-univ.dz\/fr\/wp-json\/wp\/v2\/pages\/9237\/revisions\/24664"}],"up":[{"embeddable":true,"href":"http:\/\/lagh-univ.dz\/fr\/wp-json\/wp\/v2\/pages\/6784"}],"wp:attachment":[{"href":"http:\/\/lagh-univ.dz\/fr\/wp-json\/wp\/v2\/media?parent=9237"}],"wp:term":[{"taxonomy":"author","embeddable":true,"href":"http:\/\/lagh-univ.dz\/fr\/wp-json\/wp\/v2\/coauthors?post=9237"}],"curies":[{"name":"wp","href":"https:\/\/api.w.org\/{rel}","templated":true}]}}