{"id":9243,"date":"2018-07-18T19:23:10","date_gmt":"2018-07-18T19:23:10","guid":{"rendered":"http:\/\/lagh-univ.dz\/technologie-post-graduation-mot-de-vice-doyen\/"},"modified":"2020-02-05T09:15:27","modified_gmt":"2020-02-05T11:15:27","slug":"technologie-post-graduation-mot-de-vice-doyen","status":"publish","type":"page","link":"http:\/\/lagh-univ.dz\/fr\/faculte-de-technologie\/technologie-post-graduation-mot-de-vice-doyen\/","title":{"rendered":"Technologie- post Graduation-mot de vice doyen"},"content":{"rendered":"<table style=\"background-color: #e8e1e1\">\n<tbody>\n<tr>\n<td><\/td>\n<\/tr>\n<\/tbody>\n<\/table>\n<p dir=\"rtl\" style=\"text-align: left\"><span style=\"font-family: arabic-kufi;font-size: 14pt\">[su_spacer size=\u00a0\u00bb60&Prime;]<\/span><\/p>\n<table class=\" alignleft\" style=\"height: 26px;background-color: #f5c711;width: 707px\" width=\"707\">\n<tbody>\n<tr>\n<td style=\"width: 243px;background-color: #e8e3e3;text-align: center;vertical-align: middle\"><strong style=\"font-family: arabic-kufi;font-size: 18.6667px\"><img decoding=\"async\" class=\"alignnone size-full wp-image-23431\" src=\"http:\/\/lagh-univ.dz\/wp-content\/uploads\/2020\/02\/\u0632\u0648\u0643\u0644.jpg\" alt=\"\" width=\"162\" height=\"180\" \/><\/strong><\/td>\n<td style=\"width: 448px;text-align: left;background-color: #e8e3e3\">\n<p dir=\"rtl\"><span style=\"color: #000000;font-family: Book Antiqua, Palatino\"><strong style=\"font-size: 18.6667px\">Dr : Abdelhalim Zoukel<\/strong><\/span><\/p>\n<p dir=\"ltr\"><span style=\"font-family: Book Antiqua, Palatino;font-size: 14pt;color: #000000\"><strong>\u00a0Le vice doyen de la post graduation, de la recherche Scientifique et des relations ext\u00e9rieures<\/strong><\/span><\/p>\n<p dir=\"ltr\"><span style=\"font-family: Book Antiqua, Palatino;font-size: 14pt;color: #000000\"><strong>Email : ab.zoukel@lagh-univ.dz<\/strong><\/span><\/p>\n<\/td>\n<\/tr>\n<\/tbody>\n<\/table>\n<p dir=\"rtl\" style=\"text-align: left\"><span style=\"font-family: arabic-kufi;font-size: 14pt\">\u00a0 \u00a0 \u00a0<\/span><\/p>\n<p dir=\"ltr\" style=\"text-align: left\"><span style=\"font-family: arabic-kufi;font-size: 14pt\">\u00a0 \u00a0 \u00a0<\/span><\/p>\n<p dir=\"ltr\" style=\"text-align: left\"><span style=\"font-family: arabic-kufi;font-size: 14pt\"> <span style=\"font-family: Book Antiqua, Palatino;color: #000000\">\u00a0 Le Vice doyen\u00a0 charg\u00e9 de post-graduation, de la recherche scientifique et des relations ext\u00e9rieures a pour objectif :\u00a0 <\/span><\/span><\/p>\n<p dir=\"ltr\" style=\"text-align: left\"><span style=\"font-family: Book Antiqua, Palatino;font-size: 14pt;color: #000000\">1) la diffusion de nouvelles connaissances dans le but d&rsquo;assurer\u00a0 une formation qui r\u00e9pond aux crit\u00e8res d\u2019excellente pour les \u00e9tudiants doctorants.\u00a0<\/span><\/p>\n<p dir=\"ltr\" style=\"text-align: left\"><span style=\"font-family: Book Antiqua, Palatino;font-size: 14pt;color: #000000\"> 2) il travaille \u00e9galement pour stimuler la recherche scientifique par le suivi des activit\u00e9s de laboratoires de recherche. <\/span><\/p>\n<p dir=\"ltr\" style=\"text-align: left\"><span style=\"font-family: Book Antiqua, Palatino;font-size: 14pt;color: #000000\">3) \u00a0la r\u00e9alisation de toute activit\u00e9 qui valoriserait les r\u00e9sultats de la recherche r\u00e9alis\u00e9es au sein de la facult\u00e9. <\/span><\/p>\n<p dir=\"ltr\" style=\"text-align: left\"><span style=\"font-family: Book Antiqua, Palatino;font-size: 14pt;color: #000000\">4) une fen\u00eatre vers l&rsquo;ext\u00e9rieur\u00a0 \u00e0 travers le\u00a0 suivi et l\u2019 organisation de diff\u00e9rentes\u00a0 manifestations scientifiques telle que les\u00a0 conf\u00e9rences nationales et internationales\u00a0 de haut niveau et\u00a0 des journ\u00e9es d\u2019\u00e9tudes\u00a0 qui contribuent \u00e0 relever le d\u00e9fi\u00a0 scientifique qui se pose autant \u00e0 la facult\u00e9 qu\u2019\u00e0 \u00a0l\u2019universit\u00e9 enti\u00e8re.<\/span><\/p>\n<p dir=\"ltr\">\n<p dir=\"ltr\" style=\"text-align: left\"><span style=\"font-family: Book Antiqua, Palatino;font-size: 14pt;color: #000000\">Afin de r\u00e9aliser ces taches de mani\u00e8re syst\u00e9matique et efficace, le vice d\u00e9canat est dot\u00e9 d\u2019un:<\/span><\/p>\n<p dir=\"ltr\">\n<ul>\n<li style=\"text-align: left\"><span style=\"font-family: Book Antiqua, Palatino;font-size: 14pt;color: #000000\">Service du suivi de la formation en post-graduation<\/span><\/li>\n<li style=\"text-align: left\"><span style=\"font-family: Book Antiqua, Palatino;font-size: 14pt;color: #000000\">Service du suivi des activit\u00e9s de recherche<\/span><\/li>\n<li style=\"text-align: left\"><span style=\"font-family: Book Antiqua, Palatino;font-size: 14pt;color: #000000\">Service de la coop\u00e9ration et des relations ext\u00e9rieures<\/span><\/li>\n<\/ul>\n<p dir=\"ltr\" style=\"text-align: left\"><span style=\"font-family: Book Antiqua, Palatino;font-size: 14pt;color: #000000\">Nous veillons, \u00e0 ce\u00a0qu&rsquo;aucun effort ne soit \u00e9pargn\u00e9\u00a0pour mettre nos services \u00e0 la disposition de tous les \u00e9tudiants doctorants et enseignants chercheurs.<\/span><\/p>\n<p dir=\"ltr\" style=\"text-align: left\"><span style=\"font-family: Book Antiqua, Palatino;font-size: 14pt;color: #000000\">Le \u00a0vice-d\u00e9canat\u00a0 est pr\u00eat \u00e0 recevoir vos suggestions, vos critiques et votre contribution pour enrichissement.<\/span><\/p>\n<p dir=\"ltr\" style=\"text-align: left\"><span style=\"font-family: Book Antiqua, Palatino;font-size: 14pt;color: #000000\">Soyez les bienvenus.<\/span><\/p>\n","protected":false},"excerpt":{"rendered":"<p>[su_spacer size=\u00a0\u00bb60&Prime;] Dr : Abdelhalim Zoukel \u00a0Le vice doyen de la post graduation, de la recherche Scientifique et des relations ext\u00e9rieures Email : ab.zoukel@lagh-univ.dz \u00a0 \u00a0 \u00a0 \u00a0 \u00a0 \u00a0 \u00a0 Le Vice doyen\u00a0 charg\u00e9 de post-graduation, de la recherche scientifique et des relations ext\u00e9rieures a pour objectif :\u00a0 1) la diffusion de nouvelles connaissances [&hellip;]<\/p>\n","protected":false},"author":13,"featured_media":0,"parent":6784,"menu_order":0,"comment_status":"closed","ping_status":"closed","template":"elementor_header_footer","meta":{"_exactmetrics_skip_tracking":false,"_exactmetrics_sitenote_active":false,"_exactmetrics_sitenote_note":"","_exactmetrics_sitenote_category":0,"footnotes":""},"coauthors":[533],"class_list":["post-9243","page","type-page","status-publish","hentry"],"_links":{"self":[{"href":"http:\/\/lagh-univ.dz\/fr\/wp-json\/wp\/v2\/pages\/9243","targetHints":{"allow":["GET"]}}],"collection":[{"href":"http:\/\/lagh-univ.dz\/fr\/wp-json\/wp\/v2\/pages"}],"about":[{"href":"http:\/\/lagh-univ.dz\/fr\/wp-json\/wp\/v2\/types\/page"}],"author":[{"embeddable":true,"href":"http:\/\/lagh-univ.dz\/fr\/wp-json\/wp\/v2\/users\/13"}],"replies":[{"embeddable":true,"href":"http:\/\/lagh-univ.dz\/fr\/wp-json\/wp\/v2\/comments?post=9243"}],"version-history":[{"count":16,"href":"http:\/\/lagh-univ.dz\/fr\/wp-json\/wp\/v2\/pages\/9243\/revisions"}],"predecessor-version":[{"id":23428,"href":"http:\/\/lagh-univ.dz\/fr\/wp-json\/wp\/v2\/pages\/9243\/revisions\/23428"}],"up":[{"embeddable":true,"href":"http:\/\/lagh-univ.dz\/fr\/wp-json\/wp\/v2\/pages\/6784"}],"wp:attachment":[{"href":"http:\/\/lagh-univ.dz\/fr\/wp-json\/wp\/v2\/media?parent=9243"}],"wp:term":[{"taxonomy":"author","embeddable":true,"href":"http:\/\/lagh-univ.dz\/fr\/wp-json\/wp\/v2\/coauthors?post=9243"}],"curies":[{"name":"wp","href":"https:\/\/api.w.org\/{rel}","templated":true}]}}