{"id":9245,"date":"2018-07-18T19:24:54","date_gmt":"2018-07-18T19:24:54","guid":{"rendered":"http:\/\/lagh-univ.dz\/technologie-post-graduation-service-de-suivi-de-la-formation\/"},"modified":"2020-02-10T14:58:35","modified_gmt":"2020-02-10T16:58:35","slug":"technologie-post-graduation-service-de-suivi-de-la-formation","status":"publish","type":"page","link":"http:\/\/lagh-univ.dz\/fr\/faculte-de-technologie\/technologie-post-graduation-service-de-suivi-de-la-formation\/","title":{"rendered":"Technologie- post Graduation-service de suivi de la formation"},"content":{"rendered":"<p dir=\"ltr\"><span style=\"font-size: 14pt;font-family: 'Book Antiqua', Palatino;color: #ff0000\"> <strong><span style=\"color: #ff00ff\">Pr\u00e9sentation service de Post-Graduation<\/span> <\/strong><\/span><\/p>\n<p dir=\"ltr\"><span style=\"font-size: 14pt;font-family: 'Book Antiqua', Palatino;color: #000000\"><strong>\u00a0\u00a0\u00a0\u00a0\u00a0\u00a0\u00a0\u00a0\u00a0\u00a0\u00a0\u00a0\u00a0\u00a0 <\/strong><\/span><span style=\"font-size: 14pt;font-family: 'Book Antiqua', Palatino;color: #000000\">Le service de Post-Graduation\u00a0: est charg\u00e9 de suivre le d\u00e9roulement des formations de post-graduation (Doctorat Classique et doctorat 3\u00e8me cycle pour toute inscription et soutenance). Il est charg\u00e9 aussi de suivre tous les dossiers des enseignants chercheurs et chercheurs permanents\u00a0candidats \u00e0 l&rsquo;habilitation universitaire et\u00a0la\u00a0gestion des dossiers de soutenance ainsi que la d\u00e9livrance des dipl\u00f4mes de l\u2019Habilitation Universitaire.<\/span><\/p>\n<p dir=\"ltr\"><span style=\"font-size: 14pt;font-family: 'Book Antiqua', Palatino;color: #000000\">En plus le service de PG\u00a0 vise une gouvernance scientifique de la post graduation, le d\u00e9veloppement de la formation sup\u00e9rieure et la valorisation des activit\u00e9s de recherche.<\/span><\/p>\n<p dir=\"ltr\"><strong>\u00a0<\/strong><\/p>\n<p dir=\"ltr\"><span style=\"font-family: Book Antiqua, Palatino;font-size: 14pt\"><strong><span style=\"color: #ff00ff\">Les missions de service de Post-Graduation consistent \u00e0 :<\/span><\/strong><\/span><\/p>\n<ul>\n<li style=\"text-align: left\"><span style=\"font-size: 14pt;font-family: 'Book Antiqua', Palatino;color: #000000\">Le suivi des dossiers d\u2019offres de formations en doctorat (Doctorat Classique et Doctorat LMD)<\/span><\/li>\n<li style=\"text-align: left\"><span style=\"font-size: 14pt;font-family: 'Book Antiqua', Palatino;color: #000000\">Les inscriptions et r\u00e9inscriptions des \u00e9tudiants en doctorat.<\/span><\/li>\n<li style=\"text-align: left\"><span style=\"font-size: 14pt;font-family: 'Book Antiqua', Palatino;color: #000000\">La d\u00e9livrance des dipl\u00f4mes (Doctorat Classique et Doctorat LMD)<\/span><\/li>\n<li style=\"text-align: left\"><span style=\"font-size: 14pt;font-family: 'Book Antiqua', Palatino;color: #000000\">L\u2019authenticit\u00e9 des dipl\u00f4mes.<\/span><\/li>\n<li style=\"text-align: left\"><span style=\"font-size: 14pt;font-family: 'Book Antiqua', Palatino;color: #000000\">L\u2019\u00e9tablissement des diff\u00e9rents bilans<\/span><\/li>\n<li style=\"text-align: left\"><span style=\"font-size: 14pt;font-family: 'Book Antiqua', Palatino;color: #000000\">L\u2019\u00e9tablissement des diff\u00e9rents canevas (statistiques)<\/span><\/li>\n<li style=\"text-align: left\"><span style=\"font-size: 14pt;font-family: 'Book Antiqua', Palatino;color: #000000\">Suivre le d\u00e9roulement des formations de post graduation, de l\u2019habilitation universitaire en veillant \u00e0 l\u2019application de la r\u00e9glementation en vigueur en la mati\u00e8re.<\/span><\/li>\n<li style=\"text-align: left\"><span style=\"font-size: 14pt;font-family: 'Book Antiqua', Palatino;color: #000000\">Mener toute action de valorisation des r\u00e9sultats de la recherche.<\/span><\/li>\n<\/ul>\n<p dir=\"ltr\"><span style=\"font-family: Book Antiqua, Palatino;font-size: 14pt\"><strong><strong><span style=\"color: #ff00ff\">Les personnes charges de la gestion de service Post-Graduation <\/span><\/strong><strong>: <\/strong><strong>\u00a0<\/strong><\/strong><\/span><\/p>\n<p dir=\"ltr\"><span style=\"font-size: 14pt;font-family: 'Book Antiqua', Palatino;color: #000000\">&#8211; Chetatha Aissa<\/span><\/p>\n<p dir=\"ltr\"><span style=\"font-size: 14pt;font-family: 'Book Antiqua', Palatino;color: #000000\">&#8211; Chatti Bouziane<\/span><\/p>\n<p dir=\"ltr\"><span style=\"font-size: 14pt;font-family: 'Book Antiqua', Palatino;color: #000000\">\u00a0<\/span><\/p>\n<p dir=\"ltr\"><span style=\"font-size: 14pt;font-family: 'Book Antiqua', Palatino;color: #000000\"><u>Autre <\/u><\/span><\/p>\n<p dir=\"ltr\"><span style=\"font-size: 14pt;font-family: 'Book Antiqua', Palatino;color: #000000\">\u00a0\u00a0 Le d\u00e9p\u00f4t du dossier d\u2019inscription ou de r\u00e9inscription se fait aupr\u00e8s des facult\u00e9s respectives (service post-graduation de la facult\u00e9). Apr\u00e8s v\u00e9rification administrative, la facult\u00e9 transmet le dossier au d\u00e9partement concern\u00e9 afin qu\u2019il soit \u00e9tudi\u00e9 par le Comit\u00e9 Scientifique du D\u00e9partement (CSD). Si le dossier re\u00e7oit un avis favorable du CSD, il sera transmis au Conseil Scientifique de la Facult\u00e9 (CSF) avec une copie du PV ou extrait du PV du CSD. A l\u2019issue de la validation par le CSF, l\u2019\u00e9tudiant est d\u00e9clar\u00e9 inscrit ou r\u00e9inscrit.<\/span><\/p>\n<p dir=\"ltr\"><span style=\"color: #ff00ff\"><strong><span style=\"font-family: Book Antiqua, Palatino;font-size: 14pt;color: #ff00ff\">Dossier de premi\u00e8re inscription<\/span><\/strong><\/span><\/p>\n<p dir=\"ltr\"><span style=\"font-size: 14pt;font-family: 'Book Antiqua', Palatino;color: #ff00ff\">[su_spoiler title=\u00a0\u00bbDoctorat en science\u00a0\u00bb open=\u00a0\u00bbno\u00a0\u00bb style=\u00a0\u00bbfancy\u00a0\u00bb icon=\u00a0\u00bbcaret\u00a0\u00bb]<\/span><\/p>\n<ol>\n<li style=\"text-align: left\"><span style=\"font-family: Book Antiqua, Palatino;font-size: 14pt\">Demande d\u2019inscription\u00a0(<a href=\"http:\/\/lagh-univ.dz\/accueilf\/wp-content\/uploads\/sites\/2\/2015\/12\/Demande-d-inscription-doctorat-sciences.docx\">Document\u00a0\u00e0 t\u00e9l\u00e9charger<\/a>)<\/span><\/li>\n<li style=\"text-align: left\"><span style=\"font-family: Book Antiqua, Palatino;font-size: 14pt\">Formulaire de demande d\u2019inscription d\u2019un sujet de th\u00e8se (<a href=\"http:\/\/lagh-univ.dz\/accueilf\/wp-content\/uploads\/sites\/2\/2015\/12\/Formulaire-de-demande-d%E2%80%99inscription-d%E2%80%99un-sujet-de-th%C3%A8se-1.doc\">Document\u00a0\u00e0 t\u00e9l\u00e9charger<\/a>)<\/span><\/li>\n<li style=\"text-align: left\"><span style=\"font-family: Book Antiqua, Palatino;font-size: 14pt\">Identification du sujet\u00a0: Document PNST (voir la proc\u00e9dure sur le site PNST\u00a0<a href=\"https:\/\/www.pnst.cerist.dz\/index.php\">https:\/\/www.pnst.cerist.dz\/index.php<\/a><a href=\"https:\/\/www.pnst.cerist.dz\/verify.php\">)<\/a> (document \u00e9tabli par la facult\u00e9)<\/span><\/li>\n<li style=\"text-align: left\"><span style=\"font-family: Book Antiqua, Palatino;font-size: 14pt\">D\u00e9claration sur l\u2019honneur de non inscription\u00a0(<a href=\"http:\/\/lagh-univ.dz\/accueilf\/wp-content\/uploads\/sites\/2\/2015\/12\/D%C3%A9claration-sur-lhonneur-de-non-inscription-3.doc\">Document \u00e0 t\u00e9l\u00e9charger<\/a>).<\/span><\/li>\n<li style=\"text-align: left\"><span style=\"font-family: Book Antiqua, Palatino;font-size: 14pt\">Photocopies des dipl\u00f4mes\u00a0: Baccalaur\u00e9at, graduation et magister.<\/span><\/li>\n<li style=\"text-align: left\"><span style=\"font-family: Book Antiqua, Palatino;font-size: 14pt\">Un extrait de naissance (N\u00b012).<\/span><\/li>\n<li style=\"text-align: left\"><span style=\"font-family: Book Antiqua, Palatino;font-size: 14pt\">04 photos d\u2019identit\u00e9 avec nom et pr\u00e9nom mentionn\u00e9s au verso.<\/span><\/li>\n<li style=\"text-align: left\"><span style=\"font-family: Book Antiqua, Palatino;font-size: 14pt\">Frais\u00a0d\u2019inscription (r\u00e9c\u00e9piss\u00e9) (200DA).<\/span><\/li>\n<\/ol>\n<p dir=\"ltr\" style=\"text-align: left\"><span style=\"font-family: Book Antiqua, Palatino;font-size: 14pt\">Pour les \u00e9tudiants n\u00e9s \u00e0 l\u2019\u00e9tranger il faut ajouter au dossier d\u2019inscription les documents suivants:<\/span><\/p>\n<ol>\n<li style=\"text-align: left\"><span style=\"font-family: Book Antiqua, Palatino;font-size: 14pt\">Certificat de nationalit\u00e9.<\/span><\/li>\n<li style=\"text-align: left\"><span style=\"font-family: Book Antiqua, Palatino;font-size: 14pt\">Attestations d\u2019\u00e9quivalence des dipl\u00f4mes obtenus \u00e0 l\u2019\u00e9tranger<\/span>.<\/li>\n<\/ol>\n<p dir=\"ltr\"><span style=\"font-size: 14pt;font-family: 'Book Antiqua', Palatino;color: #ff00ff\">. [\/su_spoiler]<br \/>\n<\/span><\/p>\n<p dir=\"ltr\" style=\"text-align: left\">[su_spoiler title=\u00a0\u00bbDoctorat en DLMD\u00a0\u00bb open=\u00a0\u00bbno\u00a0\u00bb style=\u00a0\u00bbfancy\u00a0\u00bb icon=\u00a0\u00bbcaret\u00a0\u00bb]<\/p>\n<ol style=\"text-align: left\">\n<li><span style=\"font-family: Book Antiqua, Palatino;font-size: 14pt\">Demande d\u2019inscription\u00a0(<a href=\"http:\/\/lagh-univ.dz\/accueilf\/wp-content\/uploads\/sites\/2\/2015\/12\/Demande-d-inscription-DLMD.docx\" target=\"_blank\" rel=\"noopener noreferrer\">Document \u00e0 t\u00e9l\u00e9charger<\/a>).<\/span><\/li>\n<li><span style=\"font-family: Book Antiqua, Palatino;font-size: 14pt\">Formulaire de demande d\u2019inscription d\u2019un sujet de th\u00e8se (<a href=\"http:\/\/lagh-univ.dz\/accueilf\/wp-content\/uploads\/sites\/2\/2015\/12\/Formulaire-de-demande-d%E2%80%99inscription-d%E2%80%99un-sujet-de-th%C3%A8se-2.doc\" target=\"_blank\" rel=\"noopener noreferrer\">Document \u00e0 t\u00e9l\u00e9charger<\/a>)<\/span><\/li>\n<li><span style=\"font-family: Book Antiqua, Palatino;font-size: 14pt\">Identification du sujet\u00a0: Document PNST (voir la proc\u00e9dure sur le site PNST\u00a0<a href=\"https:\/\/www.pnst.cerist.dz\/index.php\" target=\"_blank\" rel=\"noopener noreferrer\">https:\/\/www.pnst.cerist.dz\/index.php<\/a>\u00a0<a href=\"https:\/\/www.pnst.cerist.dz\/verify.php\">)<\/a>\u00a0(document \u00e9tabli par la facult\u00e9).<\/span><\/li>\n<li><span style=\"font-family: Book Antiqua, Palatino;font-size: 14pt\">D\u00e9claration sur l\u2019honneur de non inscription (<a href=\"http:\/\/lagh-univ.dz\/accueilf\/wp-content\/uploads\/sites\/2\/2015\/12\/D%C3%A9claration-sur-lhonneur-de-non-inscription-5.doc\" target=\"_blank\" rel=\"noopener noreferrer\">Document \u00e0 t\u00e9l\u00e9charger<\/a>).<\/span><\/li>\n<li><span style=\"font-family: Book Antiqua, Palatino;font-size: 14pt\">Attestation de non affiliation pour les non salari\u00e9 ou autorisation de l\u2019organisme employeur\u00a0pour la dur\u00e9e de la formation\u00a0pour les salari\u00e9s (<a href=\"http:\/\/lagh-univ.dz\/accueilf\/wp-content\/uploads\/sites\/2\/2015\/12\/Autorisation-de-lemployeur-1.doc\" target=\"_blank\" rel=\"noopener noreferrer\">Document \u00e0 t\u00e9l\u00e9charger<\/a>).<\/span><\/li>\n<li><span style=\"font-family: Book Antiqua, Palatino;font-size: 14pt\">Photocopies des dipl\u00f4mes\u00a0: Baccalaur\u00e9at, licence\u00a0et master.<\/span><\/li>\n<li><span style=\"font-family: Book Antiqua, Palatino;font-size: 14pt\">Extrait de naissance (N\u00b012)<\/span><\/li>\n<li><span style=\"font-family: Book Antiqua, Palatino;font-size: 14pt\">04 photos d\u2019identit\u00e9 avec nom et pr\u00e9nom mentionn\u00e9s au verso.<\/span><\/li>\n<li><span style=\"font-family: Book Antiqua, Palatino;font-size: 14pt\">Frais\u00a0d\u2019inscription (r\u00e9c\u00e9piss\u00e9) (200DA).<\/span><\/li>\n<\/ol>\n<p dir=\"ltr\" style=\"text-align: left\"><span style=\"font-family: Book Antiqua, Palatino;font-size: 14pt\">Pour les \u00e9tudiants n\u00e9s \u00e0 l\u2019etranger, il faut ajouter au dossier d\u2019inscription, les documents suivants:<\/span><\/p>\n<ol>\n<li style=\"text-align: left\"><span style=\"font-family: Book Antiqua, Palatino;font-size: 14pt\">Certificat de nationalit\u00e9.<\/span><\/li>\n<li style=\"text-align: left\"><span style=\"font-family: Book Antiqua, Palatino;font-size: 14pt\">Attestations d\u2019\u00e9quivalence des dipl\u00f4mes obtenus \u00e0 l\u2019\u00e9tranger<\/span><\/li>\n<\/ol>\n<p dir=\"ltr\">. [\/su_spoiler]<\/p>\n<p dir=\"ltr\"><strong><span style=\"font-family: Book Antiqua, Palatino;font-size: 14pt;color: #ff00ff\">Dossier de r\u00e9inscription<\/span><\/strong><\/p>\n<p dir=\"ltr\"><u><\/u>[su_spoiler title=\u00a0\u00bbDoctorat en science\u00a0\u00bb open=\u00a0\u00bbno\u00a0\u00bb style=\u00a0\u00bbfancy\u00a0\u00bb icon=\u00a0\u00bbcaret\u00a0\u00bb]<\/p>\n<ol>\n<li style=\"text-align: left\"><span style=\"font-family: Book Antiqua, Palatino;font-size: 14pt;color: #000000\">Demande de r\u00e9inscription (<a style=\"color: #000000\" href=\"http:\/\/lagh-univ.dz\/accueilf\/wp-content\/uploads\/sites\/2\/2015\/12\/Demande-de-reinscription-en-doctorat-sciences-1.docx\">Document \u00e0 t\u00e9l\u00e9charger<\/a>).<\/span><\/li>\n<li style=\"text-align: left\"><span style=\"font-family: Book Antiqua, Palatino;font-size: 14pt;color: #000000\">Fiche d\u2019\u00e9valuation (<a style=\"color: #000000\" href=\"http:\/\/lagh-univ.dz\/accueilf\/wp-content\/uploads\/sites\/2\/2015\/12\/Fiche-d%C3%A9valuation-doctorat-sciences.docx\">document \u00e0 t\u00e9l\u00e9charger<\/a>).<\/span><\/li>\n<li style=\"text-align: left\"><span style=\"font-family: Book Antiqua, Palatino;font-size: 14pt;color: #000000\">D\u00e9claration sur l\u2019honneur de non inscription\u00a0(<a style=\"color: #000000\" href=\"http:\/\/lagh-univ.dz\/accueilf\/wp-content\/uploads\/sites\/2\/2015\/12\/D%C3%A9claration-sur-lhonneur-de-non-inscription-4.doc\">Document \u00e0 t\u00e9l\u00e9charger<\/a>).<\/span><\/li>\n<li style=\"text-align: left\"><span style=\"font-family: Book Antiqua, Palatino;font-size: 14pt;color: #000000\">Frais\u00a0d\u2019inscription (200DA).<\/span><\/li>\n<\/ol>\n<p dir=\"ltr\" style=\"text-align: left\"><span style=\"font-family: Book Antiqua, Palatino;font-size: 14pt;color: #000000\">Au-del\u00e0 de la 5\u00e8me Ann\u00e9e, il faut rajouter<\/span><\/p>\n<ol style=\"text-align: left\">\n<li><span style=\"font-family: Book Antiqua, Palatino;font-size: 14pt;color: #000000\">Demande de\u00a0d\u00e9rogation pour une r\u00e9inscription en 6\u00e8me ann\u00e9e (<a style=\"color: #000000\" href=\"http:\/\/lagh-univ.dz\/accueilf\/wp-content\/uploads\/sites\/2\/2015\/12\/Demande-de-d%C3%A9rogation-doctorat-sciences-1.docx\">imprim\u00e9 fourni<\/a>)<\/span><\/li>\n<\/ol>\n<p dir=\"ltr\" style=\"text-align: left\"><span style=\"font-family: Book Antiqua, Palatino;font-size: 14pt;color: #000000\"><strong>N.B<\/strong>\u00a0:\u00a0l\u2019intitul\u00e9 du sujet de la th\u00e8se doit \u00eatre complet et identique \u00e0 celui de la premi\u00e8re inscription. tout changement doit \u00eatre valid\u00e9 par les instances scientifiques (comit\u00e9 scientifique et conseil scientifique).<\/span><\/p>\n<p dir=\"ltr\" style=\"text-align: left\"><span style=\"font-family: Book Antiqua, Palatino;font-size: 14pt;color: #000000\">Le dossier d\u2019inscription ou de r\u00e9inscription doit \u00eatre d\u00e9pos\u00e9 au service post-graduation de la facult\u00e9. Apr\u00e8s v\u00e9rification administrative, la facult\u00e9 transmet le dossier au d\u00e9partement concern\u00e9 afin qu\u2019il soit \u00e9tudi\u00e9 par le Comit\u00e9 Scientifique du D\u00e9partement (CSD). Si le dossier re\u00e7oit un avis favorable du CSD, il sera transmis au Conseil Scientifique de la Facult\u00e9 (CSF) avec une copie du PV ou extrait du PV du CSD. A l\u2019issue de la validation par le CSF, l\u2019\u00e9tudiant est d\u00e9clar\u00e9 inscrit ou r\u00e9inscrit.<\/span><\/p>\n<p dir=\"ltr\" style=\"text-align: left\"><span style=\"font-family: Book Antiqua, Palatino;font-size: 14pt;color: #000000\">Le\u00a0<em><u>nombre maximal<\/u><\/em>\u00a0d\u2019inscriptions est fix\u00e9 \u00e0\u00a0<em><u>5<\/u><\/em>. Exceptionnellement, et sur avis d\u00e9rogatoire du Conseil Scientifique de la Facult\u00e9 (CSF), une 6<sup>\u00e8me<\/sup>\u00a0inscription pourra \u00eatre accord\u00e9e au doctorant (d\u00e9cret n\u00b060 du 19 ao\u00fbt 1998).<\/span><\/p>\n<p dir=\"ltr\" style=\"text-align: left\"><span style=\"font-family: Book Antiqua, Palatino;font-size: 14pt;color: #000000\"><strong>N.B.<\/strong>\u00a0:\u00a0Tout dossier incomplet, mal pr\u00e9sent\u00e9 ou d\u00e9pos\u00e9 en dehors des d\u00e9lais est rejet\u00e9<\/span><\/p>\n<p dir=\"ltr\">[\/su_spoiler]<\/p>\n<p dir=\"ltr\">[su_spoiler title=\u00a0\u00bbDoctorat en DLMD\u00a0\u00bb open=\u00a0\u00bbno\u00a0\u00bb style=\u00a0\u00bbfancy\u00a0\u00bb icon=\u00a0\u00bbcaret\u00a0\u00bb]<\/p>\n<ol>\n<li style=\"text-align: left\">Demande de\u00a0r\u00e9inscription\u00a0(<a href=\"http:\/\/lagh-univ.dz\/accueilf\/wp-content\/uploads\/sites\/2\/2015\/12\/Demande-de-reinscription-en-doctorat.docx\" target=\"_blank\" rel=\"noopener noreferrer\">Document \u00e0 t\u00e9l\u00e9charger<\/a>).<\/li>\n<li style=\"text-align: left\">Fiche d\u2019\u00e9valuation\u00a0(<a href=\"http:\/\/lagh-univ.dz\/accueilf\/wp-content\/uploads\/sites\/2\/2015\/12\/Fiche-d%C3%A9valuation-doctorat-LMD.docx\" target=\"_blank\" rel=\"noopener noreferrer\">Document \u00e0 t\u00e9l\u00e9charger<\/a>).<\/li>\n<li style=\"text-align: left\">D\u00e9claration sur l\u2019honneur de non inscription (<a href=\"http:\/\/lagh-univ.dz\/accueilf\/wp-content\/uploads\/sites\/2\/2015\/12\/D%C3%A9claration-sur-lhonneur-de-non-inscription-6.doc\" target=\"_blank\" rel=\"noopener noreferrer\">Document \u00e0 t\u00e9l\u00e9charger<\/a>).<\/li>\n<li style=\"text-align: left\">Attestation de non affiliation pour les candidats non salari\u00e9s.<\/li>\n<li style=\"text-align: left\">Frais\u00a0d\u2019inscription (r\u00e9c\u00e9piss\u00e9) (200DA).<\/li>\n<\/ol>\n<p dir=\"ltr\" style=\"text-align: left\">Au-del\u00e0 de la\u00a03<strong><sup>\u00e9me<\/sup><\/strong>\u00a0Ann\u00e9e, il faut rajouter<\/p>\n<p dir=\"ltr\" style=\"text-align: left\">6.Demande de d\u00e9rogation pour une r\u00e9inscription en doctorant LMD\u00a0(<a href=\"http:\/\/lagh-univ.dz\/accueilf\/wp-content\/uploads\/sites\/2\/2015\/12\/Demande-derogation-doctorat-LMD.doc\" target=\"_blank\" rel=\"noopener noreferrer\">Document \u00e0 t\u00e9l\u00e9charger<\/a>).<\/p>\n<p dir=\"ltr\" style=\"text-align: left\">Le dossier d\u2019inscription ou de r\u00e9inscription doit \u00eatre d\u00e9pos\u00e9 au service post-graduation de la facult\u00e9.<\/p>\n<p dir=\"ltr\" style=\"text-align: left\">Apr\u00e8s v\u00e9rification administrative, la facult\u00e9 transmet le dossier au d\u00e9partement concern\u00e9 afin qu\u2019il soit \u00e9tudi\u00e9 par le Comit\u00e9 Scientifique du D\u00e9partement (CSD).<\/p>\n<p dir=\"ltr\" style=\"text-align: left\">Si le dossier re\u00e7oit un avis favorable du CSD, il sera transmis au Conseil Scientifique de la Facult\u00e9 (CSF) avec une copie du PV ou extrait du PV du CSD.<\/p>\n<p dir=\"ltr\" style=\"text-align: left\">A l\u2019issue de la validation par le CSF, l\u2019\u00e9tudiant est d\u00e9clar\u00e9 inscrit ou r\u00e9inscrit.<\/p>\n<p dir=\"ltr\" style=\"text-align: left\">Le\u00a0nombre d\u2019inscription en doctorat LMD est fix\u00e9 \u00e0 3 et sur demande d\u00e9rogatoire deux ann\u00e9es suppl\u00e9mentaires peuvent \u00eatre accord\u00e9es.<\/p>\n<p dir=\"ltr\" style=\"text-align: left\">[\/su_spoiler]<\/p>\n<p>&nbsp;<\/p>\n<p dir=\"ltr\" style=\"text-align: left\"><span style=\"font-family: Book Antiqua, Palatino;font-size: 14pt;color: #ff00ff\"><strong>CONDITIONS D\u2019INSCRIPTION \u00c0 L\u2019HABILITATION UNIVERSITAIRE<\/strong><\/span><\/p>\n<p dir=\"ltr\" style=\"text-align: left\"><span style=\"font-size: 14pt;font-family: 'Book Antiqua', Palatino;color: #000000\">L\u2019habilitation universitaire s\u2019adresse aux enseignants chercheurs titulaires d\u2019un doctorat et souhaitant s\u2019investir dans la direction des th\u00e8ses de doctorat. L\u2019habilitation est une proc\u00e9dure et ne doit pas \u00eatre assimil\u00e9 \u00e0 une th\u00e8se de doctorat. Par cons\u00e9quent, aucun d\u00e9lai d\u2019inscription ou de pr\u00e9paration n\u2019est exig\u00e9 et son obtention est li\u00e9e \u00e0 la qualit\u00e9 du dossier du candidat \u00e0 travers l\u2019appr\u00e9ciation du jury de l\u2019habilitation. Pour pouvoir postuler \u00e0 l\u2019habilitation universitaire, le postulant doit satisfaire aux conditions minimales suivantes\u00a0:<\/span><\/p>\n<ul style=\"text-align: left\">\n<li><span style=\"font-size: 14pt;font-family: 'Book Antiqua', Palatino;color: #000000\">Titulaires d\u2019un dipl\u00f4me de:<\/span><\/li>\n<\/ul>\n<ol style=\"text-align: left\">\n<li><span style=\"font-size: 14pt;font-family: 'Book Antiqua', Palatino;color: #000000\">doctorat en sciences,<\/span><\/li>\n<li><span style=\"font-size: 14pt;font-family: 'Book Antiqua', Palatino;color: #000000\">dipl\u00f4me de doctorat 3<sup>\u00e8me<\/sup>\u00a0cycle,<\/span><\/li>\n<li><span style=\"font-size: 14pt;font-family: 'Book Antiqua', Palatino;color: #000000\">dipl\u00f4me \u00e9tranger admis en \u00e9quivalence.<\/span><\/li>\n<\/ol>\n<ul>\n<li style=\"text-align: left\"><span style=\"font-size: 14pt;font-family: 'Book Antiqua', Palatino;color: #000000\">Ma\u00eetres assistants charg\u00e9s de cours titulaires.<\/span><\/li>\n<li style=\"text-align: left\"><span style=\"font-size: 14pt;font-family: 'Book Antiqua', Palatino;color: #000000\">Ma\u00eetres assistants confirm\u00e9s en activit\u00e9s \u00e0 plein temps dans un \u00e9tablissement d\u2019enseignement sup\u00e9rieur.<\/span><\/li>\n<\/ul>\n<p dir=\"ltr\"><span style=\"font-family: Book Antiqua, Palatino;font-size: 14pt;color: #ff00ff\"><strong>P\u00c9RIODE DE CANDIDATURE \u00c0 L\u2019HABILITATION UNIVERSITAIRE<\/strong><\/span><\/p>\n<p dir=\"ltr\"><span style=\"font-size: 14pt;font-family: 'Book Antiqua', Palatino;color: #000000\">Les deux sessions de d\u00e9p\u00f4t des dossiers de candidatures sont respectivement fix\u00e9es du 15 au 30 septembre et du 15 au 30 janvier de l&rsquo;ann\u00e9e universitaire. La candidature ne peut \u00eatre formul\u00e9e qu\u2019une seule fois par ann\u00e9e.<\/span><\/p>\n<p dir=\"ltr\"><span style=\"font-family: Book Antiqua, Palatino;font-size: 14pt;color: #ff00ff\"><strong>CONSTITUTION DU DOSSIER<\/strong><\/span><\/p>\n<p dir=\"ltr\"><span style=\"font-size: 14pt;font-family: 'Book Antiqua', Palatino;color: #000000\">Le dossier contient les documents suivants\u00a0: 1-\u00a0Une\u00a0copie compl\u00e8te de la th\u00e8se de doctorat, avec une copie num\u00e9ris\u00e9e sur CD. 2- 11\u00a0copies des pi\u00e8ces ci-dessous\u00a0:<\/span><\/p>\n<ul>\n<li><span style=\"font-size: 14pt;font-family: 'Book Antiqua', Palatino;color: #000000\">D\u00e9claration sur l\u2019honneur (<a style=\"color: #000000\" href=\"http:\/\/lagh-univ.dz\/accueilf\/wp-content\/uploads\/sites\/2\/2015\/12\/%D8%AA%D8%B5%D8%B1%D9%8A%D8%AD-%D8%B4%D8%B1%D9%81%D9%8A.docx\">t\u00e9l\u00e9charger<\/a>);<\/span><\/li>\n<li><span style=\"font-size: 14pt;font-family: 'Book Antiqua', Palatino;color: #000000\">Demande manuscrite adress\u00e9e\u00a0au Recteur de l\u2019universit\u00e9\u00a0;<\/span><\/li>\n<li><span style=\"font-size: 14pt;font-family: 'Book Antiqua', Palatino;color: #000000\">CV\u00a0d\u00e9taill\u00e9\u00a0;<\/span><\/li>\n<li><span style=\"font-size: 14pt;font-family: 'Book Antiqua', Palatino;color: #000000\">Photocopie des dipl\u00f4mes (Baccalaur\u00e9at, graduation, Magister, Doctorat,\u2026);<\/span><\/li>\n<li><span style=\"font-size: 14pt;font-family: 'Book Antiqua', Palatino;color: #000000\">Attestation de travail r\u00e9cente;<\/span><\/li>\n<li><span style=\"font-size: 14pt;font-family: 'Book Antiqua', Palatino;color: #000000\">Attestations du parcours professionnel (d\u00e9cision de confirmation et promotion et poste sp\u00e9cifique ou sup\u00e9rieur etc\u2026)\u00a0;<\/span><\/li>\n<li><span style=\"font-size: 14pt;font-family: 'Book Antiqua', Palatino;color: #000000\">R\u00e9sum\u00e9 de la th\u00e8se\u00a0;<\/span><\/li>\n<li><span style=\"font-size: 14pt;font-family: 'Book Antiqua', Palatino;color: #000000\">Synth\u00e8se des travaux scientifiques et des r\u00e9sultats obtenus apr\u00e8s la th\u00e8se (10 \u00e0 15 pages);<\/span><\/li>\n<li><span style=\"font-size: 14pt;font-family: 'Book Antiqua', Palatino;color: #000000\">Articles scientifiques publi\u00e9es apr\u00e8s l\u2019obtention du doctorat par le candidat dans des revues scientifiques reconnues par un comit\u00e9 de lecture (Au moins un article)\u00a0;<\/span><\/li>\n<li><span style=\"font-size: 14pt;font-family: 'Book Antiqua', Palatino;color: #000000\">Copie de la production p\u00e9dagogique r\u00e9alis\u00e9 et justifie par au moins un polycopi\u00e9 agr\u00e9e par le conseil scientifique de la facult\u00e9\u00a0;<\/span><\/li>\n<li><span style=\"font-size: 14pt;font-family: 'Book Antiqua', Palatino;color: #000000\">Toutes les productions scientifiques ou p\u00e9dagogiques (article, communication et encadrement dans la graduation et post-graduation\u2026etc.) justifi\u00e9es par des attestations de participation ou des PV de d\u00e9lib\u00e9ration.<\/span><\/li>\n<\/ul>\n<p dir=\"ltr\">\n","protected":false},"excerpt":{"rendered":"<p>Pr\u00e9sentation service de Post-Graduation \u00a0\u00a0\u00a0\u00a0\u00a0\u00a0\u00a0\u00a0\u00a0\u00a0\u00a0\u00a0\u00a0\u00a0 Le service de Post-Graduation\u00a0: est charg\u00e9 de suivre le d\u00e9roulement des formations de post-graduation (Doctorat Classique et doctorat 3\u00e8me cycle pour toute inscription et soutenance). Il est charg\u00e9 aussi de suivre tous les dossiers des enseignants chercheurs et chercheurs permanents\u00a0candidats \u00e0 l&rsquo;habilitation universitaire et\u00a0la\u00a0gestion des dossiers de soutenance ainsi que [&hellip;]<\/p>\n","protected":false},"author":13,"featured_media":0,"parent":6784,"menu_order":0,"comment_status":"closed","ping_status":"closed","template":"elementor_header_footer","meta":{"_exactmetrics_skip_tracking":false,"_exactmetrics_sitenote_active":false,"_exactmetrics_sitenote_note":"","_exactmetrics_sitenote_category":0,"footnotes":""},"coauthors":[533],"class_list":["post-9245","page","type-page","status-publish","hentry"],"_links":{"self":[{"href":"http:\/\/lagh-univ.dz\/fr\/wp-json\/wp\/v2\/pages\/9245","targetHints":{"allow":["GET"]}}],"collection":[{"href":"http:\/\/lagh-univ.dz\/fr\/wp-json\/wp\/v2\/pages"}],"about":[{"href":"http:\/\/lagh-univ.dz\/fr\/wp-json\/wp\/v2\/types\/page"}],"author":[{"embeddable":true,"href":"http:\/\/lagh-univ.dz\/fr\/wp-json\/wp\/v2\/users\/13"}],"replies":[{"embeddable":true,"href":"http:\/\/lagh-univ.dz\/fr\/wp-json\/wp\/v2\/comments?post=9245"}],"version-history":[{"count":28,"href":"http:\/\/lagh-univ.dz\/fr\/wp-json\/wp\/v2\/pages\/9245\/revisions"}],"predecessor-version":[{"id":24865,"href":"http:\/\/lagh-univ.dz\/fr\/wp-json\/wp\/v2\/pages\/9245\/revisions\/24865"}],"up":[{"embeddable":true,"href":"http:\/\/lagh-univ.dz\/fr\/wp-json\/wp\/v2\/pages\/6784"}],"wp:attachment":[{"href":"http:\/\/lagh-univ.dz\/fr\/wp-json\/wp\/v2\/media?parent=9245"}],"wp:term":[{"taxonomy":"author","embeddable":true,"href":"http:\/\/lagh-univ.dz\/fr\/wp-json\/wp\/v2\/coauthors?post=9245"}],"curies":[{"name":"wp","href":"https:\/\/api.w.org\/{rel}","templated":true}]}}