{"id":9249,"date":"2018-07-18T19:29:52","date_gmt":"2018-07-18T19:29:52","guid":{"rendered":"http:\/\/lagh-univ.dz\/technologie-post-graduation-service-de-suivit-des-activites-des-recherches\/"},"modified":"2020-02-10T08:45:10","modified_gmt":"2020-02-10T10:45:10","slug":"technologie-post-graduation-service-de-suivit-des-activites-des-recherches","status":"publish","type":"page","link":"http:\/\/lagh-univ.dz\/fr\/faculte-de-technologie\/technologie-post-graduation-service-de-suivit-des-activites-des-recherches\/","title":{"rendered":"Technologie- post Graduation-service de suivit des activit\u00e9s des recherches"},"content":{"rendered":"<h1><span style=\"font-family: 'book antiqua', palatino, serif;font-size: 14pt\">[su_spacer size=\u00a0\u00bb20&Prime;]<\/span><\/h1>\n<h1 style=\"text-align: center\"><span style=\"font-family: 'book antiqua', palatino, serif;font-size: 24pt;color: #ff00ff\"><strong>Service du suivi des activit\u00e9s de recherche<\/strong><\/span><\/h1>\n<h2 style=\"text-align: left\"><span style=\"font-family: 'book antiqua', palatino, serif;font-size: 14pt\">[su_spacer size=\u00a0\u00bb20&Prime;]<\/span><\/h2>\n<ul>\n<li style=\"text-align: left\"><span style=\"font-family: 'book antiqua', palatino, serif;font-size: 14pt;color: #ff00ff\"><strong><u>Pr\u00e9sentation :<\/u><\/strong><\/span><\/li>\n<\/ul>\n<p dir=\"ltr\" style=\"text-align: justify\"><span style=\"font-family: 'book antiqua', palatino, serif;font-size: 14pt\">\u00a0 <span style=\"color: #000000\">Dans le cadre de la politique engag\u00e9e par le minist\u00e8re de l\u2019enseignement sup\u00e9rieur et de la recherche scientifique, visant \u00e0 encourager la recherche scientifique, notre facult\u00e9\u00a0 \u00a0s\u2019efforce \u00e0 motiver les enseignants chercheurs dans le but de propulser\u00a0la recherche dans les diff\u00e9rentes disciplines et sp\u00e9cialit\u00e9s existantes (\u00e9lectrotechnique, g\u00e9nie des proc\u00e9d\u00e9s, g\u00e9nie m\u00e9canique, \u00e9lectronique). Ceci, par le suivi et l\u2019accompagnement de laboratoires de recherches, des projets de recherche,\u00a0 des conf\u00e9rences scientifiques et des revues scientifiques de la facult\u00e9. Dans ce cadre, les r\u00e9sultats de l\u2019\u00e9volution de la recherche scientifique au sein de notre facult\u00e9 est en progression permanente<\/span><strong><span style=\"color: #000000\">.<\/span> <\/strong><\/span><\/p>\n<ul>\n<li style=\"text-align: left\"><span style=\"font-family: 'book antiqua', palatino, serif;font-size: 14pt;color: #ff00ff\"><strong><u>Mission :<\/u><\/strong><\/span><\/li>\n<\/ul>\n<p dir=\"ltr\"><span style=\"font-family: 'book antiqua', palatino, serif;font-size: 14pt\">\u00a0 \u00a0 \u00a0<span style=\"color: #000000\">Le service du suivi des activit\u00e9s de recherche et de la valorisation de ses r\u00e9sultats a pour mission les taches suivantes\u00a0: \u00a0<\/span><\/span><\/p>\n<ol>\n<li style=\"text-align: justify\"><span style=\"font-family: 'book antiqua', palatino, serif;font-size: 14pt;color: #000000\">Suivre les questions li\u00e9es au d\u00e9roulement des formations sup\u00e9rieures de\u00a0post graduation,\u00a0de post-graduation\u00a0sp\u00e9cialis\u00e9e\u00a0et de \u00a0l\u2019habilitation universitaire et veiller \u00e0 l\u2019application de la r\u00e9glementation en vigueur en la mati\u00e8re.<\/span><\/li>\n<li style=\"text-align: justify\"><span style=\"font-family: 'book antiqua', palatino, serif;font-size: 14pt;color: #000000\">\u00a0Suivre les activit\u00e9s des laboratoires de recherche et en \u00e9laborer le bilan.<\/span><\/li>\n<li style=\"text-align: justify\"><span style=\"font-family: 'book antiqua', palatino, serif;font-size: 14pt;color: #000000\">\u00a0Mener toute action de valorisation des r\u00e9sultats de la recherche.<\/span><\/li>\n<li style=\"text-align: justify\"><span style=\"font-family: 'book antiqua', palatino, serif;font-size: 14pt;color: #000000\">\u00a0Assurer le suivi du fonctionnement du conseil scientifique de la facult\u00e9 et en conserver les archives,<\/span><\/li>\n<li style=\"text-align: justify\"><span style=\"font-family: 'book antiqua', palatino, serif;font-size: 14pt;color: #000000\">\u00a0Collecter et diffuser les informations sur les activit\u00e9s de recherche men\u00e9es par la facult\u00e9.<\/span><\/li>\n<\/ol>\n<p dir=\"ltr\"><span style=\"font-family: 'book antiqua', palatino, serif;font-size: 14pt;color: #000000\">[su_spacer size=\u00a0\u00bb20&Prime;]<\/span><\/p>\n<p dir=\"ltr\"><span style=\"font-size: 14pt;font-family: Book Antiqua, Palatino\"><span style=\"color: #ff00ff\"><strong>Chef du Service : <\/strong><\/span><span style=\"color: #000000\">Mlle Souad BADER<\/span><\/span><\/p>\n<p dir=\"ltr\"><span style=\"font-size: 14pt;font-family: Book Antiqua, Palatino\"><span style=\"color: #ff00ff\">Tel<\/span>: <span style=\"color: #000000\">029115260\/319<\/span><\/span><\/p>\n<p dir=\"ltr\" style=\"text-align: justify\"><!--more--><\/p>\n<ul>\n<li style=\"text-align: left\"><span style=\"font-family: 'book antiqua', palatino, serif;font-size: 14pt;color: #ff00ff\"><strong><u>Les projets de recherche\u00a0:<\/u><\/strong><\/span><\/li>\n<\/ul>\n<p dir=\"ltr\" style=\"text-align: justify\"><span style=\"font-family: 'book antiqua', palatino, serif;font-size: 14pt;color: #000000\">\u00a0 \u00a0 \u00a0Les projets de recherche touchent pratiquement l\u2019ensemble des domaines de recherche en sciences et techniques.<\/span><\/p>\n<p dir=\"ltr\"><span style=\"font-family: 'book antiqua', palatino, serif;font-size: 14pt;color: #000000\">Projets PRFU (ex-CNEPRU)<\/span><\/p>\n<p dir=\"ltr\" style=\"text-align: justify\"><span style=\"font-family: 'book antiqua', palatino, serif;font-size: 14pt;color: #000000\">\u00a0 \u00a0 \u00a0 Les projets de recherche PRFU sont g\u00e9r\u00e9s par le minist\u00e8re de l\u2019enseignement sup\u00e9rieur et de la recherche scientifique \u00e9valu\u00e9s par une commission nationale. Il y a environ soixante-dix projets de ce type \u00e0 l\u2019Universit\u00e9 Amar T\u00e9lidji de Laghouat (UATL). La dur\u00e9e des nouveaux projets CNEPRU d\u00e9marr\u00e9s en 2015 est de quatre ans.<\/span><\/p>\n<p dir=\"ltr\"><strong><span style=\"font-family: 'book antiqua', palatino, serif;font-size: 14pt;color: #ff00ff\">Crit\u00e8res de recevabilit\u00e9 de projets<\/span><\/strong><\/p>\n<ul>\n<li style=\"text-align: justify\"><span style=\"font-family: 'book antiqua', palatino, serif;font-size: 14pt;color: #000000\">L\u2019\u00e9quipe doit \u00eatre constitu\u00e9e au minimum de trois (03) membres dont le chef de projet et de six (06) membres au maximum;<\/span><\/li>\n<li style=\"text-align: justify\"><span style=\"font-family: 'book antiqua', palatino, serif;font-size: 14pt;color: #000000\">Le chef de projet doit \u00eatre un enseignant-chercheur de rang magistral;<\/span><\/li>\n<li style=\"text-align: justify\"><span style=\"font-family: 'book antiqua', palatino, serif;font-size: 14pt;color: #000000\">L\u2019enseignant-chercheur ne peut figurer que dans un seul projet de recherche ;<\/span><\/li>\n<li style=\"text-align: justify\"><span style=\"font-family: 'book antiqua', palatino, serif;font-size: 14pt;color: #000000\">L\u2019\u00e9quipe de recherche doit comporter obligatoirement des doctorants (syst\u00e8me classique et LMD) et enseignants-chercheurs en formation doctorale;<\/span><\/li>\n<li style=\"text-align: justify\"><span style=\"font-family: 'book antiqua', palatino, serif;font-size: 14pt;color: #000000\">Pour chaque projet, il est recommand\u00e9 d\u2019associer deux (02) doctorants par enseignant-chercheur de rang magistral ;<\/span><\/li>\n<li style=\"text-align: justify\"><span style=\"font-family: 'book antiqua', palatino, serif;font-size: 14pt;color: #000000\">L\u2019int\u00e9gration des nouveaux enseignants-chercheurs dans les projets en cours peut \u00eatre effectu\u00e9e lors de la session ordinaire uniquement ;<\/span><\/li>\n<li style=\"text-align: justify\"><span style=\"font-family: 'book antiqua', palatino, serif;font-size: 14pt;color: #000000\">L\u2019exclusion d\u2019un membre de l\u2019\u00e9quipe rel\u00e8ve de la comp\u00e9tence du chef de projet et doit se faire sur la base d\u2019un rapport circonstancie.<\/span><\/li>\n<\/ul>\n<p dir=\"ltr\" style=\"text-align: justify\"><strong><span style=\"font-family: 'book antiqua', palatino, serif;font-size: 14pt;color: #ff00ff\">Proc\u00e9dures d\u2019\u00e9valuation des projets<\/span><\/strong><\/p>\n<p dir=\"ltr\" style=\"text-align: justify\"><span style=\"font-family: 'book antiqua', palatino, serif;font-size: 14pt;color: #000000\">\u00a0 \u00a0 \u00a0L\u2019\u00e9valuation de ces projets se fait dans un premier temps par les organes scientifiques de l\u2019universit\u00e9 (CSD et CSF) puis par la commission nationale d\u2019\u00e9valuation des projets de recherche universitaires. L\u2019inscription et la soumission des bilans se fait \u00e0 travers le site officiel des projets CNEPRU (<a style=\"color: #000000\" href=\"http:\/\/www.cnepru-mesrs.dz\/CNEPRU\/\">visite le site<\/a>). Ce site permet au chef de projet de g\u00e9rer son projet, de suivre son \u00e9valuation et de consulter les avis des experts. Les projets agr\u00e9\u00e9s pour une p\u00e9riode de quatre (04) ann\u00e9es agr\u00e9ent \u00e0 partir de 2015, seront soumis \u00e0 deux (02) \u00e9valuations\u00a0:<\/span><\/p>\n<ul>\n<li><span style=\"font-family: 'book antiqua', palatino, serif;font-size: 14pt;color: #000000\">Une \u00e9valuation \u00e0 mi-parcours : Fin de 2\u00e8me ann\u00e9e<\/span><\/li>\n<li><span style=\"font-family: 'book antiqua', palatino, serif;font-size: 14pt;color: #000000\">Une \u00e9valuation finale : Fin de la 4\u00e8me ann\u00e9e.<\/span><\/li>\n<\/ul>\n<p dir=\"ltr\" style=\"text-align: justify\"><span style=\"font-family: 'book antiqua', palatino, serif;font-size: 14pt;color: #000000\">L\u2019appr\u00e9ciation des bilans \u00e0 mi-parcours et l\u2019\u00e9valuation finale des projets reposent sur les \u00e9l\u00e9ments suivants :<\/span><\/p>\n<ul>\n<li><span style=\"font-family: 'book antiqua', palatino, serif;font-size: 14pt;color: #000000\">Soutenances de doctorats : Au moins une soutenance de doctorat par projet de recherche ;<\/span><\/li>\n<li><span style=\"font-family: 'book antiqua', palatino, serif;font-size: 14pt;color: #000000\">Productions scientifiques r\u00e9alis\u00e9es dans le cadre du projet et durant la p\u00e9riode d\u2019agr\u00e9ment\u00a0;<\/span><\/li>\n<li><span style=\"font-family: 'book antiqua', palatino, serif;font-size: 14pt;color: #000000\">Publications nationales et internationales ;<\/span><\/li>\n<li><span style=\"font-family: 'book antiqua', palatino, serif;font-size: 14pt;color: #000000\">Communications nationales et internationales ; Ouvrages.<\/span><\/li>\n<\/ul>\n<p dir=\"ltr\"><span style=\"font-family: 'book antiqua', palatino, serif;font-size: 14pt\"><span style=\"color: #000000\">\u00a0\u00a0\u00a0\u00a0\u00a0\u00a0\u00a0\u00a0\u00a0\u00a0\u00a0\u00a0\u00a0\u00a0\u00a0\u00a0\u00a0\u00a0\u00a0\u00a0\u00a0\u00a0\u00a0\u00a0\u00a0\u00a0\u00a0\u00a0\u00a0\u00a0\u00a0\u00a0\u00a0\u00a0\u00a0\u00a0\u00a0\u00a0\u00a0\u00a0\u00a0\u00a0\u00a0\u00a0\u00a0\u00a0\u00a0\u00a0\u00a0\u00a0\u00a0\u00a0\u00a0\u00a0\u00a0\u00a0\u00a0\u00a0\u00a0\u00a0\u00a0\u00a0<\/span>\u00a0\u00a0\u00a0\u00a0\u00a0\u00a0\u00a0\u00a0\u00a0\u00a0 \u00a0\u00a0\u00a0\u00a0\u00a0\u00a0\u00a0\u00a0\u00a0\u00a0\u00a0\u00a0\u00a0\u00a0\u00a0\u00a0\u00a0\u00a0\u00a0\u00a0\u00a0\u00a0\u00a0\u00a0\u00a0\u00a0\u00a0\u00a0\u00a0\u00a0\u00a0\u00a0\u00a0\u00a0\u00a0\u00a0\u00a0\u00a0\u00a0\u00a0<\/span><\/p>\n<p dir=\"ltr\">\n","protected":false},"excerpt":{"rendered":"<p>[su_spacer size=\u00a0\u00bb20&Prime;] Service du suivi des activit\u00e9s de recherche [su_spacer size=\u00a0\u00bb20&Prime;] Pr\u00e9sentation : \u00a0 Dans le cadre de la politique engag\u00e9e par le minist\u00e8re de l\u2019enseignement sup\u00e9rieur et de la recherche scientifique, visant \u00e0 encourager la recherche scientifique, notre facult\u00e9\u00a0 \u00a0s\u2019efforce \u00e0 motiver les enseignants chercheurs dans le but de propulser\u00a0la recherche dans les diff\u00e9rentes [&hellip;]<\/p>\n","protected":false},"author":13,"featured_media":0,"parent":6784,"menu_order":0,"comment_status":"closed","ping_status":"closed","template":"elementor_header_footer","meta":{"_exactmetrics_skip_tracking":false,"_exactmetrics_sitenote_active":false,"_exactmetrics_sitenote_note":"","_exactmetrics_sitenote_category":0,"footnotes":""},"coauthors":[533],"class_list":["post-9249","page","type-page","status-publish","hentry"],"_links":{"self":[{"href":"http:\/\/lagh-univ.dz\/fr\/wp-json\/wp\/v2\/pages\/9249","targetHints":{"allow":["GET"]}}],"collection":[{"href":"http:\/\/lagh-univ.dz\/fr\/wp-json\/wp\/v2\/pages"}],"about":[{"href":"http:\/\/lagh-univ.dz\/fr\/wp-json\/wp\/v2\/types\/page"}],"author":[{"embeddable":true,"href":"http:\/\/lagh-univ.dz\/fr\/wp-json\/wp\/v2\/users\/13"}],"replies":[{"embeddable":true,"href":"http:\/\/lagh-univ.dz\/fr\/wp-json\/wp\/v2\/comments?post=9249"}],"version-history":[{"count":11,"href":"http:\/\/lagh-univ.dz\/fr\/wp-json\/wp\/v2\/pages\/9249\/revisions"}],"predecessor-version":[{"id":24703,"href":"http:\/\/lagh-univ.dz\/fr\/wp-json\/wp\/v2\/pages\/9249\/revisions\/24703"}],"up":[{"embeddable":true,"href":"http:\/\/lagh-univ.dz\/fr\/wp-json\/wp\/v2\/pages\/6784"}],"wp:attachment":[{"href":"http:\/\/lagh-univ.dz\/fr\/wp-json\/wp\/v2\/media?parent=9249"}],"wp:term":[{"taxonomy":"author","embeddable":true,"href":"http:\/\/lagh-univ.dz\/fr\/wp-json\/wp\/v2\/coauthors?post=9249"}],"curies":[{"name":"wp","href":"https:\/\/api.w.org\/{rel}","templated":true}]}}