{"id":9263,"date":"2018-07-18T19:42:13","date_gmt":"2018-07-18T19:42:13","guid":{"rendered":"http:\/\/lagh-univ.dz\/technologie-formation-doctorat\/"},"modified":"2020-01-29T13:35:35","modified_gmt":"2020-01-29T15:35:35","slug":"technologie-formation-doctorat","status":"publish","type":"page","link":"http:\/\/lagh-univ.dz\/fr\/faculte-de-technologie\/technologie-formation-doctorat\/","title":{"rendered":"Technologie- formation-doctorat"},"content":{"rendered":"<p dir=\"ltr\" style=\"text-align: left\"><strong><span style=\"background-color: #ffcc99;color: #0000ff;font-family: 'Book Antiqua', Palatino;font-size: 18pt\">Doctorat en Sciences<\/span><\/strong><\/p>\n<table class=\"alignleft\" dir=\"ltr\" style=\"height: 280px;width: 572px\" border=\"1\">\n<tbody>\n<tr style=\"background-color: #004080\">\n<td style=\"width: 277px;height: 56px\">\n<p dir=\"ltr\"><span style=\"color: #ffffff;font-family: 'Book Antiqua', Palatino;font-size: 14pt\">Sp\u00e9cialit\u00e9s\/Options<\/span><\/p>\n<\/td>\n<td style=\"width: 279px;height: 56px\">\n<p dir=\"ltr\"><span style=\"color: #ffffff;font-family: 'Book Antiqua', Palatino;font-size: 14pt\">D\u00e9partement<\/span><\/p>\n<\/td>\n<\/tr>\n<tr style=\"height: 56px\">\n<td style=\"width: 277px;height: 112px\" rowspan=\"2\">\n<p dir=\"ltr\"><span style=\"font-family: 'Book Antiqua', Palatino;font-size: 14pt\">G\u00e9nie Electrique<\/span><\/p>\n<\/td>\n<td style=\"width: 279px;height: 56px\">\n<p dir=\"ltr\"><span style=\"font-family: 'Book Antiqua', Palatino;font-size: 14pt\">Electronique<\/span><\/p>\n<\/td>\n<\/tr>\n<tr style=\"height: 56px\">\n<td style=\"width: 279px;height: 56px\">\n<p dir=\"ltr\"><span style=\"font-family: 'Book Antiqua', Palatino;font-size: 14pt\">\u00c9lectrotechnique<\/span><\/p>\n<\/td>\n<\/tr>\n<tr style=\"height: 56px\">\n<td style=\"width: 277px;height: 56px\">\n<p dir=\"ltr\"><span style=\"font-family: 'Book Antiqua', Palatino;font-size: 14pt\">G\u00e9nie M\u00e9canique<\/span><\/p>\n<\/td>\n<td style=\"width: 279px;height: 56px\">\n<p dir=\"ltr\"><span style=\"font-family: 'Book Antiqua', Palatino;font-size: 14pt\">G\u00e9nie M\u00e9canique<\/span><\/p>\n<\/td>\n<\/tr>\n<tr style=\"height: 56px\">\n<td style=\"width: 277px;height: 56px\">\n<p dir=\"ltr\"><span style=\"font-family: 'Book Antiqua', Palatino;font-size: 14pt\">Chimie<\/span><\/p>\n<\/td>\n<td style=\"width: 279px;height: 56px\">\n<p dir=\"ltr\"><span style=\"font-family: 'Book Antiqua', Palatino;font-size: 14pt\">G\u00e9nie des Proc\u00e9d\u00e9s<\/span><\/p>\n<\/td>\n<\/tr>\n<\/tbody>\n<\/table>\n<p dir=\"ltr\">\n<p dir=\"ltr\">\n<p dir=\"ltr\">\n<p dir=\"ltr\">\n<p dir=\"ltr\">\n<p dir=\"ltr\">\n<p dir=\"ltr\">\n<p dir=\"ltr\">\n<p dir=\"ltr\">\n<p dir=\"ltr\">\n<p dir=\"ltr\">\n<p dir=\"ltr\">\n<p dir=\"ltr\"><strong><span style=\"background-color: #ffcc99;color: #0000ff;font-family: 'Book Antiqua', Palatino;font-size: 18pt\">Doctorat en LMD<\/span><\/strong><\/p>\n<table class=\" alignleft\" style=\"height: 240px\">\n<thead>\n<tr style=\"height: 24px\">\n<td dir=\"ltr\" style=\"height: 24px;width: 526.5px;background-color: #f5ca0c\"><strong>Sp\u00e9cialit\u00e9s\/Options<\/strong><\/td>\n<\/tr>\n<\/thead>\n<tbody>\n<tr style=\"height: 24px\">\n<td dir=\"ltr\" style=\"height: 24px;width: 526.5px\"><span class=\"tlid-translation translation\" lang=\"fr\"><span class=\"\" title=\"\">Signaux et syst\u00e8mes \u00e9lectroniques\/ \u00e9lectroniques<\/span><\/span><\/td>\n<\/tr>\n<tr style=\"height: 24px\">\n<td style=\"height: 24px;width: 526.5px\"><span class=\"tlid-translation translation\" lang=\"fr\"><span class=\"\" title=\"\">Analyse et comande des syst\u00e8mes \u00e9nerg\u00e9tiques et des r\u00e9seaux \u00e9lectriques<\/span><\/span><\/td>\n<\/tr>\n<tr style=\"height: 24px\">\n<td dir=\"ltr\" style=\"height: 24px;width: 526.5px\"><span class=\"tlid-translation translation\" lang=\"fr\"><span class=\"\" title=\"\">\u00c9lectrotechnique<\/span><\/span><\/td>\n<\/tr>\n<tr style=\"height: 24px\">\n<td dir=\"ltr\" style=\"height: 24px;width: 526.5px\"><span class=\"tlid-translation translation\" lang=\"fr\"><span class=\"\" title=\"\">\u00e9lectroniques \/ \u00e9lectroniques de signaux<\/span><\/span><\/td>\n<\/tr>\n<tr style=\"height: 24px\">\n<td dir=\"ltr\" style=\"height: 24px;width: 526.5px\"><span class=\"tlid-translation translation\" lang=\"fr\"><span class=\"\" title=\"\">Chimie<\/span><\/span><\/td>\n<\/tr>\n<tr style=\"height: 24px\">\n<td dir=\"ltr\" style=\"height: 24px;width: 526.5px\"><span class=\"tlid-translation translation\" lang=\"fr\"><span class=\"\" title=\"\">G\u00e9nie \u00e9lectrique<\/span><\/span><\/td>\n<\/tr>\n<tr style=\"height: 24px\">\n<td dir=\"ltr\" style=\"height: 24px;width: 526.5px\"><span class=\"tlid-translation translation\" lang=\"fr\"><span class=\"\" title=\"\">G\u00e9nie m\u00e9canique<\/span><\/span><\/td>\n<\/tr>\n<tr style=\"height: 24px\">\n<td dir=\"ltr\" style=\"height: 24px;width: 526.5px\"><span class=\"tlid-translation translation\" lang=\"fr\"><span class=\"\" title=\"\">G\u00e9nie des syst\u00e8mes \u00e9lectriques<\/span><\/span><\/td>\n<\/tr>\n<tr style=\"height: 24px\">\n<td dir=\"ltr\" style=\"height: 24px;width: 526.5px\">\n<div class=\"text-wrap tlid-copy-target\">\n<div class=\"result-shield-container tlid-copy-target\"><span class=\"tlid-translation translation\" lang=\"fr\"><span class=\"\" title=\"\">g\u00e9nie des proc\u00e9d\u00e9s<\/span><\/span><\/div>\n<\/div>\n<\/td>\n<\/tr>\n<\/tbody>\n<\/table>\n<p dir=\"ltr\">\n","protected":false},"excerpt":{"rendered":"<p>Doctorat en Sciences Sp\u00e9cialit\u00e9s\/Options D\u00e9partement G\u00e9nie Electrique Electronique \u00c9lectrotechnique G\u00e9nie M\u00e9canique G\u00e9nie M\u00e9canique Chimie G\u00e9nie des Proc\u00e9d\u00e9s Doctorat en LMD Sp\u00e9cialit\u00e9s\/Options Signaux et syst\u00e8mes \u00e9lectroniques\/ \u00e9lectroniques Analyse et comande des syst\u00e8mes \u00e9nerg\u00e9tiques et des r\u00e9seaux \u00e9lectriques \u00c9lectrotechnique \u00e9lectroniques \/ \u00e9lectroniques de signaux Chimie G\u00e9nie \u00e9lectrique G\u00e9nie m\u00e9canique G\u00e9nie des syst\u00e8mes \u00e9lectriques g\u00e9nie des proc\u00e9d\u00e9s<\/p>\n","protected":false},"author":13,"featured_media":0,"parent":6784,"menu_order":0,"comment_status":"closed","ping_status":"closed","template":"elementor_header_footer","meta":{"_exactmetrics_skip_tracking":false,"_exactmetrics_sitenote_active":false,"_exactmetrics_sitenote_note":"","_exactmetrics_sitenote_category":0,"footnotes":""},"coauthors":[533],"class_list":["post-9263","page","type-page","status-publish","hentry"],"_links":{"self":[{"href":"http:\/\/lagh-univ.dz\/fr\/wp-json\/wp\/v2\/pages\/9263","targetHints":{"allow":["GET"]}}],"collection":[{"href":"http:\/\/lagh-univ.dz\/fr\/wp-json\/wp\/v2\/pages"}],"about":[{"href":"http:\/\/lagh-univ.dz\/fr\/wp-json\/wp\/v2\/types\/page"}],"author":[{"embeddable":true,"href":"http:\/\/lagh-univ.dz\/fr\/wp-json\/wp\/v2\/users\/13"}],"replies":[{"embeddable":true,"href":"http:\/\/lagh-univ.dz\/fr\/wp-json\/wp\/v2\/comments?post=9263"}],"version-history":[{"count":5,"href":"http:\/\/lagh-univ.dz\/fr\/wp-json\/wp\/v2\/pages\/9263\/revisions"}],"predecessor-version":[{"id":22593,"href":"http:\/\/lagh-univ.dz\/fr\/wp-json\/wp\/v2\/pages\/9263\/revisions\/22593"}],"up":[{"embeddable":true,"href":"http:\/\/lagh-univ.dz\/fr\/wp-json\/wp\/v2\/pages\/6784"}],"wp:attachment":[{"href":"http:\/\/lagh-univ.dz\/fr\/wp-json\/wp\/v2\/media?parent=9263"}],"wp:term":[{"taxonomy":"author","embeddable":true,"href":"http:\/\/lagh-univ.dz\/fr\/wp-json\/wp\/v2\/coauthors?post=9263"}],"curies":[{"name":"wp","href":"https:\/\/api.w.org\/{rel}","templated":true}]}}