{"id":9290,"date":"2018-07-21T11:20:06","date_gmt":"2018-07-21T11:20:06","guid":{"rendered":"http:\/\/lagh-univ.dz\/technologie-departement-electrotechnique-emploi-du-temps-licence\/"},"modified":"2020-02-08T09:03:12","modified_gmt":"2020-02-08T11:03:12","slug":"technologie-departement-electrotechnique-emploi-du-temps-licence","status":"publish","type":"page","link":"http:\/\/lagh-univ.dz\/fr\/technologie-departement-electrotechnique\/technologie-departement-electrotechnique-emploi-du-temps-licence\/","title":{"rendered":"Technologie-Departement- \u00e9lectrotechnique- Emploi du temps -licence"},"content":{"rendered":"<p style=\"text-align: left\"><img decoding=\"async\" class=\"wp-image-19603 alignleft\" src=\"http:\/\/lagh-univ.dz\/wp-content\/uploads\/2019\/11\/images-2.jpg\" alt=\"\" width=\"102\" height=\"102\" srcset=\"http:\/\/lagh-univ.dz\/wp-content\/uploads\/2019\/11\/images-2.jpg 225w, http:\/\/lagh-univ.dz\/wp-content\/uploads\/2019\/11\/images-2-150x150.jpg 150w\" sizes=\"(max-width: 102px) 100vw, 102px\" \/><\/p>\n<p>&nbsp;<\/p>\n<p>&nbsp;<\/p>\n<p>&nbsp;<\/p>\n<p>&nbsp;<\/p>\n<p dir=\"ltr\" style=\"text-align: left\"><div class='w3eden'><!-- WPDM Link Template: Default Template -->\n\n<div class=\"link-template-default card mb-2\">\n    <div class=\"card-body\">\n        <div class=\"media\">\n            <div class=\"mr-3 img-48\"><img decoding=\"async\" class=\"wpdm_icon\" alt=\"Ic\u00f4ne\"   src=\"http:\/\/lagh-univ.dz\/wp-content\/plugins\/download-manager\/assets\/file-type-icons\/pdf.svg\" \/><\/div>\n            <div class=\"media-body\">\n                <h3 class=\"package-title\"><a href='http:\/\/lagh-univ.dz\/fr\/download\/emploi-du-temps-3eme-annee-licence-electrotechnique\/'>Emploi du temps 3\u00e9me ann\u00e9e licence-\u00e9lectrotechnique<\/a><\/h3>\n                <div class=\"text-muted text-small\"><i class=\"fas fa-copy\"><\/i> 1 fichier\u00b7s <i class=\"fas fa-hdd ml-3\"><\/i> 112.76 KB<\/div>\n            <\/div>\n            <div class=\"ml-3\">\n                <a class='wpdm-download-link download-on-click btn btn-primary btn-xs' rel='nofollow' href='#' data-downloadurl=\"http:\/\/lagh-univ.dz\/fr\/download\/emploi-du-temps-3eme-annee-licence-electrotechnique\/?wpdmdl=20579&refresh=69d3f0b34a0581775497395\">T\u00e9l\u00e9charger<\/a>\n            <\/div>\n        <\/div>\n    <\/div>\n<\/div>\n\n<\/div><\/p>\n<p dir=\"ltr\"><div class='w3eden'><!-- WPDM Link Template: Default Template -->\n\n<div class=\"link-template-default card mb-2\">\n    <div class=\"card-body\">\n        <div class=\"media\">\n            <div class=\"mr-3 img-48\"><img decoding=\"async\" class=\"wpdm_icon\" alt=\"Ic\u00f4ne\"   src=\"http:\/\/lagh-univ.dz\/wp-content\/plugins\/download-manager\/assets\/file-type-icons\/pdf.svg\" \/><\/div>\n            <div class=\"media-body\">\n                <h3 class=\"package-title\"><a href='http:\/\/lagh-univ.dz\/fr\/download\/emploi-du-temps-semestre-deux-licence-electrotechnique\/'>Emploi du temps semestre deux - licence \u00e9lectrotechnique<\/a><\/h3>\n                <div class=\"text-muted text-small\"><i class=\"fas fa-copy\"><\/i> 1 fichier\u00b7s <i class=\"fas fa-hdd ml-3\"><\/i> 761.18 KB<\/div>\n            <\/div>\n            <div class=\"ml-3\">\n                <a class='wpdm-download-link download-on-click btn btn-primary btn-xs' rel='nofollow' href='#' data-downloadurl=\"http:\/\/lagh-univ.dz\/fr\/download\/emploi-du-temps-semestre-deux-licence-electrotechnique\/?wpdmdl=23930&refresh=69d3f0b351ffd1775497395\">T\u00e9l\u00e9charger<\/a>\n            <\/div>\n        <\/div>\n    <\/div>\n<\/div>\n\n<\/div><\/p>\n<p>&nbsp;<\/p>\n<p>&nbsp;<\/p>\n<p>&nbsp;<\/p>\n<p>&nbsp;<\/p>\n<p>&nbsp;<\/p>\n","protected":false},"excerpt":{"rendered":"<p>&nbsp; &nbsp; &nbsp; &nbsp; &nbsp; &nbsp; &nbsp; &nbsp; &nbsp;<\/p>\n","protected":false},"author":13,"featured_media":0,"parent":9221,"menu_order":0,"comment_status":"closed","ping_status":"closed","template":"elementor_header_footer","meta":{"_exactmetrics_skip_tracking":false,"_exactmetrics_sitenote_active":false,"_exactmetrics_sitenote_note":"","_exactmetrics_sitenote_category":0,"footnotes":""},"coauthors":[533],"class_list":["post-9290","page","type-page","status-publish","hentry"],"_links":{"self":[{"href":"http:\/\/lagh-univ.dz\/fr\/wp-json\/wp\/v2\/pages\/9290","targetHints":{"allow":["GET"]}}],"collection":[{"href":"http:\/\/lagh-univ.dz\/fr\/wp-json\/wp\/v2\/pages"}],"about":[{"href":"http:\/\/lagh-univ.dz\/fr\/wp-json\/wp\/v2\/types\/page"}],"author":[{"embeddable":true,"href":"http:\/\/lagh-univ.dz\/fr\/wp-json\/wp\/v2\/users\/13"}],"replies":[{"embeddable":true,"href":"http:\/\/lagh-univ.dz\/fr\/wp-json\/wp\/v2\/comments?post=9290"}],"version-history":[{"count":6,"href":"http:\/\/lagh-univ.dz\/fr\/wp-json\/wp\/v2\/pages\/9290\/revisions"}],"predecessor-version":[{"id":23938,"href":"http:\/\/lagh-univ.dz\/fr\/wp-json\/wp\/v2\/pages\/9290\/revisions\/23938"}],"up":[{"embeddable":true,"href":"http:\/\/lagh-univ.dz\/fr\/wp-json\/wp\/v2\/pages\/9221"}],"wp:attachment":[{"href":"http:\/\/lagh-univ.dz\/fr\/wp-json\/wp\/v2\/media?parent=9290"}],"wp:term":[{"taxonomy":"author","embeddable":true,"href":"http:\/\/lagh-univ.dz\/fr\/wp-json\/wp\/v2\/coauthors?post=9290"}],"curies":[{"name":"wp","href":"https:\/\/api.w.org\/{rel}","templated":true}]}}