{"id":9314,"date":"2018-07-21T11:19:06","date_gmt":"2018-07-21T11:19:06","guid":{"rendered":"http:\/\/lagh-univ.dz\/technologie-departement-electronique-formations-licence\/"},"modified":"2020-01-16T07:48:57","modified_gmt":"2020-01-16T09:48:57","slug":"technologie-departement-electronique-formations-licence","status":"publish","type":"page","link":"http:\/\/lagh-univ.dz\/fr\/technologie-departement-electronique\/technologie-departement-electronique-formations-licence\/","title":{"rendered":"Technologie-Departement- Electronique- formations -licence"},"content":{"rendered":"<table class=\" alignleft\" style=\"height: 43px;width: 651px\" width=\"442\">\n<tbody>\n<tr style=\"height: 44px\">\n<td style=\"width: 641px;background-color: #113ff5;border-color: #e88307;height: 44px;text-align: left\"><strong><span style=\"font-family: Book Antiqua, Palatino;font-size: 14pt;color: #ffffff\"><u>les fili\u00e8res et les sp\u00e9cialit\u00e9s licence en Electronique \u00a0<\/u><\/span><\/strong><\/td>\n<\/tr>\n<\/tbody>\n<\/table>\n<p>.<\/p>\n<table class=\" alignleft\" style=\"height: 222px;width: 510px\" width=\"510\">\n<tbody>\n<tr>\n<td style=\"width: 231px;background-color: #fa9b28\" width=\"198\">\n<p style=\"text-align: left\"><span style=\"font-family: Book Antiqua, Palatino;font-size: 14pt\">fili\u00e8re<\/span><\/p>\n<\/td>\n<td style=\"width: 279px;background-color: #fa9b28\" width=\"228\">\n<p style=\"text-align: left\"><span style=\"font-family: Book Antiqua, Palatino;font-size: 14pt\">sp\u00e9cialit\u00e9<\/span><\/p>\n<\/td>\n<\/tr>\n<tr style=\"height: 56px\">\n<td style=\"width: 231px;height: 110px;text-align: left\" rowspan=\"2\"><span style=\"font-family: Book Antiqua, Palatino;font-size: 14pt\">Electronique<\/span><\/td>\n<td style=\"width: 279px;height: 55px;text-align: left\"><span style=\"font-family: Book Antiqua, Palatino;font-size: 14pt\">Electronique<\/span><\/td>\n<\/tr>\n<tr>\n<td style=\"width: 279px\" width=\"228\">\n<p style=\"text-align: left\"><span style=\"font-family: Book Antiqua, Palatino;font-size: 14pt\">Informatique industriel<\/span><\/p>\n<\/td>\n<\/tr>\n<tr>\n<td style=\"width: 231px\" width=\"228\">\n<p style=\"text-align: left\"><span style=\"font-family: Book Antiqua, Palatino;font-size: 14pt\">t\u00e9l\u00e9communications<\/span><\/p>\n<\/td>\n<td style=\"width: 279px\" width=\"228\">\n<p style=\"text-align: left\"><span style=\"font-family: Book Antiqua, Palatino;font-size: 14pt\">t\u00e9l\u00e9communications<\/span><\/p>\n<\/td>\n<\/tr>\n<\/tbody>\n<\/table>\n","protected":false},"excerpt":{"rendered":"<p>les fili\u00e8res et les sp\u00e9cialit\u00e9s licence en Electronique \u00a0 . fili\u00e8re sp\u00e9cialit\u00e9 Electronique Electronique Informatique industriel t\u00e9l\u00e9communications t\u00e9l\u00e9communications<\/p>\n","protected":false},"author":13,"featured_media":0,"parent":9223,"menu_order":0,"comment_status":"closed","ping_status":"closed","template":"elementor_header_footer","meta":{"_exactmetrics_skip_tracking":false,"_exactmetrics_sitenote_active":false,"_exactmetrics_sitenote_note":"","_exactmetrics_sitenote_category":0,"footnotes":""},"coauthors":[533],"class_list":["post-9314","page","type-page","status-publish","hentry"],"_links":{"self":[{"href":"http:\/\/lagh-univ.dz\/fr\/wp-json\/wp\/v2\/pages\/9314","targetHints":{"allow":["GET"]}}],"collection":[{"href":"http:\/\/lagh-univ.dz\/fr\/wp-json\/wp\/v2\/pages"}],"about":[{"href":"http:\/\/lagh-univ.dz\/fr\/wp-json\/wp\/v2\/types\/page"}],"author":[{"embeddable":true,"href":"http:\/\/lagh-univ.dz\/fr\/wp-json\/wp\/v2\/users\/13"}],"replies":[{"embeddable":true,"href":"http:\/\/lagh-univ.dz\/fr\/wp-json\/wp\/v2\/comments?post=9314"}],"version-history":[{"count":5,"href":"http:\/\/lagh-univ.dz\/fr\/wp-json\/wp\/v2\/pages\/9314\/revisions"}],"predecessor-version":[{"id":21565,"href":"http:\/\/lagh-univ.dz\/fr\/wp-json\/wp\/v2\/pages\/9314\/revisions\/21565"}],"up":[{"embeddable":true,"href":"http:\/\/lagh-univ.dz\/fr\/wp-json\/wp\/v2\/pages\/9223"}],"wp:attachment":[{"href":"http:\/\/lagh-univ.dz\/fr\/wp-json\/wp\/v2\/media?parent=9314"}],"wp:term":[{"taxonomy":"author","embeddable":true,"href":"http:\/\/lagh-univ.dz\/fr\/wp-json\/wp\/v2\/coauthors?post=9314"}],"curies":[{"name":"wp","href":"https:\/\/api.w.org\/{rel}","templated":true}]}}