{"id":9316,"date":"2018-07-21T11:19:39","date_gmt":"2018-07-21T11:19:39","guid":{"rendered":"http:\/\/lagh-univ.dz\/technologie-departement-electronique-formations-master\/"},"modified":"2020-01-27T12:59:56","modified_gmt":"2020-01-27T14:59:56","slug":"technologie-departement-electronique-formations-master","status":"publish","type":"page","link":"http:\/\/lagh-univ.dz\/fr\/technologie-departement-electronique\/technologie-departement-electronique-formations-master\/","title":{"rendered":"Technologie-Departement- Electronique- formations-master"},"content":{"rendered":"<p><img decoding=\"async\" class=\"wp-image-20851 alignleft\" src=\"http:\/\/lagh-univ.dz\/wp-content\/uploads\/2019\/12\/img.jpg\" alt=\"\" width=\"91\" height=\"96\" \/><\/p>\n<table class=\" alignleft\" style=\"height: 553px;width: 496px\" width=\"396\">\n<tbody>\n<tr style=\"height: 40px\">\n<td style=\"width: 240px;background-color: #ed9b0c;text-align: left;height: 40px\"><span style=\"font-family: Book Antiqua, Palatino;font-size: 14pt\"><strong>fili\u00e8re<\/strong><\/span><\/td>\n<td style=\"width: 240px;background-color: #ed9b0c;text-align: left;height: 40px\"><span style=\"font-family: Book Antiqua, Palatino;font-size: 14pt\"><strong>sp\u00e9cialit\u00e9<\/strong><\/span><\/td>\n<\/tr>\n<tr style=\"height: 47px\">\n<td style=\"width: 240px;height: 165px\" rowspan=\"3\">\n<p dir=\"ltr\"><span style=\"font-family: Book Antiqua, Palatino;font-size: 14pt\">Electronique<\/span><\/p>\n<\/td>\n<td dir=\"ltr\" style=\"width: 240px;height: 47px\"><span style=\"font-family: Book Antiqua, Palatino;font-size: 14pt\">Instrumentation<\/span><\/td>\n<\/tr>\n<tr style=\"height: 40px\">\n<td dir=\"ltr\" style=\"width: 240px;height: 40px\"><span style=\"font-family: Book Antiqua, Palatino;font-size: 14pt\">Micro\u00e9lectronique<\/span><\/td>\n<\/tr>\n<tr style=\"height: 78px\">\n<td dir=\"ltr\" style=\"width: 240px;height: 78px\"><span style=\"font-family: Book Antiqua, Palatino;font-size: 14pt\">Electronique des syst\u00e8mes embarqu\u00e9s<\/span><\/td>\n<\/tr>\n<tr style=\"height: 91px\">\n<td style=\"width: 240px;height: 91px\">\n<p dir=\"ltr\"><span style=\"font-family: Book Antiqua, Palatino;font-size: 14pt\">Automatique<\/span><\/p>\n<\/td>\n<td dir=\"ltr\" style=\"width: 240px;height: 91px\"><span style=\"font-family: Book Antiqua, Palatino;font-size: 14pt\">Automatique et informatique Industrielle<\/span><\/td>\n<\/tr>\n<tr style=\"height: 78px\">\n<td dir=\"ltr\" style=\"width: 240px;height: 78px\"><span style=\"font-family: Book Antiqua, Palatino;font-size: 14pt\">Energies Renouvelables<\/span><\/td>\n<td dir=\"ltr\" style=\"width: 240px;height: 78px\"><span style=\"font-family: Book Antiqua, Palatino;font-size: 14pt\">Energies Renouvelables \u00e9lectrique<\/span><\/td>\n<\/tr>\n<tr style=\"height: 40px\">\n<td dir=\"ltr\" style=\"width: 240px;height: 40px\" rowspan=\"2\">\n<p dir=\"ltr\"><span style=\"font-family: Book Antiqua, Palatino;font-size: 14pt\">T\u00e9l\u00e9communications<\/span><\/p>\n<\/td>\n<td dir=\"ltr\" style=\"width: 240px;height: 40px\"><span style=\"font-family: Book Antiqua, Palatino;font-size: 14pt\">Syst\u00e8me de T\u00e9l\u00e9communications<\/span><\/td>\n<\/tr>\n<tr style=\"height: 40px\">\n<td dir=\"ltr\" style=\"width: 240px;height: 40px\"><span style=\"font-family: Book Antiqua, Palatino;font-size: 14pt\">R\u00e9seaux de T\u00e9l\u00e9communications<\/span><\/td>\n<\/tr>\n<\/tbody>\n<\/table>\n","protected":false},"excerpt":{"rendered":"<p>fili\u00e8re sp\u00e9cialit\u00e9 Electronique Instrumentation Micro\u00e9lectronique Electronique des syst\u00e8mes embarqu\u00e9s Automatique Automatique et informatique Industrielle Energies Renouvelables Energies Renouvelables \u00e9lectrique T\u00e9l\u00e9communications Syst\u00e8me de T\u00e9l\u00e9communications R\u00e9seaux de T\u00e9l\u00e9communications<\/p>\n","protected":false},"author":13,"featured_media":0,"parent":9223,"menu_order":0,"comment_status":"closed","ping_status":"closed","template":"elementor_header_footer","meta":{"_exactmetrics_skip_tracking":false,"_exactmetrics_sitenote_active":false,"_exactmetrics_sitenote_note":"","_exactmetrics_sitenote_category":0,"footnotes":""},"coauthors":[533],"class_list":["post-9316","page","type-page","status-publish","hentry"],"_links":{"self":[{"href":"http:\/\/lagh-univ.dz\/fr\/wp-json\/wp\/v2\/pages\/9316","targetHints":{"allow":["GET"]}}],"collection":[{"href":"http:\/\/lagh-univ.dz\/fr\/wp-json\/wp\/v2\/pages"}],"about":[{"href":"http:\/\/lagh-univ.dz\/fr\/wp-json\/wp\/v2\/types\/page"}],"author":[{"embeddable":true,"href":"http:\/\/lagh-univ.dz\/fr\/wp-json\/wp\/v2\/users\/13"}],"replies":[{"embeddable":true,"href":"http:\/\/lagh-univ.dz\/fr\/wp-json\/wp\/v2\/comments?post=9316"}],"version-history":[{"count":6,"href":"http:\/\/lagh-univ.dz\/fr\/wp-json\/wp\/v2\/pages\/9316\/revisions"}],"predecessor-version":[{"id":21710,"href":"http:\/\/lagh-univ.dz\/fr\/wp-json\/wp\/v2\/pages\/9316\/revisions\/21710"}],"up":[{"embeddable":true,"href":"http:\/\/lagh-univ.dz\/fr\/wp-json\/wp\/v2\/pages\/9223"}],"wp:attachment":[{"href":"http:\/\/lagh-univ.dz\/fr\/wp-json\/wp\/v2\/media?parent=9316"}],"wp:term":[{"taxonomy":"author","embeddable":true,"href":"http:\/\/lagh-univ.dz\/fr\/wp-json\/wp\/v2\/coauthors?post=9316"}],"curies":[{"name":"wp","href":"https:\/\/api.w.org\/{rel}","templated":true}]}}