{"id":9320,"date":"2018-07-21T11:16:21","date_gmt":"2018-07-21T11:16:21","guid":{"rendered":"http:\/\/lagh-univ.dz\/technologie-departement-genie-des-procedes-presentation\/"},"modified":"2020-02-14T14:21:25","modified_gmt":"2020-02-14T16:21:25","slug":"technologie-departement-genie-des-procedes-presentation","status":"publish","type":"page","link":"http:\/\/lagh-univ.dz\/fr\/technologie-departement-genie-des-procedes\/technologie-departement-genie-des-procedes-presentation\/","title":{"rendered":"Technologie-Departement- g\u00e9nie des proc\u00e9d\u00e9s-presentation"},"content":{"rendered":"<p dir=\"ltr\" style=\"text-align: left\"><span style=\"font-family: 'Book Antiqua', Palatino;font-size: 14pt;color: #000000\">\u00a0 \u00a0 <img fetchpriority=\"high\" decoding=\"async\" class=\"size-full wp-image-26346 alignleft\" src=\"http:\/\/lagh-univ.dz\/wp-content\/uploads\/2020\/02\/images-1.jpg\" alt=\"\" width=\"275\" height=\"183\" \/><\/span><\/p>\n<p dir=\"ltr\" style=\"text-align: center\"><span style=\"font-family: 'Book Antiqua', Palatino;font-size: 24pt;color: #0000ff\"><span style=\"color: #0000ff;font-family: Book Antiqua, Palatino\"><span style=\"font-size: 32px\"><b>D\u00e9partement de g\u00e9nie des proc\u00e9d\u00e9s<\/b><\/span><\/span><\/span><\/p>\n<p dir=\"ltr\" style=\"text-align: left\"><span style=\"font-family: arabic-kufi;font-size: 14pt\">\u00a0 \u00a0<\/span><\/p>\n<hr \/>\n<p dir=\"ltr\" style=\"text-align: left\"><span style=\"font-family: 'Book Antiqua', Palatino;font-size: 14pt\">\u00a0 <span style=\"color: #000000\">Le d\u00e9partement a \u00e9t\u00e9 inaugur\u00e9 sous le nom de \u00ab\u00a0Chimie industrielle\u00a0\u00bb \u00e0 la Facult\u00e9 de<\/span><\/span><span style=\"font-family: 'Book Antiqua', Palatino;font-size: 14pt;color: #000000\">s sciences et des sciences de l&rsquo;ing\u00e9nieur de 1996\/1997. Le D\u00e9partement a continu\u00e9 \u00e0 former des ing\u00e9nieurs et des formations \u00e0 Courte Dur\u00e9e \/Dipl\u00f4me d&rsquo;\u00e9tudes universitaires appliqu\u00e9es (DEUA) dans les disciplines suivantes:<\/span><\/p>\n<ol style=\"text-align: left\">\n<li><strong><span style=\"font-family: 'Book Antiqua', Palatino;font-size: 14pt;color: #ff00ff\">-Ing\u00e9nieurs:<\/span><\/strong><\/li>\n<\/ol>\n<p dir=\"ltr\" style=\"text-align: left\"><span style=\"font-family: 'Book Antiqua', Palatino;font-size: 14pt;color: #000000\">&#8211; g\u00e9nie chimique<\/span><\/p>\n<p dir=\"ltr\" style=\"text-align: left\"><span style=\"font-family: 'Book Antiqua', Palatino;font-size: 14pt;color: #000000\">&#8211; Ing\u00e9nierie des m\u00e9thodes organiques<\/span><\/p>\n<p><img decoding=\"async\" class=\"alignright\" src=\"http:\/\/old.lagh-univ.dz\/wp-content\/uploads\/2014\/06\/dep_BIO-300x287.jpg\" alt=\"dep_BIO\" width=\"218\" height=\"209\" \/><\/p>\n<p dir=\"ltr\" style=\"text-align: left\"><span style=\"font-family: 'Book Antiqua', Palatino;font-size: 14pt;color: #000000\">&#8211; Ing\u00e9nierie des m\u00e9thodes pharmaceutiques<\/span><\/p>\n<ol style=\"text-align: left\" start=\"2\">\n<li>\n<p dir=\"ltr\"><strong><span style=\"font-family: 'Book Antiqua', Palatino;font-size: 14pt;color: #ff00ff\">\u00a0-Courte Dur\u00e9e \/Dipl\u00f4me d&rsquo;\u00e9tudes universitaires appliqu\u00e9es (DEUA):\u00a0<\/span><\/strong><\/p>\n<\/li>\n<\/ol>\n<p dir=\"ltr\" style=\"text-align: left\"><span style=\"font-family: 'Book Antiqua', Palatino;font-size: 14pt;color: #000000\">&#8211; analyse<\/span><\/p>\n<p dir=\"ltr\" style=\"text-align: left\"><span style=\"font-family: 'Book Antiqua', Palatino;font-size: 14pt\"><span style=\"color: #000000\">Conform\u00e9ment \u00e0 la d\u00e9cision minist\u00e9rielle du 30 septembre 2010, la nouvelle d\u00e9signation du d\u00e9partement a \u00e9t\u00e9 approuv\u00e9e par le d\u00e9partement<\/span> <span style=\"color: #ff00ff\">G\u00e9nie des proc\u00e8des<\/span><\/span><\/p>\n<p>&nbsp;<\/p>\n<p>&nbsp;<\/p>\n<p dir=\"ltr\" style=\"text-align: left\"><span style=\"font-family: 'Book Antiqua', Palatino;font-size: 14pt;color: #000000\">\u00a0\u00a0\u00a0\u00a0\u00a0\u00a0 Apr\u00e8s la cr\u00e9ation de la Facult\u00e9 de technologie conform\u00e9ment au d\u00e9cret ex\u00e9cutif n \u00b0 10-198 du 15 Ramadan 1431 correspondant au 25 ao\u00fbt 2010. Apr\u00e8s l&rsquo;adoption de la d\u00e9cision de diviser la Facult\u00e9 des sciences et de l&rsquo;ing\u00e9nierie de juillet 2011 en deux coll\u00e8ges: la Facult\u00e9 des sciences et la\u00a0<\/span><\/p>\n<p dir=\"ltr\" style=\"text-align: left\"><span style=\"color: #000000\"><span style=\"font-family: 'Book Antiqua', Palatino;font-size: 14pt\">Facult\u00e9 de technologie.<\/span><span style=\"font-family: 'Book Antiqua', Palatino;font-size: 14pt\">Le d\u00e9partement a rejoint la facult\u00e9 de technologie.<\/span><\/span><\/p>\n<p dir=\"ltr\" style=\"text-align: left\"><span style=\"color: #000000\"><span style=\"font-family: 'Book Antiqua', Palatino;font-size: 14pt\">Dans le cadre des r\u00e9formes introduites par l&rsquo;universit\u00e9 alg\u00e9rienne, le syst\u00e8me LMD a \u00e9<\/span><span style=\"font-family: 'Book Antiqua', Palatino;font-size: 14pt\">t\u00e9 adopt\u00e9,<\/span><\/span><\/p>\n<p dir=\"ltr\" style=\"text-align: left\"><span style=\"font-family: 'Book Antiqua', Palatino;font-size: 14pt;color: #000000\">Licence- Master -Doctorat- Sp\u00e9cialisation des m\u00e9thodes d&rsquo;ing\u00e9nierie en 2007\/2008.<\/span><\/p>\n<p dir=\"ltr\" style=\"text-align: left\"><span style=\"font-family: 'Book Antiqua', Palatino;font-size: 14pt;color: #000000\">La premi\u00e8re licence a \u00e9t\u00e9 lanc\u00e9e parall\u00e8lement \u00e0 la formation classique, puis \u00e0 l\u2019ouve<\/span><span style=\"font-family: 'Book Antiqua', Palatino;font-size: 14pt\"><span style=\"color: #000000\">rture d\u2019autres sp\u00e9cialisations, offrant aux \u00e9tudiants de nouveaux horizons pour \u00e9voluer vers des disciplines correspondant aux besoins futurs, que ce soit dans le domaine de la recherche scientifique ou dans celui appliqu\u00e9 au secteur industrie<\/span>l.<\/span><\/p>\n<p style=\"text-align: left\"><span style=\"font-family: arabic-kufi;font-size: 14pt\">\u00a0<\/span><\/p>\n<p>&nbsp;<\/p>\n<p>&nbsp;<\/p>\n<p>&nbsp;<\/p>\n<p>&nbsp;<\/p>\n<p>&nbsp;<\/p>\n<p>&nbsp;<\/p>\n<p>&nbsp;<\/p>\n<p>&nbsp;<\/p>\n<p>&nbsp;<\/p>\n<p>&nbsp;<\/p>\n<p>&nbsp;<\/p>\n","protected":false},"excerpt":{"rendered":"<p>\u00a0 \u00a0 D\u00e9partement de g\u00e9nie des proc\u00e9d\u00e9s \u00a0 \u00a0 \u00a0 Le d\u00e9partement a \u00e9t\u00e9 inaugur\u00e9 sous le nom de \u00ab\u00a0Chimie industrielle\u00a0\u00bb \u00e0 la Facult\u00e9 des sciences et des sciences de l&rsquo;ing\u00e9nieur de 1996\/1997. Le D\u00e9partement a continu\u00e9 \u00e0 former des ing\u00e9nieurs et des formations \u00e0 Courte Dur\u00e9e \/Dipl\u00f4me d&rsquo;\u00e9tudes universitaires appliqu\u00e9es (DEUA) dans les disciplines [&hellip;]<\/p>\n","protected":false},"author":13,"featured_media":0,"parent":9225,"menu_order":0,"comment_status":"closed","ping_status":"closed","template":"elementor_header_footer","meta":{"_exactmetrics_skip_tracking":false,"_exactmetrics_sitenote_active":false,"_exactmetrics_sitenote_note":"","_exactmetrics_sitenote_category":0,"footnotes":""},"coauthors":[533],"class_list":["post-9320","page","type-page","status-publish","hentry"],"_links":{"self":[{"href":"http:\/\/lagh-univ.dz\/fr\/wp-json\/wp\/v2\/pages\/9320","targetHints":{"allow":["GET"]}}],"collection":[{"href":"http:\/\/lagh-univ.dz\/fr\/wp-json\/wp\/v2\/pages"}],"about":[{"href":"http:\/\/lagh-univ.dz\/fr\/wp-json\/wp\/v2\/types\/page"}],"author":[{"embeddable":true,"href":"http:\/\/lagh-univ.dz\/fr\/wp-json\/wp\/v2\/users\/13"}],"replies":[{"embeddable":true,"href":"http:\/\/lagh-univ.dz\/fr\/wp-json\/wp\/v2\/comments?post=9320"}],"version-history":[{"count":3,"href":"http:\/\/lagh-univ.dz\/fr\/wp-json\/wp\/v2\/pages\/9320\/revisions"}],"predecessor-version":[{"id":26356,"href":"http:\/\/lagh-univ.dz\/fr\/wp-json\/wp\/v2\/pages\/9320\/revisions\/26356"}],"up":[{"embeddable":true,"href":"http:\/\/lagh-univ.dz\/fr\/wp-json\/wp\/v2\/pages\/9225"}],"wp:attachment":[{"href":"http:\/\/lagh-univ.dz\/fr\/wp-json\/wp\/v2\/media?parent=9320"}],"wp:term":[{"taxonomy":"author","embeddable":true,"href":"http:\/\/lagh-univ.dz\/fr\/wp-json\/wp\/v2\/coauthors?post=9320"}],"curies":[{"name":"wp","href":"https:\/\/api.w.org\/{rel}","templated":true}]}}