{"id":9336,"date":"2018-07-21T11:20:56","date_gmt":"2018-07-21T11:20:56","guid":{"rendered":"http:\/\/lagh-univ.dz\/technologie-departement-genie-des-procedes-liste-des-enseignants\/"},"modified":"2019-12-09T07:30:15","modified_gmt":"2019-12-09T09:30:15","slug":"technologie-departement-genie-des-procedes-liste-des-enseignants","status":"publish","type":"page","link":"http:\/\/lagh-univ.dz\/fr\/technologie-departement-genie-des-procedes\/technologie-departement-genie-des-procedes-liste-des-enseignants\/","title":{"rendered":"Technologie-Departement- g\u00e9nie des proc\u00e9d\u00e9s- liste des enseignants"},"content":{"rendered":"<table class=\" alignleft\" style=\"height: 2081px;width: 549px\" width=\"611\">\n<tbody>\n<tr style=\"height: 35px\">\n<td dir=\"ltr\" style=\"width: 222.708px;background-color: #eb9317;height: 35px\"><strong><span style=\"font-family: 'Book Antiqua', Palatino;font-size: 14pt\">Nom &amp;Pr\u00e9nom<\/span><\/strong><\/td>\n<td dir=\"ltr\" style=\"width: 90.4861px;background-color: #eb9317;height: 35px\"><strong><span style=\"font-family: 'Book Antiqua', Palatino;font-size: 14pt\">Grade<\/span><\/strong><\/td>\n<td dir=\"ltr\" style=\"width: 219.375px;background-color: #eb9317;height: 35px\"><strong><span style=\"font-family: 'Book Antiqua', Palatino;font-size: 14pt\">Email<\/span><\/strong><\/td>\n<\/tr>\n<tr style=\"height: 86px\">\n<td style=\"width: 222.708px;height: 86px;text-align: left\"><strong><span style=\"font-family: 'Book Antiqua', Palatino;font-size: 14pt\">TAOUTI Mohamed Benabdallah<\/span><\/strong><\/td>\n<td style=\"width: 90.4861px;height: 86px\">\n<p dir=\"ltr\"><strong><span style=\"font-family: 'Book Antiqua', Palatino;font-size: 14pt\">MC-A<\/span><\/strong><\/p>\n<\/td>\n<td dir=\"ltr\" style=\"width: 219.375px;height: 86px\"><strong><span style=\"font-family: 'Book Antiqua', Palatino;font-size: 14pt\">mb.taouti@lagh-univ.dz<\/span><\/strong><\/td>\n<\/tr>\n<tr style=\"height: 56px\">\n<td style=\"width: 222.708px;height: 56px;text-align: left\"><strong><span style=\"font-family: 'Book Antiqua', Palatino;font-size: 14pt\">CHAREF Mahmoud<\/span><\/strong><\/td>\n<td style=\"width: 90.4861px;height: 56px\">\n<p dir=\"ltr\"><strong><span style=\"font-family: 'Book Antiqua', Palatino;font-size: 14pt\">MC-B<\/span><\/strong><\/p>\n<\/td>\n<td dir=\"ltr\" style=\"width: 219.375px;height: 56px\"><strong><span style=\"font-family: 'Book Antiqua', Palatino;font-size: 14pt\">m.charef@lagh-univ.dz<\/span><\/strong><\/td>\n<\/tr>\n<tr style=\"height: 56px\">\n<td style=\"width: 222.708px;height: 56px;text-align: left\"><strong><span style=\"font-family: 'Book Antiqua', Palatino;font-size: 14pt\">ZOUKEL Abdelhalim<\/span><\/strong><\/td>\n<td dir=\"ltr\" style=\"width: 90.4861px;height: 56px\"><strong><span style=\"font-family: 'Book Antiqua', Palatino;font-size: 14pt\">MC-A<\/span><\/strong><\/td>\n<td dir=\"ltr\" style=\"width: 219.375px;height: 56px\"><strong><span style=\"font-family: 'Book Antiqua', Palatino;font-size: 14pt\">ab.zoukel@lagh-univ.dz<\/span><\/strong><\/td>\n<\/tr>\n<tr style=\"height: 56px\">\n<td style=\"width: 222.708px;height: 56px;text-align: left\"><strong><span style=\"font-family: 'Book Antiqua', Palatino;font-size: 14pt\">CHABIRA Salem Fouad<\/span><\/strong><\/td>\n<td dir=\"ltr\" style=\"width: 90.4861px;height: 56px\"><strong><span style=\"font-family: 'Book Antiqua', Palatino;font-size: 14pt\">PROF<\/span><\/strong><\/td>\n<td dir=\"ltr\" style=\"width: 219.375px;height: 56px\"><strong><span style=\"font-family: 'Book Antiqua', Palatino;font-size: 14pt\">s.chabira@lagh-univ.dz<\/span><\/strong><\/td>\n<\/tr>\n<tr style=\"height: 56px\">\n<td style=\"width: 222.708px;height: 56px;text-align: left\"><strong><span style=\"font-family: 'Book Antiqua', Palatino;font-size: 14pt\">BENALIA Mokhtar<\/span><\/strong><\/td>\n<td style=\"width: 90.4861px;height: 56px;text-align: left\"><strong><span style=\"font-family: 'Book Antiqua', Palatino;font-size: 14pt\">PROF<\/span><\/strong><\/td>\n<td dir=\"ltr\" style=\"width: 219.375px;height: 56px\"><strong><span style=\"font-family: 'Book Antiqua', Palatino;font-size: 14pt\">m.benalia@lagh-univ.dz<\/span><\/strong><\/td>\n<\/tr>\n<tr style=\"height: 56px\">\n<td style=\"width: 222.708px;height: 56px;text-align: left\"><strong><span style=\"font-family: 'Book Antiqua', Palatino;font-size: 14pt\">GOURINE Nadir<\/span><\/strong><\/td>\n<td style=\"width: 90.4861px;height: 56px;text-align: left\"><strong><span style=\"font-family: 'Book Antiqua', Palatino;font-size: 14pt\">PROF<\/span><\/strong><\/td>\n<td dir=\"ltr\" style=\"width: 219.375px;height: 56px\"><strong><span style=\"font-family: 'Book Antiqua', Palatino;font-size: 14pt\">n.gourine@lagh-univ.dz<\/span><\/strong><\/td>\n<\/tr>\n<tr style=\"height: 56px\">\n<td style=\"width: 222.708px;height: 56px;text-align: left\"><strong><span style=\"font-family: 'Book Antiqua', Palatino;font-size: 14pt\">DJEDID Mebrouk<\/span><\/strong><\/td>\n<td style=\"width: 90.4861px;height: 56px;text-align: left\"><strong><span style=\"font-family: 'Book Antiqua', Palatino;font-size: 14pt\">MC-A<\/span><\/strong><\/td>\n<td dir=\"ltr\" style=\"width: 219.375px;height: 56px\"><strong><span style=\"font-family: 'Book Antiqua', Palatino;font-size: 14pt\">m.djedid@lagh-univ.dz<\/span><\/strong><\/td>\n<\/tr>\n<tr style=\"height: 56px\">\n<td style=\"width: 222.708px;height: 56px;text-align: left\"><strong><span style=\"font-family: 'Book Antiqua', Palatino;font-size: 14pt\">BOUSSOUAR Imane<\/span><\/strong><\/td>\n<td style=\"width: 90.4861px;height: 56px;text-align: left\"><strong><span style=\"font-family: 'Book Antiqua', Palatino;font-size: 14pt\">MC-B<\/span><\/strong><\/td>\n<td dir=\"ltr\" style=\"width: 219.375px;height: 56px\"><strong><span style=\"font-family: 'Book Antiqua', Palatino;font-size: 14pt\">i.boussouar@lagh-univ.dz<\/span><\/strong><\/td>\n<\/tr>\n<tr style=\"height: 56px\">\n<td style=\"width: 222.708px;height: 56px;text-align: left\"><strong><span style=\"font-family: 'Book Antiqua', Palatino;font-size: 14pt\">BOUTASSOUNA Djamal<\/span><\/strong><\/td>\n<td style=\"width: 90.4861px;height: 56px;text-align: left\"><strong><span style=\"font-family: 'Book Antiqua', Palatino;font-size: 14pt\">MC-B<\/span><\/strong><\/td>\n<td dir=\"ltr\" style=\"width: 219.375px;height: 56px\"><strong><span style=\"font-family: 'Book Antiqua', Palatino;font-size: 14pt\">d.boutassouna@lagh-univ.dz<\/span><\/strong><\/td>\n<\/tr>\n<tr style=\"height: 56px\">\n<td style=\"width: 222.708px;height: 56px;text-align: left\"><strong><span style=\"font-family: 'Book Antiqua', Palatino;font-size: 14pt\">BELHADJ Soraya<\/span><\/strong><\/td>\n<td style=\"width: 90.4861px;height: 56px;text-align: left\"><strong><span style=\"font-family: 'Book Antiqua', Palatino;font-size: 14pt\">MC-B<\/span><\/strong><\/td>\n<td dir=\"ltr\" style=\"width: 219.375px;height: 56px\"><strong><span style=\"font-family: 'Book Antiqua', Palatino;font-size: 14pt\">s.belhadj@lagh-univ.dz<\/span><\/strong><\/td>\n<\/tr>\n<tr style=\"height: 56px\">\n<td style=\"width: 222.708px;height: 56px;text-align: left\"><strong><span style=\"font-family: 'Book Antiqua', Palatino;font-size: 14pt\">MECHRAOUI Omar<\/span><\/strong><\/td>\n<td style=\"width: 90.4861px;height: 56px;text-align: left\"><strong><span style=\"font-family: 'Book Antiqua', Palatino;font-size: 14pt\">MC-B<\/span><\/strong><\/td>\n<td dir=\"ltr\" style=\"width: 219.375px;height: 56px\"><strong><span style=\"font-family: 'Book Antiqua', Palatino;font-size: 14pt\">o.mechraoui@lagh-univ.dz<\/span><\/strong><\/td>\n<\/tr>\n<tr style=\"height: 56px\">\n<td style=\"width: 222.708px;height: 56px;text-align: left\"><strong><span style=\"font-family: 'Book Antiqua', Palatino;font-size: 14pt\">AZIZI Ahmed<\/span><\/strong><\/td>\n<td style=\"width: 90.4861px;height: 56px;text-align: left\"><strong><span style=\"font-family: 'Book Antiqua', Palatino;font-size: 14pt\">MC-B<\/span><\/strong><\/td>\n<td dir=\"ltr\" style=\"width: 219.375px;height: 56px\"><strong><span style=\"font-family: 'Book Antiqua', Palatino;font-size: 14pt\">a.azizi@lagh-univ.dz<\/span><\/strong><\/td>\n<\/tr>\n<tr style=\"height: 56px\">\n<td style=\"width: 222.708px;height: 56px;text-align: left\"><strong><span style=\"font-family: 'Book Antiqua', Palatino;font-size: 14pt\">BOUARAR Fahima<\/span><\/strong><\/td>\n<td style=\"width: 90.4861px;height: 56px;text-align: left\"><strong><span style=\"font-family: 'Book Antiqua', Palatino;font-size: 14pt\">MC-B<\/span><\/strong><\/td>\n<td dir=\"ltr\" style=\"width: 219.375px;height: 56px\"><strong><span style=\"font-family: 'Book Antiqua', Palatino;font-size: 14pt\">f.bouarar@lagh-univ.dz<\/span><\/strong><\/td>\n<\/tr>\n<tr style=\"height: 56px\">\n<td style=\"width: 222.708px;height: 56px;text-align: left\"><strong><span style=\"font-family: 'Book Antiqua', Palatino;font-size: 14pt\">GUENANE Hadjira<\/span><\/strong><\/td>\n<td style=\"width: 90.4861px;height: 56px;text-align: left\"><strong><span style=\"font-family: 'Book Antiqua', Palatino;font-size: 14pt\">MC-B<\/span><\/strong><\/td>\n<td dir=\"ltr\" style=\"width: 219.375px;height: 56px\"><strong><span style=\"font-family: 'Book Antiqua', Palatino;font-size: 14pt\">ha.guenane@lagh-univ.dz<\/span><\/strong><\/td>\n<\/tr>\n<tr style=\"height: 56px\">\n<td style=\"width: 222.708px;height: 56px;text-align: left\"><strong><span style=\"font-family: 'Book Antiqua', Palatino;font-size: 14pt\">BOUKHALKHAL Sara<\/span><\/strong><\/td>\n<td style=\"width: 90.4861px;height: 56px;text-align: left\"><strong><span style=\"font-family: 'Book Antiqua', Palatino;font-size: 14pt\">MC-B<\/span><\/strong><\/td>\n<td dir=\"ltr\" style=\"width: 219.375px;height: 56px\"><strong><span style=\"font-family: 'Book Antiqua', Palatino;font-size: 14pt\">s.boukhalkhal@lagh-univ.dz<\/span><\/strong><\/td>\n<\/tr>\n<tr style=\"height: 56px\">\n<td style=\"width: 222.708px;height: 56px;text-align: left\"><strong><span style=\"font-family: 'Book Antiqua', Palatino;font-size: 14pt\">AD Chifa<\/span><\/strong><\/td>\n<td style=\"width: 90.4861px;height: 56px;text-align: left\"><strong><span style=\"font-family: 'Book Antiqua', Palatino;font-size: 14pt\">MC-B<\/span><\/strong><\/td>\n<td dir=\"ltr\" style=\"width: 219.375px;height: 56px\"><strong><span style=\"font-family: 'Book Antiqua', Palatino;font-size: 14pt\">c.ad@lagh-univ.dz<\/span><\/strong><\/td>\n<\/tr>\n<tr style=\"height: 56px\">\n<td style=\"width: 222.708px;height: 56px;text-align: left\"><strong><span style=\"font-family: 'Book Antiqua', Palatino;font-size: 14pt\">BRAHIMI Djamila<\/span><\/strong><\/td>\n<td style=\"width: 90.4861px;height: 56px;text-align: left\"><strong><span style=\"font-family: 'Book Antiqua', Palatino;font-size: 14pt\">MC-B<\/span><\/strong><\/td>\n<td dir=\"ltr\" style=\"width: 219.375px;height: 56px\"><strong><span style=\"font-family: 'Book Antiqua', Palatino;font-size: 14pt\">d.brahimi@lagh-univ.dz<\/span><\/strong><\/td>\n<\/tr>\n<tr style=\"height: 56px\">\n<td style=\"width: 222.708px;height: 56px;text-align: left\"><strong><span style=\"font-family: 'Book Antiqua', Palatino;font-size: 14pt\">CHAHBOUB Abdelaziz<\/span><\/strong><\/td>\n<td style=\"width: 90.4861px;height: 56px\">\n<p dir=\"ltr\"><strong><span style=\"font-family: 'Book Antiqua', Palatino;font-size: 14pt\">MA-A<\/span><\/strong><\/p>\n<\/td>\n<td dir=\"ltr\" style=\"width: 219.375px;height: 56px\"><strong><span style=\"font-family: 'Book Antiqua', Palatino;font-size: 14pt\">a.chahboub@lagh-univ.dz<\/span><\/strong><\/td>\n<\/tr>\n<tr style=\"height: 56px\">\n<td style=\"width: 222.708px;height: 56px;text-align: left\"><strong><span style=\"font-family: 'Book Antiqua', Palatino;font-size: 14pt\">MAHDJOUBI Hadj Aissa<\/span><\/strong><\/td>\n<td dir=\"ltr\" style=\"width: 90.4861px;height: 56px\"><strong><span style=\"font-family: 'Book Antiqua', Palatino;font-size: 14pt\">MA-A<\/span><\/strong><\/td>\n<td dir=\"ltr\" style=\"width: 219.375px;height: 56px\"><strong><span style=\"font-family: 'Book Antiqua', Palatino;font-size: 14pt\">h.mahdjoubi@lagh-univ.dz<\/span><\/strong><\/td>\n<\/tr>\n<tr style=\"height: 56px\">\n<td style=\"width: 222.708px;height: 56px;text-align: left\"><strong><span style=\"font-family: 'Book Antiqua', Palatino;font-size: 14pt\">TOUNSI Aissa<\/span><\/strong><\/td>\n<td style=\"width: 90.4861px;height: 56px;text-align: left\"><strong><span style=\"font-family: 'Book Antiqua', Palatino;font-size: 14pt\">MA-A<\/span><\/strong><\/td>\n<td dir=\"ltr\" style=\"width: 219.375px;height: 56px\"><strong><span style=\"font-family: 'Book Antiqua', Palatino;font-size: 14pt\">a.tounsi@lagh-univ.dz<\/span><\/strong><\/td>\n<\/tr>\n<tr style=\"height: 56px\">\n<td style=\"width: 222.708px;height: 56px;text-align: left\"><strong><span style=\"font-family: 'Book Antiqua', Palatino;font-size: 14pt\">BENLARBI Faiza<\/span><\/strong><\/td>\n<td style=\"width: 90.4861px;height: 56px;text-align: left\"><strong><span style=\"font-family: 'Book Antiqua', Palatino;font-size: 14pt\">MA-A<\/span><\/strong><\/td>\n<td dir=\"ltr\" style=\"width: 219.375px;height: 56px\"><strong><span style=\"font-family: 'Book Antiqua', Palatino;font-size: 14pt\">f.benlarbi@lagh-univ.dz<\/span><\/strong><\/td>\n<\/tr>\n<tr style=\"height: 56px\">\n<td style=\"width: 222.708px;height: 56px;text-align: left\"><strong><span style=\"font-family: 'Book Antiqua', Palatino;font-size: 14pt\">AMEUR Kheira<\/span><\/strong><\/td>\n<td style=\"width: 90.4861px;height: 56px;text-align: left\"><strong><span style=\"font-family: 'Book Antiqua', Palatino;font-size: 14pt\">MA-A<\/span><\/strong><\/td>\n<td dir=\"ltr\" style=\"width: 219.375px;height: 56px\"><strong><span style=\"font-family: 'Book Antiqua', Palatino;font-size: 14pt\">k.ameur@lagh-univ.dz<\/span><\/strong><\/td>\n<\/tr>\n<tr style=\"height: 56px\">\n<td style=\"width: 222.708px;height: 56px;text-align: left\"><strong><span style=\"font-family: 'Book Antiqua', Palatino;font-size: 14pt\">BOUTASSOUNA Nassima<\/span><\/strong><\/td>\n<td style=\"width: 90.4861px;height: 56px;text-align: left\"><strong><span style=\"font-family: 'Book Antiqua', Palatino;font-size: 14pt\">MA-A<\/span><\/strong><\/td>\n<td dir=\"ltr\" style=\"width: 219.375px;height: 56px\"><strong><span style=\"font-family: 'Book Antiqua', Palatino;font-size: 14pt\">n.boutassouna@lagh-univ.dz<\/span><\/strong><\/td>\n<\/tr>\n<tr style=\"height: 56px\">\n<td style=\"width: 222.708px;height: 56px;text-align: left\"><strong><span style=\"font-family: 'Book Antiqua', Palatino;font-size: 14pt\">HARRAT Mohamed<\/span><\/strong><\/td>\n<td style=\"width: 90.4861px;height: 56px;text-align: left\"><strong><span style=\"font-family: 'Book Antiqua', Palatino;font-size: 14pt\">MA-A<\/span><\/strong><\/td>\n<td dir=\"ltr\" style=\"width: 219.375px;height: 56px\"><strong><span style=\"font-family: 'Book Antiqua', Palatino;font-size: 14pt\">m.harrat@lagh-univ.dz<\/span><\/strong><\/td>\n<\/tr>\n<tr style=\"height: 56px\">\n<td style=\"width: 222.708px;height: 56px;text-align: left\"><strong><span style=\"font-family: 'Book Antiqua', Palatino;font-size: 14pt\">MERAD Bahia<\/span><\/strong><\/td>\n<td style=\"width: 90.4861px;height: 56px;text-align: left\"><strong><span style=\"font-family: 'Book Antiqua', Palatino;font-size: 14pt\">MA-A<\/span><\/strong><\/td>\n<td dir=\"ltr\" style=\"width: 219.375px;height: 56px\"><strong><span style=\"font-family: 'Book Antiqua', Palatino;font-size: 14pt\">b.merad@lagh-univ.dz<\/span><\/strong><\/td>\n<\/tr>\n<tr style=\"height: 56px\">\n<td style=\"width: 222.708px;height: 56px;text-align: left\"><strong><span style=\"font-family: 'Book Antiqua', Palatino;font-size: 14pt\">BENDAHGHANE Soumia<\/span><\/strong><\/td>\n<td style=\"width: 90.4861px;height: 56px;text-align: left\"><strong><span style=\"font-family: 'Book Antiqua', Palatino;font-size: 14pt\">MA-A<\/span><\/strong><\/td>\n<td dir=\"ltr\" style=\"width: 219.375px;height: 56px\"><strong><span style=\"font-family: 'Book Antiqua', Palatino;font-size: 14pt\">s.bendahghane@lagh-univ.dz<\/span><\/strong><\/td>\n<\/tr>\n<tr style=\"height: 56px\">\n<td style=\"width: 222.708px;height: 56px;text-align: left\"><strong><span style=\"font-family: 'Book Antiqua', Palatino;font-size: 14pt\">LAZGHAD Fahima<\/span><\/strong><\/td>\n<td style=\"width: 90.4861px;height: 56px;text-align: left\"><strong><span style=\"font-family: 'Book Antiqua', Palatino;font-size: 14pt\">MA-A<\/span><\/strong><\/td>\n<td dir=\"ltr\" style=\"width: 219.375px;height: 56px\"><strong><span style=\"font-family: 'Book Antiqua', Palatino;font-size: 14pt\">f.lazghad@lagh-univ.dz<\/span><\/strong><\/td>\n<\/tr>\n<tr style=\"height: 56px\">\n<td style=\"width: 222.708px;height: 56px;text-align: left\"><strong><span style=\"font-family: 'Book Antiqua', Palatino;font-size: 14pt\">ZONBOT Zakaria<\/span><\/strong><\/td>\n<td style=\"width: 90.4861px;height: 56px;text-align: left\"><strong><span style=\"font-family: 'Book Antiqua', Palatino;font-size: 14pt\">MA-A<\/span><\/strong><\/td>\n<td dir=\"ltr\" style=\"width: 219.375px;height: 56px\"><strong><span style=\"font-family: 'Book Antiqua', Palatino;font-size: 14pt\">z.zonbot@lagh-univ.dz<\/span><\/strong><\/td>\n<\/tr>\n<tr style=\"height: 56px\">\n<td style=\"width: 222.708px;height: 56px;text-align: left\"><strong><span style=\"font-family: 'Book Antiqua', Palatino;font-size: 14pt\">TAOUTI Mohamed Bachir<\/span><\/strong><\/td>\n<td style=\"width: 90.4861px;height: 56px;text-align: left\"><strong><span style=\"font-family: 'Book Antiqua', Palatino;font-size: 14pt\">MA-A<\/span><\/strong><\/td>\n<td dir=\"ltr\" style=\"width: 219.375px;height: 56px\"><strong><span style=\"font-family: 'Book Antiqua', Palatino;font-size: 14pt\">m.taouti@lagh-univ.dz<\/span><\/strong><\/td>\n<\/tr>\n<tr style=\"height: 56px\">\n<td style=\"width: 222.708px;height: 56px;text-align: left\"><strong><span style=\"font-family: 'Book Antiqua', Palatino;font-size: 14pt\">BENABBAS Farah<\/span><\/strong><\/td>\n<td style=\"width: 90.4861px;height: 56px;text-align: left\"><strong><span style=\"font-family: 'Book Antiqua', Palatino;font-size: 14pt\">MA-A<\/span><\/strong><\/td>\n<td dir=\"ltr\" style=\"width: 219.375px;height: 56px\"><strong><span style=\"font-family: 'Book Antiqua', Palatino;font-size: 14pt\">f.benabbas@lagh-univ.dz<\/span><\/strong><\/td>\n<\/tr>\n<tr style=\"height: 56px\">\n<td style=\"width: 222.708px;height: 56px;text-align: left\"><strong><span style=\"font-family: 'Book Antiqua', Palatino;font-size: 14pt\">ABDELMOUIZ Ahmed<\/span><\/strong><\/td>\n<td style=\"width: 90.4861px;height: 56px;text-align: left\"><strong><span style=\"font-family: 'Book Antiqua', Palatino;font-size: 14pt\">MA-A<\/span><\/strong><\/td>\n<td dir=\"ltr\" style=\"width: 219.375px;height: 56px\"><strong><span style=\"font-family: 'Book Antiqua', Palatino;font-size: 14pt\">a.abdelmouiz@lagh-univ.dz<\/span><\/strong><\/td>\n<\/tr>\n<tr style=\"height: 56px\">\n<td style=\"width: 222.708px;height: 56px;text-align: left\"><strong><span style=\"font-family: 'Book Antiqua', Palatino;font-size: 14pt\">MERIGUI Khaled<\/span><\/strong><\/td>\n<td style=\"width: 90.4861px;height: 56px;text-align: left\"><strong><span style=\"font-family: 'Book Antiqua', Palatino;font-size: 14pt\">MA-A<\/span><\/strong><\/td>\n<td dir=\"ltr\" style=\"width: 219.375px;height: 56px\"><strong><span style=\"font-family: 'Book Antiqua', Palatino;font-size: 14pt\">k.merigui@lagh-univ.dz<\/span><\/strong><\/td>\n<\/tr>\n<tr style=\"height: 56px\">\n<td style=\"width: 222.708px;height: 56px;text-align: left\"><strong><span style=\"font-family: 'Book Antiqua', Palatino;font-size: 14pt\">BOUREZG Mohamed Tahar<\/span><\/strong><\/td>\n<td style=\"width: 90.4861px;height: 56px;text-align: left\"><strong><span style=\"font-family: 'Book Antiqua', Palatino;font-size: 14pt\">MA-B<\/span><\/strong><\/td>\n<td dir=\"ltr\" style=\"width: 219.375px;height: 56px\"><strong><span style=\"font-family: 'Book Antiqua', Palatino;font-size: 14pt\">mo.bourezg@lagh-univ.dz<\/span><\/strong><\/td>\n<\/tr>\n<tr style=\"height: 56px\">\n<td style=\"width: 222.708px;height: 56px;text-align: left\"><strong><span style=\"font-family: 'Book Antiqua', Palatino;font-size: 14pt\">HANNACHI Manelle<\/span><\/strong><\/td>\n<td style=\"width: 90.4861px;height: 56px;text-align: left\"><strong><span style=\"font-family: 'Book Antiqua', Palatino;font-size: 14pt\">MA-B<\/span><\/strong><\/td>\n<td dir=\"ltr\" style=\"width: 219.375px;height: 56px\"><strong><span style=\"font-family: 'Book Antiqua', Palatino;font-size: 14pt\">m.hannachi@lagh-univ.dz<\/span><\/strong><\/td>\n<\/tr>\n<tr style=\"height: 56px\">\n<td style=\"width: 222.708px;height: 56px;text-align: left\"><strong><span style=\"font-family: 'Book Antiqua', Palatino;font-size: 14pt\">BOUDELLIOUA Hichem<\/span><\/strong><\/td>\n<td style=\"width: 90.4861px;height: 56px;text-align: left\"><strong><span style=\"font-family: 'Book Antiqua', Palatino;font-size: 14pt\">MA-B<\/span><\/strong><\/td>\n<td dir=\"ltr\" style=\"width: 219.375px;height: 56px\"><strong><span style=\"font-family: 'Book Antiqua', Palatino;font-size: 14pt\">h.boudellioua@lagh-univ.dz<\/span><\/strong><\/td>\n<\/tr>\n<tr style=\"height: 56px\">\n<td style=\"width: 222.708px;height: 56px;text-align: left\">\n<p dir=\"ltr\"><strong><span style=\"font-family: 'Book Antiqua', Palatino;font-size: 14pt\">ZERROUKI Hamza<\/span><\/strong><\/p>\n<\/td>\n<td style=\"width: 90.4861px;height: 56px;text-align: left\"><strong><span style=\"font-family: 'Book Antiqua', Palatino;font-size: 14pt\">MA-B<\/span><\/strong><\/td>\n<td dir=\"ltr\" style=\"width: 219.375px;height: 56px\"><strong><span style=\"font-family: 'Book Antiqua', Palatino;font-size: 14pt\">h.zerrouki@lagh-univ.dz<\/span><\/strong><\/td>\n<\/tr>\n<\/tbody>\n<\/table>\n","protected":false},"excerpt":{"rendered":"<p>Nom &amp;Pr\u00e9nom Grade Email TAOUTI Mohamed Benabdallah MC-A mb.taouti@lagh-univ.dz CHAREF Mahmoud MC-B m.charef@lagh-univ.dz ZOUKEL Abdelhalim MC-A ab.zoukel@lagh-univ.dz CHABIRA Salem Fouad PROF s.chabira@lagh-univ.dz BENALIA Mokhtar PROF m.benalia@lagh-univ.dz GOURINE Nadir PROF n.gourine@lagh-univ.dz DJEDID Mebrouk MC-A m.djedid@lagh-univ.dz BOUSSOUAR Imane MC-B i.boussouar@lagh-univ.dz BOUTASSOUNA Djamal MC-B d.boutassouna@lagh-univ.dz BELHADJ Soraya MC-B s.belhadj@lagh-univ.dz MECHRAOUI Omar MC-B o.mechraoui@lagh-univ.dz AZIZI Ahmed MC-B a.azizi@lagh-univ.dz BOUARAR [&hellip;]<\/p>\n","protected":false},"author":13,"featured_media":0,"parent":9225,"menu_order":0,"comment_status":"closed","ping_status":"closed","template":"elementor_header_footer","meta":{"_exactmetrics_skip_tracking":false,"_exactmetrics_sitenote_active":false,"_exactmetrics_sitenote_note":"","_exactmetrics_sitenote_category":0,"footnotes":""},"coauthors":[533],"class_list":["post-9336","page","type-page","status-publish","hentry"],"_links":{"self":[{"href":"http:\/\/lagh-univ.dz\/fr\/wp-json\/wp\/v2\/pages\/9336","targetHints":{"allow":["GET"]}}],"collection":[{"href":"http:\/\/lagh-univ.dz\/fr\/wp-json\/wp\/v2\/pages"}],"about":[{"href":"http:\/\/lagh-univ.dz\/fr\/wp-json\/wp\/v2\/types\/page"}],"author":[{"embeddable":true,"href":"http:\/\/lagh-univ.dz\/fr\/wp-json\/wp\/v2\/users\/13"}],"replies":[{"embeddable":true,"href":"http:\/\/lagh-univ.dz\/fr\/wp-json\/wp\/v2\/comments?post=9336"}],"version-history":[{"count":4,"href":"http:\/\/lagh-univ.dz\/fr\/wp-json\/wp\/v2\/pages\/9336\/revisions"}],"predecessor-version":[{"id":20536,"href":"http:\/\/lagh-univ.dz\/fr\/wp-json\/wp\/v2\/pages\/9336\/revisions\/20536"}],"up":[{"embeddable":true,"href":"http:\/\/lagh-univ.dz\/fr\/wp-json\/wp\/v2\/pages\/9225"}],"wp:attachment":[{"href":"http:\/\/lagh-univ.dz\/fr\/wp-json\/wp\/v2\/media?parent=9336"}],"wp:term":[{"taxonomy":"author","embeddable":true,"href":"http:\/\/lagh-univ.dz\/fr\/wp-json\/wp\/v2\/coauthors?post=9336"}],"curies":[{"name":"wp","href":"https:\/\/api.w.org\/{rel}","templated":true}]}}