{"id":9350,"date":"2018-07-21T11:18:48","date_gmt":"2018-07-21T11:18:48","guid":{"rendered":"http:\/\/lagh-univ.dz\/technologie-departement-genie-mecanique-formations-licence\/"},"modified":"2019-12-08T06:26:18","modified_gmt":"2019-12-08T08:26:18","slug":"technologie-departement-genie-mecanique-formations-licence","status":"publish","type":"page","link":"http:\/\/lagh-univ.dz\/fr\/technologie-departement-genie-mecanique\/technologie-departement-genie-mecanique-formations-licence\/","title":{"rendered":"Technologie-Departement- g\u00e9nie m\u00e9canique- formations -licence"},"content":{"rendered":"<table class=\" alignleft\" style=\"height: 108px;width: 517px\" width=\"517\">\n<tbody>\n<tr style=\"height: 27px\">\n<td style=\"background-color: #fac12f;text-align: left;height: 27px;width: 172px\"><strong><span style=\"font-family: 'Book Antiqua', Palatino;font-size: 14pt\">fili\u00e8re<\/span><\/strong><\/td>\n<td style=\"background-color: #fac12f;text-align: left;height: 27px;width: 329px\"><strong><span style=\"font-family: 'Book Antiqua', Palatino;font-size: 14pt\">sp\u00e9cialit\u00e9<\/span><\/strong><\/td>\n<\/tr>\n<tr style=\"height: 27px\">\n<td style=\"text-align: left;height: 81px;width: 172px\" rowspan=\"3\"><span style=\"font-family: 'Book Antiqua', Palatino;font-size: 14pt\">G\u00e9nie M\u00e9canique<\/span><\/td>\n<td style=\"text-align: left;height: 27px;width: 329px\"><span style=\"font-family: 'Book Antiqua', Palatino;font-size: 14pt\">Construction m\u00e9canique<\/span><\/td>\n<\/tr>\n<tr style=\"height: 27px\">\n<td style=\"text-align: left;height: 27px;width: 329px\"><span style=\"font-family: 'Book Antiqua', Palatino;font-size: 14pt\">\u00c9nerg\u00e9tique<\/span><\/td>\n<\/tr>\n<tr style=\"height: 27px\">\n<td style=\"text-align: left;height: 27px;width: 329px\"><span style=\"font-family: 'Book Antiqua', Palatino;font-size: 14pt\">G\u00e9nie des mat\u00e9riaux<\/span><\/td>\n<\/tr>\n<\/tbody>\n<\/table>\n","protected":false},"excerpt":{"rendered":"<p>fili\u00e8re sp\u00e9cialit\u00e9 G\u00e9nie M\u00e9canique Construction m\u00e9canique \u00c9nerg\u00e9tique G\u00e9nie des mat\u00e9riaux<\/p>\n","protected":false},"author":13,"featured_media":0,"parent":9227,"menu_order":0,"comment_status":"closed","ping_status":"closed","template":"elementor_header_footer","meta":{"_exactmetrics_skip_tracking":false,"_exactmetrics_sitenote_active":false,"_exactmetrics_sitenote_note":"","_exactmetrics_sitenote_category":0,"footnotes":""},"coauthors":[533],"class_list":["post-9350","page","type-page","status-publish","hentry"],"_links":{"self":[{"href":"http:\/\/lagh-univ.dz\/fr\/wp-json\/wp\/v2\/pages\/9350","targetHints":{"allow":["GET"]}}],"collection":[{"href":"http:\/\/lagh-univ.dz\/fr\/wp-json\/wp\/v2\/pages"}],"about":[{"href":"http:\/\/lagh-univ.dz\/fr\/wp-json\/wp\/v2\/types\/page"}],"author":[{"embeddable":true,"href":"http:\/\/lagh-univ.dz\/fr\/wp-json\/wp\/v2\/users\/13"}],"replies":[{"embeddable":true,"href":"http:\/\/lagh-univ.dz\/fr\/wp-json\/wp\/v2\/comments?post=9350"}],"version-history":[{"count":5,"href":"http:\/\/lagh-univ.dz\/fr\/wp-json\/wp\/v2\/pages\/9350\/revisions"}],"predecessor-version":[{"id":20402,"href":"http:\/\/lagh-univ.dz\/fr\/wp-json\/wp\/v2\/pages\/9350\/revisions\/20402"}],"up":[{"embeddable":true,"href":"http:\/\/lagh-univ.dz\/fr\/wp-json\/wp\/v2\/pages\/9227"}],"wp:attachment":[{"href":"http:\/\/lagh-univ.dz\/fr\/wp-json\/wp\/v2\/media?parent=9350"}],"wp:term":[{"taxonomy":"author","embeddable":true,"href":"http:\/\/lagh-univ.dz\/fr\/wp-json\/wp\/v2\/coauthors?post=9350"}],"curies":[{"name":"wp","href":"https:\/\/api.w.org\/{rel}","templated":true}]}}