{"id":9358,"date":"2018-07-21T11:21:38","date_gmt":"2018-07-21T11:21:38","guid":{"rendered":"http:\/\/lagh-univ.dz\/science-departement-science-de-la-matiere\/"},"modified":"2024-12-10T11:14:27","modified_gmt":"2024-12-10T10:14:27","slug":"science-departement-science-de-la-matiere","status":"publish","type":"page","link":"http:\/\/lagh-univ.dz\/fr\/science-departement-science-de-la-matiere\/","title":{"rendered":"Science-Departement- science de la mati\u00e9re"},"content":{"rendered":"<p dir=\"ltr\"><span style=\"font-family: 'Book Antiqua', Palatino;font-size: 14pt;color: #000000\"><img fetchpriority=\"high\" decoding=\"async\" class=\"wp-image-29021 aligncenter\" src=\"http:\/\/lagh-univ.dz\/wp-content\/uploads\/2020\/02\/SM-300x38.png\" alt=\"\" width=\"833\" height=\"106\" srcset=\"http:\/\/lagh-univ.dz\/wp-content\/uploads\/2020\/02\/SM-300x38.png 300w, http:\/\/lagh-univ.dz\/wp-content\/uploads\/2020\/02\/SM-1060x133.png 1060w\" sizes=\"(max-width: 833px) 100vw, 833px\" \/><\/span><\/p>\n<p dir=\"ltr\" style=\"text-align: center\"><strong><span style=\"color: #0000ff;font-size: 18pt;font-family: 'Book Antiqua', Palatino\">D\u00e9partement des Sciences de la Mati\u00e8re<\/span><\/strong><\/p>\n<p style=\"text-align: left\"><span style=\"font-family: 'Book Antiqua', Palatino;font-size: 14pt;color: #000000\">Le\u00a0D\u00e9partement des sciences de la mati\u00e8re\u00a0est un d\u00e9partement de la Facult\u00e9 des Sciences de l&rsquo;Universit\u00e9 Amar Telidji. Sa principale mission est l\u2019organisation des enseignements de physique et de chimie, en mettant en coh\u00e9rence les comp\u00e9tences en recherche et les activit\u00e9s p\u00e9dagogiques.<\/span><\/p>\n<p style=\"text-align: left\"><span style=\"font-family: 'Book Antiqua', Palatino;font-size: 14pt;color: #000000\">Le D\u00e9partement des sciences de la mati\u00e8re offre la possibilit\u00e9 d&rsquo;effectuer divers cursus de physique et de chimie\u00a0\u00a0qui peuvent mener du baccalaur\u00e9at aux licences g\u00e9n\u00e9rales (Bac+3), aux masters de recherche (Bac+5) et aux doctorats (Bac+8).\u00a0<\/span><\/p>\n<p style=\"text-align: left\"><span style=\"font-family: 'Book Antiqua', Palatino;font-size: 14pt;color: #000000\">Les parcours dispens\u00e9s sont organis\u00e9s comme suit\u00a0:<\/span><\/p>\n<ul>\n<li style=\"text-align: left\"><span style=\"font-family: 'Book Antiqua', Palatino;font-size: 14pt;color: #000000\">Une\u00a0 licence organis\u00e9e en 2 parcours :<\/span>\n<ul>\n<li><span style=\"font-family: 'Book Antiqua', Palatino;font-size: 14pt;color: #000000\">Chimie : Chimie fondamentale<\/span><\/li>\n<li><span style=\"font-family: 'Book Antiqua', Palatino;font-size: 14pt;color: #000000\">Physique des mat\u00e9riaux<\/span><\/li>\n<\/ul>\n<\/li>\n<li><span style=\"font-family: 'Book Antiqua', Palatino;font-size: 14pt;color: #000000\">Un\u00a0<a style=\"color: #000000\" href=\"http:\/\/www.formation.univ-nantes.fr\/master-chimie-2021181.kjsp?RH=FORMATION\">Master <\/a>comprenant 4 parcours :\u00a0<\/span>\n<ul>\n<li style=\"text-align: left\"><span style=\"font-family: 'Book Antiqua', Palatino;font-size: 14pt;color: #000000\">Chimie organique appliqu\u00e9e<\/span><\/li>\n<li style=\"text-align: left\"><span style=\"font-family: 'Book Antiqua', Palatino;font-size: 14pt;color: #000000\">Chimie inorganique<\/span><\/li>\n<li style=\"text-align: left\"><span style=\"font-family: 'Book Antiqua', Palatino;font-size: 14pt;color: #000000\">Physique des mat\u00e9riaux<\/span><\/li>\n<li style=\"text-align: left\"><span style=\"font-family: 'Book Antiqua', Palatino;font-size: 14pt;color: #000000\">Physique appliqu\u00e9e<\/span><\/li>\n<\/ul>\n<\/li>\n<\/ul>\n","protected":false},"excerpt":{"rendered":"<p>D\u00e9partement des Sciences de la Mati\u00e8re Le\u00a0D\u00e9partement des sciences de la mati\u00e8re\u00a0est un d\u00e9partement de la Facult\u00e9 des Sciences de l&rsquo;Universit\u00e9 Amar Telidji. Sa principale mission est l\u2019organisation des enseignements de physique et de chimie, en mettant en coh\u00e9rence les comp\u00e9tences en recherche et les activit\u00e9s p\u00e9dagogiques. Le D\u00e9partement des sciences de la mati\u00e8re offre [&hellip;]<\/p>\n","protected":false},"author":11,"featured_media":0,"parent":0,"menu_order":0,"comment_status":"closed","ping_status":"closed","template":"elementor_header_footer","meta":{"_exactmetrics_skip_tracking":false,"_exactmetrics_sitenote_active":false,"_exactmetrics_sitenote_note":"","_exactmetrics_sitenote_category":0,"footnotes":""},"coauthors":[530],"class_list":["post-9358","page","type-page","status-publish","hentry"],"_links":{"self":[{"href":"http:\/\/lagh-univ.dz\/fr\/wp-json\/wp\/v2\/pages\/9358","targetHints":{"allow":["GET"]}}],"collection":[{"href":"http:\/\/lagh-univ.dz\/fr\/wp-json\/wp\/v2\/pages"}],"about":[{"href":"http:\/\/lagh-univ.dz\/fr\/wp-json\/wp\/v2\/types\/page"}],"author":[{"embeddable":true,"href":"http:\/\/lagh-univ.dz\/fr\/wp-json\/wp\/v2\/users\/11"}],"replies":[{"embeddable":true,"href":"http:\/\/lagh-univ.dz\/fr\/wp-json\/wp\/v2\/comments?post=9358"}],"version-history":[{"count":9,"href":"http:\/\/lagh-univ.dz\/fr\/wp-json\/wp\/v2\/pages\/9358\/revisions"}],"predecessor-version":[{"id":25325,"href":"http:\/\/lagh-univ.dz\/fr\/wp-json\/wp\/v2\/pages\/9358\/revisions\/25325"}],"wp:attachment":[{"href":"http:\/\/lagh-univ.dz\/fr\/wp-json\/wp\/v2\/media?parent=9358"}],"wp:term":[{"taxonomy":"author","embeddable":true,"href":"http:\/\/lagh-univ.dz\/fr\/wp-json\/wp\/v2\/coauthors?post=9358"}],"curies":[{"name":"wp","href":"https:\/\/api.w.org\/{rel}","templated":true}]}}