{"id":9360,"date":"2018-07-21T11:21:48","date_gmt":"2018-07-21T11:21:48","guid":{"rendered":"http:\/\/lagh-univ.dz\/science-departement-biologie\/"},"modified":"2024-02-04T10:55:13","modified_gmt":"2024-02-04T09:55:13","slug":"science-departement-biologie","status":"publish","type":"page","link":"http:\/\/lagh-univ.dz\/fr\/science-departement-biologie\/","title":{"rendered":"Science-Departement- biologie"},"content":{"rendered":"<p dir=\"ltr\" style=\"text-align: center\"><span style=\"font-size: 14pt;color: #0000ff;font-family: 'Book Antiqua', Palatino\"><strong>D\u00e9partement de Biologie<\/strong><\/span><\/p>\n<p dir=\"ltr\" style=\"text-align: left\"><span style=\"font-family: 'Book Antiqua', Palatino;font-size: 14pt;color: #000000\"><strong><span style=\"color: #0000ff\">Nom du chef de d\u00e9partement : <\/span>CHAIBI Rachid<\/strong><\/span><\/p>\n<h3 style=\"text-align: left\"><span style=\"font-size: 14pt;font-family: 'Book Antiqua', Palatino;color: #000000\">Email :<a style=\"color: #000000\" href=\"mailto:r.chaibi@lagh-univ.dz\">r.chaibi@lagh-univ.dz<\/a>\u00a0 \/\u00a0 <a style=\"color: #000000\" href=\"mailto:klifa33@yahoo.fr\">klifa33@yahoo.fr<\/a><\/span><\/h3>\n<p dir=\"ltr\" style=\"text-align: left\"><span style=\"font-family: 'Book Antiqua', Palatino;font-size: 14pt;color: #000000\"><strong><span style=\"color: #0000ff\">Nom de l&rsquo;adjoint du chef de d\u00e9partement :<\/span> LEBOUKH Mourad<\/strong><\/span><\/p>\n<p dir=\"ltr\" style=\"text-align: left\"><span style=\"font-family: 'Book Antiqua', Palatino;font-size: 14pt;color: #000000\"><strong>Email : <a style=\"color: #000000\" href=\"mailto:leboukhmourad@gmail.com\">leboukhmourad@gmail.com <\/a><\/strong><\/span><\/p>\n<p dir=\"ltr\" style=\"text-align: left\"><span style=\"color: #0000ff;font-family: 'Book Antiqua', Palatino;font-size: 14pt\"><strong>Services<\/strong><\/span><\/p>\n<p dir=\"ltr\" style=\"text-align: left\"><span style=\"font-family: 'Book Antiqua', Palatino;font-size: 14pt;color: #000000\"><strong>&#8211; Secr\u00e9tariat : <\/strong><\/span><\/p>\n<ul style=\"text-align: left\">\n<li><span style=\"font-family: 'Book Antiqua', Palatino;font-size: 14pt;color: #000000\">BEN NAIHA Meriem<\/span><\/li>\n<\/ul>\n<p dir=\"ltr\" style=\"text-align: left\"><span style=\"font-family: 'Book Antiqua', Palatino;font-size: 14pt;color: #000000\"><strong>&#8211; Scolarit\u00e9 : <\/strong><\/span><\/p>\n<ul style=\"text-align: left\">\n<li><span style=\"color: #000000;font-family: 'Book Antiqua', Palatino;font-size: 14pt\">NOUI Boumediene (Chef service)<\/span><\/li>\n<li><span style=\"color: #000000;font-family: 'Book Antiqua', Palatino;font-size: 14pt\">KHIRANI Safia : (Service de saisie)<\/span><\/li>\n<li><span style=\"color: #000000;font-family: 'Book Antiqua', Palatino;font-size: 14pt\">LATRECHE Abdelmalek : (Service de saisie)<\/span><\/li>\n<\/ul>\n","protected":false},"excerpt":{"rendered":"<p>D\u00e9partement de Biologie Nom du chef de d\u00e9partement : CHAIBI Rachid Email :r.chaibi@lagh-univ.dz\u00a0 \/\u00a0 klifa33@yahoo.fr Nom de l&rsquo;adjoint du chef de d\u00e9partement : LEBOUKH Mourad Email : leboukhmourad@gmail.com Services &#8211; Secr\u00e9tariat : BEN NAIHA Meriem &#8211; Scolarit\u00e9 : NOUI Boumediene (Chef service) KHIRANI Safia : (Service de saisie) LATRECHE Abdelmalek : (Service de saisie)<\/p>\n","protected":false},"author":11,"featured_media":0,"parent":0,"menu_order":0,"comment_status":"closed","ping_status":"closed","template":"elementor_header_footer","meta":{"_exactmetrics_skip_tracking":false,"_exactmetrics_sitenote_active":false,"_exactmetrics_sitenote_note":"","_exactmetrics_sitenote_category":0,"footnotes":""},"coauthors":[530],"class_list":["post-9360","page","type-page","status-publish","hentry"],"_links":{"self":[{"href":"http:\/\/lagh-univ.dz\/fr\/wp-json\/wp\/v2\/pages\/9360","targetHints":{"allow":["GET"]}}],"collection":[{"href":"http:\/\/lagh-univ.dz\/fr\/wp-json\/wp\/v2\/pages"}],"about":[{"href":"http:\/\/lagh-univ.dz\/fr\/wp-json\/wp\/v2\/types\/page"}],"author":[{"embeddable":true,"href":"http:\/\/lagh-univ.dz\/fr\/wp-json\/wp\/v2\/users\/11"}],"replies":[{"embeddable":true,"href":"http:\/\/lagh-univ.dz\/fr\/wp-json\/wp\/v2\/comments?post=9360"}],"version-history":[{"count":6,"href":"http:\/\/lagh-univ.dz\/fr\/wp-json\/wp\/v2\/pages\/9360\/revisions"}],"predecessor-version":[{"id":57693,"href":"http:\/\/lagh-univ.dz\/fr\/wp-json\/wp\/v2\/pages\/9360\/revisions\/57693"}],"wp:attachment":[{"href":"http:\/\/lagh-univ.dz\/fr\/wp-json\/wp\/v2\/media?parent=9360"}],"wp:term":[{"taxonomy":"author","embeddable":true,"href":"http:\/\/lagh-univ.dz\/fr\/wp-json\/wp\/v2\/coauthors?post=9360"}],"curies":[{"name":"wp","href":"https:\/\/api.w.org\/{rel}","templated":true}]}}