{"id":9370,"date":"2018-07-18T19:24:07","date_gmt":"2018-07-18T19:24:07","guid":{"rendered":"http:\/\/lagh-univ.dz\/science-graduation-mot-de-vice-doyen\/"},"modified":"2024-01-14T15:56:52","modified_gmt":"2024-01-14T14:56:52","slug":"science-graduation-mot-de-vice-doyen","status":"publish","type":"page","link":"http:\/\/lagh-univ.dz\/fr\/science-formation\/science-graduation-mot-de-vice-doyen\/","title":{"rendered":"Science &#8211; Graduation-mot de vice doyen"},"content":{"rendered":"<p dir=\"ltr\" style=\"text-align: center\"><strong><span style=\"color: #0000ff\"><span style=\"font-size: 18pt\"><span style=\"font-family: 'Book Antiqua', Palatino\">Vice Doyenn\u00e9 charg\u00e9\u00a0des \u00e9tudes et des questions li\u00e9es aux \u00e9tudiants en graduation<\/span><\/span><\/span><\/strong><\/p>\n<p dir=\"ltr\"><span style=\"font-family: 'Book Antiqua', Palatino;font-size: 14pt;color: #0000ff\">Le vice-Doyen charg\u00e9\u00a0des \u00e9tudes et des questions li\u00e9es aux \u00e9tudiants en graduation<\/span><\/p>\n<p dir=\"ltr\"><span style=\"font-family: 'Book Antiqua', Palatino;font-size: 14pt;color: #0000ff\">Dr. BENGHIA ALI<img decoding=\"async\" class=\" wp-image-56982 alignright\" src=\"http:\/\/lagh-univ.dz\/wp-content\/uploads\/2024\/01\/BENGUIA-259x300.jpg\" alt=\"\" width=\"98\" height=\"114\" srcset=\"http:\/\/lagh-univ.dz\/wp-content\/uploads\/2024\/01\/BENGUIA-259x300.jpg 259w, http:\/\/lagh-univ.dz\/wp-content\/uploads\/2024\/01\/BENGUIA.jpg 370w\" sizes=\"(max-width: 98px) 100vw, 98px\" \/><\/span><\/p>\n<p dir=\"ltr\" style=\"text-align: justify\"><strong><span style=\"color: #0000ff\"><span style=\"font-family: 'Book Antiqua', Palatino;font-size: 14pt\"><em>Le vice-doyen charg\u00e9 des \u00e9tudes et des questions li\u00e9es aux \u00e9tudiants a pour t\u00e2ches :<\/em><\/span><\/span><\/strong><\/p>\n<p>&nbsp;<\/p>\n<ul style=\"text-align: justify\">\n<li><span style=\"color: #000000;font-family: 'Book Antiqua', Palatino;font-size: 14pt\">d\u2019assurer la gestion et le suivi des inscriptions des \u00e9tudiants en graduation;<\/span><\/li>\n<li><span style=\"color: #000000;font-family: 'Book Antiqua', Palatino;font-size: 14pt\">de suivre le d\u00e9roulement des activit\u00e9s d\u2019enseignement et de prendre ou proposer au doyen toute mesure en vue de leur am\u00e9lioration;<\/span><\/li>\n<li><span style=\"color: #000000;font-family: 'Book Antiqua', Palatino;font-size: 14pt\">de tenir le fichier nominatif et statistique des \u00e9tudiants; de recueillir, traiter et diffuser l\u2019information p\u00e9dagogique au profit des \u00e9tudiants.<\/span><\/li>\n<\/ul>\n<p dir=\"ltr\" style=\"text-align: justify\"><strong><span style=\"color: #0000ff\"><span style=\"font-family: 'Book Antiqua', Palatino;font-size: 14pt\"><em>Le vice-doyen charg\u00e9 des \u00e9tudes et des\u00a0questions li\u00e9es\u00a0aux \u00e9tudiants est assist\u00e9 par\u00a0:<\/em><\/span><\/span><\/strong><\/p>\n<ul>\n<li style=\"text-align: justify\"><span style=\"color: #000000;font-family: 'Book Antiqua', Palatino;font-size: 14pt\">le chef de service de la scolarit\u00e9\u00a0\u00a0Djelloul YAZIR,<\/span><\/li>\n<li style=\"text-align: justify\"><span style=\"color: #000000;font-family: 'Book Antiqua', Palatino;font-size: 14pt\">le charg\u00e9 de service des enseignements et de\u00a0l\u2019\u00e9valuation\u00a0\u00a0Malika CHOUIB,<\/span><\/li>\n<li style=\"text-align: justify\"><span style=\"color: #000000;font-family: 'Book Antiqua', Palatino;font-size: 14pt\">le chef de service des statistiques, de l\u2019information et\u00a0de l\u2019orientation Roukia LADJAL.<\/span><\/li>\n<\/ul>\n<p style=\"text-align: left\">\n","protected":false},"excerpt":{"rendered":"<p>Vice Doyenn\u00e9 charg\u00e9\u00a0des \u00e9tudes et des questions li\u00e9es aux \u00e9tudiants en graduation Le vice-Doyen charg\u00e9\u00a0des \u00e9tudes et des questions li\u00e9es aux \u00e9tudiants en graduation Dr. BENGHIA ALI Le vice-doyen charg\u00e9 des \u00e9tudes et des questions li\u00e9es aux \u00e9tudiants a pour t\u00e2ches : &nbsp; d\u2019assurer la gestion et le suivi des inscriptions des \u00e9tudiants en graduation; [&hellip;]<\/p>\n","protected":false},"author":1,"featured_media":0,"parent":9398,"menu_order":0,"comment_status":"closed","ping_status":"closed","template":"elementor_header_footer","meta":{"_exactmetrics_skip_tracking":false,"_exactmetrics_sitenote_active":false,"_exactmetrics_sitenote_note":"","_exactmetrics_sitenote_category":0,"footnotes":""},"coauthors":[217,530],"class_list":["post-9370","page","type-page","status-publish","hentry"],"_links":{"self":[{"href":"http:\/\/lagh-univ.dz\/fr\/wp-json\/wp\/v2\/pages\/9370","targetHints":{"allow":["GET"]}}],"collection":[{"href":"http:\/\/lagh-univ.dz\/fr\/wp-json\/wp\/v2\/pages"}],"about":[{"href":"http:\/\/lagh-univ.dz\/fr\/wp-json\/wp\/v2\/types\/page"}],"author":[{"embeddable":true,"href":"http:\/\/lagh-univ.dz\/fr\/wp-json\/wp\/v2\/users\/1"}],"replies":[{"embeddable":true,"href":"http:\/\/lagh-univ.dz\/fr\/wp-json\/wp\/v2\/comments?post=9370"}],"version-history":[{"count":9,"href":"http:\/\/lagh-univ.dz\/fr\/wp-json\/wp\/v2\/pages\/9370\/revisions"}],"predecessor-version":[{"id":56985,"href":"http:\/\/lagh-univ.dz\/fr\/wp-json\/wp\/v2\/pages\/9370\/revisions\/56985"}],"up":[{"embeddable":true,"href":"http:\/\/lagh-univ.dz\/fr\/wp-json\/wp\/v2\/pages\/9398"}],"wp:attachment":[{"href":"http:\/\/lagh-univ.dz\/fr\/wp-json\/wp\/v2\/media?parent=9370"}],"wp:term":[{"taxonomy":"author","embeddable":true,"href":"http:\/\/lagh-univ.dz\/fr\/wp-json\/wp\/v2\/coauthors?post=9370"}],"curies":[{"name":"wp","href":"https:\/\/api.w.org\/{rel}","templated":true}]}}