{"id":9422,"date":"2018-07-21T11:23:45","date_gmt":"2018-07-21T11:23:45","guid":{"rendered":"http:\/\/lagh-univ.dz\/science-departement-science-de-la-matiere-administration\/"},"modified":"2024-01-24T10:40:24","modified_gmt":"2024-01-24T09:40:24","slug":"science-departement-science-de-la-matiere-administration","status":"publish","type":"page","link":"http:\/\/lagh-univ.dz\/fr\/science-departement-science-de-la-matiere\/science-departement-science-de-la-matiere-administration\/","title":{"rendered":"Science-Departement- science de la mati\u00e9re -administration"},"content":{"rendered":"<p style=\"text-align: center\"><strong><span style=\"color: #0000ff\"><span style=\"font-size: 18pt\"><span style=\"font-family: arabic-kufi\">\u00a0Administration de D\u00e9partement des Sciences de<\/span> <span style=\"font-family: arabic-kufi\">la<\/span><span style=\"font-family: arabic-kufi\"> Mati\u00e8re<\/span><\/span><\/span><\/strong><\/p>\n<p dir=\"ltr\" style=\"text-align: center\">\n<p dir=\"ltr\" style=\"text-align: left\"><strong><span style=\"color: #000000\"><span style=\"font-family: arabic-kufi;font-size: 14pt\"><span style=\"color: #0000ff\">Chef de d\u00e9partement :<\/span> <\/span><\/span><\/strong><span style=\"color: #000000\"><span style=\"font-family: arabic-kufi;font-size: 14pt\">HAMDI Ahmed<\/span><\/span><\/p>\n<p dir=\"ltr\"><strong><span style=\"color: #000000\"><span style=\"font-family: arabic-kufi;font-size: 14pt\"><span style=\"color: #0000ff\">Email<\/span>\u00a0:<\/span><\/span><\/strong> <span style=\"color: #000000\"><span style=\"font-family: arabic-kufi;font-size: 14pt\">ah.hamdi@lagh-univ.dz<\/span><\/span><\/p>\n<p>&nbsp;<\/p>\n","protected":false},"excerpt":{"rendered":"<p>\u00a0Administration de D\u00e9partement des Sciences de la Mati\u00e8re Chef de d\u00e9partement : HAMDI Ahmed Email\u00a0: ah.hamdi@lagh-univ.dz &nbsp;<\/p>\n","protected":false},"author":11,"featured_media":0,"parent":9358,"menu_order":0,"comment_status":"closed","ping_status":"closed","template":"elementor_header_footer","meta":{"_exactmetrics_skip_tracking":false,"_exactmetrics_sitenote_active":false,"_exactmetrics_sitenote_note":"","_exactmetrics_sitenote_category":0,"footnotes":""},"coauthors":[530],"class_list":["post-9422","page","type-page","status-publish","hentry"],"_links":{"self":[{"href":"http:\/\/lagh-univ.dz\/fr\/wp-json\/wp\/v2\/pages\/9422","targetHints":{"allow":["GET"]}}],"collection":[{"href":"http:\/\/lagh-univ.dz\/fr\/wp-json\/wp\/v2\/pages"}],"about":[{"href":"http:\/\/lagh-univ.dz\/fr\/wp-json\/wp\/v2\/types\/page"}],"author":[{"embeddable":true,"href":"http:\/\/lagh-univ.dz\/fr\/wp-json\/wp\/v2\/users\/11"}],"replies":[{"embeddable":true,"href":"http:\/\/lagh-univ.dz\/fr\/wp-json\/wp\/v2\/comments?post=9422"}],"version-history":[{"count":25,"href":"http:\/\/lagh-univ.dz\/fr\/wp-json\/wp\/v2\/pages\/9422\/revisions"}],"predecessor-version":[{"id":57192,"href":"http:\/\/lagh-univ.dz\/fr\/wp-json\/wp\/v2\/pages\/9422\/revisions\/57192"}],"up":[{"embeddable":true,"href":"http:\/\/lagh-univ.dz\/fr\/wp-json\/wp\/v2\/pages\/9358"}],"wp:attachment":[{"href":"http:\/\/lagh-univ.dz\/fr\/wp-json\/wp\/v2\/media?parent=9422"}],"wp:term":[{"taxonomy":"author","embeddable":true,"href":"http:\/\/lagh-univ.dz\/fr\/wp-json\/wp\/v2\/coauthors?post=9422"}],"curies":[{"name":"wp","href":"https:\/\/api.w.org\/{rel}","templated":true}]}}