{"id":9434,"date":"2018-07-21T11:26:06","date_gmt":"2018-07-21T11:26:06","guid":{"rendered":"http:\/\/lagh-univ.dz\/science-departement-science-de-la-matiere-formations-master\/"},"modified":"2024-01-24T10:44:54","modified_gmt":"2024-01-24T09:44:54","slug":"science-departement-science-de-la-matiere-formations-master","status":"publish","type":"page","link":"http:\/\/lagh-univ.dz\/fr\/science-departement-science-de-la-matiere\/science-departement-science-de-la-matiere-formations-master\/","title":{"rendered":"Science-Departement- science de la mati\u00e9re &#8211; formations -master"},"content":{"rendered":"<p dir=\"ltr\" style=\"text-align: center\"><strong><span style=\"font-family: arabic-kufi;font-size: 18pt;color: #000000\"><span style=\"color: #0000ff\">\u00a0 <\/span><span style=\"color: #ff0000\"><span style=\"color: #0000ff\">D\u00e9partement des Sciences de la Mati\u00e8re\u00a0 \u00a0 \u00a0<\/span> <\/span><\/span><\/strong><\/p>\n<p dir=\"ltr\" style=\"text-align: center\"><strong><span style=\"color: #0000ff\"><span style=\"font-family: arabic-kufi;font-size: 18pt\">1-Formation Master\u00a0<\/span><\/span><\/strong><\/p>\n<p dir=\"ltr\" style=\"text-align: left\"><span style=\"font-family: arabic-kufi;font-size: 14pt;color: #000000\">Le Master est organis\u00e9 en quatre sp\u00e9cialit\u00e9s:<\/span><\/p>\n<ul style=\"text-align: left\">\n<li><span style=\"color: #0000ff\"><a style=\"color: #0000ff\" href=\"http:\/\/lagh-univ.dz\/wp-content\/uploads\/2020\/03\/Master-Chimie_Fran\u00e7ais.pdf\" target=\"_blank\" rel=\"noopener noreferrer\"><span style=\"font-family: arabic-kufi;font-size: 14pt\">Chimie Organique Appliqu\u00e9e<\/span><\/a><\/span><\/li>\n<li><a href=\"http:\/\/lagh-univ.dz\/wp-content\/uploads\/2020\/03\/Master-Chimie_Fran\u00e7ais.pdf\" target=\"_blank\" rel=\"noopener noreferrer\"><span style=\"color: #0000ff\"><span style=\"font-family: arabic-kufi;font-size: 14pt\">Chimie Inorganique<\/span><\/span><\/a><\/li>\n<li><span style=\"color: #0000ff\"><a style=\"color: #0000ff\" href=\"http:\/\/lagh-univ.dz\/wp-content\/uploads\/2020\/03\/Master-Physique_Fran\u00e7ais.pdf\" target=\"_blank\" rel=\"noopener noreferrer\"><span style=\"font-family: arabic-kufi;font-size: 14pt\">Physique des Mat\u00e9riaux<\/span><\/a><\/span><\/li>\n<li><a href=\"http:\/\/lagh-univ.dz\/wp-content\/uploads\/2020\/03\/Master-Physique_Fran\u00e7ais.pdf\" target=\"_blank\" rel=\"noopener noreferrer\"><span style=\"color: #0000ff\"><span style=\"font-family: arabic-kufi;font-size: 14pt\">Physique Appliqu\u00e9e<\/span><\/span><\/a><\/li>\n<\/ul>\n<p dir=\"ltr\" style=\"text-align: center\"><span style=\"font-size: 18pt\"><strong><span style=\"color: #0000ff\"><span style=\"font-family: arabic-kufi\">2-Projets de Master<\/span><\/span><\/strong><\/span><\/p>\n<ul>\n<li style=\"text-align: left\"><span style=\"color: #0000ff\"><a style=\"color: #0000ff\" href=\"http:\/\/lagh-univ.dz\/wp-content\/uploads\/2020\/03\/PFE-Chmie_Fran\u00e7ais.pdf\" target=\"_blank\" rel=\"noopener noreferrer\"><span style=\"font-family: arabic-kufi;font-size: 14pt\">Chimie Fondamentale<\/span><\/a><\/span><\/li>\n<li style=\"text-align: left\"><span style=\"color: #0000ff\"><a style=\"color: #0000ff\" href=\"http:\/\/lagh-univ.dz\/wp-content\/uploads\/2020\/03\/PFE-Physique_Fran\u00e7ais.pdf\" target=\"_blank\" rel=\"noopener noreferrer\"><span style=\"font-family: arabic-kufi;font-size: 14pt\">Physique des Mat\u00e9riaux<\/span><\/a><\/span><\/li>\n<\/ul>\n<p dir=\"ltr\" style=\"text-align: center\"><strong><span style=\"font-family: arabic-kufi;font-size: 18pt;color: #0000ff\">3-Doctorat<\/span><\/strong><\/p>\n<ul style=\"text-align: left\">\n<li><a href=\"http:\/\/lagh-univ.dz\/wp-content\/uploads\/2020\/03\/Formation-Doctorale_Chimie_Fr.pdf\" target=\"_blank\" rel=\"noopener noreferrer\"><span style=\"font-family: arabic-kufi;font-size: 14pt;color: #0000ff\">Chimie<\/span><\/a><\/li>\n<li><span style=\"font-family: arabic-kufi;font-size: 14pt;color: #0000ff\">Physique <\/span><\/li>\n<\/ul>\n<p dir=\"ltr\" style=\"text-align: left\"><span style=\"font-family: arabic-kufi;font-size: 14pt\"><strong>\u00a0<\/strong><\/span><\/p>\n<p>&nbsp;<\/p>\n","protected":false},"excerpt":{"rendered":"<p>\u00a0 D\u00e9partement des Sciences de la Mati\u00e8re\u00a0 \u00a0 \u00a0 1-Formation Master\u00a0 Le Master est organis\u00e9 en quatre sp\u00e9cialit\u00e9s: Chimie Organique Appliqu\u00e9e Chimie Inorganique Physique des Mat\u00e9riaux Physique Appliqu\u00e9e 2-Projets de Master Chimie Fondamentale Physique des Mat\u00e9riaux 3-Doctorat Chimie Physique \u00a0 &nbsp;<\/p>\n","protected":false},"author":11,"featured_media":0,"parent":9358,"menu_order":0,"comment_status":"closed","ping_status":"closed","template":"elementor_header_footer","meta":{"_exactmetrics_skip_tracking":false,"_exactmetrics_sitenote_active":false,"_exactmetrics_sitenote_note":"","_exactmetrics_sitenote_category":0,"footnotes":""},"coauthors":[530],"class_list":["post-9434","page","type-page","status-publish","hentry"],"_links":{"self":[{"href":"http:\/\/lagh-univ.dz\/fr\/wp-json\/wp\/v2\/pages\/9434","targetHints":{"allow":["GET"]}}],"collection":[{"href":"http:\/\/lagh-univ.dz\/fr\/wp-json\/wp\/v2\/pages"}],"about":[{"href":"http:\/\/lagh-univ.dz\/fr\/wp-json\/wp\/v2\/types\/page"}],"author":[{"embeddable":true,"href":"http:\/\/lagh-univ.dz\/fr\/wp-json\/wp\/v2\/users\/11"}],"replies":[{"embeddable":true,"href":"http:\/\/lagh-univ.dz\/fr\/wp-json\/wp\/v2\/comments?post=9434"}],"version-history":[{"count":19,"href":"http:\/\/lagh-univ.dz\/fr\/wp-json\/wp\/v2\/pages\/9434\/revisions"}],"predecessor-version":[{"id":57193,"href":"http:\/\/lagh-univ.dz\/fr\/wp-json\/wp\/v2\/pages\/9434\/revisions\/57193"}],"up":[{"embeddable":true,"href":"http:\/\/lagh-univ.dz\/fr\/wp-json\/wp\/v2\/pages\/9358"}],"wp:attachment":[{"href":"http:\/\/lagh-univ.dz\/fr\/wp-json\/wp\/v2\/media?parent=9434"}],"wp:term":[{"taxonomy":"author","embeddable":true,"href":"http:\/\/lagh-univ.dz\/fr\/wp-json\/wp\/v2\/coauthors?post=9434"}],"curies":[{"name":"wp","href":"https:\/\/api.w.org\/{rel}","templated":true}]}}