{"id":9450,"date":"2018-07-21T11:25:36","date_gmt":"2018-07-21T11:25:36","guid":{"rendered":"http:\/\/lagh-univ.dz\/science-departement-biologie-formations-licence\/"},"modified":"2024-02-01T10:18:55","modified_gmt":"2024-02-01T09:18:55","slug":"science-departement-biologie-formations-licence","status":"publish","type":"page","link":"http:\/\/lagh-univ.dz\/fr\/science-departement-biologie\/science-departement-biologie-formations-licence\/","title":{"rendered":"Science-Departement- biologie- formations -licence"},"content":{"rendered":"<p dir=\"ltr\" style=\"text-align: center\"><span style=\"color: #0000ff;font-size: 14pt;font-family: 'Book Antiqua', Palatino\"><strong>D\u00e9partement de Biologie<\/strong><\/span><\/p>\n<p dir=\"ltr\" style=\"text-align: center\"><span style=\"font-size: 14pt;color: #0000ff;font-family: 'Book Antiqua', Palatino\"><strong>Formation Licence<\/strong><\/span><\/p>\n<table style=\"width: 82.3857%\">\n<tbody>\n<tr style=\"height: 54px\">\n<td style=\"height: 54px;width: 275.56px;background-color: #b8c9f2;text-align: center\"><strong><span style=\"font-family: 'Book Antiqua', Palatino;font-size: 14pt;color: #000000\">Fili\u00e8re<\/span><\/strong><\/td>\n<td style=\"height: 54px;width: 263.097px;background-color: #b8c9f2;text-align: center\"><strong><span style=\"font-family: 'Book Antiqua', Palatino;font-size: 14pt;color: #000000\">Sp\u00e9cialit\u00e9<\/span><\/strong><\/td>\n<td style=\"height: 54px;width: 283.146px;background-color: #b8c9f2;text-align: center\"><strong><span style=\"font-family: 'Book Antiqua', Palatino;font-size: 14pt;color: #000000\">Arr\u00eat\u00e9 N\u00b0:<\/span><\/strong><\/td>\n<\/tr>\n<tr style=\"height: 102px\">\n<td style=\"text-align: center;height: 20px;width: 275.56px\" rowspan=\"3\"><span style=\"font-family: 'Book Antiqua', Palatino;font-size: 14pt;color: #000000\">Sciences Biologiques<\/span><\/p>\n<p><span style=\"font-family: 'Book Antiqua', Palatino;font-size: 14pt;color: #000000\">\u00a0<\/span><\/p>\n<p>&nbsp;<\/p>\n<p>&nbsp;<\/p>\n<p>&nbsp;<\/p>\n<p><span style=\"font-family: 'Book Antiqua', Palatino;font-size: 14pt;color: #000000\">\u00a0<\/span><\/td>\n<td style=\"text-align: center;height: 10px;width: 263.097px\"><span style=\"font-family: 'Book Antiqua', Palatino;font-size: 14pt;color: #000000\">Biochimie<\/span><\/td>\n<td style=\"text-align: center;height: 10px;width: 283.146px\"><span style=\"color: #000000;font-size: 14pt;font-family: Book Antiqua, Palatino\">1588<\/span><\/p>\n<p><span style=\"color: #000000;font-size: 14pt;font-family: Book Antiqua, Palatino\"> du\u00a0 06\/10\/2016<\/span><\/td>\n<\/tr>\n<tr style=\"height: 156px\">\n<td style=\"text-align: center;height: 10px;width: 263.097px\"><span style=\"font-size: 14pt;font-family: Book Antiqua, Palatino;color: #000000\">Microbiologie<\/span><\/td>\n<td style=\"text-align: center;height: 10px;width: 283.146px\"><span style=\"font-size: 14pt;font-family: Book Antiqua, Palatino;color: #000000\">1588<\/span><\/p>\n<p><span style=\"font-size: 14pt;font-family: Book Antiqua, Palatino;color: #000000\"> du\u00a0 06\/10\/2016<\/span><\/td>\n<\/tr>\n<tr>\n<td style=\"text-align: center;width: 263.097px\"><span style=\"font-family: arabic-kufi;font-size: 14pt;color: #000000\">Parasitologie <\/span><\/p>\n<p><span style=\"font-size: 14pt;font-family: arabic-kufi;color: #000000\">\u00a0<\/span><\/td>\n<td style=\"text-align: center;width: 283.146px\"><span style=\"font-size: 14pt;font-family: Book Antiqua, Palatino;color: #000000\">1024<\/span><\/p>\n<p><span style=\"font-size: 14pt;font-family: Book Antiqua, Palatino;color: #000000\"> du 25\/07\/2023<\/span><\/td>\n<\/tr>\n<tr style=\"height: 94px\">\n<td style=\"text-align: center;width: 275.56px;height: 94px\"><span style=\"font-family: 'Book Antiqua', Palatino;font-size: 14pt;color: #000000\">Ecologie et Environnement<\/span><\/td>\n<td style=\"text-align: center;width: 263.097px;height: 94px\"><span style=\"font-family: 'Book Antiqua', Palatino;font-size: 14pt;color: #000000\">Ecologie et Environnement<\/span><\/td>\n<td style=\"text-align: center;width: 283.146px;height: 94px\"><span style=\"color: #000000;font-size: 14pt;font-family: Book Antiqua, Palatino\">1588<\/span><\/p>\n<p><span style=\"color: #000000;font-size: 14pt;font-family: Book Antiqua, Palatino\"> du\u00a0 06\/10\/2016<\/span><\/td>\n<\/tr>\n<\/tbody>\n<\/table>\n<p dir=\"ltr\" style=\"text-align: center\">\n","protected":false},"excerpt":{"rendered":"<p>D\u00e9partement de Biologie Formation Licence Fili\u00e8re Sp\u00e9cialit\u00e9 Arr\u00eat\u00e9 N\u00b0: Sciences Biologiques \u00a0 &nbsp; &nbsp; &nbsp; \u00a0 Biochimie 1588 du\u00a0 06\/10\/2016 Microbiologie 1588 du\u00a0 06\/10\/2016 Parasitologie \u00a0 1024 du 25\/07\/2023 Ecologie et Environnement Ecologie et Environnement 1588 du\u00a0 06\/10\/2016<\/p>\n","protected":false},"author":11,"featured_media":0,"parent":9360,"menu_order":0,"comment_status":"closed","ping_status":"closed","template":"elementor_header_footer","meta":{"_exactmetrics_skip_tracking":false,"_exactmetrics_sitenote_active":false,"_exactmetrics_sitenote_note":"","_exactmetrics_sitenote_category":0,"footnotes":""},"coauthors":[530],"class_list":["post-9450","page","type-page","status-publish","hentry"],"_links":{"self":[{"href":"http:\/\/lagh-univ.dz\/fr\/wp-json\/wp\/v2\/pages\/9450","targetHints":{"allow":["GET"]}}],"collection":[{"href":"http:\/\/lagh-univ.dz\/fr\/wp-json\/wp\/v2\/pages"}],"about":[{"href":"http:\/\/lagh-univ.dz\/fr\/wp-json\/wp\/v2\/types\/page"}],"author":[{"embeddable":true,"href":"http:\/\/lagh-univ.dz\/fr\/wp-json\/wp\/v2\/users\/11"}],"replies":[{"embeddable":true,"href":"http:\/\/lagh-univ.dz\/fr\/wp-json\/wp\/v2\/comments?post=9450"}],"version-history":[{"count":9,"href":"http:\/\/lagh-univ.dz\/fr\/wp-json\/wp\/v2\/pages\/9450\/revisions"}],"predecessor-version":[{"id":57588,"href":"http:\/\/lagh-univ.dz\/fr\/wp-json\/wp\/v2\/pages\/9450\/revisions\/57588"}],"up":[{"embeddable":true,"href":"http:\/\/lagh-univ.dz\/fr\/wp-json\/wp\/v2\/pages\/9360"}],"wp:attachment":[{"href":"http:\/\/lagh-univ.dz\/fr\/wp-json\/wp\/v2\/media?parent=9450"}],"wp:term":[{"taxonomy":"author","embeddable":true,"href":"http:\/\/lagh-univ.dz\/fr\/wp-json\/wp\/v2\/coauthors?post=9450"}],"curies":[{"name":"wp","href":"https:\/\/api.w.org\/{rel}","templated":true}]}}