{"id":9478,"date":"2018-07-21T11:25:17","date_gmt":"2018-07-21T11:25:17","guid":{"rendered":"http:\/\/lagh-univ.dz\/science-departement-informatique-formations-licence\/"},"modified":"2024-05-21T11:06:21","modified_gmt":"2024-05-21T10:06:21","slug":"science-departement-informatique-formations-licence","status":"publish","type":"page","link":"http:\/\/lagh-univ.dz\/fr\/science-departement-informatique\/science-departement-informatique-formations-licence\/","title":{"rendered":"Science-Departement- informatique -formations -licence"},"content":{"rendered":"<p style=\"text-align: center\"><span style=\"font-size: 18pt\"><strong><span style=\"font-family: 'Book Antiqua', Palatino;color: #ff0000\">Formation Licence\u00a0<\/span><\/strong><\/span><\/p>\n<table style=\"height: 64px;width: 95.3337%\" width=\"514\">\n<tbody>\n<tr style=\"height: 54px\">\n<td style=\"height: 54px;width: 25.8333%;background-color: #b8c9f2;text-align: center\"><strong><span style=\"font-family: 'Book Antiqua', Palatino;font-size: 14pt;color: #000000\">Domaine<\/span><\/strong><\/td>\n<td style=\"height: 54px;width: 27.6389%;background-color: #b8c9f2;text-align: center\"><strong><span style=\"font-family: 'Book Antiqua', Palatino;font-size: 14pt;color: #000000\">Fili\u00e8re<\/span><\/strong><\/td>\n<td style=\"height: 54px;width: 26.3889%;background-color: #b8c9f2;text-align: center\"><strong><span style=\"font-family: 'Book Antiqua', Palatino;font-size: 14pt;color: #000000\">Sp\u00e9cialit\u00e9<\/span><\/strong><\/td>\n<td style=\"height: 54px;width: 28.3998%;background-color: #b8c9f2;text-align: center\"><strong><span style=\"font-family: 'Book Antiqua', Palatino;font-size: 14pt;color: #000000\">Arr\u00eat\u00e9 N\u00b0:<\/span><\/strong><\/td>\n<\/tr>\n<tr style=\"height: 10px\">\n<td style=\"height: 10px;width: 25.8333%;text-align: center\"><span style=\"font-family: 'Book Antiqua', Palatino;font-size: 14pt;color: #000000\">Math\u00e9matiques\u00a0 <\/span><\/p>\n<p><span style=\"font-family: 'Book Antiqua', Palatino;font-size: 14pt;color: #000000\">et Informatique<\/span><span style=\"font-family: 'Book Antiqua', Palatino;font-size: 14pt;color: #000000\">\u00a0<\/span><\/p>\n<p><span style=\"font-family: 'Book Antiqua', Palatino;font-size: 14pt;color: #000000\">D 03<\/span><\/td>\n<td style=\"height: 10px;width: 27.6389%;text-align: center\"><span style=\"font-family: 'Book Antiqua', Palatino;font-size: 14pt;color: #000000\">Informatique<\/span><\/td>\n<td style=\"height: 10px;width: 26.3889%;text-align: center\"><span style=\"font-family: 'Book Antiqua', Palatino;font-size: 14pt;color: #000000\">Syst\u00e8mes\u00a0 Informatiques<\/span><\/td>\n<td style=\"height: 10px;width: 28.3998%;text-align: center\"><span style=\"font-size: 14pt;font-family: Book Antiqua, Palatino;color: #000000\">\u00a0 879 <\/span><\/p>\n<p><span style=\"font-size: 14pt;font-family: Book Antiqua, Palatino;color: #000000\">du 26\/07\/2016<\/span><\/td>\n<\/tr>\n<\/tbody>\n<\/table>\n<p>&nbsp;<\/p>\n<p style=\"text-align: center\"><span style=\"text-align: center;font-size: 18pt;color: #ff0000;font-family: Book Antiqua, Palatino\"><b>\u00a0 \u00a0 Formation <\/b><\/span><span style=\"text-align: center;color: #ff0000;font-family: Book Antiqua, Palatino\"><span style=\"font-size: 24px\"><b>Syst\u00e8me<\/b><\/span><\/span><span style=\"text-align: center;font-size: 18pt;color: #ff0000;font-family: Book Antiqua, Palatino\"><b> Classique Ing\u00e9nieur\u00a0 <\/b><\/span><\/p>\n<p>&nbsp;<\/p>\n<table style=\"border-collapse: collapse;width: 93.1292%\">\n<tbody>\n<tr style=\"height: 28px\">\n<td style=\"width: 17.2919%;height: 28px;background-color: #b9dbeb;text-align: center\"><strong><span style=\"font-family: 'Book Antiqua', Palatino;font-size: 14pt;color: #000000\">Fili\u00e8re<\/span><\/strong><\/td>\n<td style=\"width: 18.6%;height: 28px;background-color: #b9dbeb;text-align: center\"><strong><span style=\"font-family: 'Book Antiqua', Palatino;font-size: 14pt;color: #000000\">Sp\u00e9cialit\u00e9<\/span><\/strong><\/td>\n<td style=\"width: 17.2615%;background-color: #b9dbeb;text-align: center\"><strong><span style=\"font-family: 'Book Antiqua', Palatino;font-size: 14pt;color: #000000\">Arr\u00eat\u00e9 N\u00b0:<\/span><\/strong><\/td>\n<\/tr>\n<tr>\n<td style=\"width: 17.2919%;text-align: center\"><span style=\"font-family: arabic-kufi;font-size: 14pt;color: #000000\">Informatique<\/span><\/td>\n<td style=\"width: 18.6%;text-align: center\">\n<p style=\"text-align: center\"><span style=\"font-family: arabic-kufi;font-size: 14pt;color: #000000\">Informatique<\/span><\/p>\n<\/td>\n<td style=\"width: 17.2615%;text-align: center\">\n<p style=\"text-align: center\"><span style=\"font-family: arabic-kufi;font-size: 14pt;color: #000000\">\u00a0<\/span><\/p>\n<\/td>\n<\/tr>\n<\/tbody>\n<\/table>\n<p style=\"text-align: center\">\n","protected":false},"excerpt":{"rendered":"<p>Formation Licence\u00a0 Domaine Fili\u00e8re Sp\u00e9cialit\u00e9 Arr\u00eat\u00e9 N\u00b0: Math\u00e9matiques\u00a0 et Informatique\u00a0 D 03 Informatique Syst\u00e8mes\u00a0 Informatiques \u00a0 879 du 26\/07\/2016 &nbsp; \u00a0 \u00a0 Formation Syst\u00e8me Classique Ing\u00e9nieur\u00a0 &nbsp; Fili\u00e8re Sp\u00e9cialit\u00e9 Arr\u00eat\u00e9 N\u00b0: Informatique Informatique \u00a0<\/p>\n","protected":false},"author":11,"featured_media":0,"parent":9364,"menu_order":0,"comment_status":"closed","ping_status":"closed","template":"elementor_header_footer","meta":{"_exactmetrics_skip_tracking":false,"_exactmetrics_sitenote_active":false,"_exactmetrics_sitenote_note":"","_exactmetrics_sitenote_category":0,"footnotes":""},"coauthors":[530],"class_list":["post-9478","page","type-page","status-publish","hentry"],"_links":{"self":[{"href":"http:\/\/lagh-univ.dz\/fr\/wp-json\/wp\/v2\/pages\/9478","targetHints":{"allow":["GET"]}}],"collection":[{"href":"http:\/\/lagh-univ.dz\/fr\/wp-json\/wp\/v2\/pages"}],"about":[{"href":"http:\/\/lagh-univ.dz\/fr\/wp-json\/wp\/v2\/types\/page"}],"author":[{"embeddable":true,"href":"http:\/\/lagh-univ.dz\/fr\/wp-json\/wp\/v2\/users\/11"}],"replies":[{"embeddable":true,"href":"http:\/\/lagh-univ.dz\/fr\/wp-json\/wp\/v2\/comments?post=9478"}],"version-history":[{"count":11,"href":"http:\/\/lagh-univ.dz\/fr\/wp-json\/wp\/v2\/pages\/9478\/revisions"}],"predecessor-version":[{"id":59600,"href":"http:\/\/lagh-univ.dz\/fr\/wp-json\/wp\/v2\/pages\/9478\/revisions\/59600"}],"up":[{"embeddable":true,"href":"http:\/\/lagh-univ.dz\/fr\/wp-json\/wp\/v2\/pages\/9364"}],"wp:attachment":[{"href":"http:\/\/lagh-univ.dz\/fr\/wp-json\/wp\/v2\/media?parent=9478"}],"wp:term":[{"taxonomy":"author","embeddable":true,"href":"http:\/\/lagh-univ.dz\/fr\/wp-json\/wp\/v2\/coauthors?post=9478"}],"curies":[{"name":"wp","href":"https:\/\/api.w.org\/{rel}","templated":true}]}}