{"id":9484,"date":"2018-07-21T11:22:26","date_gmt":"2018-07-21T11:22:26","guid":{"rendered":"http:\/\/lagh-univ.dz\/science-departement-informatique-presentation\/"},"modified":"2020-02-18T17:25:54","modified_gmt":"2020-02-18T19:25:54","slug":"science-departement-informatique-presentation","status":"publish","type":"page","link":"http:\/\/lagh-univ.dz\/fr\/science-departement-informatique\/science-departement-informatique-presentation\/","title":{"rendered":"Science-Departement- informatique -presentation"},"content":{"rendered":"<p dir=\"ltr\"><span lang=\"FR\" style=\"font-family: 'Book Antiqua', Palatino;font-size: 14pt;color: #000000\"><img fetchpriority=\"high\" decoding=\"async\" class=\"aligncenter wp-image-29010\" src=\"http:\/\/lagh-univ.dz\/wp-content\/uploads\/2020\/02\/INF-300x60.png\" alt=\"\" width=\"820\" height=\"164\" srcset=\"http:\/\/lagh-univ.dz\/wp-content\/uploads\/2020\/02\/INF-300x60.png 300w, http:\/\/lagh-univ.dz\/wp-content\/uploads\/2020\/02\/INF-768x155.png 768w, http:\/\/lagh-univ.dz\/wp-content\/uploads\/2020\/02\/INF.png 987w\" sizes=\"(max-width: 820px) 100vw, 820px\" \/><\/span><\/p>\n<p dir=\"ltr\"><span style=\"color: #000000;font-family: 'Book Antiqua', Palatino;font-size: 14pt\">Le d\u00e9partement de\u00a0<strong>Math\u00e9matiques et Informatique<\/strong>\u00a0s\u2019est mis au syst\u00e8me LMD<\/span><\/p>\n<p dir=\"ltr\"><span style=\"color: #000000;font-family: 'Book Antiqua', Palatino;font-size: 14pt\">(Licence &#8211; Master &#8211; Doctorat), depuis l&rsquo;ann\u00e9e 2006.<\/span><\/p>\n<p dir=\"ltr\"><span style=\"color: #000000;font-family: 'Book Antiqua', Palatino;font-size: 14pt\">Le d\u00e9partement propose aux \u00e9tudiants\u00a0<strong>deux licences<\/strong>\u00a0:<\/span><\/p>\n<p dir=\"ltr\"><span style=\"color: #000000;font-family: 'Book Antiqua', Palatino;font-size: 14pt\">\u00a0 \u00a0 *Une licence de\u00a0Math\u00e9matiques.<\/span><\/p>\n<p dir=\"ltr\"><span style=\"color: #000000;font-family: 'Book Antiqua', Palatino;font-size: 14pt\">\u00a0 \u00a0 *Une licence\u00a0d\u2019Informatique\u00a0option\u00a0Syst\u00e8mes<\/span><\/p>\n<p dir=\"ltr\"><span style=\"color: #000000;font-family: 'Book Antiqua', Palatino;font-size: 14pt\">\u00a0 \u00a0 \u00a0 \u00a0 \u00a0 \u00a0et R\u00e9seaux Informatiques.<\/span><\/p>\n<p dir=\"ltr\"><span style=\"color: #000000;font-family: 'Book Antiqua', Palatino;font-size: 14pt\">&#8211; Les diff\u00e9rentes\u00a0<strong>formations en Master<\/strong>\u00a0offertes par le d\u00e9partement :<\/span><\/p>\n<p dir=\"ltr\"><span style=\"color: #000000;font-family: 'Book Antiqua', Palatino;font-size: 14pt\">\u00a0 \u00a0 \u00a0*Master\u00a0\u00a0\u00a0Analyse Math\u00e9matique.<\/span><\/p>\n<p dir=\"ltr\"><span style=\"color: #000000;font-family: 'Book Antiqua', Palatino;font-size: 14pt\">\u00a0 \u00a0 \u00a0*Master\u00a0\u00a0\u00a0R\u00e9seaux, syst\u00e8mes et application r\u00e9parties.<\/span><\/p>\n<p dir=\"ltr\"><span style=\"color: #000000;font-family: 'Book Antiqua', Palatino;font-size: 14pt\">\u00a0 \u00a0 \u00a0*Master\u00a0\u00a0\u00a0Syst\u00e8mes d&rsquo;information et de d\u00e9cision.<\/span><\/p>\n<p dir=\"ltr\"><span style=\"color: #000000;font-family: 'Book Antiqua', Palatino;font-size: 14pt\">&#8211;\u00a0<strong>Les formations doctorales (D LMD)<\/strong><\/span><\/p>\n<p dir=\"ltr\"><span style=\"color: #000000;font-family: 'Book Antiqua', Palatino;font-size: 14pt\">\u00a0 \u00a0 \u00a0*Math\u00e9matiques\u00a0:\u00a0<strong>Analyse Fonctionnelle et Th\u00e9orie des Op\u00e9rateurs.<\/strong><\/span><\/p>\n<p dir=\"ltr\"><span style=\"color: #000000;font-family: 'Book Antiqua', Palatino;font-size: 14pt\">\u00a0 \u00a0 \u00a0*Informatique\u00a0:\u00a0Syst\u00e8mes de Transport Intelligent.<\/span><\/p>\n<p dir=\"ltr\">\n","protected":false},"excerpt":{"rendered":"<p>Le d\u00e9partement de\u00a0Math\u00e9matiques et Informatique\u00a0s\u2019est mis au syst\u00e8me LMD (Licence &#8211; Master &#8211; Doctorat), depuis l&rsquo;ann\u00e9e 2006. Le d\u00e9partement propose aux \u00e9tudiants\u00a0deux licences\u00a0: \u00a0 \u00a0 *Une licence de\u00a0Math\u00e9matiques. \u00a0 \u00a0 *Une licence\u00a0d\u2019Informatique\u00a0option\u00a0Syst\u00e8mes \u00a0 \u00a0 \u00a0 \u00a0 \u00a0 \u00a0et R\u00e9seaux Informatiques. &#8211; Les diff\u00e9rentes\u00a0formations en Master\u00a0offertes par le d\u00e9partement : \u00a0 \u00a0 \u00a0*Master\u00a0\u00a0\u00a0Analyse Math\u00e9matique. \u00a0 \u00a0 [&hellip;]<\/p>\n","protected":false},"author":11,"featured_media":0,"parent":9364,"menu_order":0,"comment_status":"closed","ping_status":"closed","template":"elementor_header_footer","meta":{"_exactmetrics_skip_tracking":false,"_exactmetrics_sitenote_active":false,"_exactmetrics_sitenote_note":"","_exactmetrics_sitenote_category":0,"footnotes":""},"coauthors":[530],"class_list":["post-9484","page","type-page","status-publish","hentry"],"_links":{"self":[{"href":"http:\/\/lagh-univ.dz\/fr\/wp-json\/wp\/v2\/pages\/9484","targetHints":{"allow":["GET"]}}],"collection":[{"href":"http:\/\/lagh-univ.dz\/fr\/wp-json\/wp\/v2\/pages"}],"about":[{"href":"http:\/\/lagh-univ.dz\/fr\/wp-json\/wp\/v2\/types\/page"}],"author":[{"embeddable":true,"href":"http:\/\/lagh-univ.dz\/fr\/wp-json\/wp\/v2\/users\/11"}],"replies":[{"embeddable":true,"href":"http:\/\/lagh-univ.dz\/fr\/wp-json\/wp\/v2\/comments?post=9484"}],"version-history":[{"count":6,"href":"http:\/\/lagh-univ.dz\/fr\/wp-json\/wp\/v2\/pages\/9484\/revisions"}],"predecessor-version":[{"id":29016,"href":"http:\/\/lagh-univ.dz\/fr\/wp-json\/wp\/v2\/pages\/9484\/revisions\/29016"}],"up":[{"embeddable":true,"href":"http:\/\/lagh-univ.dz\/fr\/wp-json\/wp\/v2\/pages\/9364"}],"wp:attachment":[{"href":"http:\/\/lagh-univ.dz\/fr\/wp-json\/wp\/v2\/media?parent=9484"}],"wp:term":[{"taxonomy":"author","embeddable":true,"href":"http:\/\/lagh-univ.dz\/fr\/wp-json\/wp\/v2\/coauthors?post=9484"}],"curies":[{"name":"wp","href":"https:\/\/api.w.org\/{rel}","templated":true}]}}