{"id":9486,"date":"2018-07-21T11:23:39","date_gmt":"2018-07-21T11:23:39","guid":{"rendered":"http:\/\/lagh-univ.dz\/science-departement-informatique-administration\/"},"modified":"2024-05-21T10:30:09","modified_gmt":"2024-05-21T09:30:09","slug":"science-departement-informatique-administration","status":"publish","type":"page","link":"http:\/\/lagh-univ.dz\/fr\/science-departement-informatique\/science-departement-informatique-administration\/","title":{"rendered":"Science-Departement- informatique -administration"},"content":{"rendered":"<p dir=\"ltr\">\n<p dir=\"ltr\"><span style=\"font-family: 'Book Antiqua', Palatino;font-size: 14pt;color: #000000\"><strong>Chef du D\u00e9partement:\u00a0<\/strong><\/span><\/p>\n<p style=\"text-align: left\"><strong style=\"color: #000000;font-family: 'Book Antiqua', Palatino;font-size: 14pt\">Professeur : \u00a0<\/strong><span style=\"color: #000000;font-family: 'Book Antiqua', Palatino;font-size: 14pt\"> ALLAOUI Tahar<\/span><\/p>\n<p dir=\"ltr\"><span style=\"font-family: 'Book Antiqua', Palatino;font-size: 14pt;color: #000000\"><strong>E-mail\u00a0:\u00a0<\/strong> t.allaoui@lagh-univ.dz <\/span><\/p>\n<p dir=\"ltr\"><span style=\"font-family: 'Book Antiqua', Palatino;font-size: 14pt;color: #000000\"><strong>Adjoint Chef du D\u00e9partement Charg\u00e9 des \u00c9tudes de Graduation : <\/strong><\/span><\/p>\n<p dir=\"ltr\"><span style=\"font-family: 'Book Antiqua', Palatino;font-size: 14pt;color: #000000\"><strong>Professeur : <\/strong>\u00a0AMEUR mohamed el amine<\/span><\/p>\n<p dir=\"ltr\"><span style=\"font-family: 'Book Antiqua', Palatino;font-size: 14pt;color: #000000\"><strong>E-mail : <\/strong>me.ameur@lagh-univ.dz<\/span><\/p>\n","protected":false},"excerpt":{"rendered":"<p>Chef du D\u00e9partement:\u00a0 Professeur : \u00a0 ALLAOUI Tahar E-mail\u00a0:\u00a0 t.allaoui@lagh-univ.dz Adjoint Chef du D\u00e9partement Charg\u00e9 des \u00c9tudes de Graduation : Professeur : \u00a0AMEUR mohamed el amine E-mail : me.ameur@lagh-univ.dz<\/p>\n","protected":false},"author":11,"featured_media":0,"parent":9364,"menu_order":0,"comment_status":"closed","ping_status":"closed","template":"elementor_header_footer","meta":{"_exactmetrics_skip_tracking":false,"_exactmetrics_sitenote_active":false,"_exactmetrics_sitenote_note":"","_exactmetrics_sitenote_category":0,"footnotes":""},"coauthors":[530],"class_list":["post-9486","page","type-page","status-publish","hentry"],"_links":{"self":[{"href":"http:\/\/lagh-univ.dz\/fr\/wp-json\/wp\/v2\/pages\/9486","targetHints":{"allow":["GET"]}}],"collection":[{"href":"http:\/\/lagh-univ.dz\/fr\/wp-json\/wp\/v2\/pages"}],"about":[{"href":"http:\/\/lagh-univ.dz\/fr\/wp-json\/wp\/v2\/types\/page"}],"author":[{"embeddable":true,"href":"http:\/\/lagh-univ.dz\/fr\/wp-json\/wp\/v2\/users\/11"}],"replies":[{"embeddable":true,"href":"http:\/\/lagh-univ.dz\/fr\/wp-json\/wp\/v2\/comments?post=9486"}],"version-history":[{"count":10,"href":"http:\/\/lagh-univ.dz\/fr\/wp-json\/wp\/v2\/pages\/9486\/revisions"}],"predecessor-version":[{"id":59576,"href":"http:\/\/lagh-univ.dz\/fr\/wp-json\/wp\/v2\/pages\/9486\/revisions\/59576"}],"up":[{"embeddable":true,"href":"http:\/\/lagh-univ.dz\/fr\/wp-json\/wp\/v2\/pages\/9364"}],"wp:attachment":[{"href":"http:\/\/lagh-univ.dz\/fr\/wp-json\/wp\/v2\/media?parent=9486"}],"wp:term":[{"taxonomy":"author","embeddable":true,"href":"http:\/\/lagh-univ.dz\/fr\/wp-json\/wp\/v2\/coauthors?post=9486"}],"curies":[{"name":"wp","href":"https:\/\/api.w.org\/{rel}","templated":true}]}}