{"id":9507,"date":"2018-07-21T11:25:54","date_gmt":"2018-07-21T11:25:54","guid":{"rendered":"http:\/\/lagh-univ.dz\/science-departement-mathematique-formations-master\/"},"modified":"2024-05-23T10:15:46","modified_gmt":"2024-05-23T09:15:46","slug":"science-departement-mathematique-formations-master","status":"publish","type":"page","link":"http:\/\/lagh-univ.dz\/fr\/science-departement-mathematique\/science-departement-mathematique-formations-master\/","title":{"rendered":"Science-Departement- mathematique -formations -master"},"content":{"rendered":"<p style=\"text-align: center\"><strong style=\"color: #ff0000;font-family: 'Book Antiqua', Palatino;font-size: 18pt;text-align: center\">\u00a0Formation Master Math\u00e9matiques\u00a0<\/strong><\/p>\n<table style=\"width: 82.7847%;height: 120px\">\n<tbody>\n<tr style=\"height: 54px\">\n<td style=\"text-align: center;height: 54px;width: 20.1313%;background-color: #6365f7\"><span style=\"font-family: 'Book Antiqua', Palatino\"><strong><span style=\"font-size: 14pt;color: #000000\">Domaine<\/span><\/strong><\/span><\/td>\n<td style=\"text-align: center;height: 54px;width: 19.4748%;background-color: #6365f7\"><span style=\"font-family: 'Book Antiqua', Palatino\"><strong><span style=\"font-size: 14pt;color: #000000\">Fili\u00e8re<\/span><\/strong><\/span><\/td>\n<td style=\"text-align: center;height: 54px;width: 27.0241%;background-color: #6365f7\"><span style=\"font-family: 'Book Antiqua', Palatino\"><strong><span style=\"font-size: 14pt;color: #000000\">Sp\u00e9cialit\u00e9<\/span><\/strong><\/span><\/td>\n<td style=\"text-align: center;height: 54px;width: 32.1474%;background-color: #6365f7\"><span style=\"font-family: 'Book Antiqua', Palatino\"><strong><span style=\"font-size: 14pt;color: #000000\">Arr\u00eat\u00e9 N\u00b0:<\/span><\/strong><\/span><\/td>\n<\/tr>\n<tr style=\"height: 132px\">\n<td style=\"text-align: center;height: 66px;width: 20.1313%\" rowspan=\"2\">&nbsp;<\/p>\n<p><span style=\"font-family: 'Book Antiqua', Palatino;font-size: 14pt;color: #000000\">Math\u00e9matiques\u00a0 <\/span><\/p>\n<p><span style=\"font-family: 'Book Antiqua', Palatino;font-size: 14pt;color: #000000\">et Informatique<\/span><span style=\"font-family: 'Book Antiqua', Palatino;font-size: 14pt;color: #000000\">\u00a0<\/span><\/p>\n<p><span style=\"font-family: 'Book Antiqua', Palatino;font-size: 14pt;color: #000000\">D 03<\/span><\/p>\n<p>&nbsp;<\/p>\n<p>&nbsp;<\/p>\n<p>&nbsp;<\/td>\n<td style=\"text-align: center;height: 10px;width: 19.4748%\"><span style=\"font-family: 'Book Antiqua', Palatino;font-size: 14pt;color: #000000\">Math\u00e9matiques<\/span><\/td>\n<td style=\"text-align: center;height: 10px;width: 27.0241%\"><span style=\"font-family: 'Book Antiqua', Palatino;font-size: 14pt;color: #0000ff\"><a style=\"color: #0000ff\" href=\"http:\/\/lagh-univ.dz\/wp-content\/uploads\/2023\/01\/Fiche-Harmonisation-doffre-de-formation-de-Master-Analyse-Mathematiques.pdf\" target=\"_blank\" rel=\"noopener\">Analyse Math\u00e9matiques<\/a><\/span><\/td>\n<td style=\"width: 32.1474%;height: 10px\" width=\"246\">\n<p style=\"text-align: center\"><span style=\"color: #000000;font-size: 14pt;font-family: 'Book Antiqua', Palatino\">1290<\/span><\/p>\n<p style=\"text-align: center\"><span style=\"color: #000000;font-size: 14pt;font-family: 'Book Antiqua', Palatino\">\u00a0 du\u00a0 09\/08\/2016<\/span><\/p>\n<\/td>\n<\/tr>\n<tr style=\"height: 132px\">\n<td style=\"text-align: center;width: 19.4748%;height: 56px\"><span style=\"font-family: 'Book Antiqua', Palatino;font-size: 14pt;color: #000000\">Math\u00e9matiques Appliqu\u00e9es<\/span><\/td>\n<td style=\"text-align: center;width: 27.0241%;height: 56px\"><span style=\"font-family: 'Book Antiqua', Palatino;font-size: 14pt;color: #000000\">Analyse Fonctionnelle <\/span><\/p>\n<p><span style=\"font-family: 'Book Antiqua', Palatino;font-size: 14pt;color: #000000\">et Applications<\/span><\/td>\n<td style=\"text-align: center;width: 32.1474%;height: 56px\"><span style=\"font-family: 'Book Antiqua', Palatino;font-size: 14pt;color: #000000\"> 1123<\/span><\/p>\n<p><span style=\"font-family: 'Book Antiqua', Palatino;font-size: 14pt;color: #000000\">\u00a0 du\u00a0 20\/08\/2022<\/span><\/td>\n<\/tr>\n<\/tbody>\n<\/table>\n","protected":false},"excerpt":{"rendered":"<p>\u00a0Formation Master Math\u00e9matiques\u00a0 Domaine Fili\u00e8re Sp\u00e9cialit\u00e9 Arr\u00eat\u00e9 N\u00b0: &nbsp; Math\u00e9matiques\u00a0 et Informatique\u00a0 D 03 &nbsp; &nbsp; &nbsp; Math\u00e9matiques Analyse Math\u00e9matiques 1290 \u00a0 du\u00a0 09\/08\/2016 Math\u00e9matiques Appliqu\u00e9es Analyse Fonctionnelle et Applications 1123 \u00a0 du\u00a0 20\/08\/2022<\/p>\n","protected":false},"author":11,"featured_media":0,"parent":9366,"menu_order":0,"comment_status":"closed","ping_status":"closed","template":"elementor_header_footer","meta":{"_exactmetrics_skip_tracking":false,"_exactmetrics_sitenote_active":false,"_exactmetrics_sitenote_note":"","_exactmetrics_sitenote_category":0,"footnotes":""},"coauthors":[530],"class_list":["post-9507","page","type-page","status-publish","hentry"],"_links":{"self":[{"href":"http:\/\/lagh-univ.dz\/fr\/wp-json\/wp\/v2\/pages\/9507","targetHints":{"allow":["GET"]}}],"collection":[{"href":"http:\/\/lagh-univ.dz\/fr\/wp-json\/wp\/v2\/pages"}],"about":[{"href":"http:\/\/lagh-univ.dz\/fr\/wp-json\/wp\/v2\/types\/page"}],"author":[{"embeddable":true,"href":"http:\/\/lagh-univ.dz\/fr\/wp-json\/wp\/v2\/users\/11"}],"replies":[{"embeddable":true,"href":"http:\/\/lagh-univ.dz\/fr\/wp-json\/wp\/v2\/comments?post=9507"}],"version-history":[{"count":7,"href":"http:\/\/lagh-univ.dz\/fr\/wp-json\/wp\/v2\/pages\/9507\/revisions"}],"predecessor-version":[{"id":59625,"href":"http:\/\/lagh-univ.dz\/fr\/wp-json\/wp\/v2\/pages\/9507\/revisions\/59625"}],"up":[{"embeddable":true,"href":"http:\/\/lagh-univ.dz\/fr\/wp-json\/wp\/v2\/pages\/9366"}],"wp:attachment":[{"href":"http:\/\/lagh-univ.dz\/fr\/wp-json\/wp\/v2\/media?parent=9507"}],"wp:term":[{"taxonomy":"author","embeddable":true,"href":"http:\/\/lagh-univ.dz\/fr\/wp-json\/wp\/v2\/coauthors?post=9507"}],"curies":[{"name":"wp","href":"https:\/\/api.w.org\/{rel}","templated":true}]}}