{"id":9513,"date":"2018-07-18T19:10:32","date_gmt":"2018-07-18T19:10:32","guid":{"rendered":"http:\/\/lagh-univ.dz\/medcine-faculte-mot-de-doyen\/"},"modified":"2024-09-08T09:59:18","modified_gmt":"2024-09-08T08:59:18","slug":"medcine-faculte-mot-de-doyen","status":"publish","type":"page","link":"http:\/\/lagh-univ.dz\/fr\/medcine-faculte\/medcine-faculte-mot-de-doyen\/","title":{"rendered":"Medcine-Facult\u00e9- mot de doyen"},"content":{"rendered":"<p dir=\"ltr\" style=\"text-align: left\"><span style=\"font-size: 18pt;color: #008000\"><strong><span style=\"font-family: Book Antiqua, Palatino\">La Doyenne :<\/span><\/strong><\/span><\/p>\n<p dir=\"ltr\" style=\"text-align: left\"><strong><span style=\"color: #000000\"><span style=\"font-family: Book Antiqua, Palatino;font-size: 14pt\">Pr BENLAHRECH Zakia batoul ,<\/span><span style=\"font-family: Book Antiqua, Palatino;font-size: 14pt\">Professeur hospitalo-universitaire<\/span><\/span><\/strong><\/p>\n<p dir=\"ltr\" style=\"text-align: left\"><span style=\"font-family: 'Book Antiqua', Palatino;font-size: 14pt;color: #000080\">E-mail institutionnel\u00a0: z.benlahrech@lagh-univ.dz<\/span><\/p>\n<p>&nbsp;<\/p>\n<p dir=\"ltr\" style=\"text-align: left\"><span style=\"font-size: 14pt;font-family: Book Antiqua, Palatino;color: #800000\"><strong>Mot du doyenne<\/strong><\/span><\/p>\n<p dir=\"ltr\" style=\"text-align: left\"><span style=\"font-size: 14pt;font-family: Book Antiqua, Palatino;color: #000000\">La facult\u00e9 de m\u00e9decine de l\u2019universit\u00e9 Amar TELIDJI de Laghouat, est l\u2019une trois facult\u00e9s de m\u00e9decine initi\u00e9es au sud du pays en<span style=\"color: #800000\"> 2011<\/span>, destin\u00e9es \u00e0 former les m\u00e9decins qui seront au service des citoyens de cette vaste r\u00e9gion. Elle contribue aussi \u00e0 la formation de l\u2019encadrement pour les diff\u00e9rentes <\/span><\/p>\n<p dir=\"ltr\" style=\"text-align: left\"><span style=\"font-size: 14pt;font-family: Book Antiqua, Palatino;color: #000000\">structures de sant\u00e9 programm\u00e9es dans ces wilayas.<\/span><\/p>\n<p dir=\"ltr\" style=\"text-align: left\"><span style=\"font-size: 14pt;font-family: Book Antiqua, Palatino;color: #000000\">A l\u2019\u00e9tat actuel, notre facult\u00e9 compte <span style=\"color: #800000\">01<\/span> Professeur, <span style=\"color: #800000\">02<\/span> Ma\u00eetres de conf\u00e9rences classe A, <span style=\"color: #800000\">01<\/span> Ma\u00eetres de conf\u00e9rences classe<span style=\"color: #800000\"> B<\/span> et <span style=\"color: #800000\">27<\/span> Ma\u00eetres Assistants en activit\u00e9. Nous nous r\u00e9jouissons \u00e9galement du nombre croissant d\u2019enseignants de rang magistral dans diff\u00e9rentes sp\u00e9cialit\u00e9s, invit\u00e9s pour renforcer notre encadrement, auxquels j\u2019exprime mes encouragements.\u00a0 \u00a0 \u00a0 \u00a0 \u00a0<\/span><\/p>\n<p dir=\"ltr\" style=\"text-align: left\"><span style=\"font-size: 14pt;font-family: Book Antiqua, Palatino;color: #000000\">A ce stade je suis fi\u00e8re de cet encadrement et des jeunes \u00e9tudiants qui ont d\u00e9fi\u00e9s ensemble toute les difficult\u00e9s rencontr\u00e9es. L\u2019universit\u00e9 de Laghouat a consenti d\u2019\u00e9normes efforts pour le lancement et le maintien de cette structure avec les m\u00eames normes que les autres facult\u00e9s de m\u00e9decine du pays. \u00a0Nous poursuivons cette d\u00e9marche pour la mise en place de la refonte des programmes d\u2019\u00e9tude en sciences m\u00e9dicales.\u00a0<\/span><\/p>\n<p dir=\"ltr\" style=\"text-align: left\"><span style=\"font-size: 14pt;font-family: Book Antiqua, Palatino;color: #000000\">Nous travaillons actuellement pour la cr\u00e9ation d\u2019un centre de simulation, d\u2019un laboratoire de recherche, et d\u2019une nouvelle fili\u00e8re. Nous \u0153uvrons \u00e9galement par l\u2019instauration de jumelage et de projets de collaboration nationale et internationale avec diff\u00e9rentes facult\u00e9s.<\/span><\/p>\n<p dir=\"ltr\" style=\"text-align: right\">\n<p><strong>\u00a0<\/strong><\/p>\n<p dir=\"ltr\"><span style=\"color: #008000;font-size: 14pt;font-family: Book Antiqua, Palatino\"><strong>Pr\u00e9rogatives du Doyen<\/strong><\/span><\/p>\n<p dir=\"ltr\" style=\"text-align: left\"><span style=\"color: #000000;font-size: 14pt;font-family: Book Antiqua, Palatino\">Le doyen de la facult\u00e9 exerce ses pr\u00e9rogatives conform\u00e9ment <\/span><span style=\"color: #000000;font-size: 14pt;font-family: Book Antiqua, Palatino\">au d\u00e9cret ex\u00e9cutif n \u00b0 <span style=\"color: #800000\">03-279<\/span> du <span style=\"color: #800000\">23\/08\/2003<\/span> fixant les missions de l&rsquo;universit\u00e9 et les r\u00e8gles de son organisation et de son fonctionnement, modifi\u00e9 et compl\u00e9t\u00e9.<\/span><\/p>\n<ul style=\"text-align: left\">\n<li><span style=\"color: #000000;font-size: 14pt;font-family: Book Antiqua, Palatino\">Le doyen est responsable du fonctionnement de la facult\u00e9 et il assure la gestion de ses moyens humains, financiers et mat\u00e9riels.<\/span><\/li>\n<\/ul>\n<p dir=\"ltr\" style=\"text-align: left\"><span style=\"color: #000000;font-size: 14pt;font-family: Book Antiqua, Palatino\">A ce titre, il :<\/span><\/p>\n<ul>\n<li style=\"text-align: left\"><span style=\"color: #000000;font-size: 14pt;font-family: Book Antiqua, Palatino\">est ordonnateur des cr\u00e9dits de fonctionnement qui lui sont d\u00e9l\u00e9gu\u00e9s par le recteur,<\/span><\/li>\n<li style=\"text-align: left\"><span style=\"color: #000000;font-size: 14pt;font-family: Book Antiqua, Palatino\">nomme les personnels de la facult\u00e9 pour lesquels un autre mode de nomination n&rsquo;est pas pr\u00e9vu,<\/span><\/li>\n<li style=\"text-align: left\"><span style=\"color: #000000;font-size: 14pt;font-family: Book Antiqua, Palatino\">assure et exerce l&rsquo;autorit\u00e9 hi\u00e9rarchique sur l&rsquo;ensemble des personnels plac\u00e9s sous son autorit\u00e9,<\/span><\/li>\n<li style=\"text-align: left\"><span style=\"color: #000000;font-size: 14pt;font-family: Book Antiqua, Palatino\">pr\u00e9pare les r\u00e9unions du conseil de facult\u00e9.<\/span><\/li>\n<li style=\"text-align: left\"><span style=\"color: #000000;font-size: 14pt;font-family: Book Antiqua, Palatino\">Il \u00e9tablit le rapport annuel d&rsquo;activit\u00e9s qu&rsquo;il adresse au recteur de l&rsquo;universit\u00e9, apr\u00e8s approbation par le conseil de facult\u00e9<\/span><\/li>\n<\/ul>\n<p>&nbsp;<\/p>\n<p>&nbsp;<\/p>\n","protected":false},"excerpt":{"rendered":"<p>La Doyenne : Pr BENLAHRECH Zakia batoul ,Professeur hospitalo-universitaire E-mail institutionnel\u00a0: z.benlahrech@lagh-univ.dz &nbsp; Mot du doyenne La facult\u00e9 de m\u00e9decine de l\u2019universit\u00e9 Amar TELIDJI de Laghouat, est l\u2019une trois facult\u00e9s de m\u00e9decine initi\u00e9es au sud du pays en 2011, destin\u00e9es \u00e0 former les m\u00e9decins qui seront au service des citoyens de cette vaste r\u00e9gion. Elle [&hellip;]<\/p>\n","protected":false},"author":10,"featured_media":0,"parent":9511,"menu_order":0,"comment_status":"closed","ping_status":"closed","template":"elementor_header_footer","meta":{"_exactmetrics_skip_tracking":false,"_exactmetrics_sitenote_active":false,"_exactmetrics_sitenote_note":"","_exactmetrics_sitenote_category":0,"footnotes":""},"coauthors":[528,562],"class_list":["post-9513","page","type-page","status-publish","hentry"],"_links":{"self":[{"href":"http:\/\/lagh-univ.dz\/fr\/wp-json\/wp\/v2\/pages\/9513","targetHints":{"allow":["GET"]}}],"collection":[{"href":"http:\/\/lagh-univ.dz\/fr\/wp-json\/wp\/v2\/pages"}],"about":[{"href":"http:\/\/lagh-univ.dz\/fr\/wp-json\/wp\/v2\/types\/page"}],"author":[{"embeddable":true,"href":"http:\/\/lagh-univ.dz\/fr\/wp-json\/wp\/v2\/users\/10"}],"replies":[{"embeddable":true,"href":"http:\/\/lagh-univ.dz\/fr\/wp-json\/wp\/v2\/comments?post=9513"}],"version-history":[{"count":13,"href":"http:\/\/lagh-univ.dz\/fr\/wp-json\/wp\/v2\/pages\/9513\/revisions"}],"predecessor-version":[{"id":60854,"href":"http:\/\/lagh-univ.dz\/fr\/wp-json\/wp\/v2\/pages\/9513\/revisions\/60854"}],"up":[{"embeddable":true,"href":"http:\/\/lagh-univ.dz\/fr\/wp-json\/wp\/v2\/pages\/9511"}],"wp:attachment":[{"href":"http:\/\/lagh-univ.dz\/fr\/wp-json\/wp\/v2\/media?parent=9513"}],"wp:term":[{"taxonomy":"author","embeddable":true,"href":"http:\/\/lagh-univ.dz\/fr\/wp-json\/wp\/v2\/coauthors?post=9513"}],"curies":[{"name":"wp","href":"https:\/\/api.w.org\/{rel}","templated":true}]}}