{"id":9515,"date":"2018-07-18T18:55:12","date_gmt":"2018-07-18T18:55:12","guid":{"rendered":"http:\/\/lagh-univ.dz\/medcine-faculte-organigrame\/"},"modified":"2020-02-17T08:27:36","modified_gmt":"2020-02-17T10:27:36","slug":"medcine-faculte-organigrame","status":"publish","type":"page","link":"http:\/\/lagh-univ.dz\/fr\/medcine-faculte\/medcine-faculte-organigrame\/","title":{"rendered":"Medcine-Facult\u00e9-Organigrame"},"content":{"rendered":"<p dir=\"ltr\"><span style=\"font-family: Book Antiqua, Palatino;color: #000080;font-size: 18pt\"><strong>Organigramme de la facult\u00e9 <\/strong><\/span><\/p>\n<p dir=\"ltr\"><span style=\"font-family: Book Antiqua, Palatino;font-size: 14pt;color: #800000\"><strong>Organigramme structurel<\/strong><\/span><\/p>\n<p dir=\"ltr\"><span style=\"font-family: Book Antiqua, Palatino;font-size: 14pt;color: #000000\">L&rsquo;organigramme de la facult\u00e9 est pr\u00e9cis\u00e9 par la r\u00e9glementation en vigueur.<\/span><\/p>\n<p dir=\"ltr\">\n<p dir=\"ltr\"><span style=\"font-family: Book Antiqua, Palatino;font-size: 14pt;color: #008000\"><strong> Services p\u00e9dagogiques<\/strong><\/span><\/p>\n<p dir=\"ltr\"><span style=\"font-family: Book Antiqua, Palatino;font-size: 14pt\"><strong>D\u00e9canat<\/strong><\/span><\/p>\n<ul>\n<li><span style=\"font-family: Book Antiqua, Palatino;font-size: 14pt;color: #000000\">Vice doyen charg\u00e9 des \u00e9tudes et des questions li\u00e9es aux \u00e9tudiants<\/span><\/li>\n<\/ul>\n<p dir=\"ltr\"><span style=\"font-family: Book Antiqua, Palatino;font-size: 14pt;color: #000000\">&#8211;\u00a0\u00a0\u00a0\u00a0\u00a0\u00a0\u00a0\u00a0\u00a0 Chef de service de la scolarit\u00e9<\/span><\/p>\n<p dir=\"ltr\"><span style=\"font-family: Book Antiqua, Palatino;font-size: 14pt;color: #000000\">&#8211;\u00a0\u00a0\u00a0\u00a0\u00a0\u00a0\u00a0\u00a0\u00a0 Chef de service des enseignements et de l\u2019\u00e9valuation<\/span><\/p>\n<p dir=\"ltr\"><span style=\"font-family: Book Antiqua, Palatino;font-size: 14pt;color: #000000\">&#8211;\u00a0\u00a0\u00a0\u00a0\u00a0\u00a0\u00a0\u00a0\u00a0 Chef de service des statistiques de l\u2019information et de l\u2019orientation<\/span><\/p>\n<p dir=\"ltr\"><span style=\"font-family: Book Antiqua, Palatino;font-size: 14pt;color: #000000\">\u00a0\u00a0\u00a0\u00a0\u00a0\u00a0\u00a0\u00a0\u00a0\u00a0\u00a0\u00a0\u00a0\u00a0\u00a0\u00a0\u00a0\u00a0\u00a0\u00a0\u00a0\u00a0\u00a0\u00a0\u00a0\u00a0\u00a0\u00a0\u00a0\u00a0\u00a0\u00a0\u00a0\u00a0\u00a0\u00a0\u00a0\u00a0\u00a0\u00a0\u00a0\u00a0<\/span><\/p>\n<ul>\n<li><span style=\"font-family: Book Antiqua, Palatino;font-size: 14pt;color: #000000\">Vice doyen charg\u00e9 de la poste graduation de la recherche scientifique et des relations ext\u00e9rieure<\/span><\/li>\n<\/ul>\n<p dir=\"ltr\"><span style=\"font-family: Book Antiqua, Palatino;font-size: 14pt;color: #000000\">&#8211;\u00a0\u00a0\u00a0\u00a0\u00a0\u00a0\u00a0\u00a0\u00a0 Chef de service du suivi de la formation de post graduation<\/span><\/p>\n<p dir=\"ltr\"><span style=\"font-family: Book Antiqua, Palatino;font-size: 14pt;color: #000000\">&#8211;\u00a0\u00a0\u00a0\u00a0\u00a0\u00a0\u00a0\u00a0\u00a0 Chef de service du suivi des activit\u00e9s de recherche<\/span><\/p>\n<p dir=\"ltr\"><span style=\"font-family: Book Antiqua, Palatino;font-size: 14pt;color: #000000\">&#8211;\u00a0\u00a0\u00a0\u00a0\u00a0\u00a0\u00a0\u00a0\u00a0 Chef de service de la coop\u00e9ration et des relations \u00e9xt\u00e9rieures<\/span><\/p>\n<ul>\n<li><span style=\"font-family: Book Antiqua, Palatino;font-size: 14pt;color: #000000\">Chef d\u00e9partement de m\u00e9decine<\/span><\/li>\n<\/ul>\n<p dir=\"ltr\"><span style=\"font-family: Book Antiqua, Palatino;font-size: 14pt;color: #000000\">&#8211;\u00a0\u00a0\u00a0\u00a0\u00a0\u00a0\u00a0\u00a0\u00a0 Chef de d\u00e9partement adjoint charg\u00e9 de la scolarit\u00e9 et des enseignenent de graduation<\/span><\/p>\n<p dir=\"ltr\"><span style=\"font-family: Book Antiqua, Palatino;font-size: 14pt;color: #000000\">&#8211;\u00a0\u00a0\u00a0\u00a0\u00a0\u00a0\u00a0\u00a0\u00a0 Chef de d\u00e9partement adjoint chrg\u00e9 de la poste graduation et de la recherche scientifique.<\/span><\/p>\n<ul>\n<li><span style=\"font-family: Book Antiqua, Palatino;font-size: 14pt;color: #000000\">Chef de d\u00e9partement des sciences infirmi\u00e8res<\/span><\/li>\n<\/ul>\n<p dir=\"ltr\"><span style=\"font-family: Book Antiqua, Palatino;font-size: 14pt;color: #000000\">&#8211;\u00a0\u00a0\u00a0\u00a0\u00a0\u00a0\u00a0\u00a0\u00a0 Chef de d\u00e9partement adjoint charg\u00e9 de la scolarit\u00e9 et des enseignements de graduation.<\/span><\/p>\n<p dir=\"ltr\"><span style=\"font-family: Book Antiqua, Palatino;font-size: 14pt;color: #000000\">&#8211;\u00a0\u00a0\u00a0\u00a0\u00a0\u00a0\u00a0\u00a0\u00a0 Chef de d\u00e9partement adjoint charg\u00e9 de la poste graduation et de la recherche scientifique.<\/span><\/p>\n<p dir=\"ltr\">\n<p dir=\"ltr\"><span style=\"color: #000080;font-size: 14pt;font-family: Book Antiqua, Palatino\"><strong>Services Administratifs<\/strong><\/span><\/p>\n<p dir=\"ltr\"><span style=\"color: #000080;font-size: 14pt;font-family: Book Antiqua, Palatino\"><strong>Secr\u00e9tariat g\u00e9n\u00e9ral<\/strong><\/span><\/p>\n<ul>\n<li><span style=\"font-family: Book Antiqua, Palatino;font-size: 14pt;color: #000000\">Le secr\u00e9taire g\u00e9n\u00e9ral<\/span><\/li>\n<\/ul>\n<ol>\n<li><span style=\"font-family: Book Antiqua, Palatino;font-size: 14pt;color: #000000\">Chef de service des personnels<\/span><\/li>\n<\/ol>\n<p dir=\"ltr\"><span style=\"font-family: Book Antiqua, Palatino;font-size: 14pt;color: #000000\">&#8211;\u00a0\u00a0\u00a0\u00a0\u00a0\u00a0\u00a0\u00a0\u00a0 Section des personnels enseignants<\/span><\/p>\n<p dir=\"ltr\"><span style=\"font-family: Book Antiqua, Palatino;font-size: 14pt;color: #000000\">&#8211;\u00a0\u00a0\u00a0\u00a0\u00a0\u00a0\u00a0\u00a0\u00a0 Section des personnels administratifs, technique et agent de service<\/span><\/p>\n<ol start=\"2\">\n<li><span style=\"font-family: Book Antiqua, Palatino;font-size: 14pt;color: #000000\">Chef de service du budget et de la contabilit\u00e9<\/span><\/li>\n<\/ol>\n<p dir=\"ltr\"><span style=\"font-family: Book Antiqua, Palatino;font-size: 14pt;color: #000000\">&#8211;\u00a0\u00a0\u00a0\u00a0\u00a0\u00a0\u00a0\u00a0\u00a0 Section du budget<\/span><\/p>\n<p dir=\"ltr\"><span style=\"font-family: Book Antiqua, Palatino;font-size: 14pt;color: #000000\">&#8211;\u00a0\u00a0\u00a0\u00a0\u00a0\u00a0\u00a0\u00a0\u00a0 Section de la contabilit\u00e9<\/span><\/p>\n<ol start=\"3\">\n<li><span style=\"font-family: Book Antiqua, Palatino;font-size: 14pt;color: #000000\">Chef de service des moyens et de la maintenance<\/span><\/li>\n<\/ol>\n<p dir=\"ltr\"><span style=\"font-family: Book Antiqua, Palatino;font-size: 14pt;color: #000000\">&#8211;\u00a0\u00a0\u00a0\u00a0\u00a0\u00a0\u00a0\u00a0\u00a0 Section des moyens<\/span><\/p>\n<p dir=\"ltr\"><span style=\"font-family: Book Antiqua, Palatino;font-size: 14pt;color: #000000\">&#8211;\u00a0\u00a0\u00a0\u00a0\u00a0\u00a0\u00a0\u00a0\u00a0 Section de la maintenance<\/span><\/p>\n<ol start=\"4\">\n<li><span style=\"font-family: Book Antiqua, Palatino;font-size: 14pt;color: #000000\">Chef de service de l\u2019animation, scientifique, culturelle et sportive<\/span><\/li>\n<\/ol>\n<ul>\n<li><span style=\"font-family: Book Antiqua, Palatino;font-size: 14pt;color: #000000\">La biblioth\u00e8que<\/span><\/li>\n<\/ul>\n<ol>\n<li><span style=\"font-family: Book Antiqua, Palatino;font-size: 14pt;color: #000000\">Le responsable de la biblioth\u00e8que<\/span><\/li>\n<\/ol>\n<p dir=\"ltr\"><span style=\"font-family: Book Antiqua, Palatino;font-size: 14pt;color: #000000\">&#8211;\u00a0\u00a0\u00a0\u00a0\u00a0\u00a0\u00a0\u00a0\u00a0 Le chef de service de gestion du fonds documentaire<\/span><\/p>\n<p dir=\"ltr\"><span style=\"font-family: Book Antiqua, Palatino;font-size: 14pt;color: #000000\">&#8211;\u00a0\u00a0\u00a0\u00a0\u00a0\u00a0\u00a0\u00a0\u00a0 Le chef de service de l\u2019orientation et de la recherche bibliographique<\/span><\/p>\n<p dir=\"ltr\"><span style=\"font-family: Book Antiqua, Palatino;font-size: 14pt;color: #000000\">Sur le plan fonctionnel, le doyen est second\u00e9 par un adjoint charg\u00e9 des \u00e9tudes et des questions li\u00e9es \u00e9tudiants.<\/span><\/p>\n<p><span style=\"font-family: Book Antiqua, Palatino;font-size: 14pt;color: #000000\">Le d\u00e9partement est dirig\u00e9 par un chef de d\u00e9partement assist\u00e9 de un adjoint charg\u00e9 de la graduation et un autre charg\u00e9 du cycle pr\u00e9clinique.<\/span><\/p>\n<p dir=\"ltr\"><span style=\"font-family: Book Antiqua, Palatino;font-size: 14pt;color: #000000\">Du point de vue administratif, la facult\u00e9 est statutairement dot\u00e9e d&rsquo;un secr\u00e9taire g\u00e9n\u00e9ral.\u00a0D\u2019un service de scolarit\u00e9, d\u2019un service des statistiques, de l\u2019orientation et de l\u2019information et d\u2019un service de scolarit\u00e9 au niveau du d\u00e9partement.<\/span><\/p>\n<p dir=\"ltr\"><span style=\"font-family: Book Antiqua, Palatino;font-size: 14pt\"><strong>\u00a0<\/strong><\/span><\/p>\n<p dir=\"ltr\"><span style=\"font-family: Book Antiqua, Palatino;font-size: 14pt;color: #800000\"><strong>\u00a0<\/strong><\/span><\/p>\n<p dir=\"ltr\"><span style=\"font-size: 14pt;font-family: Book Antiqua, Palatino;color: #800000\"><strong>La facult\u00e9 est sous la direction de :<\/strong><\/span><\/p>\n<p dir=\"ltr\"><strong><span style=\"font-family: Book Antiqua, Palatino;font-size: 14pt\"><span style=\"color: #008000\">Pr. RAYANE\u00a0 \u00a0Tahar\u00a0<\/span>, <span style=\"color: #000000\">Doyen de la facult\u00e9.<\/span><\/span><\/strong><\/p>\n<p dir=\"ltr\"><span style=\"font-family: Book Antiqua, Palatino;font-size: 14pt;color: #000000\">assist\u00e9 par :<\/span><\/p>\n<p dir=\"ltr\"><span style=\"font-family: Book Antiqua, Palatino;font-size: 14pt;color: #000000\"><strong>Dr. BENLAHRECHE\u00a0 Zakia Batoul,<\/strong>\u00a0Vice Doyen charg\u00e9e des \u00e9tudes et des questions li\u00e9es aux \u00e9tudiants.<\/span><\/p>\n<p dir=\"ltr\"><span style=\"font-family: Book Antiqua, Palatino;font-size: 14pt;color: #000000\"><strong>Dr. BENYAGOUB Massinissa,<\/strong>\u00a0 Chef de d\u00e9partement de M\u00e9decine<\/span><\/p>\n","protected":false},"excerpt":{"rendered":"<p>Organigramme de la facult\u00e9 Organigramme structurel L&rsquo;organigramme de la facult\u00e9 est pr\u00e9cis\u00e9 par la r\u00e9glementation en vigueur. Services p\u00e9dagogiques D\u00e9canat Vice doyen charg\u00e9 des \u00e9tudes et des questions li\u00e9es aux \u00e9tudiants &#8211;\u00a0\u00a0\u00a0\u00a0\u00a0\u00a0\u00a0\u00a0\u00a0 Chef de service de la scolarit\u00e9 &#8211;\u00a0\u00a0\u00a0\u00a0\u00a0\u00a0\u00a0\u00a0\u00a0 Chef de service des enseignements et de l\u2019\u00e9valuation &#8211;\u00a0\u00a0\u00a0\u00a0\u00a0\u00a0\u00a0\u00a0\u00a0 Chef de service des statistiques de l\u2019information [&hellip;]<\/p>\n","protected":false},"author":10,"featured_media":0,"parent":9511,"menu_order":0,"comment_status":"closed","ping_status":"closed","template":"elementor_header_footer","meta":{"_exactmetrics_skip_tracking":false,"_exactmetrics_sitenote_active":false,"_exactmetrics_sitenote_note":"","_exactmetrics_sitenote_category":0,"footnotes":""},"coauthors":[528,562],"class_list":["post-9515","page","type-page","status-publish","hentry"],"_links":{"self":[{"href":"http:\/\/lagh-univ.dz\/fr\/wp-json\/wp\/v2\/pages\/9515","targetHints":{"allow":["GET"]}}],"collection":[{"href":"http:\/\/lagh-univ.dz\/fr\/wp-json\/wp\/v2\/pages"}],"about":[{"href":"http:\/\/lagh-univ.dz\/fr\/wp-json\/wp\/v2\/types\/page"}],"author":[{"embeddable":true,"href":"http:\/\/lagh-univ.dz\/fr\/wp-json\/wp\/v2\/users\/10"}],"replies":[{"embeddable":true,"href":"http:\/\/lagh-univ.dz\/fr\/wp-json\/wp\/v2\/comments?post=9515"}],"version-history":[{"count":7,"href":"http:\/\/lagh-univ.dz\/fr\/wp-json\/wp\/v2\/pages\/9515\/revisions"}],"predecessor-version":[{"id":27764,"href":"http:\/\/lagh-univ.dz\/fr\/wp-json\/wp\/v2\/pages\/9515\/revisions\/27764"}],"up":[{"embeddable":true,"href":"http:\/\/lagh-univ.dz\/fr\/wp-json\/wp\/v2\/pages\/9511"}],"wp:attachment":[{"href":"http:\/\/lagh-univ.dz\/fr\/wp-json\/wp\/v2\/media?parent=9515"}],"wp:term":[{"taxonomy":"author","embeddable":true,"href":"http:\/\/lagh-univ.dz\/fr\/wp-json\/wp\/v2\/coauthors?post=9515"}],"curies":[{"name":"wp","href":"https:\/\/api.w.org\/{rel}","templated":true}]}}