{"id":9519,"date":"2018-07-18T18:58:28","date_gmt":"2018-07-18T18:58:28","guid":{"rendered":"http:\/\/lagh-univ.dz\/medcine-faculte-secretaire-generale\/"},"modified":"2026-01-22T10:00:34","modified_gmt":"2026-01-22T09:00:34","slug":"medcine-faculte-secretaire-generale","status":"publish","type":"page","link":"http:\/\/lagh-univ.dz\/fr\/medcine-faculte\/medcine-faculte-secretaire-generale\/","title":{"rendered":"Medcine-Facult\u00e9-Secr\u00e9taire g\u00e9n\u00e9rale"},"content":{"rendered":"<p dir=\"ltr\" style=\"text-align: center\"><span style=\"font-size: 18pt;font-family: Book Antiqua, Palatino;color: #000080\"><strong>Secr\u00e9tariat G\u00e9n\u00e9ral<\/strong><\/span><\/p>\n<p dir=\"ltr\"><span style=\"font-size: 14pt;font-family: Book Antiqua, Palatino;color: #008000\">\u00a0<\/span><\/p>\n<p dir=\"ltr\"><span style=\"font-size: 14pt;font-family: Book Antiqua, Palatino\"><span style=\"color: #008000\"><strong>Secr\u00e9taire G\u00e9n\u00e9ral : <span style=\"color: #000000\">OTMANI FADILA<\/span><\/strong><\/span><\/span><\/p>\n<p dir=\"ltr\"><span style=\"font-size: 14pt;font-family: Book Antiqua, Palatino;color: #000000\"><strong>Administrateur conseiller<\/strong><\/span><\/p>\n<p dir=\"ltr\"><span style=\"font-size: 14pt;font-family: Book Antiqua, Palatino\"><span style=\"color: #000000\"><strong>E-mail : f.otmani@lagh-univ.dz<\/strong><\/span><\/span><span style=\"font-size: 14pt;font-family: Book Antiqua, Palatino\"><span style=\"color: #0000ff\">\u00a0<\/span>\u00a0 \u00a0 \u00a0 \u00a0 \u00a0 \u00a0 \u00a0 \u00a0 \u00a0 \u00a0 \u00a0 \u00a0 \u00a0 \u00a0 \u00a0 \u00a0 \u00a0 \u00a0 \u00a0 \u00a0 \u00a0 \u00a0 \u00a0 \u00a0 \u00a0 \u00a0 \u00a0 \u00a0 \u00a0 \u00a0 \u00a0 \u00a0 \u00a0 \u00a0 \u00a0 \u00a0 \u00a0 \u00a0 \u00a0 \u00a0 \u00a0 \u00a0 \u00a0 \u00a0 \u00a0 \u00a0 \u00a0 \u00a0 \u00a0 \u00a0 \u00a0 \u00a0 \u00a0 \u00a0 \u00a0 \u00a0 \u00a0 \u00a0 \u00a0 \u00a0 \u00a0 \u00a0 \u00a0 \u00a0 \u00a0 \u00a0 \u00a0 \u00a0 \u00a0 \u00a0 \u00a0 \u00a0 \u00a0 \u00a0 \u00a0 \u00a0 \u00a0 \u00a0 \u00a0 \u00a0 \u00a0 \u00a0<\/span><\/p>\n<p dir=\"ltr\" style=\"text-align: left\"><span style=\"font-size: 14pt;font-family: Book Antiqua, Palatino;color: #000000\">\u00a0La facult\u00e9 de m\u00e9decine de l\u2019universit\u00e9 \u00ab Amar TELIDJI \u00ab\u00a0 de Laghouat entame aujourd\u2019hui sa sixi\u00e8me ann\u00e9e depuis sa cr\u00e9ation Fi\u00e8re de notre facult\u00e9 et de ses enseignants avec beaucoup d\u2019\u00e9nergie et de s\u00e9r\u00e9nit\u00e9.<\/span><\/p>\n<p dir=\"ltr\"><span style=\"font-size: 14pt;font-family: Book Antiqua, Palatino;color: #000000\">Je remercie nos enseignants pour tous les efforts consentis afin de relever le d\u00e9fi de la jeune facult\u00e9 qui a re\u00e7u aussi plus de <span style=\"color: #800000\">100<\/span> enseignants hospitalo-universitaires invit\u00e9s depuis son inauguration pour participer \u00e0 cet effort de la formation m\u00e9dicale.<\/span><\/p>\n<p dir=\"ltr\"><span style=\"font-size: 14pt;font-family: Book Antiqua, Palatino;color: #000000\">Si vous envisagez de vous inscrire \u00e0 la facult\u00e9 de Laghouat, le meilleur accueil vous sera r\u00e9serv\u00e9\u00a0: un encadrement de qualit\u00e9, des structures de TP \u00e9quip\u00e9es, un environnement agr\u00e9able.<\/span><\/p>\n<p dir=\"ltr\"><span style=\"font-size: 18pt;font-family: Book Antiqua, Palatino;color: #008000\"><strong>Pr\u00e9rogatives du Secr\u00e9taire G\u00e9n\u00e9ral de la facult\u00e9<\/strong><\/span><\/p>\n<p dir=\"ltr\"><span style=\"font-size: 14pt;font-family: Book Antiqua, Palatino;color: #000000\">&#8211; Pr\u00e9parer le projet de plan de gestion des ressources humaines pour la facult\u00e9 et assurer sa mise en \u0153uvre<\/span><\/p>\n<p dir=\"ltr\"><span style=\"font-size: 14pt;font-family: Book Antiqua, Palatino;color: #000000\">&#8211; G\u00e9rer la carri\u00e8re des employ\u00e9s de la facult\u00e9<\/span><\/p>\n<p dir=\"ltr\"><span style=\"font-size: 14pt;font-family: Book Antiqua, Palatino;color: #000000\">&#8211; Assurer et pr\u00e9server les archives et la documentation de la facult\u00e9.<\/span><\/p>\n<p dir=\"ltr\"><span style=\"font-size: 14pt;font-family: Book Antiqua, Palatino;color: #000000\">&#8211; Pr\u00e9parer le projet de budget de la facult\u00e9 et assurer sa mise en \u0153uvre.<\/span><\/p>\n<p dir=\"ltr\"><span style=\"font-size: 14pt;font-family: Book Antiqua, Palatino;color: #000000\">&#8211; Promouvoir les activit\u00e9s scientifiques, culturelles et sportives des \u00e9tudiants.<\/span><\/p>\n<p dir=\"ltr\"><span style=\"font-size: 14pt;font-family: Book Antiqua, Palatino;color: #000000\">&#8211; G\u00e9rer les moyens mobiliers et immobiliers de la facult\u00e9 et veiller \u00e0 leur entretien.<\/span><\/p>\n<p dir=\"ltr\"><span style=\"font-size: 14pt;font-family: Book Antiqua, Palatino;color: #000000\">&#8211; Assurer la mise en \u0153uvre du plan de s\u00e9curit\u00e9 interne de la facult\u00e9<\/span><\/p>\n<p dir=\"ltr\"><span style=\"font-size: 18pt;font-family: Book Antiqua, Palatino;color: #800000\"><strong>Les services administratifs du secr\u00e9tariat g\u00e9n\u00e9ral<\/strong><\/span><\/p>\n<p dir=\"ltr\"><span style=\"font-size: 14pt;font-family: Book Antiqua, Palatino;color: #000000\">1-Services des personnels<\/span><\/p>\n<p dir=\"ltr\"><span style=\"font-size: 14pt;font-family: Book Antiqua, Palatino;color: #000000\">2-Service du Budget et de la Comptabilit\u00e9<\/span><\/p>\n<p dir=\"ltr\"><span style=\"font-size: 14pt;font-family: Book Antiqua, Palatino;color: #000000\">3-Service des Moyens et de la Maintenance<\/span><\/p>\n<p dir=\"ltr\"><span style=\"font-size: 14pt;font-family: Book Antiqua, Palatino;color: #000000\">4-Service des activit\u00e9s scientifiques, culturelles et sportives<\/span><\/p>\n<p dir=\"ltr\"><span style=\"font-family: Book Antiqua, Palatino;font-size: 14pt;color: #000000\"><strong>5-\u00a0<\/strong> N.BENFERHAT Ing\u00e9nieur d\u2019Etat en Informatique<\/span><\/p>\n<p dir=\"ltr\"><span style=\"font-family: Book Antiqua, Palatino;font-size: 14pt\"><span style=\"color: #000000\">E-mail\u00a0:<\/span> <a href=\"mailto:n.benferhat@lagh-univ.dz\">n.benferhat@lagh-univ.dz<\/a><\/span><\/p>\n<p dir=\"ltr\"><span style=\"font-family: Book Antiqua, Palatino;font-size: 14pt;color: #000000\">Responsable de La cellule <strong>site web et num\u00e9risation<\/strong> du d\u00e9canat de la facult\u00e9 de \u00a0m\u00e9decine a pour t\u00e2ches :<\/span><\/p>\n<ul>\n<li><span style=\"font-family: Book Antiqua, Palatino;font-size: 14pt;color: #000000\">de suivre la num\u00e9risation de l\u2019administration de la facult\u00e9<\/span><\/li>\n<li><span style=\"color: #000000\"><span style=\"font-size: 14pt;font-family: Book Antiqua, Palatino\">de suivre et d\u2019assurer la mise \u00e0 jour de la base des donn\u00e9es des ressources humaines de la facult\u00e9<\/span><\/span><\/li>\n<li><span style=\"color: #000000\"><span style=\"font-family: Book Antiqua, Palatino;font-size: 14pt\">de suivre et entretenir le site web de la facult\u00e9<\/span><\/span><\/li>\n<li><span style=\"font-size: 14pt;font-family: Book Antiqua, Palatino;color: #000000\">de programmer et assurer les cours par visioconf\u00e9rences<\/span><\/li>\n<\/ul>\n<p dir=\"ltr\"><span style=\"font-family: Book Antiqua, Palatino;font-size: 14pt;color: #000000\">\u00a0<\/span><\/p>\n","protected":false},"excerpt":{"rendered":"<p>Secr\u00e9tariat G\u00e9n\u00e9ral \u00a0 Secr\u00e9taire G\u00e9n\u00e9ral : OTMANI FADILA Administrateur conseiller E-mail : f.otmani@lagh-univ.dz\u00a0\u00a0 \u00a0 \u00a0 \u00a0 \u00a0 \u00a0 \u00a0 \u00a0 \u00a0 \u00a0 \u00a0 \u00a0 \u00a0 \u00a0 \u00a0 \u00a0 \u00a0 \u00a0 \u00a0 \u00a0 \u00a0 \u00a0 \u00a0 \u00a0 \u00a0 \u00a0 \u00a0 \u00a0 \u00a0 \u00a0 \u00a0 \u00a0 \u00a0 \u00a0 \u00a0 \u00a0 \u00a0 \u00a0 \u00a0 \u00a0 \u00a0 \u00a0 \u00a0 [&hellip;]<\/p>\n","protected":false},"author":10,"featured_media":0,"parent":9511,"menu_order":0,"comment_status":"closed","ping_status":"closed","template":"elementor_header_footer","meta":{"_exactmetrics_skip_tracking":false,"_exactmetrics_sitenote_active":false,"_exactmetrics_sitenote_note":"","_exactmetrics_sitenote_category":0,"footnotes":""},"coauthors":[528,562],"class_list":["post-9519","page","type-page","status-publish","hentry"],"_links":{"self":[{"href":"http:\/\/lagh-univ.dz\/fr\/wp-json\/wp\/v2\/pages\/9519","targetHints":{"allow":["GET"]}}],"collection":[{"href":"http:\/\/lagh-univ.dz\/fr\/wp-json\/wp\/v2\/pages"}],"about":[{"href":"http:\/\/lagh-univ.dz\/fr\/wp-json\/wp\/v2\/types\/page"}],"author":[{"embeddable":true,"href":"http:\/\/lagh-univ.dz\/fr\/wp-json\/wp\/v2\/users\/10"}],"replies":[{"embeddable":true,"href":"http:\/\/lagh-univ.dz\/fr\/wp-json\/wp\/v2\/comments?post=9519"}],"version-history":[{"count":16,"href":"http:\/\/lagh-univ.dz\/fr\/wp-json\/wp\/v2\/pages\/9519\/revisions"}],"predecessor-version":[{"id":22504,"href":"http:\/\/lagh-univ.dz\/fr\/wp-json\/wp\/v2\/pages\/9519\/revisions\/22504"}],"up":[{"embeddable":true,"href":"http:\/\/lagh-univ.dz\/fr\/wp-json\/wp\/v2\/pages\/9511"}],"wp:attachment":[{"href":"http:\/\/lagh-univ.dz\/fr\/wp-json\/wp\/v2\/media?parent=9519"}],"wp:term":[{"taxonomy":"author","embeddable":true,"href":"http:\/\/lagh-univ.dz\/fr\/wp-json\/wp\/v2\/coauthors?post=9519"}],"curies":[{"name":"wp","href":"https:\/\/api.w.org\/{rel}","templated":true}]}}