{"id":9521,"date":"2018-07-18T19:00:21","date_gmt":"2018-07-18T19:00:21","guid":{"rendered":"http:\/\/lagh-univ.dz\/medcine-faculte-conseil-d-administration\/"},"modified":"2020-02-17T08:31:34","modified_gmt":"2020-02-17T10:31:34","slug":"medcine-faculte-conseil-d-administration","status":"publish","type":"page","link":"http:\/\/lagh-univ.dz\/fr\/medcine-faculte\/medcine-faculte-conseil-d-administration\/","title":{"rendered":"Medcine-Facult\u00e9- conseil-d-administration"},"content":{"rendered":"<p dir=\"ltr\"><span style=\"color: #000080\"><strong><span style=\"font-size: 14pt;font-family: Book Antiqua, Palatino\">Conseil de la facult\u00e9<\/span><\/strong><\/span><\/p>\n<p dir=\"ltr\"><span style=\"font-size: 14pt;font-family: Book Antiqua, Palatino;color: #000000\">Le conseil de la facult\u00e9 est un organe de la facult\u00e9 institu\u00e9 par le D\u00e9cret ex\u00e9cutif n\u00b0 <span style=\"color: #800000\">03-279<\/span> du <span style=\"color: #800000\">24<\/span> Joumada Ethania <span style=\"color: #800000\">1424<\/span> correspondant au <span style=\"color: #800000\">23<\/span> ao\u00fbt <span style=\"color: #800000\">2003<\/span> fixant les missions et les r\u00e8gles particuli\u00e8res d&rsquo;organisation et de fonctionnement de l&rsquo;universit<strong>\u00e9.<\/strong><\/span><\/p>\n<p dir=\"ltr\"><span style=\"font-size: 14pt;font-family: Book Antiqua, Palatino\">\u00a0\u00a0\u00a0\u00a0\u00a0\u00a0\u00a0\u00a0\u00a0\u00a0\u00a0\u00a0\u00a0\u00a0\u00a0\u00a0\u00a0\u00a0\u00a0\u00a0\u00a0\u00a0\u00a0<\/span><\/p>\n<p dir=\"ltr\"><span style=\"font-size: 14pt;font-family: Book Antiqua, Palatino;color: #008000\"><strong>Composition du conseil de facult\u00e9<\/strong><\/span><\/p>\n<p dir=\"ltr\"><span style=\"font-size: 14pt;font-family: Book Antiqua, Palatino;color: #000000\">Le conseil de facult\u00e9 comprend :<\/span><\/p>\n<ul>\n<li><span style=\"font-size: 14pt;font-family: Book Antiqua, Palatino;color: #000000\">le doyen de la facult\u00e9, pr\u00e9sident,<\/span><\/li>\n<li><span style=\"font-size: 14pt;font-family: Book Antiqua, Palatino;color: #000000\">le pr\u00e9sident du conseil scientifique de la facult\u00e9,<\/span><\/li>\n<li><span style=\"font-size: 14pt;font-family: Book Antiqua, Palatino;color: #000000\">les chefs de d\u00e9partements,<\/span><\/li>\n<li><span style=\"font-size: 14pt;font-family: Book Antiqua, Palatino;color: #000000\">le ou les directeurs d\u2019unit\u00e9s de recherche et de laboratoires de recherche, s\u2019il y a lieu,<\/span><\/li>\n<li><span style=\"font-size: 14pt;font-family: Book Antiqua, Palatino;color: #000000\">deux repr\u00e9sentants des enseignants par d\u00e9partement \u00e9lus parmi ceux justifiant du grade le plus \u00e9lev\u00e9,<\/span><\/li>\n<li><span style=\"font-size: 14pt;font-family: Book Antiqua, Palatino;color: #000000\">un repr\u00e9sentant \u00e9lu des \u00e9tudiants par d\u00e9partement,<\/span><\/li>\n<li><span style=\"font-size: 14pt;font-family: Book Antiqua, Palatino;color: #000000\">deux repr\u00e9sentants \u00e9lus des personnels administratifs, techniques et de service.<\/span><\/li>\n<\/ul>\n<p dir=\"ltr\"><span style=\"font-size: 14pt;font-family: Book Antiqua, Palatino;color: #000000\">Les vice-doyens, le secr\u00e9taire g\u00e9n\u00e9ral ainsi que le responsable de la biblioth\u00e8que de facult\u00e9 assistent aux r\u00e9unions avec voix consultative.<\/span><\/p>\n<p dir=\"ltr\"><span style=\"font-size: 14pt;font-family: Book Antiqua, Palatino\">\u00a0\u00a0<\/span><\/p>\n<p dir=\"ltr\"><span style=\"font-size: 14pt;font-family: Book Antiqua, Palatino;color: #800000\"><strong>Avis et recommandations du conseil de facult\u00e9<\/strong><\/span><\/p>\n<p dir=\"ltr\"><span style=\"font-size: 14pt;font-family: Book Antiqua, Palatino;color: #000000\">Le conseil de facult\u00e9 \u00e9met des avis et recommandations sur :<\/span><\/p>\n<ul>\n<li><span style=\"font-size: 14pt;font-family: Book Antiqua, Palatino;color: #000000\">les perspectives de d\u00e9veloppement de la facult\u00e9,<\/span><\/li>\n<li><span style=\"font-size: 14pt;font-family: Book Antiqua, Palatino;color: #000000\">la programmation des actions de formation et de recherche de la facult\u00e9,<\/span><\/li>\n<li><span style=\"font-size: 14pt;font-family: Book Antiqua, Palatino;color: #000000\">les perspectives de coop\u00e9ration scientifique nationale et internationale,<\/span><\/li>\n<li><span style=\"font-size: 14pt;font-family: Book Antiqua, Palatino;color: #000000\">la programmation des actions de formation continue, de perfectionnement et de recyclage,<\/span><\/li>\n<li><span style=\"font-size: 14pt;font-family: Book Antiqua, Palatino;color: #000000\">le projet de budget de la facult\u00e9,<\/span><\/li>\n<li><span style=\"font-size: 14pt;font-family: Book Antiqua, Palatino;color: #000000\">le projet de plan de gestion des ressources humaines de la facult\u00e9,<\/span><\/li>\n<li><span style=\"font-size: 14pt;font-family: Book Antiqua, Palatino;color: #000000\">les projets de contrats et de conventions d&rsquo;\u00e9tudes, d&rsquo;expertise et de prestations de services assur\u00e9es par la facult\u00e9,<\/span><\/li>\n<li><span style=\"font-size: 14pt;font-family: Book Antiqua, Palatino;color: #000000\">la gestion de la facult\u00e9,<\/span><\/li>\n<li><span style=\"font-size: 14pt;font-family: Book Antiqua, Palatino;color: #000000\">le rapport annuel d\u2019activit\u00e9s de la facult\u00e9.<\/span><\/li>\n<\/ul>\n<p dir=\"ltr\"><span style=\"color: #000000\"><span style=\"font-size: 14pt;font-family: Book Antiqua, Palatino\">Le conseil \u00e9tudie et propose toute mesure propre \u00e0 am\u00e9liorer le fonctionnement de la facult\u00e9 et \u00e0 favoriser la r\u00e9alisation de ses objectifs et donne son avis sur toute question qui lui est soumise par le doyen<\/span>.<\/span><\/p>\n","protected":false},"excerpt":{"rendered":"<p>Conseil de la facult\u00e9 Le conseil de la facult\u00e9 est un organe de la facult\u00e9 institu\u00e9 par le D\u00e9cret ex\u00e9cutif n\u00b0 03-279 du 24 Joumada Ethania 1424 correspondant au 23 ao\u00fbt 2003 fixant les missions et les r\u00e8gles particuli\u00e8res d&rsquo;organisation et de fonctionnement de l&rsquo;universit\u00e9. \u00a0\u00a0\u00a0\u00a0\u00a0\u00a0\u00a0\u00a0\u00a0\u00a0\u00a0\u00a0\u00a0\u00a0\u00a0\u00a0\u00a0\u00a0\u00a0\u00a0\u00a0\u00a0\u00a0 Composition du conseil de facult\u00e9 Le conseil de facult\u00e9 [&hellip;]<\/p>\n","protected":false},"author":10,"featured_media":0,"parent":9511,"menu_order":0,"comment_status":"closed","ping_status":"closed","template":"elementor_header_footer","meta":{"_exactmetrics_skip_tracking":false,"_exactmetrics_sitenote_active":false,"_exactmetrics_sitenote_note":"","_exactmetrics_sitenote_category":0,"footnotes":""},"coauthors":[528,562],"class_list":["post-9521","page","type-page","status-publish","hentry"],"_links":{"self":[{"href":"http:\/\/lagh-univ.dz\/fr\/wp-json\/wp\/v2\/pages\/9521","targetHints":{"allow":["GET"]}}],"collection":[{"href":"http:\/\/lagh-univ.dz\/fr\/wp-json\/wp\/v2\/pages"}],"about":[{"href":"http:\/\/lagh-univ.dz\/fr\/wp-json\/wp\/v2\/types\/page"}],"author":[{"embeddable":true,"href":"http:\/\/lagh-univ.dz\/fr\/wp-json\/wp\/v2\/users\/10"}],"replies":[{"embeddable":true,"href":"http:\/\/lagh-univ.dz\/fr\/wp-json\/wp\/v2\/comments?post=9521"}],"version-history":[{"count":10,"href":"http:\/\/lagh-univ.dz\/fr\/wp-json\/wp\/v2\/pages\/9521\/revisions"}],"predecessor-version":[{"id":27781,"href":"http:\/\/lagh-univ.dz\/fr\/wp-json\/wp\/v2\/pages\/9521\/revisions\/27781"}],"up":[{"embeddable":true,"href":"http:\/\/lagh-univ.dz\/fr\/wp-json\/wp\/v2\/pages\/9511"}],"wp:attachment":[{"href":"http:\/\/lagh-univ.dz\/fr\/wp-json\/wp\/v2\/media?parent=9521"}],"wp:term":[{"taxonomy":"author","embeddable":true,"href":"http:\/\/lagh-univ.dz\/fr\/wp-json\/wp\/v2\/coauthors?post=9521"}],"curies":[{"name":"wp","href":"https:\/\/api.w.org\/{rel}","templated":true}]}}