{"id":9523,"date":"2018-07-18T19:01:55","date_gmt":"2018-07-18T19:01:55","guid":{"rendered":"http:\/\/lagh-univ.dz\/medcine-faculte-conseil-scientifque\/"},"modified":"2020-02-16T10:27:57","modified_gmt":"2020-02-16T12:27:57","slug":"medcine-faculte-conseil-scientifque","status":"publish","type":"page","link":"http:\/\/lagh-univ.dz\/fr\/medcine-faculte\/medcine-faculte-conseil-scientifque\/","title":{"rendered":"Medcine-Facult\u00e9- conseil scientifque"},"content":{"rendered":"<p>&nbsp;<\/p>\n<p dir=\"ltr\" style=\"text-align: left\"><span style=\"font-size: 18pt;font-family: Book Antiqua, Palatino\"><strong><span style=\"color: #000080\">Conseil scientifique de la facult\u00e9<\/span> <\/strong><\/span><\/p>\n<p dir=\"ltr\" style=\"text-align: left\"><span style=\"font-size: 14pt;font-family: Book Antiqua, Palatino\"><strong>\u00a0<\/strong><\/span><\/p>\n<p dir=\"ltr\" style=\"text-align: left\"><span style=\"font-size: 14pt;font-family: Book Antiqua, Palatino;color: #000000\">Le conseil de la facult\u00e9 est un organe de la facult\u00e9 institu\u00e9 par le D\u00e9cret ex\u00e9cutif n\u00b0 03-279 du 24 Joumada Ethania 1424 correspondant au 23 ao\u00fbt 2003 fixant les missions et les r\u00e8gles particuli\u00e8res d&rsquo;organisation et de fonctionnement de l&rsquo;universit\u00e9.<\/span><\/p>\n<p dir=\"ltr\">\n<p dir=\"ltr\" style=\"text-align: left\"><span style=\"font-size: 18pt;font-family: Book Antiqua, Palatino;color: #008000\">\u00a0<strong>Composition du conseil scientifique de la facult\u00e9<\/strong><\/span><\/p>\n<p dir=\"ltr\" style=\"text-align: left\"><span style=\"font-size: 14pt;font-family: Book Antiqua, Palatino;color: #000000\">Le conseil scientifique de la facult\u00e9 comprend, outre le doyen de la facult\u00e9, les membres suivants :<\/span><\/p>\n<p dir=\"ltr\" style=\"text-align: left\"><span style=\"font-size: 14pt;font-family: Book Antiqua, Palatino;color: #000000\">les vice-doyens,<\/span><\/p>\n<p dir=\"ltr\" style=\"text-align: left\"><span style=\"font-size: 14pt;font-family: Book Antiqua, Palatino;color: #000000\">les chefs de d\u00e9partements,<\/span><\/p>\n<p dir=\"ltr\" style=\"text-align: left\"><span style=\"font-size: 14pt;font-family: Book Antiqua, Palatino;color: #000000\">les pr\u00e9sidents des comit\u00e9s scientifiques de d\u00e9partements, le ou les directeurs d\u2019unit\u00e9s de recherche et\/ou de laboratoires de recherche, s&rsquo;il y a lieu,<\/span><\/p>\n<p dir=\"ltr\" style=\"text-align: left\"><span style=\"font-size: 14pt;font-family: Book Antiqua, Palatino;color: #000000\">deux repr\u00e9sentants \u00e9lus des enseignants par d\u00e9partement,<\/span><\/p>\n<p dir=\"ltr\" style=\"text-align: left\"><span style=\"font-size: 14pt;font-family: Book Antiqua, Palatino;color: #000000\">le responsable de la biblioth\u00e8que de facult\u00e9.<\/span><\/p>\n<p dir=\"ltr\">\n<p dir=\"ltr\" style=\"text-align: left\"><span style=\"font-size: 18pt;font-family: Book Antiqua, Palatino;color: #800000\">\u00a0<strong>Avis et recommandations du conseil scientifique de la facult\u00e9<\/strong><\/span><\/p>\n<p dir=\"ltr\" style=\"text-align: left\"><span style=\"font-size: 14pt;font-family: Book Antiqua, Palatino;color: #000000\">Le conseil scientifique de la facult\u00e9 \u00e9met des avis et recommandations sur :<\/span><\/p>\n<p dir=\"ltr\" style=\"text-align: left\"><span style=\"font-size: 14pt;font-family: Book Antiqua, Palatino;color: #000000\">l&rsquo;organisation et le contenu des enseignements,<\/span><\/p>\n<p dir=\"ltr\" style=\"text-align: left\"><span style=\"font-size: 14pt;font-family: Book Antiqua, Palatino;color: #000000\">l&rsquo;organisation des travaux de recherche,<\/span><\/p>\n<p dir=\"ltr\" style=\"text-align: left\"><span style=\"font-size: 14pt;font-family: Book Antiqua, Palatino;color: #000000\">les propositions de programmes de recherche,<\/span><\/p>\n<p dir=\"ltr\" style=\"text-align: left\"><span style=\"font-size: 14pt;font-family: Book Antiqua, Palatino;color: #000000\">les propositions de cr\u00e9ation ou de suppression de d\u00e9partements et\/ou de fili\u00e8res et d\u2019unit\u00e9s et de laboratoires de recherche,<\/span><\/p>\n<p dir=\"ltr\" style=\"text-align: left\"><span style=\"font-size: 14pt;font-family: Book Antiqua, Palatino;color: #000000\">les propositions d&rsquo;ouverture, de reconduction et\/ou de fermeture des fili\u00e8res de post-graduation et le nombre de postes \u00e0 pourvoir,<\/span><\/p>\n<p dir=\"ltr\" style=\"text-align: left\"><span style=\"font-size: 14pt;font-family: Book Antiqua, Palatino;color: #000000\">les profils et les besoins en enseignants.<\/span><\/p>\n<p dir=\"ltr\" style=\"text-align: left\"><span style=\"font-size: 14pt;font-family: Book Antiqua, Palatino;color: #000000\">Il est, en outre, charg\u00e9 :<\/span><\/p>\n<p dir=\"ltr\" style=\"text-align: left\"><span style=\"font-size: 14pt;font-family: Book Antiqua, Palatino;color: #000000\">d\u2019agr\u00e9er les sujets de recherche de post-graduation et en propose les jurys de soutenance,<\/span><\/p>\n<p dir=\"ltr\" style=\"text-align: left\"><span style=\"font-size: 14pt;font-family: Book Antiqua, Palatino;color: #000000\">de proposer les jurys d\u2019habilitation universitaire,<\/span><\/p>\n<p dir=\"ltr\" style=\"text-align: left\"><span style=\"font-size: 14pt;font-family: Book Antiqua, Palatino;color: #000000\">d\u2019examiner les bilans d&rsquo;activit\u00e9s p\u00e9dagogiques et scientifiques de la facult\u00e9 qui sont transmis par le doyen de la facult\u00e9, accompagn\u00e9s des avis et recommandations du conseil, au recteur.<\/span><\/p>\n<p>&nbsp;<\/p>\n","protected":false},"excerpt":{"rendered":"<p>&nbsp; Conseil scientifique de la facult\u00e9 \u00a0 Le conseil de la facult\u00e9 est un organe de la facult\u00e9 institu\u00e9 par le D\u00e9cret ex\u00e9cutif n\u00b0 03-279 du 24 Joumada Ethania 1424 correspondant au 23 ao\u00fbt 2003 fixant les missions et les r\u00e8gles particuli\u00e8res d&rsquo;organisation et de fonctionnement de l&rsquo;universit\u00e9. \u00a0Composition du conseil scientifique de la facult\u00e9 [&hellip;]<\/p>\n","protected":false},"author":10,"featured_media":0,"parent":9511,"menu_order":0,"comment_status":"closed","ping_status":"closed","template":"elementor_header_footer","meta":{"_exactmetrics_skip_tracking":false,"_exactmetrics_sitenote_active":false,"_exactmetrics_sitenote_note":"","_exactmetrics_sitenote_category":0,"footnotes":""},"coauthors":[528,562],"class_list":["post-9523","page","type-page","status-publish","hentry"],"_links":{"self":[{"href":"http:\/\/lagh-univ.dz\/fr\/wp-json\/wp\/v2\/pages\/9523","targetHints":{"allow":["GET"]}}],"collection":[{"href":"http:\/\/lagh-univ.dz\/fr\/wp-json\/wp\/v2\/pages"}],"about":[{"href":"http:\/\/lagh-univ.dz\/fr\/wp-json\/wp\/v2\/types\/page"}],"author":[{"embeddable":true,"href":"http:\/\/lagh-univ.dz\/fr\/wp-json\/wp\/v2\/users\/10"}],"replies":[{"embeddable":true,"href":"http:\/\/lagh-univ.dz\/fr\/wp-json\/wp\/v2\/comments?post=9523"}],"version-history":[{"count":9,"href":"http:\/\/lagh-univ.dz\/fr\/wp-json\/wp\/v2\/pages\/9523\/revisions"}],"predecessor-version":[{"id":27398,"href":"http:\/\/lagh-univ.dz\/fr\/wp-json\/wp\/v2\/pages\/9523\/revisions\/27398"}],"up":[{"embeddable":true,"href":"http:\/\/lagh-univ.dz\/fr\/wp-json\/wp\/v2\/pages\/9511"}],"wp:attachment":[{"href":"http:\/\/lagh-univ.dz\/fr\/wp-json\/wp\/v2\/media?parent=9523"}],"wp:term":[{"taxonomy":"author","embeddable":true,"href":"http:\/\/lagh-univ.dz\/fr\/wp-json\/wp\/v2\/coauthors?post=9523"}],"curies":[{"name":"wp","href":"https:\/\/api.w.org\/{rel}","templated":true}]}}