{"id":9531,"date":"2018-07-18T19:24:30","date_gmt":"2018-07-18T19:24:30","guid":{"rendered":"http:\/\/lagh-univ.dz\/medcine-graduation-mot-de-vice-doyen\/"},"modified":"2020-02-13T09:29:03","modified_gmt":"2020-02-13T11:29:03","slug":"medcine-graduation-mot-de-vice-doyen","status":"publish","type":"page","link":"http:\/\/lagh-univ.dz\/fr\/medcine-faculte\/medcine-graduation-mot-de-vice-doyen\/","title":{"rendered":"Medcine- Graduation-mot de vice doyen"},"content":{"rendered":"<p style=\"text-align: left;\"><strong><span style=\"font-family: Book Antiqua, Palatino; font-size: 14pt; color: #000080;\">Mot du vice doyen<br \/>\n<\/span><\/strong><\/p>\n<p dir=\"ltr\" style=\"text-align: left;\"><span style=\"font-family: Book Antiqua, Palatino; font-size: 14pt; color: #000000;\">\u00a0La vocation du soin est une vocation noble o\u00f9 souvent l\u2019int\u00e9r\u00eat g\u00e9n\u00e9ral prime sur l\u2019int\u00e9r\u00eat du soignant c\u2019est un don de soi pour le bien de la soci\u00e9t\u00e9 et apporter ainsi \u00a0de l\u2019aide m\u00eame au d\u00e9pend de soi et y arriver gr\u00e2ce a une formation de qualit\u00e9 au pr\u00e9s de ses pairs et puisque comme disait Renne Descartes\u00a0\u00a0 \u00ab\u00a0Science sans conscience n\u2019est que ruine de l\u2019\u00e2me\u00a0\u00bb la connaissance ne peut se passer de morale.<\/span><\/p>\n<p dir=\"ltr\" style=\"text-align: left;\"><span style=\"font-family: Book Antiqua, Palatino; font-size: 14pt; color: #000000;\">c\u2019est pour cela que \u00a0nous tenons \u00e0 l\u2019universit\u00e9 Amar thelidji de Laghouat \u00e0 que l\u2019enseignement m\u00e9dical de qualit\u00e9 soit toujours \u00a0accompagn\u00e9 d\u2019enseignement de valeurs tel que l\u2019humanit\u00e9 , la charit\u00e9 la conscience professionnelle et le don de soi .<\/span><\/p>\n<p dir=\"ltr\" style=\"text-align: left;\"><span style=\"color: #000000; font-family: Book Antiqua, Palatino; font-size: 14pt;\">A travers une graduation de sept ans\u00a0; les \u00e9tudiants b\u00e9n\u00e9ficient d\u2019uneformation th\u00e9orique et pratique qui fera d\u2019eux des m\u00e9decins comp\u00e9tents et consciencieux.<\/span><\/p>\n<pre id=\"tw-target-text\" class=\"tw-data-text tw-text-large tw-ta\" data-placeholder=\"Traduction\"><span lang=\"ar\" style=\"font-family: arabic-kufi; font-size: 14pt; color: #000000;\">\u00a0<\/span><\/pre>\n","protected":false},"excerpt":{"rendered":"<p>Mot du vice doyen \u00a0La vocation du soin est une vocation noble o\u00f9 souvent l\u2019int\u00e9r\u00eat g\u00e9n\u00e9ral prime sur l\u2019int\u00e9r\u00eat du soignant c\u2019est un don de soi pour le bien de la soci\u00e9t\u00e9 et apporter ainsi \u00a0de l\u2019aide m\u00eame au d\u00e9pend de soi et y arriver gr\u00e2ce a une formation de qualit\u00e9 au pr\u00e9s de ses [&hellip;]<\/p>\n","protected":false},"author":10,"featured_media":0,"parent":9511,"menu_order":0,"comment_status":"closed","ping_status":"closed","template":"elementor_header_footer","meta":{"_exactmetrics_skip_tracking":false,"_exactmetrics_sitenote_active":false,"_exactmetrics_sitenote_note":"","_exactmetrics_sitenote_category":0,"footnotes":""},"coauthors":[528],"class_list":["post-9531","page","type-page","status-publish","hentry"],"_links":{"self":[{"href":"http:\/\/lagh-univ.dz\/fr\/wp-json\/wp\/v2\/pages\/9531","targetHints":{"allow":["GET"]}}],"collection":[{"href":"http:\/\/lagh-univ.dz\/fr\/wp-json\/wp\/v2\/pages"}],"about":[{"href":"http:\/\/lagh-univ.dz\/fr\/wp-json\/wp\/v2\/types\/page"}],"author":[{"embeddable":true,"href":"http:\/\/lagh-univ.dz\/fr\/wp-json\/wp\/v2\/users\/10"}],"replies":[{"embeddable":true,"href":"http:\/\/lagh-univ.dz\/fr\/wp-json\/wp\/v2\/comments?post=9531"}],"version-history":[{"count":5,"href":"http:\/\/lagh-univ.dz\/fr\/wp-json\/wp\/v2\/pages\/9531\/revisions"}],"predecessor-version":[{"id":25974,"href":"http:\/\/lagh-univ.dz\/fr\/wp-json\/wp\/v2\/pages\/9531\/revisions\/25974"}],"up":[{"embeddable":true,"href":"http:\/\/lagh-univ.dz\/fr\/wp-json\/wp\/v2\/pages\/9511"}],"wp:attachment":[{"href":"http:\/\/lagh-univ.dz\/fr\/wp-json\/wp\/v2\/media?parent=9531"}],"wp:term":[{"taxonomy":"author","embeddable":true,"href":"http:\/\/lagh-univ.dz\/fr\/wp-json\/wp\/v2\/coauthors?post=9531"}],"curies":[{"name":"wp","href":"https:\/\/api.w.org\/{rel}","templated":true}]}}