{"id":9533,"date":"2018-07-18T19:39:06","date_gmt":"2018-07-18T19:39:06","guid":{"rendered":"http:\/\/lagh-univ.dz\/medcine-graduation-responsable-pedagogique\/"},"modified":"2020-02-18T08:09:03","modified_gmt":"2020-02-18T10:09:03","slug":"medcine-graduation-responsable-pedagogique","status":"publish","type":"page","link":"http:\/\/lagh-univ.dz\/fr\/medcine-faculte\/medcine-graduation-responsable-pedagogique\/","title":{"rendered":"Medcine- Graduation-responsable pedagogique"},"content":{"rendered":"<p dir=\"ltr\"><span style=\"font-family: Book Antiqua, Palatino;color: #000080;font-size: 18pt\"><strong>Responsables p\u00e9dagogiques <\/strong><\/span><\/p>\n<p dir=\"ltr\"><span style=\"color: #000000\"><strong><span style=\"font-size: 14pt;font-family: Book Antiqua, Palatino\">Le vice-doyen est charg\u00e9\u00a0:<\/span><\/strong><\/span><\/p>\n<p dir=\"ltr\"><span style=\"font-size: 14pt;font-family: Book Antiqua, Palatino;color: #000000\">&#8211; D\u2019assurer la gestion et le suivi des inscriptions des \u00e9tudiants en graduation\u00a0;<\/span><\/p>\n<p dir=\"ltr\"><span style=\"font-size: 14pt;font-family: Book Antiqua, Palatino;color: #000000\">&#8211; De suivre le d\u00e9roulement des activit\u00e9s d\u2019enseignements au de prendre au proposer au doyen toute mesure en vue de leur am\u00e9lioration\u00a0;<\/span><\/p>\n<p dir=\"ltr\"><span style=\"font-size: 14pt;font-family: Book Antiqua, Palatino;color: #000000\">&#8211; De tenir le fichier nominatif et statistique des \u00e9tudiants;<\/span><\/p>\n<p dir=\"ltr\"><span style=\"font-size: 14pt;font-family: Book Antiqua, Palatino;color: #000000\">&#8211; De recueillir, traiter et diffuser l\u2019information p\u00e9dagogique au profit des \u00e9tudiants.<\/span><\/p>\n<p dir=\"ltr\"><span style=\"font-size: 14pt;font-family: Book Antiqua, Palatino;color: #000000\">Le Vice Doyen charg\u00e9 des \u00e9tudes et des questions li\u00e9es aux \u00e9tudiants est assist\u00e9 par\u00a0:<\/span><\/p>\n<p dir=\"ltr\"><span style=\"font-size: 14pt;font-family: Book Antiqua, Palatino;color: #000000\">Le Chef de service des scolarit\u00e9s\u00a0;<\/span><\/p>\n<p dir=\"ltr\"><span style=\"font-size: 14pt;font-family: Book Antiqua, Palatino;color: #000000\">Le Chef de service des enseignements et \u00e9valuation\u00a0;<\/span><\/p>\n<p dir=\"ltr\"><span style=\"font-size: 14pt;font-family: Book Antiqua, Palatino;color: #000000\">Le Chef de service des statistiques, de l\u2019information et de l\u2019orientation<\/span><\/p>\n<p dir=\"ltr\"><span style=\"font-size: 14pt;font-family: Book Antiqua, Palatino\"><strong>Dr BELLAHRECH Zakia Batoul<\/strong><\/span><\/p>\n<p dir=\"ltr\"><span style=\"font-size: 14pt;font-family: Book Antiqua, Palatino;color: #000000\">Vice Doyen charg\u00e9 des \u00e9tudes et des questions li\u00e9es aux \u00e9tudiants<\/span><\/p>\n<p dir=\"ltr\"><span style=\"font-size: 14pt;font-family: Book Antiqua, Palatino\"><span style=\"color: #000000\">E-mail\u00a0:<\/span> <a href=\"mailto:z.benlahrech@lagh-univ.dz\">z.benlahrech@lagh-univ.dz<\/a><\/span><\/p>\n<p dir=\"ltr\"><span style=\"font-size: 14pt;font-family: Book Antiqua, Palatino\"><strong>HARIA Fatna<\/strong><\/span><\/p>\n<p dir=\"ltr\"><span style=\"font-size: 14pt;font-family: Book Antiqua, Palatino;color: #000000\">Chef de service de la scolarit\u00e9<\/span><\/p>\n<p dir=\"ltr\"><span style=\"font-size: 14pt;font-family: Book Antiqua, Palatino\"><span style=\"color: #000000\">E-mail\u00a0:<\/span> <a href=\"mailto:f.haria@lagh-univ.dz\">f.haria@lagh-univ.dz<\/a><\/span><\/p>\n<p dir=\"ltr\"><span style=\"font-size: 14pt;font-family: Book Antiqua, Palatino\"><strong>DJABER Dahmane<\/strong><\/span><\/p>\n<p dir=\"ltr\"><span style=\"font-size: 14pt;font-family: Book Antiqua, Palatino;color: #000000\">Chef de service des statistiques de l\u2019information et de l\u2019orientation<\/span><\/p>\n<p dir=\"ltr\"><span style=\"font-size: 14pt;font-family: Book Antiqua, Palatino\"><span style=\"color: #000000\">E-mail\u00a0:<\/span> <a href=\"mailto:d.djaber@lagh-univ.dz\"><strong>d.djaber@lagh-univ.dz<\/strong><\/a><\/span><\/p>\n<p dir=\"ltr\">\n<p dir=\"ltr\"><span style=\"font-family: Book Antiqua, Palatino;font-size: 14pt;color: #000000\">\u00a0<\/span><\/p>\n<p dir=\"ltr\">\n","protected":false},"excerpt":{"rendered":"<p>Responsables p\u00e9dagogiques Le vice-doyen est charg\u00e9\u00a0: &#8211; D\u2019assurer la gestion et le suivi des inscriptions des \u00e9tudiants en graduation\u00a0; &#8211; De suivre le d\u00e9roulement des activit\u00e9s d\u2019enseignements au de prendre au proposer au doyen toute mesure en vue de leur am\u00e9lioration\u00a0; &#8211; De tenir le fichier nominatif et statistique des \u00e9tudiants; &#8211; De recueillir, traiter [&hellip;]<\/p>\n","protected":false},"author":10,"featured_media":0,"parent":9511,"menu_order":0,"comment_status":"closed","ping_status":"closed","template":"elementor_header_footer","meta":{"_exactmetrics_skip_tracking":false,"_exactmetrics_sitenote_active":false,"_exactmetrics_sitenote_note":"","_exactmetrics_sitenote_category":0,"footnotes":""},"coauthors":[528,562],"class_list":["post-9533","page","type-page","status-publish","hentry"],"_links":{"self":[{"href":"http:\/\/lagh-univ.dz\/fr\/wp-json\/wp\/v2\/pages\/9533","targetHints":{"allow":["GET"]}}],"collection":[{"href":"http:\/\/lagh-univ.dz\/fr\/wp-json\/wp\/v2\/pages"}],"about":[{"href":"http:\/\/lagh-univ.dz\/fr\/wp-json\/wp\/v2\/types\/page"}],"author":[{"embeddable":true,"href":"http:\/\/lagh-univ.dz\/fr\/wp-json\/wp\/v2\/users\/10"}],"replies":[{"embeddable":true,"href":"http:\/\/lagh-univ.dz\/fr\/wp-json\/wp\/v2\/comments?post=9533"}],"version-history":[{"count":16,"href":"http:\/\/lagh-univ.dz\/fr\/wp-json\/wp\/v2\/pages\/9533\/revisions"}],"predecessor-version":[{"id":28537,"href":"http:\/\/lagh-univ.dz\/fr\/wp-json\/wp\/v2\/pages\/9533\/revisions\/28537"}],"up":[{"embeddable":true,"href":"http:\/\/lagh-univ.dz\/fr\/wp-json\/wp\/v2\/pages\/9511"}],"wp:attachment":[{"href":"http:\/\/lagh-univ.dz\/fr\/wp-json\/wp\/v2\/media?parent=9533"}],"wp:term":[{"taxonomy":"author","embeddable":true,"href":"http:\/\/lagh-univ.dz\/fr\/wp-json\/wp\/v2\/coauthors?post=9533"}],"curies":[{"name":"wp","href":"https:\/\/api.w.org\/{rel}","templated":true}]}}