{"id":9545,"date":"2018-07-18T19:23:33","date_gmt":"2018-07-18T19:23:33","guid":{"rendered":"http:\/\/lagh-univ.dz\/medcine-post-graduation-mot-de-vice-doyen\/"},"modified":"2020-02-16T10:40:28","modified_gmt":"2020-02-16T12:40:28","slug":"medcine-post-graduation-mot-de-vice-doyen","status":"publish","type":"page","link":"http:\/\/lagh-univ.dz\/fr\/medcine-faculte\/medcine-post-graduation-mot-de-vice-doyen\/","title":{"rendered":"Medcine- post Graduation-mot de vice doyen"},"content":{"rendered":"<p dir=\"ltr\" style=\"text-align: center\"><span style=\"font-size: 18pt;font-family: Book Antiqua, Palatino;color: #000080\"><strong>Post-graduation<\/strong><\/span><\/p>\n<p dir=\"ltr\" style=\"text-align: left\"><span style=\"font-size: 14pt;font-family: Book Antiqua, Palatino;color: #000000\">Au point o\u00f9 nous en sommes, le d\u00e9fi n\u2019est pas seulement de cr\u00e9er de cr\u00e9er une facult\u00e9 de m\u00e9decine \u00e0 l\u2019universit\u00e9 de Laghouat, qui nous a demand\u00e9 beaucoup d\u2019\u00e9nergie et de travail, mais surtout d\u2019assurer une formation sup\u00e9rieure en post-graduation de qualit\u00e9 qui permettra de garantir une continuit\u00e9 et une p\u00e9rennit\u00e9 dans la formation des cadres hospitalo-universitaires.<\/span><\/p>\n<p dir=\"ltr\" style=\"text-align: left\">\n<p dir=\"ltr\" style=\"text-align: left\"><span style=\"font-size: 14pt;font-family: Book Antiqua, Palatino;color: #000000\">Le Vice Doyen charg\u00e9 de la post graduation, de la recherche scientifique et des relations\u00a0 ext\u00e9rieures \u00e0 pour t\u00e2ches\u00a0:<\/span><\/p>\n<p dir=\"ltr\" style=\"text-align: left\">\n<p dir=\"ltr\" style=\"text-align: left\"><span style=\"font-size: 14pt;font-family: Book Antiqua, Palatino;color: #000000\">D\u2019assurer le suivi du d\u00e9roulement des concours d\u2019acc\u00e8s \u00e0 la post-graduation\u00a0;<\/span><\/p>\n<p dir=\"ltr\" style=\"text-align: left\"><span style=\"font-size: 14pt;font-family: Book Antiqua, Palatino;color: #000000\">De prendre ou proposer les mesures n\u00e9cessaires pour assurer un bon fonctionnement des formations de post-graduation\u00a0;<\/span><\/p>\n<p dir=\"ltr\" style=\"text-align: left\"><span style=\"font-size: 14pt;font-family: Book Antiqua, Palatino;color: #000000\">De veiller au bon d\u00e9roulement des soutenances de m\u00e9moires et th\u00e8ses de post-graduation\u00a0;<\/span><\/p>\n<p dir=\"ltr\" style=\"text-align: left\"><span style=\"font-size: 14pt;font-family: Book Antiqua, Palatino;color: #000000\">De suivre les d\u00e9roulements des activit\u00e9s de recherche,<\/span><\/p>\n<p dir=\"ltr\" style=\"text-align: left\"><span style=\"font-size: 14pt;font-family: Book Antiqua, Palatino;color: #000000\">D\u2019initier des actions de partenariat avec les secteurs socio-\u00e9conomiques\u00a0;<\/span><\/p>\n<p dir=\"ltr\" style=\"text-align: left\"><span style=\"font-size: 14pt;font-family: Book Antiqua, Palatino;color: #000000\">D\u2019initier des actions en vue de dynamiser et de renforcer la coop\u00e9ration interuniversitaire nationale et internationale\u00a0;<\/span><\/p>\n<p dir=\"ltr\" style=\"text-align: left\"><span style=\"font-size: 14pt;font-family: Book Antiqua, Palatino;color: #000000\">Mettre en \u0153uvre les programmes de perfectionnements et de recyclage des enseignants\u00a0;<\/span><\/p>\n<p dir=\"ltr\" style=\"text-align: left\"><span style=\"font-size: 14pt;font-family: Book Antiqua, Palatino;color: #000000\">D\u2019assurer le suivi du fonctionnement du conseil scientifique de la facult\u00e9 et conserver ses archives\u00a0;<\/span><\/p>\n<p dir=\"ltr\" style=\"text-align: left\">\n<p dir=\"ltr\" style=\"text-align: left\"><span style=\"font-size: 14pt;font-family: Book Antiqua, Palatino;color: #000000\">Le Vice Doyen charg\u00e9 de la post graduation, de la recherche scientifique et des relations ext\u00e9rieures est assist\u00e9 par\u00a0:<\/span><\/p>\n<p dir=\"ltr\" style=\"text-align: left\">\n<p dir=\"ltr\" style=\"text-align: left\"><span style=\"font-size: 14pt;font-family: Book Antiqua, Palatino;color: #000000\">Le Chef de service du suivi de la formation de post-graduation\u00a0;<\/span><\/p>\n<p dir=\"ltr\" style=\"text-align: left\"><span style=\"font-size: 14pt;font-family: Book Antiqua, Palatino;color: #000000\">Le Chef de service du suivi des activit\u00e9s de recherche\u00a0;<\/span><\/p>\n<p dir=\"ltr\" style=\"text-align: left\"><span style=\"font-size: 14pt;font-family: Book Antiqua, Palatino;color: #000000\">Le Che de service de la coop\u00e9ration et des relations ext\u00e9rieurs.<\/span><\/p>\n","protected":false},"excerpt":{"rendered":"<p>Post-graduation Au point o\u00f9 nous en sommes, le d\u00e9fi n\u2019est pas seulement de cr\u00e9er de cr\u00e9er une facult\u00e9 de m\u00e9decine \u00e0 l\u2019universit\u00e9 de Laghouat, qui nous a demand\u00e9 beaucoup d\u2019\u00e9nergie et de travail, mais surtout d\u2019assurer une formation sup\u00e9rieure en post-graduation de qualit\u00e9 qui permettra de garantir une continuit\u00e9 et une p\u00e9rennit\u00e9 dans la formation [&hellip;]<\/p>\n","protected":false},"author":10,"featured_media":0,"parent":9511,"menu_order":0,"comment_status":"closed","ping_status":"closed","template":"elementor_header_footer","meta":{"_exactmetrics_skip_tracking":false,"_exactmetrics_sitenote_active":false,"_exactmetrics_sitenote_note":"","_exactmetrics_sitenote_category":0,"footnotes":""},"coauthors":[528,562],"class_list":["post-9545","page","type-page","status-publish","hentry"],"_links":{"self":[{"href":"http:\/\/lagh-univ.dz\/fr\/wp-json\/wp\/v2\/pages\/9545","targetHints":{"allow":["GET"]}}],"collection":[{"href":"http:\/\/lagh-univ.dz\/fr\/wp-json\/wp\/v2\/pages"}],"about":[{"href":"http:\/\/lagh-univ.dz\/fr\/wp-json\/wp\/v2\/types\/page"}],"author":[{"embeddable":true,"href":"http:\/\/lagh-univ.dz\/fr\/wp-json\/wp\/v2\/users\/10"}],"replies":[{"embeddable":true,"href":"http:\/\/lagh-univ.dz\/fr\/wp-json\/wp\/v2\/comments?post=9545"}],"version-history":[{"count":2,"href":"http:\/\/lagh-univ.dz\/fr\/wp-json\/wp\/v2\/pages\/9545\/revisions"}],"predecessor-version":[{"id":27407,"href":"http:\/\/lagh-univ.dz\/fr\/wp-json\/wp\/v2\/pages\/9545\/revisions\/27407"}],"up":[{"embeddable":true,"href":"http:\/\/lagh-univ.dz\/fr\/wp-json\/wp\/v2\/pages\/9511"}],"wp:attachment":[{"href":"http:\/\/lagh-univ.dz\/fr\/wp-json\/wp\/v2\/media?parent=9545"}],"wp:term":[{"taxonomy":"author","embeddable":true,"href":"http:\/\/lagh-univ.dz\/fr\/wp-json\/wp\/v2\/coauthors?post=9545"}],"curies":[{"name":"wp","href":"https:\/\/api.w.org\/{rel}","templated":true}]}}