{"id":9547,"date":"2018-07-18T19:25:23","date_gmt":"2018-07-18T19:25:23","guid":{"rendered":"http:\/\/lagh-univ.dz\/medcine-post-graduation-service-de-suivi-de-la-formation\/"},"modified":"2020-02-16T10:42:16","modified_gmt":"2020-02-16T12:42:16","slug":"medcine-post-graduation-service-de-suivi-de-la-formation","status":"publish","type":"page","link":"http:\/\/lagh-univ.dz\/fr\/medcine-faculte\/medcine-post-graduation-service-de-suivi-de-la-formation\/","title":{"rendered":"Medcine- post Graduation-service de suivi de la formation"},"content":{"rendered":"<p dir=\"ltr\"><span style=\"font-size: 14pt;font-family: Book Antiqua, Palatino;color: #008000\"><strong>Le service de suivi de la formation en post-Graduation<\/strong>\u00a0est charg\u00e9\u00a0:<\/span><\/p>\n<p>&nbsp;<\/p>\n<p dir=\"ltr\"><span style=\"font-size: 14pt;font-family: Book Antiqua, Palatino\">&#8211; <span style=\"color: #000000\">de suivre le d\u00e9roulement des formations en 1<sup>\u00e8re<\/sup> et 2\u00e8me post-graduation (Dipl\u00f4mes d\u2019\u00e9tudes m\u00e9dicales sp\u00e9cialis\u00e9es DEMS ou Doctorat en sciences m\u00e9dicales DESM pour toute inscription et soutenance).<\/span><\/span><\/p>\n<p dir=\"ltr\"><span style=\"color: #000000;font-size: 14pt;font-family: Book Antiqua, Palatino\">&#8211; d\u2019assurer la gestion des dossiers des r\u00e9sidents admis au concours de r\u00e9sidanat qui pr\u00e9parent une sp\u00e9cialit\u00e9<\/span><\/p>\n<p dir=\"ltr\"><span style=\"color: #000000;font-size: 14pt;font-family: Book Antiqua, Palatino\">&#8211; d\u2019assurer la gestion des dossiers des ma\u00eetres assistants pr\u00e9parant une th\u00e8se de doctorat en Sciences M\u00e9dicales (D.E.S.M).<\/span><\/p>\n<p dir=\"ltr\">\n<p dir=\"ltr\"><span style=\"color: #000000;font-size: 14pt;font-family: Book Antiqua, Palatino\">&#8211; d\u2019assurer les inscriptions et les r\u00e9inscriptions des \u00e9tudiants en DEMS et en doctorat en sciences m\u00e9dicales.<\/span><\/p>\n<p dir=\"ltr\"><span style=\"color: #000000;font-size: 14pt;font-family: Book Antiqua, Palatino\">&#8211; de d\u00e9livrer des dipl\u00f4mes (DEMS et doctorat en sciences m\u00e9dicales)<\/span><\/p>\n<p dir=\"ltr\"><span style=\"color: #000000;font-size: 14pt;font-family: Book Antiqua, Palatino\">&#8211; d\u2019Authentifier les dipl\u00f4mes.<\/span><\/p>\n<p dir=\"ltr\"><span style=\"color: #000000;font-size: 14pt;font-family: Book Antiqua, Palatino\">&#8211; de fournir toutes les informations et d\u2019\u00e9tablir les diff\u00e9rents bilans et canevas<\/span><\/p>\n<p dir=\"ltr\">\n<p dir=\"ltr\"><span style=\"color: #000000;font-size: 14pt;font-family: Book Antiqua, Palatino\">Le service du suivi des activit\u00e9s de recherche\u00a0est charg\u00e9\u00a0:<\/span><\/p>\n<p dir=\"ltr\">\n<p dir=\"ltr\"><span style=\"color: #000000;font-size: 14pt;font-family: Book Antiqua, Palatino\">&#8211; de suivre les questions li\u00e9es au d\u00e9roulement des formations sup\u00e9rieures en\u00a0post- graduation et de formation continue<\/span><\/p>\n<p dir=\"ltr\"><span style=\"color: #000000;font-size: 14pt;font-family: Book Antiqua, Palatino\">&#8211; de veiller \u00e0 l\u2019application de la r\u00e9glementation en vigueur en la mati\u00e8re.<\/span><\/p>\n<p dir=\"ltr\"><span style=\"color: #000000;font-size: 14pt;font-family: Book Antiqua, Palatino\">&#8211; de suivre les activit\u00e9s des laboratoires de recherche et en dresser le bilan.<\/span><\/p>\n<p dir=\"ltr\"><span style=\"color: #000000;font-size: 14pt;font-family: Book Antiqua, Palatino\">&#8211; de mener toute action de valorisation des r\u00e9sultats de la recherche.<\/span><\/p>\n<p dir=\"ltr\"><span style=\"color: #000000;font-size: 14pt;font-family: Book Antiqua, Palatino\">&#8211; d\u2019assurer le secr\u00e9tariat du conseil scientifique de la facult\u00e9 et en conserver les archives,<\/span><\/p>\n<p dir=\"ltr\"><span style=\"font-size: 14pt;font-family: Book Antiqua, Palatino\"><span style=\"color: #000000\">&#8211; de collecter et diffuser les informations sur les activit\u00e9s de recherche men\u00e9es par la facult\u00e9<\/span>.<\/span><\/p>\n","protected":false},"excerpt":{"rendered":"<p>Le service de suivi de la formation en post-Graduation\u00a0est charg\u00e9\u00a0: &nbsp; &#8211; de suivre le d\u00e9roulement des formations en 1\u00e8re et 2\u00e8me post-graduation (Dipl\u00f4mes d\u2019\u00e9tudes m\u00e9dicales sp\u00e9cialis\u00e9es DEMS ou Doctorat en sciences m\u00e9dicales DESM pour toute inscription et soutenance). &#8211; d\u2019assurer la gestion des dossiers des r\u00e9sidents admis au concours de r\u00e9sidanat qui pr\u00e9parent une [&hellip;]<\/p>\n","protected":false},"author":10,"featured_media":0,"parent":9511,"menu_order":0,"comment_status":"closed","ping_status":"closed","template":"elementor_header_footer","meta":{"_exactmetrics_skip_tracking":false,"_exactmetrics_sitenote_active":false,"_exactmetrics_sitenote_note":"","_exactmetrics_sitenote_category":0,"footnotes":""},"coauthors":[528,562],"class_list":["post-9547","page","type-page","status-publish","hentry"],"_links":{"self":[{"href":"http:\/\/lagh-univ.dz\/fr\/wp-json\/wp\/v2\/pages\/9547","targetHints":{"allow":["GET"]}}],"collection":[{"href":"http:\/\/lagh-univ.dz\/fr\/wp-json\/wp\/v2\/pages"}],"about":[{"href":"http:\/\/lagh-univ.dz\/fr\/wp-json\/wp\/v2\/types\/page"}],"author":[{"embeddable":true,"href":"http:\/\/lagh-univ.dz\/fr\/wp-json\/wp\/v2\/users\/10"}],"replies":[{"embeddable":true,"href":"http:\/\/lagh-univ.dz\/fr\/wp-json\/wp\/v2\/comments?post=9547"}],"version-history":[{"count":3,"href":"http:\/\/lagh-univ.dz\/fr\/wp-json\/wp\/v2\/pages\/9547\/revisions"}],"predecessor-version":[{"id":27409,"href":"http:\/\/lagh-univ.dz\/fr\/wp-json\/wp\/v2\/pages\/9547\/revisions\/27409"}],"up":[{"embeddable":true,"href":"http:\/\/lagh-univ.dz\/fr\/wp-json\/wp\/v2\/pages\/9511"}],"wp:attachment":[{"href":"http:\/\/lagh-univ.dz\/fr\/wp-json\/wp\/v2\/media?parent=9547"}],"wp:term":[{"taxonomy":"author","embeddable":true,"href":"http:\/\/lagh-univ.dz\/fr\/wp-json\/wp\/v2\/coauthors?post=9547"}],"curies":[{"name":"wp","href":"https:\/\/api.w.org\/{rel}","templated":true}]}}