{"id":9555,"date":"2018-07-18T19:37:14","date_gmt":"2018-07-18T19:37:14","guid":{"rendered":"http:\/\/lagh-univ.dz\/medcine-formation-licence\/"},"modified":"2020-02-16T10:53:53","modified_gmt":"2020-02-16T12:53:53","slug":"medcine-formation-licence","status":"publish","type":"page","link":"http:\/\/lagh-univ.dz\/fr\/medcine-faculte\/medcine-formation-licence\/","title":{"rendered":"Medcine- formation-licence"},"content":{"rendered":"<p>&nbsp;<\/p>\n<p dir=\"ltr\" style=\"text-align: center\"><span style=\"font-family: Book Antiqua, Palatino;font-size: 18pt;color: #000080\"><strong>Infrastructures et espaces<\/strong><\/span><\/p>\n<p dir=\"ltr\">\n<p dir=\"ltr\"><span style=\"font-size: 14pt;font-family: Book Antiqua, Palatino;color: #000000\">La facult\u00e9 de m\u00e9decine de la wilaya de Laghouat a \u00e9t\u00e9 r\u00e9ceptionn\u00e9e et \u00e9quip\u00e9e en 2014, elle est inaugur\u00e9e officiellement en janvier 2016.<\/span><\/p>\n<p><span style=\"font-size: 14pt;font-family: arabic-kufi;color: #000000\"><img fetchpriority=\"high\" decoding=\"async\" class=\"wp-image-25572 alignright\" src=\"http:\/\/lagh-univ.dz\/wp-content\/uploads\/2020\/02\/plan-med-300x232.jpg\" alt=\"\" width=\"446\" height=\"345\" srcset=\"http:\/\/lagh-univ.dz\/wp-content\/uploads\/2020\/02\/plan-med-300x232.jpg 300w, http:\/\/lagh-univ.dz\/wp-content\/uploads\/2020\/02\/plan-med-768x593.jpg 768w, http:\/\/lagh-univ.dz\/wp-content\/uploads\/2020\/02\/plan-med-1024x791.jpg 1024w, http:\/\/lagh-univ.dz\/wp-content\/uploads\/2020\/02\/plan-med.jpg 1090w\" sizes=\"(max-width: 446px) 100vw, 446px\" \/><\/span><\/p>\n<p dir=\"ltr\"><span style=\"font-size: 14pt;font-family: Book Antiqua, Palatino;color: #000000\">Elle est compos\u00e9e de locaux neufs r\u00e9partir en\u00a0:<\/span><\/p>\n<p dir=\"ltr\"><span style=\"font-size: 14pt;font-family: Book Antiqua, Palatino;color: #000000\">&#8211; <strong><span style=\"color: #008000\">02<\/span> <\/strong>blocs p\u00e9dagogiques avec des espaces de bureaux<\/span><\/p>\n<p dir=\"ltr\"><span style=\"font-size: 14pt;font-family: Book Antiqua, Palatino;color: #000000\">&#8211; <strong><span style=\"color: #008000\">02<\/span><\/strong> blocs administratifs<\/span><\/p>\n<p dir=\"ltr\"><span style=\"font-size: 14pt;font-family: Book Antiqua, Palatino;color: #000000\">&#8211; <span style=\"color: #008000\"><strong>04<\/strong><\/span> amphith\u00e9\u00e2tres<\/span><\/p>\n<p dir=\"ltr\"><span style=\"font-size: 14pt;font-family: Book Antiqua, Palatino;color: #000000\">&#8211; <strong><span style=\"color: #008000\">01<\/span> <\/strong>biblioth\u00e8que de facult\u00e9 <strong>500<\/strong> places<\/span><\/p>\n<p dir=\"ltr\"><span style=\"font-size: 14pt;font-family: Book Antiqua, Palatino;color: #000000\">&#8211; <span style=\"color: #008000\"><strong>01<\/strong><\/span>\u00a0 bloc des laboratoires des travaux pratiques<\/span><\/p>\n<p dir=\"ltr\"><span style=\"font-size: 14pt;font-family: Book Antiqua, Palatino;color: #000000\">&#8211;<span style=\"color: #008000\"><strong> 01<\/strong><\/span> salon d\u2019honneur<\/span><\/p>\n<p dir=\"ltr\"><span style=\"font-size: 14pt;font-family: Book Antiqua, Palatino;color: #800000\"><strong>Capacit\u00e9s d\u2019accueil<\/strong><\/span><\/p>\n<p dir=\"ltr\"><span style=\"font-size: 14pt;font-family: Book Antiqua, Palatino;color: #000000\">&#8211;<span style=\"color: #800000\"><strong>03<\/strong><\/span> amphith\u00e9\u00e2tres de\u00a0<strong><span style=\"color: #800000\"> 200<\/span><\/strong> places<\/span><\/p>\n<p dir=\"ltr\"><span style=\"font-size: 14pt;font-family: Book Antiqua, Palatino;color: #000000\">&#8211;<strong><span style=\"color: #800000\">01<\/span><\/strong> salle de conf\u00e9rences de <span style=\"color: #800000\"><strong>160<\/strong><\/span> places<\/span><\/p>\n<p dir=\"ltr\"><span style=\"font-size: 14pt;font-family: Book Antiqua, Palatino;color: #000000\">&#8211; <strong><span style=\"color: #800000\">07<\/span> <\/strong>salles de conf\u00e9rences polyvalentes (soutenance, ateliers, conf\u00e9rences\u2026.) de <span style=\"color: #800000\"><strong>50<\/strong><\/span> places<\/span><\/p>\n<p dir=\"ltr\"><span style=\"font-size: 14pt;font-family: Book Antiqua, Palatino;color: #000000\">&#8211; <strong><span style=\"color: #800000\">04<\/span><\/strong> salles de lecture<\/span><\/p>\n<p dir=\"ltr\"><span style=\"font-size: 14pt;font-family: Book Antiqua, Palatino;color: #000000\">&#8211; <strong><span style=\"color: #800000\">01<\/span><\/strong> salle des expositions<\/span><\/p>\n<p dir=\"ltr\"><span style=\"font-size: 14pt;font-family: Book Antiqua, Palatino;color: #000000\">&#8211; <strong><span style=\"color: #800000\">01<\/span><\/strong> espace internet et informatique 60 places<\/span><\/p>\n<p><img decoding=\"async\" class=\" wp-image-25659 aligncenter\" src=\"http:\/\/lagh-univ.dz\/wp-content\/uploads\/2020\/02\/\u0647\u064a\u0627\u0643\u0644-1-300x212.png\" alt=\"\" width=\"770\" height=\"544\" srcset=\"http:\/\/lagh-univ.dz\/wp-content\/uploads\/2020\/02\/\u0647\u064a\u0627\u0643\u0644-1-300x212.png 300w, http:\/\/lagh-univ.dz\/wp-content\/uploads\/2020\/02\/\u0647\u064a\u0627\u0643\u0644-1-768x543.png 768w, http:\/\/lagh-univ.dz\/wp-content\/uploads\/2020\/02\/\u0647\u064a\u0627\u0643\u0644-1-1024x724.png 1024w\" sizes=\"(max-width: 770px) 100vw, 770px\" \/><\/p>\n<p dir=\"ltr\"><span style=\"font-size: 14pt;font-family: Book Antiqua, Palatino;color: #000000\">&#8211; <strong><span style=\"color: #800000\">01<\/span><\/strong> laboratoire multim\u00e9dia et langues<\/span><\/p>\n<p dir=\"ltr\"><span style=\"font-size: 14pt;font-family: Book Antiqua, Palatino;color: #000000\">&#8211; <strong><span style=\"color: #800000\">18<\/span><\/strong> salles de travaux pratiques<\/span><\/p>\n<p dir=\"ltr\"><span style=\"font-size: 14pt;font-family: Book Antiqua, Palatino;color: #000000\">&#8211; <span style=\"color: #800000\"><strong>16<\/strong><\/span> salles de cours<\/span><\/p>\n<p dir=\"ltr\"><span style=\"font-size: 14pt;font-family: Book Antiqua, Palatino;color: #000000\">&#8211; <strong><span style=\"color: #800000\">04<\/span><\/strong> salles d\u2019archives<\/span><\/p>\n<p dir=\"ltr\"><span style=\"font-size: 14pt;font-family: Book Antiqua, Palatino;color: #000000\">&#8211; <span style=\"color: #800000\"><strong>76<\/strong><\/span> bureaux<\/span><\/p>\n<p dir=\"ltr\"><strong><span style=\"color: #008000\"><span style=\"font-size: 14pt;font-family: Book Antiqua, Palatino\">&#8211; Une infirmerie (bureau m\u00e9decin, bureau dentiste, laboratoire des analyses m\u00e9dicales<\/span>\u2026<\/span><\/strong><\/p>\n<p>&nbsp;<\/p>\n<p><img decoding=\"async\" class=\"wp-image-25699 aligncenter\" src=\"http:\/\/lagh-univ.dz\/wp-content\/uploads\/2020\/02\/\u0647\u064a\u0627\u0643\u0644-2-1-300x212.png\" alt=\"\" width=\"758\" height=\"536\" srcset=\"http:\/\/lagh-univ.dz\/wp-content\/uploads\/2020\/02\/\u0647\u064a\u0627\u0643\u0644-2-1-300x212.png 300w, http:\/\/lagh-univ.dz\/wp-content\/uploads\/2020\/02\/\u0647\u064a\u0627\u0643\u0644-2-1-768x543.png 768w, http:\/\/lagh-univ.dz\/wp-content\/uploads\/2020\/02\/\u0647\u064a\u0627\u0643\u0644-2-1-1024x724.png 1024w\" sizes=\"(max-width: 758px) 100vw, 758px\" \/><\/p>\n<p>&nbsp;<\/p>\n","protected":false},"excerpt":{"rendered":"<p>&nbsp; Infrastructures et espaces La facult\u00e9 de m\u00e9decine de la wilaya de Laghouat a \u00e9t\u00e9 r\u00e9ceptionn\u00e9e et \u00e9quip\u00e9e en 2014, elle est inaugur\u00e9e officiellement en janvier 2016. Elle est compos\u00e9e de locaux neufs r\u00e9partir en\u00a0: &#8211; 02 blocs p\u00e9dagogiques avec des espaces de bureaux &#8211; 02 blocs administratifs &#8211; 04 amphith\u00e9\u00e2tres &#8211; 01 biblioth\u00e8que de [&hellip;]<\/p>\n","protected":false},"author":10,"featured_media":0,"parent":9511,"menu_order":0,"comment_status":"closed","ping_status":"closed","template":"elementor_header_footer","meta":{"_exactmetrics_skip_tracking":false,"_exactmetrics_sitenote_active":false,"_exactmetrics_sitenote_note":"","_exactmetrics_sitenote_category":0,"footnotes":""},"coauthors":[528,562],"class_list":["post-9555","page","type-page","status-publish","hentry"],"_links":{"self":[{"href":"http:\/\/lagh-univ.dz\/fr\/wp-json\/wp\/v2\/pages\/9555","targetHints":{"allow":["GET"]}}],"collection":[{"href":"http:\/\/lagh-univ.dz\/fr\/wp-json\/wp\/v2\/pages"}],"about":[{"href":"http:\/\/lagh-univ.dz\/fr\/wp-json\/wp\/v2\/types\/page"}],"author":[{"embeddable":true,"href":"http:\/\/lagh-univ.dz\/fr\/wp-json\/wp\/v2\/users\/10"}],"replies":[{"embeddable":true,"href":"http:\/\/lagh-univ.dz\/fr\/wp-json\/wp\/v2\/comments?post=9555"}],"version-history":[{"count":8,"href":"http:\/\/lagh-univ.dz\/fr\/wp-json\/wp\/v2\/pages\/9555\/revisions"}],"predecessor-version":[{"id":27416,"href":"http:\/\/lagh-univ.dz\/fr\/wp-json\/wp\/v2\/pages\/9555\/revisions\/27416"}],"up":[{"embeddable":true,"href":"http:\/\/lagh-univ.dz\/fr\/wp-json\/wp\/v2\/pages\/9511"}],"wp:attachment":[{"href":"http:\/\/lagh-univ.dz\/fr\/wp-json\/wp\/v2\/media?parent=9555"}],"wp:term":[{"taxonomy":"author","embeddable":true,"href":"http:\/\/lagh-univ.dz\/fr\/wp-json\/wp\/v2\/coauthors?post=9555"}],"curies":[{"name":"wp","href":"https:\/\/api.w.org\/{rel}","templated":true}]}}