{"id":9557,"date":"2018-07-18T19:40:50","date_gmt":"2018-07-18T19:40:50","guid":{"rendered":"http:\/\/lagh-univ.dz\/medcine-formation-master\/"},"modified":"2020-02-13T09:28:50","modified_gmt":"2020-02-13T11:28:50","slug":"medcine-formation-master","status":"publish","type":"page","link":"http:\/\/lagh-univ.dz\/fr\/medcine-faculte\/medcine-formation-master\/","title":{"rendered":"Medcine- formation-master"},"content":{"rendered":"<p><span style=\"font-size: 14pt; color: #000080;\"><strong><span style=\"font-family: arabic-kufi;\">\u00a0\u00a0\u00a0<\/span><\/strong><\/span><\/p>\n<p dir=\"ltr\" style=\"text-align: center;\"><span style=\"font-family: Book Antiqua, Palatino; font-size: 14pt;\"><strong><span style=\"font-size: 18pt; color: #000080;\">La biblioth\u00e8que <\/span><br \/>\n<\/strong><\/span><\/p>\n<p dir=\"ltr\" style=\"text-align: left;\"><span style=\"font-family: Book Antiqua, Palatino; font-size: 14pt;\">\u00a0\u00a0\u00a0\u00a0\u00a0\u00a0<span style=\"color: #000000;\"> Ouvert en<span style=\"color: #800000;\"><strong> 2014<\/strong><\/span>, la biblioth\u00e8que de la facult\u00e9 de m\u00e9decine de l\u2019universit\u00e9 de Amar Telidji de Laghouat est situ\u00e9e sur le nouveau campus .Elle rassemble les \u00e9tudiants, enseignant, chercheurs et personnel de la facult\u00e9 \u00a0de M\u00e9decine de l\u2019universit\u00e9. Le fonds documentaire est compos\u00e9 d\u2019ouvrages de sciences m\u00e9dicales (m\u00e9decine et sciences infirmi\u00e8res) et physique, chimie, math\u00e9matique r\u00e9partis en ouvrages, dictionnaire et encyclop\u00e9dies .Les enseignes et les \u00e9tudiants de la facult\u00e9 sont les usagers essentiel de la biblioth\u00e8que ainsi que des \u00e9tudiants d\u2019autres facult\u00e9s effectuant des travaux de recherches en relation avec la sant\u00e9.<\/span><\/span><\/p>\n<p><img fetchpriority=\"high\" decoding=\"async\" class=\"wp-image-25801 aligncenter\" src=\"http:\/\/lagh-univ.dz\/wp-content\/uploads\/2020\/02\/20200213_113611-300x169.jpg\" alt=\"\" width=\"527\" height=\"297\" srcset=\"http:\/\/lagh-univ.dz\/wp-content\/uploads\/2020\/02\/20200213_113611-300x169.jpg 300w, http:\/\/lagh-univ.dz\/wp-content\/uploads\/2020\/02\/20200213_113611-768x432.jpg 768w, http:\/\/lagh-univ.dz\/wp-content\/uploads\/2020\/02\/20200213_113611-1024x576.jpg 1024w, http:\/\/lagh-univ.dz\/wp-content\/uploads\/2020\/02\/20200213_113611-1062x596.jpg 1062w, http:\/\/lagh-univ.dz\/wp-content\/uploads\/2020\/02\/20200213_113611-770x433.jpg 770w, http:\/\/lagh-univ.dz\/wp-content\/uploads\/2020\/02\/20200213_113611-243x137.jpg 243w, http:\/\/lagh-univ.dz\/wp-content\/uploads\/2020\/02\/20200213_113611-171x96.jpg 171w\" sizes=\"(max-width: 527px) 100vw, 527px\" \/><\/p>\n<p>&nbsp;<\/p>\n<p><span style=\"color: #000000; font-family: arabic-kufi; font-size: 14pt;\">\u00a0\u00a0<\/span><\/p>\n<p dir=\"ltr\"><span style=\"font-size: 14pt; color: #000000; font-family: Book Antiqua, Palatino;\">La biblioth\u00e8que dispose de plus de<strong><span style=\"color: #800000;\"> 500<\/span><\/strong> place assises, repartes comme suivant\u00a0:<\/span><\/p>\n<p dir=\"ltr\"><span style=\"font-size: 14pt; color: #008000; font-family: Book Antiqua, Palatino;\"><strong>Rez-de-chauss\u00e9e\u00a0:<\/strong><\/span><\/p>\n<p dir=\"ltr\"><span style=\"font-size: 14pt; color: #000000; font-family: Book Antiqua, Palatino;\">-salle de lecture 196 places \u00a0\u00a0<\/span><\/p>\n<p dir=\"ltr\"><span style=\"font-size: 14pt; color: #000000; font-family: Book Antiqua, Palatino;\">-01 salle multim\u00e9dia<\/span><\/p>\n<p dir=\"ltr\"><span style=\"font-size: 14pt; color: #000000; font-family: Book Antiqua, Palatino;\">&#8211; sale d\u2019internet<\/span><\/p>\n<p dir=\"ltr\"><span style=\"font-size: 14pt; color: #800000; font-family: Book Antiqua, Palatino;\"><strong>1<sup>er<\/sup> \u00e9tage\u00a0:<\/strong><\/span><\/p>\n<p dir=\"ltr\"><span style=\"font-size: 14pt; color: #000000; font-family: Book Antiqua, Palatino;\">&#8211; salle de lecture de 304 places<\/span><\/p>\n<p dir=\"ltr\"><span style=\"font-size: 14pt; color: #000000; font-family: Book Antiqua, Palatino;\">\u00a0&#8211; une banque de pr\u00eat.<\/span><\/p>\n<p dir=\"ltr\"><span style=\"font-size: 14pt; color: #000000; font-family: Book Antiqua, Palatino;\">&#8211;\u00a0 magasins de stockage.<\/span><\/p>\n<p dir=\"ltr\"><span style=\"font-size: 14pt; color: #000000; font-family: Book Antiqua, Palatino;\">&#8211; Un(1) espace de recherche bibliographique<\/span><\/p>\n<p dir=\"ltr\"><span style=\"font-size: 14pt; color: #000000; font-family: Book Antiqua, Palatino;\">&#8211; connexion Internet pour l\u2019acc\u00e8s aux ressources en lignes<\/span><\/p>\n<p dir=\"ltr\"><span style=\"font-size: 14pt; color: #000000; font-family: Book Antiqua, Palatino;\">&#8211; service de gestion de fonds documentaire<\/span><\/p>\n<p dir=\"ltr\"><span style=\"font-size: 14pt; color: #000000; font-family: Book Antiqua, Palatino;\">&#8211; service d&rsquo;orientation et de recherche bibliographique<\/span><\/p>\n<p dir=\"ltr\"><span style=\"font-size: 14pt; color: #008000; font-family: Book Antiqua, Palatino;\"><strong>2\u00e9me \u00e9tage\u00a0:<\/strong><\/span><\/p>\n<p dir=\"ltr\"><span style=\"font-size: 14pt; color: #000000; font-family: Book Antiqua, Palatino;\">2 Salles de lecture plus l\u2019Administration.<\/span><\/p>\n<p>&nbsp;<\/p>\n<p><img decoding=\"async\" class=\" wp-image-25832 aligncenter\" src=\"http:\/\/lagh-univ.dz\/wp-content\/uploads\/2020\/02\/\u0645\u0643\u062a\u0628\u0629-1-300x212.png\" alt=\"\" width=\"713\" height=\"503\" srcset=\"http:\/\/lagh-univ.dz\/wp-content\/uploads\/2020\/02\/\u0645\u0643\u062a\u0628\u0629-1-300x212.png 300w, http:\/\/lagh-univ.dz\/wp-content\/uploads\/2020\/02\/\u0645\u0643\u062a\u0628\u0629-1-768x543.png 768w, http:\/\/lagh-univ.dz\/wp-content\/uploads\/2020\/02\/\u0645\u0643\u062a\u0628\u0629-1-1024x724.png 1024w\" sizes=\"(max-width: 713px) 100vw, 713px\" \/><\/p>\n<div class=\"oSioSc\">\n<div id=\"tw-target\">\n<div id=\"kAz1tf\" class=\"g9WsWb\">\n<div id=\"tw-target-text-container\" class=\"tw-ta-container tw-nfl\">\n<pre class=\"tw-data-text tw-text-large tw-ta\" data-placeholder=\"Traduction\"><span lang=\"fr\"><strong><span style=\"font-size: 14pt; font-family: Book Antiqua, Palatino; color: #008000;\">Solde documentaire de la biblioth\u00e8que:<\/span><\/strong>\r\n\r\n<\/span><\/pre>\n<div class=\"QmZWSe\">\n<div class=\"DHcWmd\"><img decoding=\"async\" class=\" wp-image-25861 aligncenter\" src=\"http:\/\/lagh-univ.dz\/wp-content\/uploads\/2020\/02\/Exemplaire-iblio-1-300x175.jpg\" alt=\"\" width=\"678\" height=\"395\" srcset=\"http:\/\/lagh-univ.dz\/wp-content\/uploads\/2020\/02\/Exemplaire-iblio-1-300x175.jpg 300w, http:\/\/lagh-univ.dz\/wp-content\/uploads\/2020\/02\/Exemplaire-iblio-1-768x448.jpg 768w, http:\/\/lagh-univ.dz\/wp-content\/uploads\/2020\/02\/Exemplaire-iblio-1.jpg 923w\" sizes=\"(max-width: 678px) 100vw, 678px\" \/><\/div>\n<\/div>\n<div class=\"oSioSc\">\n<div id=\"tw-target\">\n<div id=\"kAz1tf\" class=\"g9WsWb\">\n<div id=\"tw-target-text-container\" class=\"tw-ta-container tw-nfl\">\n<pre id=\"tw-target-text\" class=\"tw-data-text tw-text-large tw-ta\" data-placeholder=\"Traduction\"><span lang=\"fr\">\u00a0<\/span><\/pre>\n<\/div>\n<\/div>\n<\/div>\n<\/div>\n<pre id=\"tw-target-text\" class=\"tw-data-text tw-text-large tw-ta\" data-placeholder=\"Traduction\"><span style=\"font-size: 14pt; font-family: Book Antiqua, Palatino; color: #000000;\"><strong><span lang=\"fr\">Temps de travail de la biblioth\u00e8que:\r\n\r\n        \u221a Ouverture: de<span style=\"color: #008000;\"> 8 h 00<\/span> \u00e0<span style=\"color: #008000;\"> 16 h 30<\/span><\/span><\/strong><\/span><\/pre>\n<\/div>\n<\/div>\n<\/div>\n<\/div>\n<p>&nbsp;<\/p>\n<p>&nbsp;<\/p>\n<p>&nbsp;<\/p>\n<p>&nbsp;<\/p>\n","protected":false},"excerpt":{"rendered":"<p>\u00a0\u00a0\u00a0 La biblioth\u00e8que \u00a0\u00a0\u00a0\u00a0\u00a0\u00a0 Ouvert en 2014, la biblioth\u00e8que de la facult\u00e9 de m\u00e9decine de l\u2019universit\u00e9 de Amar Telidji de Laghouat est situ\u00e9e sur le nouveau campus .Elle rassemble les \u00e9tudiants, enseignant, chercheurs et personnel de la facult\u00e9 \u00a0de M\u00e9decine de l\u2019universit\u00e9. Le fonds documentaire est compos\u00e9 d\u2019ouvrages de sciences m\u00e9dicales (m\u00e9decine et sciences infirmi\u00e8res) [&hellip;]<\/p>\n","protected":false},"author":10,"featured_media":0,"parent":9511,"menu_order":0,"comment_status":"closed","ping_status":"closed","template":"elementor_header_footer","meta":{"_exactmetrics_skip_tracking":false,"_exactmetrics_sitenote_active":false,"_exactmetrics_sitenote_note":"","_exactmetrics_sitenote_category":0,"footnotes":""},"coauthors":[528],"class_list":["post-9557","page","type-page","status-publish","hentry"],"_links":{"self":[{"href":"http:\/\/lagh-univ.dz\/fr\/wp-json\/wp\/v2\/pages\/9557","targetHints":{"allow":["GET"]}}],"collection":[{"href":"http:\/\/lagh-univ.dz\/fr\/wp-json\/wp\/v2\/pages"}],"about":[{"href":"http:\/\/lagh-univ.dz\/fr\/wp-json\/wp\/v2\/types\/page"}],"author":[{"embeddable":true,"href":"http:\/\/lagh-univ.dz\/fr\/wp-json\/wp\/v2\/users\/10"}],"replies":[{"embeddable":true,"href":"http:\/\/lagh-univ.dz\/fr\/wp-json\/wp\/v2\/comments?post=9557"}],"version-history":[{"count":8,"href":"http:\/\/lagh-univ.dz\/fr\/wp-json\/wp\/v2\/pages\/9557\/revisions"}],"predecessor-version":[{"id":25973,"href":"http:\/\/lagh-univ.dz\/fr\/wp-json\/wp\/v2\/pages\/9557\/revisions\/25973"}],"up":[{"embeddable":true,"href":"http:\/\/lagh-univ.dz\/fr\/wp-json\/wp\/v2\/pages\/9511"}],"wp:attachment":[{"href":"http:\/\/lagh-univ.dz\/fr\/wp-json\/wp\/v2\/media?parent=9557"}],"wp:term":[{"taxonomy":"author","embeddable":true,"href":"http:\/\/lagh-univ.dz\/fr\/wp-json\/wp\/v2\/coauthors?post=9557"}],"curies":[{"name":"wp","href":"https:\/\/api.w.org\/{rel}","templated":true}]}}