{"id":9559,"date":"2018-07-18T19:42:41","date_gmt":"2018-07-18T19:42:41","guid":{"rendered":"http:\/\/lagh-univ.dz\/medcine-formation-doctorat\/"},"modified":"2020-02-15T11:22:48","modified_gmt":"2020-02-15T13:22:48","slug":"medcine-formation-doctorat","status":"publish","type":"page","link":"http:\/\/lagh-univ.dz\/fr\/medcine-faculte\/medcine-formation-doctorat\/","title":{"rendered":"Medcine- formation-doctorat"},"content":{"rendered":"<p dir=\"ltr\" style=\"text-align: center\"><span style=\"font-size: 18pt;font-family: Book Antiqua, Palatino;color: #000080\"><strong>Formation<\/strong><\/span><\/p>\n<p dir=\"ltr\"><span style=\"font-size: 14pt;font-family: Book Antiqua, Palatino;color: #000000\"><strong>\u00a0<\/strong><\/span><\/p>\n<p dir=\"ltr\"><span style=\"color: #008000\"><strong><span style=\"font-size: 14pt;font-family: Book Antiqua, Palatino\">Docteur en m\u00e9decine<\/span><\/strong><\/span><\/p>\n<p dir=\"ltr\"><span style=\"font-size: 14pt;font-family: Book Antiqua, Palatino;color: #000000\">Fili\u00e8re du Syst\u00e8me classique:\u00a0 07 ann\u00e9es d\u2019\u00e9tudes<\/span><\/p>\n<p dir=\"ltr\">\n<p dir=\"ltr\"><span style=\"font-size: 14pt;font-family: Book Antiqua, Palatino;color: #800000\">CYCLE PR\u00c9-CLINQUE (1\u00e8re, 2\u00e8me, et 3\u00e8me\u00a0ann\u00e9es de m\u00e9decine)<\/span><\/p>\n<p dir=\"ltr\">\n<ul>\n<li><span style=\"font-size: 14pt;font-family: Book Antiqua, Palatino;color: #000000\">R\u00e9gies\u00a0 par \u00a0le syst\u00e8me \u00a0annuel, \u00a0compensatoire\u00a0\u00a0 \u00a0organis\u00e9\u00a0 \u00a0en \u00a0deux \u00a0sessions: Session de juin \u00a0normale \u00a0et la session de rattrapage \u00a0en septembre \u00a0.<\/span><\/li>\n<\/ul>\n<p dir=\"ltr\">\n<p dir=\"ltr\"><span style=\"font-size: 14pt;font-family: Book Antiqua, Palatino;color: #000000\">-Chaque \u00a0module \u00a0comporte:\u00a0<\/span><\/p>\n<p dir=\"ltr\"><span style=\"font-size: 14pt;font-family: Book Antiqua, Palatino;color: #000000\">-Stage \u00a0hospitalier:\u00a0\u00a0 \u00a0tous \u00a0les matins \u00a0dans les services hospitaliers\u00a0 \u00a0agr\u00e9es \u00a0par le\u00a0CP\u00a0<\/span><\/p>\n<p dir=\"ltr\"><span style=\"font-size: 14pt;font-family: Book Antiqua, Palatino;color: #000000\">-Garde d&rsquo;urgence\u00a0<\/span><\/p>\n<p dir=\"ltr\"><span style=\"font-size: 14pt;font-family: Book Antiqua, Palatino;color: #000000\">-Enseignement\u00a0 \u00a0th\u00e9orique\u00a0 \u00a0(Apr\u00e8s-midi)\u00a0<\/span><\/p>\n<p dir=\"ltr\"><span style=\"font-size: 14pt;font-family: Book Antiqua, Palatino;color: #000000\">-Orqanes p\u00e9dagogiques:<\/span><\/p>\n<p dir=\"ltr\">\n<p dir=\"ltr\"><span style=\"font-size: 14pt;font-family: Book Antiqua, Palatino;color: #000000\">-Cornit\u00e9 \u00a0p\u00e9dagogique\u00a0 \u00a0de module:\u00a0 \u00a0assure le planning \u00a0des enseignantes \u00a0et des \u00e9valuations\u00a0 \u00a0de l&rsquo;ann\u00e9e \u00a0participent\u00a0 \u00a0aux d\u00e9cisions \u00a0p\u00e9dagogiques.\u00a0<\/span><\/p>\n<p dir=\"ltr\"><span style=\"font-size: 14pt;font-family: Book Antiqua, Palatino;color: #000000\">-Comit\u00e9 \u00a0p\u00e9dagogique\u00a0 \u00a0de coordination:\u00a0\u00a0\u00a0 \u00a0se compose \u00a0des pr\u00e9sidents \u00a0de CP des\u00a0modules\u00a0<\/span><\/p>\n<p dir=\"ltr\">\n<p dir=\"ltr\"><span style=\"font-size: 14pt;font-family: Book Antiqua, Palatino;color: #008000\">CYCLECLINQUE (4\u00e9me, 5\u00a0\u00e9me\u00a0et 6\u00e9me\u00a0ann\u00e9e de m\u00e9decine)<\/span><\/p>\n<p dir=\"ltr\">\n<p dir=\"ltr\"><span style=\"font-size: 14pt;font-family: Book Antiqua, Palatino;color: #000000\">-Les cours sont \u00a0magistraux;<\/span><\/p>\n<p dir=\"ltr\"><span style=\"font-size: 14pt;font-family: Book Antiqua, Palatino;color: #000000\">-Stage pratique \u00a0au sein des diff\u00e9rents \u00a0services du CHU;<\/span><\/p>\n<p dir=\"ltr\"><span style=\"font-size: 14pt;font-family: Book Antiqua, Palatino;color: #000000\">-La progression \u00a0est annuelle, \u00a0non compensatoire,\u00a0 \u00a0l&rsquo;\u00e9valuation\u00a0 \u00a0est modulaire;<\/span><\/p>\n<p dir=\"ltr\"><span style=\"font-size: 14pt;font-family: Book Antiqua, Palatino;color: #000000\">-Le passage d&rsquo;une \u00a0ann\u00e9e \u00a0p\u00e9dagogique\u00a0 \u00a0\u00e0 une ann\u00e9e \u00a0sup\u00e9rieure \u00a0ob\u00e9it \u00a0au r\u00e8gle- ment \u00a0r\u00e9gissant\u00a0 \u00a0le syst\u00e8me \u00a0d&rsquo;enseignement\u00a0\u00a0\u00a0\u00a0 qui \u00a0stipule\u00a0 \u00a0que \u00a0les r\u00e9sultats\u00a0 \u00a0de l&rsquo;\u00e9tudiant\u00a0 \u00a0ne doivent \u00a0pas exc\u00e9der douze(12) \u00a0semaines de cr\u00e9dits \u00a0par ann\u00e9e.<\/span><\/p>\n<p dir=\"ltr\">\n<p dir=\"ltr\"><span style=\"font-size: 14pt;font-family: Book Antiqua, Palatino;color: #008000\">L&rsquo;INTERNAT (7\u00e8me ann\u00e9e m\u00e9decine)<\/span><\/p>\n<p dir=\"ltr\">\n<p dir=\"ltr\"><span style=\"font-size: 14pt;font-family: Book Antiqua, Palatino;color: #000000\">l&rsquo;internat\u00a0 \u00a0est constitu\u00e9\u00a0 \u00a0de quatre \u00a0(04) terrains \u00a0de stage:<\/span><\/p>\n<ol>\n<li><span style=\"font-size: 14pt;font-family: Book Antiqua, Palatino;color: #000000\">M\u00e9decine \u00a003 mois.<\/span><\/li>\n<li><span style=\"font-size: 14pt;font-family: Book Antiqua, Palatino;color: #000000\">Chirurgie \u00a003 mois.<\/span><\/li>\n<li><span style=\"font-size: 14pt;font-family: Book Antiqua, Palatino;color: #000000\">Gyn\u00e9cologie\u00a0 \u00a003 mois.<\/span><\/li>\n<li><span style=\"font-size: 14pt;font-family: Book Antiqua, Palatino;color: #000000\">P\u00e9diatrie \u00a003 mois.<\/span><\/li>\n<\/ol>\n<p dir=\"ltr\"><span style=\"font-size: 14pt;font-family: Book Antiqua, Palatino;color: #000000\">Le stage d&rsquo;internat\u00a0 \u00a0est obligatoire.\u00a0 \u00a0Sa dur\u00e9e est d&rsquo;une \u00a0ann\u00e9e, incluant \u00a0un cong\u00e9 de d\u00e9tente \u00a0d&rsquo;un \u00a0mois.<\/span><\/p>\n<p dir=\"ltr\"><span style=\"font-size: 14pt;font-family: Book Antiqua, Palatino;color: #000000\">Le stage \u00a0interne\u00a0 \u00a0est \u00a0ouvert\u00a0 \u00a0aux \u00a0\u00e9tudiants\u00a0\u00a0 \u00a0ayant\u00a0 \u00a0valid\u00e9s\u00a0 \u00a0\u00e0 l&rsquo;ensemble\u00a0 \u00a0des\u00a0pr\u00e9vues dans le cursus de la graduation.<\/span><\/p>\n<p dir=\"ltr\"><span style=\"font-size: 14pt;font-family: Book Antiqua, Palatino;color: #000000\">Le stagiaire \u00a0de fin d&rsquo;\u00e9tudes \u00a0en m\u00e9decine \u00a0prend \u00a0le nom \u00a0d&rsquo;interne\u00a0 \u00a0en m\u00e9decine.<\/span><\/p>\n<p dir=\"ltr\"><span style=\"font-size: 14pt;font-family: Book Antiqua, Palatino;color: #000000\">\u00c0 l&rsquo;issue de l&rsquo;internat,\u00a0 \u00a0l&rsquo;\u00e9tudiant\u00a0 \u00a0doit \u00a0pr\u00e9senter \u00a0un travail \u00a0personnel \u00a0d&rsquo;initiation\u00a0\u00e0 la recherche:\u00a0 \u00a0Le M\u00e9moire.\u00a0 \u00a0Le stage interne \u00a0est accompli \u00a0dans toute \u00a0les struc\u00adtures sanitaires \u00a0agr\u00e9ent \u00a0par le comit\u00e9 \u00a0p\u00e9dagogique\u00a0 \u00a0du stage interne<\/span>.<\/p>\n<p>&nbsp;<\/p>\n<p>&nbsp;<\/p>\n<p dir=\"ltr\"><span style=\"font-size: 14pt;font-family: Book Antiqua, Palatino;color: #800000\">RESIDANAT<\/span><\/p>\n<p dir=\"ltr\"><span style=\"font-size: 14pt;font-family: Book Antiqua, Palatino;color: #000000\">Les Postes de R\u00e9sidanat seront lanc\u00e9s en 2021\/2022<\/span><\/p>\n<p dir=\"ltr\">\n<p>&nbsp;<\/p>\n<p>&nbsp;<\/p>\n<p>&nbsp;<\/p>\n","protected":false},"excerpt":{"rendered":"<p>Formation \u00a0 Docteur en m\u00e9decine Fili\u00e8re du Syst\u00e8me classique:\u00a0 07 ann\u00e9es d\u2019\u00e9tudes CYCLE PR\u00c9-CLINQUE (1\u00e8re, 2\u00e8me, et 3\u00e8me\u00a0ann\u00e9es de m\u00e9decine) R\u00e9gies\u00a0 par \u00a0le syst\u00e8me \u00a0annuel, \u00a0compensatoire\u00a0\u00a0 \u00a0organis\u00e9\u00a0 \u00a0en \u00a0deux \u00a0sessions: Session de juin \u00a0normale \u00a0et la session de rattrapage \u00a0en septembre \u00a0. -Chaque \u00a0module \u00a0comporte:\u00a0 -Stage \u00a0hospitalier:\u00a0\u00a0 \u00a0tous \u00a0les matins \u00a0dans les services hospitaliers\u00a0 \u00a0agr\u00e9es [&hellip;]<\/p>\n","protected":false},"author":10,"featured_media":0,"parent":9511,"menu_order":0,"comment_status":"closed","ping_status":"closed","template":"elementor_header_footer","meta":{"_exactmetrics_skip_tracking":false,"_exactmetrics_sitenote_active":false,"_exactmetrics_sitenote_note":"","_exactmetrics_sitenote_category":0,"footnotes":""},"coauthors":[528,562],"class_list":["post-9559","page","type-page","status-publish","hentry"],"_links":{"self":[{"href":"http:\/\/lagh-univ.dz\/fr\/wp-json\/wp\/v2\/pages\/9559","targetHints":{"allow":["GET"]}}],"collection":[{"href":"http:\/\/lagh-univ.dz\/fr\/wp-json\/wp\/v2\/pages"}],"about":[{"href":"http:\/\/lagh-univ.dz\/fr\/wp-json\/wp\/v2\/types\/page"}],"author":[{"embeddable":true,"href":"http:\/\/lagh-univ.dz\/fr\/wp-json\/wp\/v2\/users\/10"}],"replies":[{"embeddable":true,"href":"http:\/\/lagh-univ.dz\/fr\/wp-json\/wp\/v2\/comments?post=9559"}],"version-history":[{"count":5,"href":"http:\/\/lagh-univ.dz\/fr\/wp-json\/wp\/v2\/pages\/9559\/revisions"}],"predecessor-version":[{"id":26794,"href":"http:\/\/lagh-univ.dz\/fr\/wp-json\/wp\/v2\/pages\/9559\/revisions\/26794"}],"up":[{"embeddable":true,"href":"http:\/\/lagh-univ.dz\/fr\/wp-json\/wp\/v2\/pages\/9511"}],"wp:attachment":[{"href":"http:\/\/lagh-univ.dz\/fr\/wp-json\/wp\/v2\/media?parent=9559"}],"wp:term":[{"taxonomy":"author","embeddable":true,"href":"http:\/\/lagh-univ.dz\/fr\/wp-json\/wp\/v2\/coauthors?post=9559"}],"curies":[{"name":"wp","href":"https:\/\/api.w.org\/{rel}","templated":true}]}}