{"id":9567,"date":"2019-01-24T14:42:40","date_gmt":"2019-01-24T16:42:40","guid":{"rendered":"http:\/\/lagh-univ.dz\/medcine-departement-medcine-administration\/"},"modified":"2020-02-17T13:32:16","modified_gmt":"2020-02-17T15:32:16","slug":"medcine-departement-medcine-administration","status":"publish","type":"page","link":"http:\/\/lagh-univ.dz\/fr\/medcine-departement\/medcine-departement-medcine-administration\/","title":{"rendered":"Medcine-Departement- M\u00e9dcine-Administration"},"content":{"rendered":"<p>&nbsp;<\/p>\n<p dir=\"ltr\"><span style=\"font-size: 14pt;font-family: Book Antiqua, Palatino;color: #008000\"><strong>Bloc des laboratoires des travaux pratiques<\/strong><\/span><\/p>\n<p><img fetchpriority=\"high\" decoding=\"async\" class=\"size-medium wp-image-24710 alignright\" src=\"http:\/\/lagh-univ.dz\/wp-content\/uploads\/2020\/02\/fac1-300x225.png\" alt=\"\" width=\"300\" height=\"225\" srcset=\"http:\/\/lagh-univ.dz\/wp-content\/uploads\/2020\/02\/fac1-300x225.png 300w, http:\/\/lagh-univ.dz\/wp-content\/uploads\/2020\/02\/fac1-768x576.png 768w, http:\/\/lagh-univ.dz\/wp-content\/uploads\/2020\/02\/fac1-1024x768.png 1024w, http:\/\/lagh-univ.dz\/wp-content\/uploads\/2020\/02\/fac1-340x255.png 340w, http:\/\/lagh-univ.dz\/wp-content\/uploads\/2020\/02\/fac1-250x188.png 250w\" sizes=\"(max-width: 300px) 100vw, 300px\" \/><\/p>\n<p dir=\"ltr\"><span style=\"font-size: 14pt;font-family: Book Antiqua, Palatino;color: #000000\">Le d\u00e9partement de m\u00e9decine est dot\u00e9 d\u2019un bloc des laboratoires \u00a0de 12 salles de travaux pratiques \u00e9quip\u00e9s de moyens et mat\u00e9riel scientifiques et p\u00e9dagogiques de qualit\u00e9 et en \u00e9volution permanente.<\/span><\/p>\n<p>&nbsp;<\/p>\n<p><strong><span style=\"font-family: arabic-kufi;font-size: 14pt\">\u00a0<\/span><\/strong><\/p>\n<p>&nbsp;<\/p>\n<p dir=\"ltr\"><strong><span style=\"font-size: 14pt;font-family: Book Antiqua, Palatino;color: #000000\">Il comprend<\/span><\/strong><\/p>\n<p dir=\"ltr\"><span style=\"font-size: 14pt;font-family: Book Antiqua, Palatino;color: #800000\"><strong>Les laboratoires en sciences fondamentales\u00a0:<\/strong><\/span><\/p>\n<p><img decoding=\"async\" class=\"wp-image-25885 alignright\" src=\"http:\/\/lagh-univ.dz\/wp-content\/uploads\/2020\/02\/labo-11-1-300x170.png\" alt=\"\" width=\"639\" height=\"362\" srcset=\"http:\/\/lagh-univ.dz\/wp-content\/uploads\/2020\/02\/labo-11-1-300x170.png 300w, http:\/\/lagh-univ.dz\/wp-content\/uploads\/2020\/02\/labo-11-1-768x434.png 768w, http:\/\/lagh-univ.dz\/wp-content\/uploads\/2020\/02\/labo-11-1-1024x579.png 1024w, http:\/\/lagh-univ.dz\/wp-content\/uploads\/2020\/02\/labo-11-1-243x137.png 243w, http:\/\/lagh-univ.dz\/wp-content\/uploads\/2020\/02\/labo-11-1-171x96.png 171w\" sizes=\"(max-width: 639px) 100vw, 639px\" \/><\/p>\n<ul>\n<li style=\"text-align: left\"><span style=\"font-size: 14pt;font-family: Book Antiqua, Palatino;color: #000000\">\u00a0Laboratoire de Chimie<\/span><\/li>\n<li style=\"text-align: left\"><span style=\"font-size: 14pt;font-family: Book Antiqua, Palatino;color: #000000\">Laboratoire de Physique<\/span><\/li>\n<li style=\"text-align: left\"><span style=\"font-size: 14pt;font-family: Book Antiqua, Palatino;color: #000000\">Laboratoire de Biochimie<\/span><\/li>\n<li style=\"text-align: left\"><span style=\"font-size: 14pt;font-family: Book Antiqua, Palatino;color: #000000\">Laboratoire de Biophysique<\/span><\/li>\n<\/ul>\n<p dir=\"ltr\"><span style=\"font-size: 14pt;font-family: Book Antiqua, Palatino;color: #008000\"><strong>Les laboratoires de sp\u00e9cialit\u00e9<\/strong><\/span><\/p>\n<p dir=\"ltr\"><span style=\"font-size: 14pt;font-family: Book Antiqua, Palatino;color: #000000\">&#8211; Laboratoire d\u2019Anatomie<\/span><\/p>\n<p dir=\"ltr\"><span style=\"font-size: 14pt;font-family: Book Antiqua, Palatino;color: #000000\">&#8211; Laboratoire de Physiologie<\/span><\/p>\n<p dir=\"ltr\"><span style=\"font-size: 14pt;font-family: Book Antiqua, Palatino;color: #000000\">&#8211; Laboratoire d\u2019Histologie<\/span><\/p>\n<p dir=\"ltr\"><span style=\"font-size: 14pt;font-family: Book Antiqua, Palatino;color: #000000\">&#8211; Laboratoire d\u2019Histologie<\/span><\/p>\n<p>&nbsp;<\/p>\n<p><img decoding=\"async\" class=\" wp-image-25888 aligncenter\" src=\"http:\/\/lagh-univ.dz\/wp-content\/uploads\/2020\/02\/labo-11-2-300x185.png\" alt=\"\" width=\"604\" height=\"372\" srcset=\"http:\/\/lagh-univ.dz\/wp-content\/uploads\/2020\/02\/labo-11-2-300x185.png 300w, http:\/\/lagh-univ.dz\/wp-content\/uploads\/2020\/02\/labo-11-2-768x474.png 768w, http:\/\/lagh-univ.dz\/wp-content\/uploads\/2020\/02\/labo-11-2-1024x633.png 1024w\" sizes=\"(max-width: 604px) 100vw, 604px\" \/><\/p>\n<p><span style=\"font-family: arabic-kufi;font-size: 14pt;color: #000000\">\u00a0<\/span><\/p>\n<p dir=\"ltr\"><strong><span style=\"font-family: Book Antiqua, Palatino;font-size: 14pt;color: #000000\">D&rsquo;autres \u00e9chantillons<\/span><\/strong><\/p>\n<p dir=\"ltr\"><img loading=\"lazy\" decoding=\"async\" class=\"wp-image-28199 aligncenter\" src=\"http:\/\/lagh-univ.dz\/wp-content\/uploads\/2020\/02\/labo1-1-1-300x188.png\" alt=\"\" width=\"742\" height=\"465\" srcset=\"http:\/\/lagh-univ.dz\/wp-content\/uploads\/2020\/02\/labo1-1-1-300x188.png 300w, http:\/\/lagh-univ.dz\/wp-content\/uploads\/2020\/02\/labo1-1-1-768x480.png 768w, http:\/\/lagh-univ.dz\/wp-content\/uploads\/2020\/02\/labo1-1-1-1024x640.png 1024w\" sizes=\"(max-width: 742px) 100vw, 742px\" \/><\/p>\n<p>&nbsp;<\/p>\n<p><img loading=\"lazy\" decoding=\"async\" class=\"wp-image-28202 aligncenter\" src=\"http:\/\/lagh-univ.dz\/wp-content\/uploads\/2020\/02\/labo2-1-300x212.png\" alt=\"\" width=\"761\" height=\"538\" srcset=\"http:\/\/lagh-univ.dz\/wp-content\/uploads\/2020\/02\/labo2-1-300x212.png 300w, http:\/\/lagh-univ.dz\/wp-content\/uploads\/2020\/02\/labo2-1-768x543.png 768w, http:\/\/lagh-univ.dz\/wp-content\/uploads\/2020\/02\/labo2-1-1024x724.png 1024w\" sizes=\"(max-width: 761px) 100vw, 761px\" \/><\/p>\n<p>&nbsp;<\/p>\n<p>&nbsp;<\/p>\n","protected":false},"excerpt":{"rendered":"<p>&nbsp; Bloc des laboratoires des travaux pratiques Le d\u00e9partement de m\u00e9decine est dot\u00e9 d\u2019un bloc des laboratoires \u00a0de 12 salles de travaux pratiques \u00e9quip\u00e9s de moyens et mat\u00e9riel scientifiques et p\u00e9dagogiques de qualit\u00e9 et en \u00e9volution permanente. &nbsp; \u00a0 &nbsp; Il comprend Les laboratoires en sciences fondamentales\u00a0: \u00a0Laboratoire de Chimie Laboratoire de Physique Laboratoire de [&hellip;]<\/p>\n","protected":false},"author":10,"featured_media":0,"parent":9525,"menu_order":0,"comment_status":"closed","ping_status":"closed","template":"elementor_header_footer","meta":{"_exactmetrics_skip_tracking":false,"_exactmetrics_sitenote_active":false,"_exactmetrics_sitenote_note":"","_exactmetrics_sitenote_category":0,"footnotes":""},"coauthors":[528,562],"class_list":["post-9567","page","type-page","status-publish","hentry"],"_links":{"self":[{"href":"http:\/\/lagh-univ.dz\/fr\/wp-json\/wp\/v2\/pages\/9567","targetHints":{"allow":["GET"]}}],"collection":[{"href":"http:\/\/lagh-univ.dz\/fr\/wp-json\/wp\/v2\/pages"}],"about":[{"href":"http:\/\/lagh-univ.dz\/fr\/wp-json\/wp\/v2\/types\/page"}],"author":[{"embeddable":true,"href":"http:\/\/lagh-univ.dz\/fr\/wp-json\/wp\/v2\/users\/10"}],"replies":[{"embeddable":true,"href":"http:\/\/lagh-univ.dz\/fr\/wp-json\/wp\/v2\/comments?post=9567"}],"version-history":[{"count":15,"href":"http:\/\/lagh-univ.dz\/fr\/wp-json\/wp\/v2\/pages\/9567\/revisions"}],"predecessor-version":[{"id":28204,"href":"http:\/\/lagh-univ.dz\/fr\/wp-json\/wp\/v2\/pages\/9567\/revisions\/28204"}],"up":[{"embeddable":true,"href":"http:\/\/lagh-univ.dz\/fr\/wp-json\/wp\/v2\/pages\/9525"}],"wp:attachment":[{"href":"http:\/\/lagh-univ.dz\/fr\/wp-json\/wp\/v2\/media?parent=9567"}],"wp:term":[{"taxonomy":"author","embeddable":true,"href":"http:\/\/lagh-univ.dz\/fr\/wp-json\/wp\/v2\/coauthors?post=9567"}],"curies":[{"name":"wp","href":"https:\/\/api.w.org\/{rel}","templated":true}]}}