{"id":9569,"date":"2019-01-24T14:45:37","date_gmt":"2019-01-24T16:45:37","guid":{"rendered":"http:\/\/lagh-univ.dz\/medcine-departement-medcine-emploi-du-temps\/"},"modified":"2024-09-08T10:13:31","modified_gmt":"2024-09-08T09:13:31","slug":"medcine-departement-medcine-emploi-du-temps","status":"publish","type":"page","link":"http:\/\/lagh-univ.dz\/fr\/medcine-departement\/medcine-departement-medcine-administration\/medcine-departement-medcine-emploi-du-temps\/","title":{"rendered":"Medcine-Departement- M\u00e9dcine- Emploi du temps"},"content":{"rendered":"<p dir=\"ltr\" style=\"text-align: center\" align=\"center\"><span style=\"font-family: 'Book Antiqua', Palatino;font-size: 14pt\"><strong><span style=\"color: #f255a4\">Les emplois du temps \/programmes\u00a0 M\u00e9decine<\/span><\/strong><\/span><\/p>\n<p>&nbsp;<\/p>\n<p dir=\"ltr\"><span style=\"font-family: Book Antiqua, Palatino;font-size: 14pt\"><strong>les programmes<\/strong><\/span><\/p>\n<p dir=\"ltr\"><span style=\"color: #0000ff\"><strong><a style=\"color: #0000ff\" href=\"http:\/\/lagh-univ.dz\/fr\/faculte-de-medecine-programmes-1ere-2eme-3eme-annee-medecine-2024-2025\/\" target=\"_blank\" rel=\"noopener\">Programmes 1\u00e8re ,2\u00e8me, 3\u00e8me ann\u00e9e m\u00e9decine 2024\/2025<\/a><\/strong><\/span><\/p>\n<p dir=\"ltr\">\n<p dir=\"ltr\"><strong><a href=\"http:\/\/lagh-univ.dz\/fr\/\u0643\u0644\u064a\u0629-\u0627\u0644\u0637\u0628-\u0628\u0631\u0627\u0645\u062c-\u0627\u0644\u0633\u0646\u0629-\u0627\u0644\u0631\u0627\u0628\u0639\u0629\u060c-\u0627\u0644\u062e\u0627\u0645\u0633\/\" target=\"_blank\" rel=\"noopener\">Programmes 4\u00e8me , 5\u00e8me , 6\u00e8me ann\u00e9e 2024\/2025<\/a><\/strong><\/p>\n<p dir=\"ltr\">\n<p>&nbsp;<\/p>\n","protected":false},"excerpt":{"rendered":"<p>Les emplois du temps \/programmes\u00a0 M\u00e9decine &nbsp; les programmes Programmes 1\u00e8re ,2\u00e8me, 3\u00e8me ann\u00e9e m\u00e9decine 2024\/2025 Programmes 4\u00e8me , 5\u00e8me , 6\u00e8me ann\u00e9e 2024\/2025 &nbsp;<\/p>\n","protected":false},"author":10,"featured_media":0,"parent":9567,"menu_order":0,"comment_status":"closed","ping_status":"closed","template":"elementor_header_footer","meta":{"_exactmetrics_skip_tracking":false,"_exactmetrics_sitenote_active":false,"_exactmetrics_sitenote_note":"","_exactmetrics_sitenote_category":649,"footnotes":""},"coauthors":[528],"class_list":["post-9569","page","type-page","status-publish","hentry"],"_links":{"self":[{"href":"http:\/\/lagh-univ.dz\/fr\/wp-json\/wp\/v2\/pages\/9569","targetHints":{"allow":["GET"]}}],"collection":[{"href":"http:\/\/lagh-univ.dz\/fr\/wp-json\/wp\/v2\/pages"}],"about":[{"href":"http:\/\/lagh-univ.dz\/fr\/wp-json\/wp\/v2\/types\/page"}],"author":[{"embeddable":true,"href":"http:\/\/lagh-univ.dz\/fr\/wp-json\/wp\/v2\/users\/10"}],"replies":[{"embeddable":true,"href":"http:\/\/lagh-univ.dz\/fr\/wp-json\/wp\/v2\/comments?post=9569"}],"version-history":[{"count":26,"href":"http:\/\/lagh-univ.dz\/fr\/wp-json\/wp\/v2\/pages\/9569\/revisions"}],"predecessor-version":[{"id":37894,"href":"http:\/\/lagh-univ.dz\/fr\/wp-json\/wp\/v2\/pages\/9569\/revisions\/37894"}],"up":[{"embeddable":true,"href":"http:\/\/lagh-univ.dz\/fr\/wp-json\/wp\/v2\/pages\/9567"}],"wp:attachment":[{"href":"http:\/\/lagh-univ.dz\/fr\/wp-json\/wp\/v2\/media?parent=9569"}],"wp:term":[{"taxonomy":"author","embeddable":true,"href":"http:\/\/lagh-univ.dz\/fr\/wp-json\/wp\/v2\/coauthors?post=9569"}],"curies":[{"name":"wp","href":"https:\/\/api.w.org\/{rel}","templated":true}]}}