{"id":9583,"date":"2018-07-21T11:48:25","date_gmt":"2018-07-21T11:48:25","guid":{"rendered":"http:\/\/lagh-univ.dz\/genie-civil-faculte-secretaire-generale\/"},"modified":"2020-12-22T07:49:40","modified_gmt":"2020-12-22T09:49:40","slug":"genie-civil-faculte-secretaire-generale","status":"publish","type":"page","link":"http:\/\/lagh-univ.dz\/fr\/faculte-de-genie-civil-et-architecture\/genie-civil-faculte-secretaire-generale\/","title":{"rendered":"Genie civil-Facult\u00e9-Secr\u00e9taire g\u00e9n\u00e9rale"},"content":{"rendered":"<p dir=\"ltr\" style=\"text-align: center\"><span style=\"font-size: 18pt;font-family: 'Book Antiqua', Palatino;color: #000000\"><strong>Le secr\u00e9tariat g\u00e9n\u00e9ral<\/strong> <\/span><\/p>\n<p dir=\"ltr\"><span style=\"font-size: 14pt;font-family: 'Book Antiqua', Palatino;color: #000000\">Le secr\u00e9tariat g\u00e9n\u00e9ral de la facult\u00e9 des de g\u00e9nie civil et d\u2019architecture \u00a0est plac\u00e9 sous la responsabilit\u00e9 du Secr\u00e9taire <\/span><span style=\"color: #000000;font-family: 'Book Antiqua', Palatino;font-size: 18.6667px;text-align: center\">G\u00e9n\u00e9ral\u00a0<\/span><\/p>\n<p dir=\"ltr\" style=\"text-align: center\"><span style=\"font-size: 14pt;font-family: 'Book Antiqua', Palatino;color: #000000\"><strong>Mr Abdelhakem Rabeh\u00a0<\/strong><\/span><\/p>\n<p dir=\"ltr\"><img decoding=\"async\" class=\"wp-image-38185 aligncenter\" src=\"http:\/\/lagh-univ.dz\/wp-content\/uploads\/2020\/12\/56899235.png\" alt=\"\" width=\"131\" height=\"136\" \/><\/p>\n<p dir=\"ltr\" style=\"text-align: center\"><span style=\"font-size: 14pt;font-family: 'Book Antiqua', Palatino;color: #000000\"><strong>\u00a0\u00a0\u00a0 Email : r.abdelhakem@lagh-univ.dz\u00a0<\/strong><\/span><\/p>\n<p dir=\"ltr\" style=\"text-align: left\"><span style=\"font-size: 14pt;font-family: 'Book Antiqua', Palatino;color: #000000\"><strong>\u00a0<\/strong><\/span><\/p>\n<p dir=\"ltr\" style=\"text-align: left\"><span style=\"font-size: 14pt;font-family: 'Book Antiqua', Palatino;color: #000000\"><strong>\u00a0<\/strong><\/span><strong style=\"color: #000000;font-family: 'Book Antiqua', Palatino;font-size: 14pt\">La secr\u00e9taire g\u00e9n\u00e9ral de la facult\u00e9 est charg\u00e9\u00a0de \u00a0:<\/strong><\/p>\n<ul style=\"list-style-type: circle\">\n<li style=\"text-align: left\"><span style=\"font-size: 14pt;font-family: 'Book Antiqua', Palatino;color: #000000\">D\u2019assurer \u00a0la gestion des carri\u00e8res des personnels de la facult\u00e9<\/span><\/li>\n<li style=\"text-align: left\"><span style=\"font-size: 14pt;font-family: 'Book Antiqua', Palatino;color: #000000\">De pr\u00e9parer le projet de plan de gestion des ressources humaines de la facult\u00e9 et d\u2019en assurer l&rsquo;ex\u00e9cution<\/span><\/li>\n<li style=\"text-align: left\"><span style=\"font-size: 14pt;font-family: 'Book Antiqua', Palatino;color: #000000\">D\u2019assurer la gestion et la conservation des archives et de la documentation de la facult\u00e9<\/span><\/li>\n<li style=\"text-align: left\"><span style=\"font-size: 14pt;font-family: 'Book Antiqua', Palatino;color: #000000\">De pr\u00e9parer le projet de budget de la facult\u00e9 et d\u2019en assurer l\u2019ex\u00e9cution<\/span><\/li>\n<li style=\"text-align: left\"><span style=\"font-size: 14pt;font-family: 'Book Antiqua', Palatino;color: #000000\">De promouvoir avec les structures concern\u00e9es du rectorat les activit\u00e9s scientifiques culturelles et sportives au profit des \u00e9tudiants<\/span><\/li>\n<li style=\"text-align: left\"><span style=\"font-size: 14pt;font-family: 'Book Antiqua', Palatino;color: #000000\">De g\u00e9rer les moyens meubles et immeubles de la facult\u00e9 et de veiller \u00e0 leur entretien et \u00e0 leur maintenance<\/span><\/li>\n<\/ul>\n<p dir=\"ltr\"><span style=\"font-size: 14pt;font-family: 'Book Antiqua', Palatino;color: #000000\"><strong>Le Secr\u00e9tariat G\u00e9n\u00e9ral de \u00a0la facult\u00e9 comprend quatre<\/strong><\/span><strong style=\"color: #000000;font-family: 'Book Antiqua', Palatino;font-size: 14pt\">(04) services\u00a0:<\/strong><\/p>\n<ul style=\"text-align: left;list-style-type: circle\">\n<li><span style=\"font-size: 14pt;font-family: 'Book Antiqua', Palatino;color: #000000\">Service Personnel<\/span><\/li>\n<li><span style=\"font-size: 14pt;font-family: 'Book Antiqua', Palatino;color: #000000\">Service Budget et Comptabilit\u00e9<\/span><\/li>\n<li><span style=\"font-size: 14pt;font-family: 'Book Antiqua', Palatino;color: #000000\">Service des Moyens et de la\u00a0 Maintenance<\/span><\/li>\n<li><span style=\"font-size: 14pt;font-family: 'Book Antiqua', Palatino;color: #000000\">Service\u00a0 de l&rsquo;animation scientifique culturelle et sportive<\/span><\/li>\n<\/ul>\n<p dir=\"ltr\"><span style=\"font-size: 14pt;font-family: 'Book Antiqua', Palatino;color: #000000\"><strong>Service personnel:r<\/strong><strong>e<\/strong>sponsable du service :<strong> Abdelhakem rabeh<\/strong><\/span><\/p>\n<ul style=\"text-align: left\">\n<li><span style=\"font-size: 14pt;font-family: 'Book Antiqua', Palatino;color: #000000\">Le service personnel assure la poursuivre de la carri\u00e8re de l\u2019employ\u00e9 d\u00e9s le jour de son installation jusqu\u2019au la retraite.<\/span><\/li>\n<li><span style=\"font-size: 14pt;font-family: 'Book Antiqua', Palatino;color: #000000\">Le service personnel contient deux sections\u00a0: section d\u2019enseignants et section de personnel.<\/span><\/li>\n<\/ul>\n<ul style=\"text-align: left\">\n<li><span style=\"font-size: 14pt;font-family: 'Book Antiqua', Palatino;color: #000000\"><strong>Services Budget et Comptabilit\u00e9:r<\/strong>esponsable du service :<strong>Bouderballah fatima<\/strong><\/span><\/li>\n<\/ul>\n<p dir=\"ltr\" style=\"text-align: left\"><span style=\"font-size: 14pt;font-family: 'Book Antiqua', Palatino;color: #000000\">\u00a0\u00a0\u00a0\u00a0\u00a0\u00a0\u00a0\u00a0\u00a0\u00a0 \u00a0Il comprend les sections suivantes \u00a0La section du budget, La section de la\u00a0<\/span><span style=\"font-size: 14pt;font-family: 'Book Antiqua', Palatino;color: #000000\">\u00a0 \u00a0Comptabilit\u00e9.<\/span><\/p>\n<p dir=\"ltr\"><span style=\"font-size: 14pt;font-family: 'Book Antiqua', Palatino;color: #000000\"><strong>Service Moyens &amp; Maintenance:<\/strong><\/span><\/p>\n<p dir=\"ltr\" style=\"text-align: left\"><span style=\"font-size: 14pt;font-family: 'Book Antiqua', Palatino;color: #000000\">\u00a0Le r\u00f4le du service des Moyens et de la Maintenance\u00a0:<\/span><\/p>\n<ul style=\"text-align: left\">\n<li><span style=\"font-size: 14pt;font-family: 'Book Antiqua', Palatino;color: #000000\">Assurer l&rsquo;entretien et la maintenance dans la facult\u00e9<\/span><\/li>\n<li><span style=\"font-size: 14pt;font-family: 'Book Antiqua', Palatino;color: #000000\">Assurer la gestion des stocks<\/span><\/li>\n<li><span style=\"font-size: 14pt;font-family: 'Book Antiqua', Palatino;color: #000000\">Assurer la gestion du Parc automobile de la facult\u00e9<\/span><\/li>\n<li><span style=\"font-size: 14pt;font-family: 'Book Antiqua', Palatino;color: #000000\">D\u00e9livrer \u00a0des bons de commandes et de r\u00e9ceptions<\/span><\/li>\n<\/ul>\n<p dir=\"ltr\"><span style=\"font-size: 14pt;font-family: 'Book Antiqua', Palatino;color: #000000\"><strong>Service de l&rsquo;animation\u00a0 scientifique culturelle et sportive\u00a0:<\/strong><\/span><\/p>\n<p dir=\"ltr\" style=\"text-align: left\"><span style=\"font-size: 14pt;font-family: 'Book Antiqua', Palatino;color: #000000\"><strong>\u00a0<\/strong>le service\u00a0de l&rsquo;animation\u00a0scientifiques, culturelles et sportives vise \u00e0 :<\/span><\/p>\n<ul style=\"text-align: left\">\n<li><span style=\"font-size: 14pt;font-family: 'Book Antiqua', Palatino;color: #000000\">Cr\u00e9er une atmosph\u00e8re de concurrence d\u00e9lib\u00e9r\u00e9e et cr\u00e9ative des \u00e9tudiants dans le domaine scientifique et culturelle en organisant des concours culturels entre les \u00e9tudiants et mettre en \u00e9vidence les talents scientifiques et culturels des \u00e9tudiants.<\/span><\/li>\n<li><span style=\"font-size: 14pt;font-family: 'Book Antiqua', Palatino;color: #000000\">L&rsquo;organisation des comp\u00e9titions et des stages sportifs et d\u2019autres jeux intellectuels et des voyages d\u2019exploratoires, contribuer \u00e0 am\u00e9liorer leurs go\u00fbts, et d&rsquo;approfondir leur \u00e9ducation .<\/span><\/li>\n<\/ul>\n<p dir=\"ltr\" style=\"text-align: left\">\n","protected":false},"excerpt":{"rendered":"<p>Le secr\u00e9tariat g\u00e9n\u00e9ral Le secr\u00e9tariat g\u00e9n\u00e9ral de la facult\u00e9 des de g\u00e9nie civil et d\u2019architecture \u00a0est plac\u00e9 sous la responsabilit\u00e9 du Secr\u00e9taire G\u00e9n\u00e9ral\u00a0 Mr Abdelhakem Rabeh\u00a0 \u00a0\u00a0\u00a0 Email : r.abdelhakem@lagh-univ.dz\u00a0 \u00a0 \u00a0La secr\u00e9taire g\u00e9n\u00e9ral de la facult\u00e9 est charg\u00e9\u00a0de \u00a0: D\u2019assurer \u00a0la gestion des carri\u00e8res des personnels de la facult\u00e9 De pr\u00e9parer le projet de [&hellip;]<\/p>\n","protected":false},"author":18,"featured_media":0,"parent":6792,"menu_order":0,"comment_status":"closed","ping_status":"closed","template":"elementor_header_footer","meta":{"_exactmetrics_skip_tracking":false,"_exactmetrics_sitenote_active":false,"_exactmetrics_sitenote_note":"","_exactmetrics_sitenote_category":0,"footnotes":""},"coauthors":[527],"class_list":["post-9583","page","type-page","status-publish","hentry"],"_links":{"self":[{"href":"http:\/\/lagh-univ.dz\/fr\/wp-json\/wp\/v2\/pages\/9583","targetHints":{"allow":["GET"]}}],"collection":[{"href":"http:\/\/lagh-univ.dz\/fr\/wp-json\/wp\/v2\/pages"}],"about":[{"href":"http:\/\/lagh-univ.dz\/fr\/wp-json\/wp\/v2\/types\/page"}],"author":[{"embeddable":true,"href":"http:\/\/lagh-univ.dz\/fr\/wp-json\/wp\/v2\/users\/18"}],"replies":[{"embeddable":true,"href":"http:\/\/lagh-univ.dz\/fr\/wp-json\/wp\/v2\/comments?post=9583"}],"version-history":[{"count":10,"href":"http:\/\/lagh-univ.dz\/fr\/wp-json\/wp\/v2\/pages\/9583\/revisions"}],"predecessor-version":[{"id":38249,"href":"http:\/\/lagh-univ.dz\/fr\/wp-json\/wp\/v2\/pages\/9583\/revisions\/38249"}],"up":[{"embeddable":true,"href":"http:\/\/lagh-univ.dz\/fr\/wp-json\/wp\/v2\/pages\/6792"}],"wp:attachment":[{"href":"http:\/\/lagh-univ.dz\/fr\/wp-json\/wp\/v2\/media?parent=9583"}],"wp:term":[{"taxonomy":"author","embeddable":true,"href":"http:\/\/lagh-univ.dz\/fr\/wp-json\/wp\/v2\/coauthors?post=9583"}],"curies":[{"name":"wp","href":"https:\/\/api.w.org\/{rel}","templated":true}]}}