{"id":9585,"date":"2018-07-21T11:48:32","date_gmt":"2018-07-21T11:48:32","guid":{"rendered":"http:\/\/lagh-univ.dz\/genie-civil-faculte-conseil-d-administration\/"},"modified":"2019-02-20T20:26:59","modified_gmt":"2019-02-20T22:26:59","slug":"genie-civil-faculte-conseil-d-administration","status":"publish","type":"page","link":"http:\/\/lagh-univ.dz\/fr\/faculte-de-genie-civil-et-architecture\/genie-civil-faculte-conseil-d-administration\/","title":{"rendered":"Genie civil-Facult\u00e9- conseil-d-administration"},"content":{"rendered":"<p>&nbsp;<\/p>\n<p style=\"text-align: center\"><span style=\"font-size: 18pt;font-family: 'Book Antiqua', Palatino;color: #000000\"><strong>Le conseil de facult\u00e9<\/strong> <\/span><\/p>\n<p dir=\"ltr\">\n<p dir=\"ltr\"><strong><span style=\"font-size: 14pt;font-family: 'Book Antiqua', Palatino;color: #000000\">Le conseil de facult\u00e9 \u00e9met des avis et recommandations sur :<\/span><\/strong><\/p>\n<ul>\n<li><span style=\"font-size: 14pt;font-family: 'Book Antiqua', Palatino;color: #000000\">Les perspectives de d\u00e9veloppement de la facult\u00e9,<\/span><\/li>\n<li><span style=\"font-size: 14pt;font-family: 'Book Antiqua', Palatino;color: #000000\">La programmation des actions de formation et de recherche de la facult\u00e9,<\/span><\/li>\n<li><span style=\"font-size: 14pt;font-family: 'Book Antiqua', Palatino;color: #000000\">Les perspectives de coop\u00e9ration scientifique nationale et internationale,<\/span><\/li>\n<li><span style=\"font-size: 14pt;font-family: 'Book Antiqua', Palatino;color: #000000\">La programmation des actions de formation continue, de perfectionnement et de recyclage,<\/span><\/li>\n<li><span style=\"font-size: 14pt;font-family: 'Book Antiqua', Palatino;color: #000000\">Le projet de budget de la facult\u00e9,<\/span><\/li>\n<li><span style=\"font-size: 14pt;font-family: 'Book Antiqua', Palatino;color: #000000\">Le projet de plan de gestion des ressources humaines de la facult\u00e9,<\/span><\/li>\n<li><span style=\"font-size: 14pt;font-family: 'Book Antiqua', Palatino;color: #000000\">Les projets de contrats et de conventions d&rsquo;\u00e9tudes, d&rsquo;expertise et de prestations de services assur\u00e9es par la facult\u00e9, la gestion de la facult\u00e9,<\/span><\/li>\n<li><span style=\"font-size: 14pt;font-family: 'Book Antiqua', Palatino;color: #000000\">Le rapport annuel d\u2019activit\u00e9s de la facult\u00e9.<\/span><\/li>\n<\/ul>\n<p dir=\"ltr\"><span style=\"font-size: 14pt;font-family: 'Book Antiqua', Palatino;color: #000000\">Le conseil \u00e9tudie et propose toute mesure propre \u00e0 am\u00e9liorer le fonctionnement de la facult\u00e9 et \u00e0 favoriser la r\u00e9alisation de ses objectifs et donne son avis sur toute question qui lui est soumise par le doyen.<strong>\u00a0<\/strong><\/span><\/p>\n<p dir=\"ltr\"><span style=\"font-size: 14pt;font-family: 'Book Antiqua', Palatino;color: #000000\"><strong>Les membres<\/strong><\/span><\/p>\n<ul>\n<li><span style=\"font-size: 14pt;font-family: 'Book Antiqua', Palatino;color: #000000\">Le conseil de facult\u00e9 comprend :<\/span><\/li>\n<li><span style=\"font-size: 14pt;font-family: 'Book Antiqua', Palatino;color: #000000\">Le doyen de la facult\u00e9 : pr\u00e9sident.\u00a0<\/span><\/li>\n<li><span style=\"font-size: 14pt;font-family: 'Book Antiqua', Palatino;color: #000000\">Le pr\u00e9sident du conseil scientifique de la facult\u00e9 .\u00a0<\/span><\/li>\n<li><span style=\"font-size: 14pt;font-family: 'Book Antiqua', Palatino;color: #000000\">Les chefs de d\u00e9partements.<\/span><\/li>\n<li><span style=\"font-size: 14pt;font-family: 'Book Antiqua', Palatino;color: #000000\">le directeur de laboratoire.\u00a0<\/span><\/li>\n<li><span style=\"font-size: 14pt;font-family: 'Book Antiqua', Palatino;color: #000000\">Deux repr\u00e9sentants des enseignants\u00a0par d\u00e9partement.\u00a0<\/span><\/li>\n<li><span style=\"font-size: 14pt;font-family: 'Book Antiqua', Palatino;color: #000000\">Deux repr\u00e9sentants \u00e9lus des personnels administratifs;\u00a0technique et de service.\u00a0<\/span><\/li>\n<li><span style=\"font-size: 14pt;font-family: 'Book Antiqua', Palatino;color: #000000\">Un repr\u00e9sentant \u00e9lu des \u00e9tudiants par d\u00e9partement\u00a0\u00a0<\/span><\/li>\n<li><span style=\"font-size: 14pt;font-family: 'Book Antiqua', Palatino;color: #000000\">Les vice-doyens, le secr\u00e9taire g\u00e9n\u00e9ral ainsi que le responsable\u00a0 de la biblioth\u00e8que de facult\u00e9 assistent aux r\u00e9unions avec voix\u00a0consultative.<\/span><\/li>\n<\/ul>\n","protected":false},"excerpt":{"rendered":"<p>&nbsp; Le conseil de facult\u00e9 Le conseil de facult\u00e9 \u00e9met des avis et recommandations sur : Les perspectives de d\u00e9veloppement de la facult\u00e9, La programmation des actions de formation et de recherche de la facult\u00e9, Les perspectives de coop\u00e9ration scientifique nationale et internationale, La programmation des actions de formation continue, de perfectionnement et de recyclage, [&hellip;]<\/p>\n","protected":false},"author":18,"featured_media":0,"parent":6792,"menu_order":0,"comment_status":"closed","ping_status":"closed","template":"elementor_header_footer","meta":{"_exactmetrics_skip_tracking":false,"_exactmetrics_sitenote_active":false,"_exactmetrics_sitenote_note":"","_exactmetrics_sitenote_category":0,"footnotes":""},"coauthors":[527],"class_list":["post-9585","page","type-page","status-publish","hentry"],"_links":{"self":[{"href":"http:\/\/lagh-univ.dz\/fr\/wp-json\/wp\/v2\/pages\/9585","targetHints":{"allow":["GET"]}}],"collection":[{"href":"http:\/\/lagh-univ.dz\/fr\/wp-json\/wp\/v2\/pages"}],"about":[{"href":"http:\/\/lagh-univ.dz\/fr\/wp-json\/wp\/v2\/types\/page"}],"author":[{"embeddable":true,"href":"http:\/\/lagh-univ.dz\/fr\/wp-json\/wp\/v2\/users\/18"}],"replies":[{"embeddable":true,"href":"http:\/\/lagh-univ.dz\/fr\/wp-json\/wp\/v2\/comments?post=9585"}],"version-history":[{"count":3,"href":"http:\/\/lagh-univ.dz\/fr\/wp-json\/wp\/v2\/pages\/9585\/revisions"}],"predecessor-version":[{"id":13704,"href":"http:\/\/lagh-univ.dz\/fr\/wp-json\/wp\/v2\/pages\/9585\/revisions\/13704"}],"up":[{"embeddable":true,"href":"http:\/\/lagh-univ.dz\/fr\/wp-json\/wp\/v2\/pages\/6792"}],"wp:attachment":[{"href":"http:\/\/lagh-univ.dz\/fr\/wp-json\/wp\/v2\/media?parent=9585"}],"wp:term":[{"taxonomy":"author","embeddable":true,"href":"http:\/\/lagh-univ.dz\/fr\/wp-json\/wp\/v2\/coauthors?post=9585"}],"curies":[{"name":"wp","href":"https:\/\/api.w.org\/{rel}","templated":true}]}}