{"id":9589,"date":"2018-07-23T18:50:21","date_gmt":"2018-07-23T18:50:21","guid":{"rendered":"http:\/\/lagh-univ.dz\/genie-civil-departement-2\/"},"modified":"2019-11-19T07:33:39","modified_gmt":"2019-11-19T09:33:39","slug":"genie-civil-departement-2","status":"publish","type":"page","link":"http:\/\/lagh-univ.dz\/fr\/genie-civil-formation-2\/genie-civil-departement-2\/","title":{"rendered":"G\u00e9nie Civil -D\u00e9partement"},"content":{"rendered":"<p dir=\"ltr\" style=\"text-align: left\"><span style=\"font-family: arabic-kufi\"><strong><span style=\"font-size: 14pt\">Facult\u00e9 de G\u00e9nie Civil &amp; d&rsquo;Architecture contient deux D\u00e9partements:<\/span><\/strong><\/span><\/p>\n<ul>\n<li style=\"text-align: left\"><span style=\"font-family: 'Book Antiqua', Palatino;font-size: 14pt\">D\u00e9partement de G\u00e9nie Civil<\/span><\/li>\n<li style=\"text-align: left\"><span style=\"font-family: 'Book Antiqua', Palatino;font-size: 14pt\">D\u00e9partement d&rsquo;Architecture<\/span><\/li>\n<\/ul>\n","protected":false},"excerpt":{"rendered":"<p>Facult\u00e9 de G\u00e9nie Civil &amp; d&rsquo;Architecture contient deux D\u00e9partements: D\u00e9partement de G\u00e9nie Civil D\u00e9partement d&rsquo;Architecture<\/p>\n","protected":false},"author":18,"featured_media":0,"parent":9623,"menu_order":0,"comment_status":"closed","ping_status":"closed","template":"elementor_header_footer","meta":{"_exactmetrics_skip_tracking":false,"_exactmetrics_sitenote_active":false,"_exactmetrics_sitenote_note":"","_exactmetrics_sitenote_category":0,"footnotes":""},"coauthors":[527],"class_list":["post-9589","page","type-page","status-publish","hentry"],"_links":{"self":[{"href":"http:\/\/lagh-univ.dz\/fr\/wp-json\/wp\/v2\/pages\/9589","targetHints":{"allow":["GET"]}}],"collection":[{"href":"http:\/\/lagh-univ.dz\/fr\/wp-json\/wp\/v2\/pages"}],"about":[{"href":"http:\/\/lagh-univ.dz\/fr\/wp-json\/wp\/v2\/types\/page"}],"author":[{"embeddable":true,"href":"http:\/\/lagh-univ.dz\/fr\/wp-json\/wp\/v2\/users\/18"}],"replies":[{"embeddable":true,"href":"http:\/\/lagh-univ.dz\/fr\/wp-json\/wp\/v2\/comments?post=9589"}],"version-history":[{"count":7,"href":"http:\/\/lagh-univ.dz\/fr\/wp-json\/wp\/v2\/pages\/9589\/revisions"}],"predecessor-version":[{"id":18971,"href":"http:\/\/lagh-univ.dz\/fr\/wp-json\/wp\/v2\/pages\/9589\/revisions\/18971"}],"up":[{"embeddable":true,"href":"http:\/\/lagh-univ.dz\/fr\/wp-json\/wp\/v2\/pages\/9623"}],"wp:attachment":[{"href":"http:\/\/lagh-univ.dz\/fr\/wp-json\/wp\/v2\/media?parent=9589"}],"wp:term":[{"taxonomy":"author","embeddable":true,"href":"http:\/\/lagh-univ.dz\/fr\/wp-json\/wp\/v2\/coauthors?post=9589"}],"curies":[{"name":"wp","href":"https:\/\/api.w.org\/{rel}","templated":true}]}}