{"id":9591,"date":"2018-12-24T13:08:33","date_gmt":"2018-12-24T15:08:33","guid":{"rendered":"http:\/\/lagh-univ.dz\/genie-civil-departement-genie-civil-2\/"},"modified":"2020-12-24T07:43:29","modified_gmt":"2020-12-24T09:43:29","slug":"genie-civil-departement-genie-civil-2","status":"publish","type":"page","link":"http:\/\/lagh-univ.dz\/fr\/genie-civil-departement-genie-civil-2\/","title":{"rendered":"Genie civil-Departement- Genie civil"},"content":{"rendered":"<p dir=\"rtl\" style=\"text-align: center\"><span style=\"font-size: 24pt;font-family: 'Book Antiqua', Palatino;color: #000000\"><strong>D\u00e9partement de G\u00e9nie-Civil<\/strong> <\/span><\/p>\n<p dir=\"rtl\"><img fetchpriority=\"high\" decoding=\"async\" class=\"wp-image-29231 aligncenter\" src=\"http:\/\/lagh-univ.dz\/wp-content\/uploads\/2020\/02\/unnamed-12-300x150.jpg\" alt=\"\" width=\"400\" height=\"200\" srcset=\"http:\/\/lagh-univ.dz\/wp-content\/uploads\/2020\/02\/unnamed-12-300x150.jpg 300w, http:\/\/lagh-univ.dz\/wp-content\/uploads\/2020\/02\/unnamed-12.jpg 512w\" sizes=\"(max-width: 400px) 100vw, 400px\" \/><\/p>\n<p dir=\"rtl\" style=\"text-align: center\"><span style=\"font-size: 14pt\"><strong><span style=\"font-family: 'Book Antiqua', Palatino\">Chef du d\u00e9partement<\/span><\/strong><\/span><\/p>\n<p dir=\"rtl\"><img decoding=\"async\" class=\"alignnone  wp-image-13805 aligncenter\" src=\"http:\/\/lagh-univ.dz\/wp-content\/uploads\/2019\/02\/55.png\" alt=\"\" width=\"120\" height=\"149\" \/><\/p>\n<p dir=\"ltr\" style=\"text-align: center\"><span style=\"font-family: 'Book Antiqua', Palatino;font-size: 14pt;color: #000000\">Dr :Sekkoum Mohammed\u00a0<\/span><\/p>\n<p dir=\"ltr\" style=\"text-align: center\"><span style=\"font-family: 'Book Antiqua', Palatino;font-size: 14pt;color: #000000\">Tel\u00a0: +213663584926<\/span><\/p>\n<p dir=\"ltr\" style=\"text-align: center\"><span style=\"font-family: 'Book Antiqua', Palatino;font-size: 14pt;color: #000000\">E.mail\u00a0:\u00a0 sekkoum_med@yahoo.fr<\/span><\/p>\n<p dir=\"rtl\" style=\"text-align: left\"><span style=\"font-size: 14pt;font-family: 'Book Antiqua', Palatino;color: #000000\">\u00a0\u00a0\u00a0 Le d\u00e9partement de G\u00e9nie-Civil est un d\u00e9partement interne \u00e0 la facult\u00e9 de G\u00e9nie-Civil et d\u2019Architecture de\u00a0 \u00a0 \u00a0 l\u2019Universit\u00e9 Amar Telidji de Laghouat. Il forme des dipl\u00f4m\u00e9s en Licence et en Master, dot\u00e9s des solides comp\u00e9tences scientifiques et techniques, capables d\u2019int\u00e9gration et de synth\u00e8se, de cr\u00e9ativit\u00e9 et d\u2019innovation, poss\u00e9dant les qualit\u00e9s n\u00e9cessaires pour entreprendre et diriger, partager, communiquer et piloter. Pour ce faire, le d\u00e9partement de G\u00e9nie-Civil dispense d\u2019une formation scientifique de haut niveau, proche des entreprises, et s\u2019appuyant sur un\u00a0 .potentiel .de .recherche exceptionnel par sa vari\u00e9t\u00e9 et sa qualit\u00e9<\/span><\/p>\n<p style=\"text-align: left\"><span style=\"color: #000000;font-size: 14pt;font-family: 'Book Antiqua', Palatino\">\u00a0\u00a0\u00a0\u00a0\u00a0\u00a0\u00a0 Le d\u00e9partement de G\u00e9nie \u2013Civil a \u00e9t\u00e9 cr\u00e9\u00e9 lors de l\u2019ouverture du centre Universitaire Amar <\/span><span style=\"color: #000000;font-family: 'Book Antiqua', Palatino;font-size: 14pt\">Telidji \u00e0 la rentr\u00e9e universitaire 1991\/1992, conform\u00e9ment au d\u00e9cret N\u00b091-479 du 14 D\u00e9cembre 1991. Depuis, le d\u00e9partement de G\u00e9nie-Civil s\u2019est consid\u00e9rablement d\u00e9velopp\u00e9 en assurant une formation de qualit\u00e9 pour diverses options et sp\u00e9cialit\u00e9s en graduation et en post-graduation permettant ainsi de mettre en activit\u00e9 des promotions d\u2019\u00e9tudiants capable de r\u00e9pondre \u00a0aux besoins progressifs du monde Professionnel existant dans la wilaya et m\u00eame hors Wilaya.<\/span><\/p>\n<ul>\n<li><span style=\"color: #000000\"><strong><span style=\"font-size: 14pt;font-family: 'Book Antiqua', Palatino\">Effectif Global\u00a0:<\/span><\/strong><\/span><\/li>\n<li><\/li>\n<li><span style=\"color: #000000;font-size: 14pt;font-family: 'Book Antiqua', Palatino\">\u00a0 \u00a0 Licence\u00a0:\u00a0 93 \u00e9tudiants\u00a0\u00a0\u00a0\u00a0\u00a0\u00a0\u00a0\u00a0\u00a0\u00a0\u00a0\u00a0\u00a0\u00a0\u00a0\u00a0\u00a0\u00a0\u00a0\u00a0<\/span><\/li>\n<li><span style=\"color: #000000;font-size: 14pt;font-family: 'Book Antiqua', Palatino\">\u00a0 \u00a0 Master\u00a0: 159 \u00e9tudiants\u00a0<\/span><\/li>\n<\/ul>\n<p dir=\"ltr\" style=\"text-align: left\"><span style=\"font-size: 14pt;font-family: 'Book Antiqua', Palatino;color: #000000\">\u00a0<strong>\u00a0 La formation en graduation assur\u00e9e par le d\u00e9partement de G\u00e9nie-Civil est r\u00e9partis en plusieurs fili\u00e8res cit\u00e9es comme suit\u00a0:<\/strong><\/span><\/p>\n<p style=\"text-align: left\"><strong><span style=\"font-size: 14pt;font-family: 'Book Antiqua', Palatino;color: #000000\">Fili\u00e8re G\u00e9nie-Civil\u00a0:<\/span><\/strong><\/p>\n<ul style=\"text-align: left\">\n<li><span style=\"font-size: 14pt;font-family: 'Book Antiqua', Palatino;color: #000000\">Licence :*G\u00e9nie-Civil;<\/span><\/li>\n<\/ul>\n<p dir=\"ltr\" style=\"text-align: left\"><span style=\"font-size: 14pt;font-family: 'Book Antiqua', Palatino;color: #000000\">\u00a0 \u00a0 \u00a0 \u00a0 \u00a0 \u00a0 \u00a0 \u00a0 *Topographie.<\/span><\/p>\n<ul style=\"text-align: left\">\n<li><span style=\"font-size: 14pt;font-family: 'Book Antiqua', Palatino;color: #000000\">Master :* Structures ;<\/span><\/li>\n<\/ul>\n<p dir=\"ltr\" style=\"text-align: left\"><span style=\"font-size: 14pt;font-family: 'Book Antiqua', Palatino;color: #000000\">\u00a0 \u00a0 \u00a0 \u00a0 \u00a0 \u00a0 \u00a0 \u00a0 \u00a0*\u00a0 Mat\u00e9riaux en G\u00e9nie-Civil.<\/span><\/p>\n<p style=\"text-align: left\"><strong><span style=\"font-size: 14pt;font-family: 'Book Antiqua', Palatino;color: #000000\">Fili\u00e8re Travaux Publics\u00a0:<\/span><\/strong><\/p>\n<ul>\n<li style=\"text-align: left\"><span style=\"font-size: 14pt;font-family: 'Book Antiqua', Palatino;color: #000000\">Licence\u00a0: Travaux Publics\u00a0;<\/span><\/li>\n<li style=\"text-align: left\"><span style=\"font-size: 14pt;font-family: 'Book Antiqua', Palatino;color: #000000\">Master\u00a0: Voies et Ouvrages d\u2019Art.<\/span><\/li>\n<\/ul>\n<p style=\"text-align: left\"><strong><span style=\"font-size: 14pt;font-family: 'Book Antiqua', Palatino;color: #000000\">Fili\u00e8re Hydraulique\u00a0:<\/span><\/strong><\/p>\n<ul>\n<li style=\"text-align: left\"><span style=\"font-size: 14pt;font-family: 'Book Antiqua', Palatino;color: #000000\">Licence\u00a0: Hydraulique\u00a0;<\/span><\/li>\n<li style=\"text-align: left\"><span style=\"font-size: 14pt;font-family: 'Book Antiqua', Palatino;color: #000000\">Master\u00a0: Ressources Hydrauliques.<\/span><\/li>\n<\/ul>\n","protected":false},"excerpt":{"rendered":"<p>D\u00e9partement de G\u00e9nie-Civil Chef du d\u00e9partement Dr :Sekkoum Mohammed\u00a0 Tel\u00a0: +213663584926 E.mail\u00a0:\u00a0 sekkoum_med@yahoo.fr \u00a0\u00a0\u00a0 Le d\u00e9partement de G\u00e9nie-Civil est un d\u00e9partement interne \u00e0 la facult\u00e9 de G\u00e9nie-Civil et d\u2019Architecture de\u00a0 \u00a0 \u00a0 l\u2019Universit\u00e9 Amar Telidji de Laghouat. Il forme des dipl\u00f4m\u00e9s en Licence et en Master, dot\u00e9s des solides comp\u00e9tences scientifiques et techniques, capables d\u2019int\u00e9gration [&hellip;]<\/p>\n","protected":false},"author":18,"featured_media":0,"parent":0,"menu_order":0,"comment_status":"closed","ping_status":"closed","template":"elementor_header_footer","meta":{"_exactmetrics_skip_tracking":false,"_exactmetrics_sitenote_active":false,"_exactmetrics_sitenote_note":"","_exactmetrics_sitenote_category":0,"footnotes":""},"coauthors":[527],"class_list":["post-9591","page","type-page","status-publish","hentry"],"_links":{"self":[{"href":"http:\/\/lagh-univ.dz\/fr\/wp-json\/wp\/v2\/pages\/9591","targetHints":{"allow":["GET"]}}],"collection":[{"href":"http:\/\/lagh-univ.dz\/fr\/wp-json\/wp\/v2\/pages"}],"about":[{"href":"http:\/\/lagh-univ.dz\/fr\/wp-json\/wp\/v2\/types\/page"}],"author":[{"embeddable":true,"href":"http:\/\/lagh-univ.dz\/fr\/wp-json\/wp\/v2\/users\/18"}],"replies":[{"embeddable":true,"href":"http:\/\/lagh-univ.dz\/fr\/wp-json\/wp\/v2\/comments?post=9591"}],"version-history":[{"count":19,"href":"http:\/\/lagh-univ.dz\/fr\/wp-json\/wp\/v2\/pages\/9591\/revisions"}],"predecessor-version":[{"id":38302,"href":"http:\/\/lagh-univ.dz\/fr\/wp-json\/wp\/v2\/pages\/9591\/revisions\/38302"}],"wp:attachment":[{"href":"http:\/\/lagh-univ.dz\/fr\/wp-json\/wp\/v2\/media?parent=9591"}],"wp:term":[{"taxonomy":"author","embeddable":true,"href":"http:\/\/lagh-univ.dz\/fr\/wp-json\/wp\/v2\/coauthors?post=9591"}],"curies":[{"name":"wp","href":"https:\/\/api.w.org\/{rel}","templated":true}]}}