{"id":9595,"date":"2018-07-23T18:50:50","date_gmt":"2018-07-23T18:50:50","guid":{"rendered":"http:\/\/lagh-univ.dz\/genie-civil-graduation-mot-de-vice-doyen-2\/"},"modified":"2022-11-07T10:13:46","modified_gmt":"2022-11-07T09:13:46","slug":"genie-civil-graduation-mot-de-vice-doyen-2","status":"publish","type":"page","link":"http:\/\/lagh-univ.dz\/fr\/faculte-de-genie-civil-et-architecture\/genie-civil-graduation-mot-de-vice-doyen-2\/","title":{"rendered":"G\u00e9nie Civil -Graduation-mot de vice doyen"},"content":{"rendered":"<p dir=\"ltr\" style=\"text-align: center\"><span style=\"color: #000000\"><strong><span style=\"font-size: 14pt;font-family: 'Book Antiqua', Palatino\">Vice Doyen charg\u00e9 des \u00c9tudes et des Questions Li\u00e9es aux \u00c9tudiants<\/span><\/strong><\/span><\/p>\n<p dir=\"ltr\"><img decoding=\"async\" class=\"wp-image-46779 aligncenter\" src=\"http:\/\/lagh-univ.dz\/wp-content\/uploads\/2022\/10\/777777.png\" alt=\"\" width=\"125\" height=\"126\" srcset=\"http:\/\/lagh-univ.dz\/wp-content\/uploads\/2022\/10\/777777.png 171w, http:\/\/lagh-univ.dz\/wp-content\/uploads\/2022\/10\/777777-150x150.png 150w\" sizes=\"(max-width: 125px) 100vw, 125px\" \/><\/p>\n<p dir=\"ltr\" style=\"text-align: center\"><span style=\"color: #000000;font-family: 'Book Antiqua', Palatino\"><strong>Pr:\u00a0 Kamel BENAFRA<\/strong><\/span><\/p>\n<p dir=\"ltr\" style=\"text-align: center\"><span style=\"color: #0000ff;font-family: 'Book Antiqua', Palatino;font-size: 12pt\"><u><a href=\"mailto:t.bouziani@lagh-univ.dz\">E-mail:<\/a><\/u><\/span><span style=\"color: #0000ff;font-family: 'Book Antiqua', Palatino;font-size: 12pt\"><u><a href=\"mailto:t.bouziani@lagh-univ.dz\">k.benarfa@lagh-univ.dz<\/a><\/u><\/span><\/p>\n<p style=\"text-align: left\"><span style=\"font-family: 'Book Antiqua', Palatino;color: #000000\"><strong>Bienvenue \u00e0 la facult\u00e9 de g\u00e9nie civil et d&rsquo;architecture de l\u2019universit\u00e9 Amar Telidji de Laghouat\u00a0<\/strong><\/span><\/p>\n<p style=\"text-align: left\"><span style=\"font-family: 'Book Antiqua', Palatino;color: #000000\">Des sp\u00e9cialit\u00e9s int\u00e9ressantes et des recherches cr\u00e9atives sont actuellement disponibles dans notre facult\u00e9.\u00a0 Notre \u00e9quipe p\u00e9dagogique a accumul\u00e9 une exp\u00e9rience acad\u00e9mique profonde en mati\u00e8re d\u2019enseignement et de recherche ce qui va permettre d&rsquo;\u00e9largir l&rsquo;exp\u00e9rience d&rsquo;apprentissage, l&rsquo;acquisition de connaissances et les comp\u00e9tences professionnelles de nos \u00e9tudiants.<\/span><\/p>\n<p style=\"text-align: left\"><span style=\"font-family: 'Book Antiqua', Palatino;color: #000000\">Le renouvellement continu des programmes et le d\u00e9veloppement du contenu seront intrins\u00e8quement li\u00e9s aux efforts opportuns de recherche, de d\u00e9veloppement et de d\u00e9monstration pour g\u00e9n\u00e9rer des solutions innovantes dans un environnement de plus en plus complexe. A cet effet, de nouvelles formations de master \u00e0 cursus int\u00e9gr\u00e9 de licence de 05 ann\u00e9es (licence +Master) ont \u00e9t\u00e9 propos\u00e9es et seront disponibles pour la rentr\u00e9e universitaire 2020-2021, o\u00f9 nous offrirons aux nouveaux bacheliers une formation p\u00e9dagogique particuli\u00e8re tout en assurant un encadrement sp\u00e9cifique et de qualit\u00e9 par une forte implication du secteur socio-\u00e9conomique industriel et des laboratoires de recherches.<\/span><\/p>\n<p style=\"text-align: left\"><span style=\"font-family: 'Book Antiqua', Palatino;color: #000000\"><strong>Le vice-doyen charg\u00e9 des \u00e9tudes et des\u00a0questions li\u00e9es\u00a0aux \u00e9tudiants a pour t\u00e2ches<\/strong>\u00a0:\u00a0<\/span><\/p>\n<ul style=\"text-align: left\">\n<li><span style=\"font-family: 'Book Antiqua', Palatino;color: #000000\">Assurer la gestion et le suivi des inscriptions des\u00a0\u00e9tudiants en graduation.<\/span><\/li>\n<li><span style=\"font-family: 'Book Antiqua', Palatino;color: #000000\">Suivre le d\u00e9roulement des activit\u00e9s\u00a0d\u2019enseignement et de prendre ou proposer au doyen toute\u00a0mesure en vue de leur am\u00e9lioration.<\/span><\/li>\n<li><span style=\"font-family: 'Book Antiqua', Palatino;color: #000000\">Tenir le fichier nominatif et statistique des\u00a0\u00e9tudiants.<\/span><\/li>\n<li><span style=\"font-family: 'Book Antiqua', Palatino;color: #000000\">Recueillir, traiter et diffuser l\u2019information\u00a0p\u00e9dagogique au profit des \u00e9tudiants.<\/span><\/li>\n<\/ul>\n<p style=\"text-align: left\"><span style=\"font-family: 'Book Antiqua', Palatino;color: #000000\">\u00a0<strong>Le vice-doyen charg\u00e9 des \u00e9tudes et des\u00a0questions li\u00e9es\u00a0aux \u00e9tudiants est assist\u00e9 par<\/strong>\u00a0:<\/span><\/p>\n<ul>\n<li style=\"text-align: left\"><span style=\"font-family: 'Book Antiqua', Palatino;color: #000000\">Les chefs de d\u00e9partements et leurs adjoints<\/span><\/li>\n<li style=\"text-align: left\"><span style=\"font-family: 'Book Antiqua', Palatino;color: #000000\">Service scolarit\u00e9<\/span><\/li>\n<li style=\"text-align: left\"><span style=\"font-family: 'Book Antiqua', Palatino;color: #000000\">Service des enseignements et de\u00a0l\u2019\u00e9valuation<\/span><\/li>\n<li style=\"text-align: left\"><span style=\"font-family: 'Book Antiqua', Palatino;color: #000000\">Service des statistiques, de l\u2019information et\u00a0de l\u2019orientatio<\/span>n<\/li>\n<\/ul>\n","protected":false},"excerpt":{"rendered":"<p>Vice Doyen charg\u00e9 des \u00c9tudes et des Questions Li\u00e9es aux \u00c9tudiants Pr:\u00a0 Kamel BENAFRA E-mail:k.benarfa@lagh-univ.dz Bienvenue \u00e0 la facult\u00e9 de g\u00e9nie civil et d&rsquo;architecture de l\u2019universit\u00e9 Amar Telidji de Laghouat\u00a0 Des sp\u00e9cialit\u00e9s int\u00e9ressantes et des recherches cr\u00e9atives sont actuellement disponibles dans notre facult\u00e9.\u00a0 Notre \u00e9quipe p\u00e9dagogique a accumul\u00e9 une exp\u00e9rience acad\u00e9mique profonde en mati\u00e8re d\u2019enseignement [&hellip;]<\/p>\n","protected":false},"author":18,"featured_media":0,"parent":6792,"menu_order":0,"comment_status":"closed","ping_status":"closed","template":"elementor_header_footer","meta":{"_exactmetrics_skip_tracking":false,"_exactmetrics_sitenote_active":false,"_exactmetrics_sitenote_note":"","_exactmetrics_sitenote_category":0,"footnotes":""},"coauthors":[527],"class_list":["post-9595","page","type-page","status-publish","hentry"],"_links":{"self":[{"href":"http:\/\/lagh-univ.dz\/fr\/wp-json\/wp\/v2\/pages\/9595","targetHints":{"allow":["GET"]}}],"collection":[{"href":"http:\/\/lagh-univ.dz\/fr\/wp-json\/wp\/v2\/pages"}],"about":[{"href":"http:\/\/lagh-univ.dz\/fr\/wp-json\/wp\/v2\/types\/page"}],"author":[{"embeddable":true,"href":"http:\/\/lagh-univ.dz\/fr\/wp-json\/wp\/v2\/users\/18"}],"replies":[{"embeddable":true,"href":"http:\/\/lagh-univ.dz\/fr\/wp-json\/wp\/v2\/comments?post=9595"}],"version-history":[{"count":9,"href":"http:\/\/lagh-univ.dz\/fr\/wp-json\/wp\/v2\/pages\/9595\/revisions"}],"predecessor-version":[{"id":47358,"href":"http:\/\/lagh-univ.dz\/fr\/wp-json\/wp\/v2\/pages\/9595\/revisions\/47358"}],"up":[{"embeddable":true,"href":"http:\/\/lagh-univ.dz\/fr\/wp-json\/wp\/v2\/pages\/6792"}],"wp:attachment":[{"href":"http:\/\/lagh-univ.dz\/fr\/wp-json\/wp\/v2\/media?parent=9595"}],"wp:term":[{"taxonomy":"author","embeddable":true,"href":"http:\/\/lagh-univ.dz\/fr\/wp-json\/wp\/v2\/coauthors?post=9595"}],"curies":[{"name":"wp","href":"https:\/\/api.w.org\/{rel}","templated":true}]}}