{"id":9599,"date":"2018-07-23T18:51:20","date_gmt":"2018-07-23T18:51:20","guid":{"rendered":"http:\/\/lagh-univ.dz\/genie-civil-graduation-service-des-statistiques-2\/"},"modified":"2019-02-27T08:24:06","modified_gmt":"2019-02-27T10:24:06","slug":"genie-civil-graduation-service-des-statistiques-2","status":"publish","type":"page","link":"http:\/\/lagh-univ.dz\/fr\/faculte-de-genie-civil-et-architecture\/genie-civil-graduation-service-des-statistiques-2\/","title":{"rendered":"G\u00e9nie Civil -Graduation-service des statistiques"},"content":{"rendered":"<p style=\"text-align: center;\"><span style=\"color: #ff0000; font-size: 18pt;\"><strong><span style=\"font-family: 'Book Antiqua', Palatino;\">Structuration des services au niveau du vice doyenne<\/span><\/strong><\/span><\/p>\n<p style=\"text-align: left;\"><span style=\"color: #0000ff;\"><strong><span style=\"font-size: 14pt; font-family: 'Book Antiqua', Palatino;\">Service des statistiques, d&rsquo;information et d&rsquo;orientation :<\/span><\/strong><\/span><\/p>\n<p><img decoding=\"async\" class=\"size-full wp-image-14158 aligncenter\" src=\"http:\/\/lagh-univ.dz\/wp-content\/uploads\/2019\/02\/1-2.png\" alt=\"\" width=\"103\" height=\"117\" \/><\/p>\n<p dir=\"rtl\" style=\"text-align: center;\"><span style=\"font-size: 14pt; font-family: 'Book Antiqua', Palatino; color: #000000;\">\u00a0\u00a0\u00a0\u00a0\u00a0\u00a0\u00a0 Chef de service\u00a0: BELHOUCHAT Mohamed<\/span><\/p>\n<p dir=\"rtl\" style=\"text-align: center;\"><span style=\"font-size: 14pt; font-family: 'Book Antiqua', Palatino; color: #000000;\">\u00a0\u00a0\u00a0\u00a0\u00a0\u00a0\u00a0 E-mail\u00a0: <a style=\"color: #000000;\" href=\"mailto:belhouchat.m@gmail.com\">belhouchat.m@gmail.com<\/a><\/span><\/p>\n<p dir=\"rtl\" style=\"text-align: center;\"><span style=\"font-size: 14pt; font-family: 'Book Antiqua', Palatino; color: #000000;\">\u00a0\u00a0\u00a0\u00a0\u00a0\u00a0\u00a0 T\u00e9l\u00e9phone\u00a0: 0673341707<\/span><\/p>\n<p dir=\"rtl\" style=\"text-align: left;\"><strong><span style=\"font-size: 14pt; font-family: 'Book Antiqua', Palatino; color: #000000;\">Taches li\u00e9e au service des statistiques, d&rsquo;information et d&rsquo;orientation<\/span><\/strong><\/p>\n<ul dir=\"rtl\" style=\"text-align: left;\">\n<li dir=\"ltr\"><span style=\"font-size: 14pt; font-family: 'Book Antiqua', Palatino; color: #000000;\">Statestiques des nouveaux \u00e9tudiants inscrits , et des dipl\u00f4m\u00e9s dans chaque sp\u00e9cialit\u00e9s , les \u00e9tudiants abondants volontairement (retirer le dossier p\u00e9dagogique ou annuler l&rsquo;inscription); et toutes les situations p\u00e9dagogiques normales ou inhabituelles .<\/span><\/li>\n<li dir=\"ltr\"><span style=\"font-size: 14pt; font-family: 'Book Antiqua', Palatino; color: #000000;\">Recensement des enseignants selon leurs cat\u00e9gories, en coordination avec le service du personnel (domaines des enseignants), les donn\u00e9es sont obtenues par le biais du service mentionn\u00e9 afin de calculer les taux d\u2019assurance des modules par rapport aux \u00e9tudiants\u00a0; indiquer l&rsquo;attribution des conf\u00e9rences et des travaux dirig\u00e9s en fonction de la sp\u00e9cialisation de l\u2019enseignant par rapport aux cours et aux travaux dirig\u00e9s. Chef de domaine, de sp\u00e9cialit\u00e9, chef d&rsquo;\u00e9quipe .<\/span><\/li>\n<li dir=\"ltr\"><span style=\"font-size: 14pt; font-family: 'Book Antiqua', Palatino; color: #000000;\">La pr\u00e9paration des affiches paupi\u00e8res et \u00e9lectroniques\u00a0: ce service sera met \u00e0 la disposition de tout les services collaborateurs\u00a0 les statistiques li\u00e9es au sujets de pr\u00e9sentations est l\u2019exposition des formations disponible , les nouvelles sp\u00e9cialit\u00e9s .<\/span><\/li>\n<li dir=\"ltr\"><span style=\"font-size: 14pt; font-family: 'Book Antiqua', Palatino; color: #000000;\">physique\u00a0: papier sous forme de tableaux et de matrices num\u00e9riques, de sorte que ces derni\u00e8res prennent deux formes\u00a0: 1) une publicitaire \u00a0; des affiches de grande format <span style=\"text-decoration: line-through;\">qui <\/span>r\u00e9sument les formations au cour de saisons universitaires .<\/span><\/li>\n<li dir=\"ltr\"><span style=\"font-size: 14pt; font-family: 'Book Antiqua', Palatino; color: #000000;\">Cr\u00e9dit conserv\u00e9 ou d\u00e9pliants pr\u00eats au m\u00e9dia et la fourniture de logistique associ\u00e9e aux d\u00e9veloppements\u00a0; aux exigences de gestion central et les conf\u00e9rences r\u00e9gionales\u00a0 des universit\u00e9s du centre\u00a0; le processus d&rsquo;adaptation des offres de formation, ces derni\u00e8res\u00a0 sont un outil , d\u2019argument pour les organismes sup\u00e9rieurs repr\u00e9sent\u00e9s par le minist\u00e8re concern\u00e9 , ces fichiers contiennent \u00e9galement les donn\u00e9es exactes des sales, qui constituent toute activit\u00e9 p\u00e9dagogique ( Conf\u00e9rences, laboratoires pour la pratique d&rsquo;ateliers appliqu\u00e9s, laboratoires es exp\u00e9riences appliqu\u00e9es).<\/span><\/li>\n<li dir=\"ltr\"><span style=\"font-size: 14pt; font-family: 'Book Antiqua', Palatino; color: #000000;\">Num\u00e9rique: Les tableaux et les matrices num\u00e9riques modifiables par r\u00e9duction ou augmentation enregistr\u00e9es sur des supports de stockage prot\u00e9g\u00e9s: disques de tous types, disques durs compacts, stock\u00e9s dans le courrier et pouvant \u00eatre copi\u00e9s dans tous les cas lors de leur traitement \u00e0 distance, notamment en cas d&rsquo;urgence.<\/span><\/li>\n<\/ul>\n<p dir=\"ltr\"><span style=\"font-size: 14pt; font-family: 'Book Antiqua', Palatino; color: #000000;\">\u2022\u00a0 Pr\u00e9parer les preuves de la facult\u00e9\u00a0 et des formations, pour attirer le nombres plus possible des nouveaux inscrits aussi que attention de ce qu\u2019ils veulent am\u00e9liorer leurs cursus\u00a0 , par exemple, le processus de passerelle depuis la formation de court terme (DEUA). Jusqu\u2019\u00e0 la formation LMD et l\u2019obtention de la licence, ou la passerelle depuis la formation de longue dur\u00e9e (ing\u00e9nieur) jusqu\u2019au deuxi\u00e8me cycle\u00a0 du syst\u00e8me LMD pour l\u2019obtention du dipl\u00f4me de Master, quel que soit le type de formation acad\u00e9mique ou professionnelle offrant ou non la possibilit\u00e9 de participer \u00e0 la troisi\u00e8me \u00e9tape du syst\u00e8me LMD et de s\u2019inscrire au (DLMD).<\/span><\/p>\n<p dir=\"ltr\"><span style=\"font-size: 14pt; font-family: 'Book Antiqua', Palatino; color: #000000;\">\u00a0\u2022\u00a0 <strong>Le r\u00f4le du guide de la facult\u00e9 et de ses formations ne se limite pas \u00e0 cela. Le rectorat de l\u2019Universit\u00e9 a accord\u00e9 une grande importance aux \u00e9tudiants de toutes les couches sociales, en mettant l\u2019accent sur la pr\u00e9paration de ce manuel afin qu\u2019il comprenne\u00a0:<\/strong>&#8211; Le volume horaire pr\u00e9cis de la formation selon chaque niveau, d\u00e9velopp\u00e9e, pour les conf\u00e9rences et les ateliers en fonction du canevas et des d\u00e9cisions minist\u00e9rielles.- Le r\u00e8glement int\u00e9rieur de l&rsquo;Universit\u00e9- La mani\u00e8re de calculer les absencesLes emplois du temps : Le nouveau qui est devenu habituel, c\u2019est la r\u00e9alisation de ces emplois du temps \u00e0 la fin de chaque semestre, pour qu&rsquo;ils soient accessibles \u00e0 tous via le site web officiel de l&rsquo;universit\u00e9, m\u00eame avant les r\u00e9sultats du baccalaur\u00e9at, et avant le d\u00e9but du processus de transferts internes et externes.<\/span><\/p>\n<p dir=\"ltr\"><span style=\"font-size: 14pt; font-family: 'Book Antiqua', Palatino; color: #000000;\">\u00a0Pr\u00e9paration des copies officielles de pr\u00e9sentation de la configuration (nombre d&rsquo;unit\u00e9s et leur d\u00e9claration en \u00e9num\u00e9rant les normes de chaque unit\u00e9 et les soldes et transactions correspondants) -Les entit\u00e9s autoris\u00e9es \u00e0 int\u00e9grer des \u00e9tudiants dipl\u00f4m\u00e9s sur le march\u00e9 du travail<\/span><\/p>\n<p dir=\"ltr\"><span style=\"font-size: 14pt; font-family: 'Book Antiqua', Palatino; color: #000000;\">\u2022 Le suivi et l\u2019am\u00e9lioration\u00a0 des publications de la facult\u00e9, en particulier de la mise \u00e0 jour de la page Web, la production scientifique est un facteur, pour chaque institution \u00e0 caract\u00e8re scientifique et de recherche, et dans ce sens, la volont\u00e9 de l&rsquo;administration de l&rsquo;Universit\u00e9 est de mettre cet aspect en valeur en exportant ces versions de la page du navigateur de l\u2019universit\u00e9 d&rsquo;Ammar T\u00e9lidji.<\/span><\/p>\n<p dir=\"ltr\"><span style=\"font-size: 14pt; font-family: 'Book Antiqua', Palatino; color: #000000;\">\u2022 Suivre les calendriers de planification et d&rsquo;examen sur la page Web.<\/span><\/p>\n<p dir=\"ltr\"><span style=\"font-size: 14pt; font-family: 'Book Antiqua', Palatino; color: #000000;\"><strong>Service p\u00e9dagogique:<\/strong><\/span><\/p>\n<p dir=\"ltr\"><span style=\"font-size: 14pt; font-family: 'Book Antiqua', Palatino; color: #000000;\"><img decoding=\"async\" class=\"size-full wp-image-14188 aligncenter\" src=\"http:\/\/lagh-univ.dz\/wp-content\/uploads\/2019\/02\/2.png\" alt=\"\" width=\"103\" height=\"130\" \/><\/span><\/p>\n<p dir=\"ltr\" style=\"text-align: center;\"><span style=\"font-size: 14pt; font-family: 'Book Antiqua', Palatino; color: #000000;\"><strong>Chef du service\u00a0:<\/strong> Mansouri Al-Mayhoub <\/span><\/p>\n<p dir=\"ltr\" style=\"text-align: center;\"><span style=\"font-size: 14pt; font-family: 'Book Antiqua', Palatino; color: #000000;\"><strong>E-mail\u00a0:<\/strong> <a style=\"color: #000000;\" href=\"mailto:mihoub.mansouri@yahoo.fr\">mihoub.mansouri@yahoo.fr<\/a> <\/span><\/p>\n<p dir=\"ltr\" style=\"text-align: center;\"><span style=\"font-size: 14pt; font-family: 'Book Antiqua', Palatino; color: #000000;\"><strong>T\u00e9l\u00e9phone\u00a0:<\/strong> 0552541331 \u00a0\u00a0\u00a0<\/span><\/p>\n<p dir=\"ltr\"><span style=\"font-size: 14pt; font-family: 'Book Antiqua', Palatino; color: #000000;\"><strong>Fonctions du service\u00a0: <\/strong><\/span><\/p>\n<p dir=\"ltr\"><span style=\"font-size: 14pt; font-family: 'Book Antiqua', Palatino; color: #000000;\">\u2022 Inscription et gestion des transferts : ce service est responsable de l&rsquo;organisation du processus d&rsquo;inscription de mani\u00e8re \u00e0 permettre aux nouveaux \u00e9tudiants titulaires d&rsquo;un dipl\u00f4me de baccalaur\u00e9at de recevoir le fichier final de l&rsquo;inscription contenant les documents originaux prouvant le droit de l&rsquo;\u00e9tudiant \u00e0 un si\u00e8ge p\u00e9dagogique apr\u00e8s la finalisation\u00a0 des inscriptions initiales sur le site Web: mesrs .dz, en fonction des dates re\u00e7ues par l&rsquo;\u00e9tudiant du m\u00eame site via la convocation en ligne.<\/span><\/p>\n<p dir=\"ltr\"><span style=\"font-size: 14pt; font-family: 'Book Antiqua', Palatino; color: #000000;\">\u2022 Gestion des transferts : les transferts internes et externes de licence sont limit\u00e9s aux \u00e9tudiants de la deuxi\u00e8me et la troisi\u00e8me ann\u00e9e et les r\u00e9p\u00e9titifs de la premi\u00e8re ann\u00e9e qui n&rsquo;ont pas \u00e9t\u00e9 en mesure de r\u00e9cup\u00e9rer les personnes auxquelles ils ont \u00e9t\u00e9 envoy\u00e9s, car les transferts pour les nouveaux \u00e9tudiants se font exclusivement sur le site Web: mesrs.dz.<\/span><\/p>\n<p dir=\"ltr\"><span style=\"font-size: 14pt; font-family: 'Book Antiqua', Palatino; color: #000000;\">\u2022 la gestion des formations ; Ce service est consid\u00e9r\u00e9 comme \u00e9tant un facteur facilitant le processus de formations\u00a0 (les domaines de la facult\u00e9), parce que le processus d\u2019archiver et de mettre \u00e0 jour les dossiers des \u00e9tudiants est important, ce qui en fait une r\u00e9f\u00e9rence dans le cas de situations p\u00e9dagogiques complexes n\u00e9cessitant un examen administratif et p\u00e9dagogique du dossier. <\/span><\/p>\n<p dir=\"ltr\"><span style=\"font-size: 14pt; font-family: 'Book Antiqua', Palatino; color: #000000;\">\u2022 (Archiver les dossiers et les sauvegarder ) : C\u2019est un op\u00e9ration tr\u00e8s importante, \u00e9tant donn\u00e9 que le dossier de l\u2019\u00e9tudiant contient les document importants ; Le vice rectorat des \u00e9tudes recommande \u00e9galement que chaque dossier doit inclure les pi\u00e8ces suivantes: Certificats de r\u00e9inscription pour chaque ann\u00e9e universitaire, des cong\u00e9s acad\u00e9miques, le cas \u00e9ch\u00e9ant, la r\u00e9int\u00e9gration et les relev\u00e9s de notes pour chaque ann\u00e9e,\u00a0 les relev\u00e9s de notes et certificats pour chaque \u00e9l\u00e8ve ayant b\u00e9n\u00e9fici\u00e9 d\u2019un transfert externe.\u00d8 Etudiants titulaires d\u2019une licence souhaitant s&rsquo;inscrire en Master 2 : La premi\u00e8re inscription se fait via le Web et l\u2019inscription finale en d\u00e9posant les dossiers sous forme papier et les documents n\u00e9cessaires apr\u00e8s l\u2019admission au niveau des d\u00e9partements.<\/span><\/p>\n<p dir=\"ltr\"><span style=\"font-size: 14pt; font-family: 'Book Antiqua', Palatino; color: #000000;\">\u00d8 Ann\u00e9e acad\u00e9mique \u00a0: les demandes sont d\u00e9pos\u00e9es aupr\u00e8s du d\u00e9partement en remplissant un formulaire plus la justification pour l&rsquo;\u00e9tude par le comit\u00e9s scientifique, dans le but de pr\u00e9parer un rapport et de l&rsquo;envoyer au vice doyenn\u00e9 charg\u00e9 des \u00e9tudes et des questions li\u00e9es aux \u00e9tudiants afin de r\u00e9viser la d\u00e9cision prise.<span style=\"text-decoration: line-through;\">\u00d8 <\/span>\u00a0R\u00e9inscription des \u00e9tudiants abondants\u00a0: apr\u00e8s le d\u00e9p\u00f4t de la demande de r\u00e9int\u00e9gration\u00a0 justifi\u00e9e, au cas o\u00f9 la demande est accept\u00e9e, la d\u00e9cision de r\u00e9int\u00e9gration et le certificat de r\u00e9inscription sont d\u00e9livr\u00e9s par le vice-doyen pour les pr\u00e9senter au niveau du\u00a0 d\u00e9partement a fins d\u2019avoir l\u2019inscription finale <\/span><\/p>\n<p dir=\"ltr\"><span style=\"font-size: 14pt; font-family: 'Book Antiqua', Palatino; color: #000000;\">.\u00d8<strong> Perte de la carte d\u2019\u00e9tudiant\u00a0<\/strong>: Cela n\u00e9cessite une d\u00e9claration de perte aupr\u00e8s des autorit\u00e9s de s\u00e9curit\u00e9 concern\u00e9es pour la reproduction d&rsquo;une nouvelle carte\u00d8 \u00a0Retrait et abandon du master ou de la licence\u00a0: uniquement dans le cas o\u00f9 l&rsquo;\u00e9tudiant suit deux formations en m\u00eame temps.\u00a0\u00a0<\/span><\/p>\n<p dir=\"ltr\"><span style=\"font-size: 14pt; font-family: 'Book Antiqua', Palatino; color: #000000;\">\u00d8 <strong>Nouveau baccalaur\u00e9at\u00a0:<\/strong><\/span><span style=\"font-size: 14pt; font-family: 'Book Antiqua', Palatino; color: #000000;\">&#8211;\u00a0 Ceux qui souhaitent prendre une formation en architecture ,ou bien en\u00a0 g\u00e9nie civil Formulaire d&rsquo;inscription &#8211;\u00a0 T\u00e9l\u00e9charger) (le fichier num\u00e9rique doit \u00eatre ins\u00e9r\u00e9)Relev\u00e9 de notes de la derni\u00e8re ann\u00e9e universitaire.les frais d&rsquo;inscription .<\/span><\/p>\n<p dir=\"ltr\"><span style=\"font-size: 14pt; font-family: 'Book Antiqua', Palatino; color: #000000;\">\u00d8 <strong>Titulaires d&rsquo;un baccalaur\u00e9at souhaitant s&rsquo;inscrire en master.<\/strong>L&rsquo;inscription se fait via progresse .Dossier de demande d\u2019un cong\u00e9 acad\u00e9mique\u00a0:<\/span><\/p>\n<p dir=\"ltr\"><span style=\"font-size: 14pt; font-family: 'Book Antiqua', Palatino; color: #000000;\">\u2022 Demande manuscrite (formulaire de t\u00e9l\u00e9chargement).<\/span><\/p>\n<p dir=\"ltr\"><span style=\"font-size: 14pt; font-family: 'Book Antiqua', Palatino; color: #000000;\">\u2022 Justificatif (raison m\u00e9dicale, service national, etc.).<\/span><\/p>\n<p dir=\"ltr\"><span style=\"font-size: 14pt; font-family: 'Book Antiqua', Palatino; color: #000000;\">\u2022 Certificat d&rsquo;inscription.<\/span><\/p>\n<p dir=\"ltr\"><span style=\"font-size: 14pt; font-family: 'Book Antiqua', Palatino; color: #000000;\">\u2022 Carte d\u2019\u00e9tudiant originale.<\/span><\/p>\n<p dir=\"ltr\"><span style=\"font-size: 14pt; font-family: 'Book Antiqua', Palatino; color: #000000;\"><strong>Remarque<\/strong>\u00a0: Les dossiers sont d\u00e9pos\u00e9s au niveau des d\u00e9partement .\u00a0\u00d8 <strong>Dossier de demande<\/strong> de r\u00e9int\u00e9gration des <strong>\u00e9tudiants abondants<\/strong>\u00a0:\u00b7\u00a0\u00a0 Une demande manuscrite.\u00b7\u00a0\u00a0 Une copie du certificat d&rsquo;inscription de la derni\u00e8re ann\u00e9e universitaire.\u00b7\u00a0\u00a0 Un document de qualification pour s&rsquo;inscrire au d\u00e9partement\u00a0: un certificat m\u00e9dical, une carte de service nationale &#8230;<strong>Demande d\u2019une deuxi\u00e8me copie de la carte d\u2019\u00e9tudiant\u00a0:<\/strong>\u00b7\u00a0\u00a0 Une demande manuscrite.\u00b7\u00a0\u00a0 Une d\u00e9claration de perte ou de vol &#8230; (\u00e9mise par les services de s\u00e9curit\u00e9 nationale).\u00b7\u00a0\u00a0 Une copie du certificat d\u2019inscription.\u00b7\u00a0\u00a0 Une photo.<\/span><\/p>\n<p dir=\"ltr\"><span style=\"color: #000000; font-family: 'Book Antiqua', Palatino; font-size: 14pt;\"><strong>Service d\u2019Education et d\u2019Evaluation\u00a0<\/strong><\/span><\/p>\n<p dir=\"ltr\"><span style=\"color: #000000; font-family: 'Book Antiqua', Palatino; font-size: 14pt;\"><img decoding=\"async\" class=\"size-full wp-image-14206 aligncenter\" src=\"http:\/\/lagh-univ.dz\/wp-content\/uploads\/2019\/02\/2-1.png\" alt=\"\" width=\"113\" height=\"138\" \/><\/span><\/p>\n<p dir=\"ltr\" style=\"text-align: center;\"><span style=\"font-size: 14pt; font-family: 'Book Antiqua', Palatino; color: #000000;\"><strong>Chef du service :<\/strong> Ali BenDjedia<\/span><\/p>\n<p dir=\"ltr\" style=\"text-align: center;\"><span style=\"font-size: 14pt; font-family: 'Book Antiqua', Palatino; color: #000000;\"><strong>E-mail:<\/strong> alipro03@gmail.com<\/span><\/p>\n<p dir=\"ltr\" style=\"text-align: center;\"><span style=\"font-size: 14pt; font-family: 'Book Antiqua', Palatino; color: #000000;\"><strong>T\u00e9l\u00e9phone:<\/strong> 0663063308<\/span><\/p>\n<p dir=\"ltr\"><span style=\"color: #000000; font-family: 'Book Antiqua', Palatino; font-size: 14pt;\"><strong>Fonctions du service\u00a0:<\/strong><\/span><\/p>\n<p dir=\"ltr\"><span style=\"color: #000000; font-family: 'Book Antiqua', Palatino; font-size: 14pt;\">\u2022 Suivi des cours et des programmes p\u00e9dagogiques .<\/span><\/p>\n<p dir=\"ltr\"><span style=\"color: #000000; font-family: 'Book Antiqua', Palatino; font-size: 14pt;\">\u2022 Archivage des le\u00e7ons, conf\u00e9rences et travaux dirig\u00e9s sous forme \u00e9lectronique et papier (en particulier qui sont approuv\u00e9s par les comit\u00e9s scientifiques de la facult\u00e9 et publi\u00e9s apr\u00e8s l&rsquo;approbation du comit\u00e9\u00a0 scientifique de la facult\u00e9\u00a0.<\/span><\/p>\n<p dir=\"ltr\"><span style=\"color: #000000; font-family: 'Book Antiqua', Palatino; font-size: 14pt;\">\u2022 Suivi de l\u2019occupation des salles et des amphis\u00a0.<\/span><\/p>\n<p dir=\"ltr\"><span style=\"color: #000000; font-family: 'Book Antiqua', Palatino; font-size: 14pt;\">\u2022 La mise en place d\u2019un calendrier des examens et l\u2019assurance du bon d\u00e9roulement des examens\u00a0\u2022 Collecte, traitement , et diffusion d\u2019information p\u00e9dagogique\u00a0;<\/span><\/p>\n<p dir=\"ltr\"><span style=\"color: #000000; font-family: 'Book Antiqua', Palatino; font-size: 14pt;\">\u2022 Suivi du travail des \u00e9quipes de formation\u00a0;<\/span><\/p>\n<p dir=\"ltr\"><span style=\"color: #000000; font-family: 'Book Antiqua', Palatino; font-size: 14pt;\">\u2022 Archive des sujets\u00a0 d\u2019examen et des corrig\u00e9s types en formats \u00e9lectronique et papier.<\/span><\/p>\n","protected":false},"excerpt":{"rendered":"<p>Structuration des services au niveau du vice doyenne Service des statistiques, d&rsquo;information et d&rsquo;orientation : \u00a0\u00a0\u00a0\u00a0\u00a0\u00a0\u00a0 Chef de service\u00a0: BELHOUCHAT Mohamed \u00a0\u00a0\u00a0\u00a0\u00a0\u00a0\u00a0 E-mail\u00a0: belhouchat.m@gmail.com \u00a0\u00a0\u00a0\u00a0\u00a0\u00a0\u00a0 T\u00e9l\u00e9phone\u00a0: 0673341707 Taches li\u00e9e au service des statistiques, d&rsquo;information et d&rsquo;orientation Statestiques des nouveaux \u00e9tudiants inscrits , et des dipl\u00f4m\u00e9s dans chaque sp\u00e9cialit\u00e9s , les \u00e9tudiants abondants volontairement (retirer le [&hellip;]<\/p>\n","protected":false},"author":18,"featured_media":0,"parent":6792,"menu_order":0,"comment_status":"closed","ping_status":"closed","template":"elementor_header_footer","meta":{"_exactmetrics_skip_tracking":false,"_exactmetrics_sitenote_active":false,"_exactmetrics_sitenote_note":"","_exactmetrics_sitenote_category":0,"footnotes":""},"coauthors":[527],"class_list":["post-9599","page","type-page","status-publish","hentry"],"_links":{"self":[{"href":"http:\/\/lagh-univ.dz\/fr\/wp-json\/wp\/v2\/pages\/9599","targetHints":{"allow":["GET"]}}],"collection":[{"href":"http:\/\/lagh-univ.dz\/fr\/wp-json\/wp\/v2\/pages"}],"about":[{"href":"http:\/\/lagh-univ.dz\/fr\/wp-json\/wp\/v2\/types\/page"}],"author":[{"embeddable":true,"href":"http:\/\/lagh-univ.dz\/fr\/wp-json\/wp\/v2\/users\/18"}],"replies":[{"embeddable":true,"href":"http:\/\/lagh-univ.dz\/fr\/wp-json\/wp\/v2\/comments?post=9599"}],"version-history":[{"count":16,"href":"http:\/\/lagh-univ.dz\/fr\/wp-json\/wp\/v2\/pages\/9599\/revisions"}],"predecessor-version":[{"id":14228,"href":"http:\/\/lagh-univ.dz\/fr\/wp-json\/wp\/v2\/pages\/9599\/revisions\/14228"}],"up":[{"embeddable":true,"href":"http:\/\/lagh-univ.dz\/fr\/wp-json\/wp\/v2\/pages\/6792"}],"wp:attachment":[{"href":"http:\/\/lagh-univ.dz\/fr\/wp-json\/wp\/v2\/media?parent=9599"}],"wp:term":[{"taxonomy":"author","embeddable":true,"href":"http:\/\/lagh-univ.dz\/fr\/wp-json\/wp\/v2\/coauthors?post=9599"}],"curies":[{"name":"wp","href":"https:\/\/api.w.org\/{rel}","templated":true}]}}