{"id":9601,"date":"2018-07-23T18:51:36","date_gmt":"2018-07-23T18:51:36","guid":{"rendered":"http:\/\/lagh-univ.dz\/genie-civil-graduation-service-scolarite-2\/"},"modified":"2019-02-20T21:27:15","modified_gmt":"2019-02-20T23:27:15","slug":"genie-civil-graduation-service-scolarite-2","status":"publish","type":"page","link":"http:\/\/lagh-univ.dz\/fr\/faculte-de-genie-civil-et-architecture\/genie-civil-graduation-service-scolarite-2\/","title":{"rendered":"G\u00e9nie Civil -Graduation-service scolarit\u00e9"},"content":{"rendered":"<p dir=\"ltr\" style=\"text-align: center\"><span style=\"font-size: 18pt;font-family: 'Book Antiqua', Palatino;color: #000000\"><strong>\u00a0 \u00a0<\/strong><strong>Service scolarit\u00e9<\/strong><\/span><\/p>\n<p dir=\"ltr\">\n<p dir=\"ltr\" style=\"text-align: center\"><span style=\"font-size: 14pt;font-family: 'Book Antiqua', Palatino;color: #000000\"> <strong>Chef du service\u00a0:<\/strong> Mansouri Al-Mayhoub<\/span><\/p>\n<p dir=\"ltr\"><span style=\"color: #000000\"><img decoding=\"async\" class=\"size-full wp-image-13785 aligncenter\" src=\"http:\/\/lagh-univ.dz\/wp-content\/uploads\/2019\/02\/3.png\" alt=\"\" width=\"104\" height=\"125\" \/><\/span><\/p>\n<p dir=\"ltr\" style=\"text-align: center\"><span style=\"font-size: 14pt;font-family: 'Book Antiqua', Palatino;color: #000000\"><strong>E-mail\u00a0:<\/strong> <a style=\"color: #000000\" href=\"mailto:mihoub.mansouri@yahoo.fr\">mihoub.mansouri@yahoo.fr<\/a> <\/span><\/p>\n<p dir=\"ltr\" style=\"text-align: center\"><span style=\"font-size: 14pt;font-family: 'Book Antiqua', Palatino;color: #000000\"><strong>T\u00e9l\u00e9phone\u00a0:<\/strong> 0552541331 \u00a0<\/span><\/p>\n<p dir=\"ltr\"><span style=\"color: #000000;font-size: 14pt;font-family: 'Book Antiqua', Palatino\"><strong>Fonctions du service\u00a0: <\/strong><\/span><\/p>\n<p dir=\"ltr\"><span style=\"color: #000000;font-size: 14pt;font-family: 'Book Antiqua', Palatino\">\u2022 Inscription et gestion des transferts : ce service est responsable de l&rsquo;organisation du processus d&rsquo;inscription de mani\u00e8re \u00e0 permettre aux nouveaux \u00e9tudiants titulaires d&rsquo;un dipl\u00f4me de baccalaur\u00e9at de recevoir le fichier final de l&rsquo;inscription contenant les documents originaux prouvant le droit de l&rsquo;\u00e9tudiant \u00e0 un si\u00e8ge p\u00e9dagogique apr\u00e8s la finalisation\u00a0 des inscriptions initiales sur le site Web: mesrs .dz, en fonction des dates re\u00e7ues par l&rsquo;\u00e9tudiant du m\u00eame site via la convocation en ligne.<\/span><\/p>\n<p dir=\"ltr\"><span style=\"color: #000000;font-size: 14pt;font-family: 'Book Antiqua', Palatino\">\u2022 Gestion des transferts\u00a0: les transferts internes et externes de \u2026\u2026 licence sont limit\u00e9s aux \u00e9tudiants de la deuxi\u00e8me et la troisi\u00e8me ann\u00e9e et les r\u00e9p\u00e9titifs de la premi\u00e8re ann\u00e9e qui n&rsquo;ont pas \u00e9t\u00e9 en mesure de r\u00e9cup\u00e9rer les personnes auxquelles ils ont \u00e9t\u00e9 envoy\u00e9s, car les transferts pour les nouveaux \u00e9tudiants se font exclusivement sur le site Web: mesrs.dz<\/span><\/p>\n<p dir=\"ltr\"><span style=\"color: #000000;font-size: 14pt;font-family: 'Book Antiqua', Palatino\">\u2022 la gestion des formations\u00a0; Ce service est consid\u00e9r\u00e9 comme \u00e9tant un facteur facilitant le processus de formations\u00a0 (les domaines de la facult\u00e9), parce que le processus d\u2019archiver et de mettre \u00e0 jour les dossiers des \u00e9tudiants est important, ce qui en fait une r\u00e9f\u00e9rence dans le cas de situations p\u00e9dagogiques complexes n\u00e9cessitant un examen administratif et p\u00e9dagogique du dossier.<\/span><\/p>\n<ul>\n<li style=\"text-align: left\"><span style=\"font-size: 14pt;font-family: 'Book Antiqua', Palatino;color: #000000\">(Archiver les dossiers et les sauvegarder )\u00a0: C\u2019est un op\u00e9ration tr\u00e8s importante, \u00e9tant donn\u00e9 que le dossier de l\u2019\u00e9tudiant contient les document importants\u00a0; Le vice rectorat des \u00e9tudes recommande \u00e9galement que chaque dossier doit inclure les pi\u00e8ces suivantes: Certificats de r\u00e9inscription pour chaque ann\u00e9e universitaire, des cong\u00e9s acad\u00e9miques, le cas \u00e9ch\u00e9ant, la r\u00e9int\u00e9gration et les relev\u00e9s de notes pour chaque ann\u00e9e,\u00a0 les relev\u00e9s de notes et certificats pour chaque \u00e9l\u00e8ve ayant b\u00e9n\u00e9fici\u00e9 d\u2019un transfert externe.<\/span><\/li>\n<\/ul>\n","protected":false},"excerpt":{"rendered":"<p>\u00a0 \u00a0Service scolarit\u00e9 Chef du service\u00a0: Mansouri Al-Mayhoub E-mail\u00a0: mihoub.mansouri@yahoo.fr T\u00e9l\u00e9phone\u00a0: 0552541331 \u00a0 Fonctions du service\u00a0: \u2022 Inscription et gestion des transferts : ce service est responsable de l&rsquo;organisation du processus d&rsquo;inscription de mani\u00e8re \u00e0 permettre aux nouveaux \u00e9tudiants titulaires d&rsquo;un dipl\u00f4me de baccalaur\u00e9at de recevoir le fichier final de l&rsquo;inscription contenant les documents originaux [&hellip;]<\/p>\n","protected":false},"author":18,"featured_media":0,"parent":6792,"menu_order":0,"comment_status":"closed","ping_status":"closed","template":"elementor_header_footer","meta":{"_exactmetrics_skip_tracking":false,"_exactmetrics_sitenote_active":false,"_exactmetrics_sitenote_note":"","_exactmetrics_sitenote_category":0,"footnotes":""},"coauthors":[527],"class_list":["post-9601","page","type-page","status-publish","hentry"],"_links":{"self":[{"href":"http:\/\/lagh-univ.dz\/fr\/wp-json\/wp\/v2\/pages\/9601","targetHints":{"allow":["GET"]}}],"collection":[{"href":"http:\/\/lagh-univ.dz\/fr\/wp-json\/wp\/v2\/pages"}],"about":[{"href":"http:\/\/lagh-univ.dz\/fr\/wp-json\/wp\/v2\/types\/page"}],"author":[{"embeddable":true,"href":"http:\/\/lagh-univ.dz\/fr\/wp-json\/wp\/v2\/users\/18"}],"replies":[{"embeddable":true,"href":"http:\/\/lagh-univ.dz\/fr\/wp-json\/wp\/v2\/comments?post=9601"}],"version-history":[{"count":3,"href":"http:\/\/lagh-univ.dz\/fr\/wp-json\/wp\/v2\/pages\/9601\/revisions"}],"predecessor-version":[{"id":13791,"href":"http:\/\/lagh-univ.dz\/fr\/wp-json\/wp\/v2\/pages\/9601\/revisions\/13791"}],"up":[{"embeddable":true,"href":"http:\/\/lagh-univ.dz\/fr\/wp-json\/wp\/v2\/pages\/6792"}],"wp:attachment":[{"href":"http:\/\/lagh-univ.dz\/fr\/wp-json\/wp\/v2\/media?parent=9601"}],"wp:term":[{"taxonomy":"author","embeddable":true,"href":"http:\/\/lagh-univ.dz\/fr\/wp-json\/wp\/v2\/coauthors?post=9601"}],"curies":[{"name":"wp","href":"https:\/\/api.w.org\/{rel}","templated":true}]}}