{"id":9607,"date":"2018-07-23T18:52:32","date_gmt":"2018-07-23T18:52:32","guid":{"rendered":"http:\/\/lagh-univ.dz\/genie-civil-post-graduation-2\/"},"modified":"2019-11-26T08:31:55","modified_gmt":"2019-11-26T10:31:55","slug":"genie-civil-post-graduation-2","status":"publish","type":"page","link":"http:\/\/lagh-univ.dz\/fr\/faculte-de-genie-civil-et-architecture\/genie-civil-post-graduation-2\/","title":{"rendered":"G\u00e9nie Civil &#8211; post Graduation"},"content":{"rendered":"<p style=\"text-align: left\">\u00a0\u00a0\u00a0 L<span style=\"font-family: 'Book Antiqua', Palatino\">a recherche scientifique est un outil vital du d\u00e9veloppement socio-\u00e9conomique et culturel des nations et des peuples. Elle constitue une part importante des fonctions de l&rsquo;universit\u00e9 et des t\u00e2ches de ses enseignants. La recherche scientifique cibl\u00e9e et ambitieuse fait que l&rsquo;universit\u00e9 soit innovante et visible au niveau national et international.Le Vice D\u00e9canat\u00a0 charg\u00e9 de post-graduation, de la recherche scientifique et des relations ext\u00e9rieures joue un r\u00f4le cl\u00e9\u00a0 dans la La recherche scientifique est un outil vital du d\u00e9veloppement socio-\u00e9conomique et culturel des nations et des peuples. Elle constitue une part importante des fonctions de l&rsquo;universit\u00e9 et des t\u00e2ches de ses enseignants. La recherche scientifique cibl\u00e9e et ambitieuse fait que l&rsquo;universit\u00e9 soit innovante et visible au niveau national et international.Le Vice D\u00e9canat charg\u00e9 de post-graduation, de la recherche scientifique et des relations ext\u00e9rieures joue un r\u00f4le cl\u00e9 dans la politique de d\u00e9veloppement de l&rsquo;Universit\u00e9. Une politique qui compte parmi ses objectifs l\u2019offre d\u2019une formation post-gradu\u00e9e d\u2019excellence et la production des recherches cr\u00e9atives et innovantes, afin de r\u00e9pondre aux besoins et aux pr\u00e9occupations du secteur socio-\u00e9conomique.sit\u00e9 enti\u00e8re.<\/span><\/p>\n","protected":false},"excerpt":{"rendered":"<p>\u00a0\u00a0\u00a0 La recherche scientifique est un outil vital du d\u00e9veloppement socio-\u00e9conomique et culturel des nations et des peuples. Elle constitue une part importante des fonctions de l&rsquo;universit\u00e9 et des t\u00e2ches de ses enseignants. La recherche scientifique cibl\u00e9e et ambitieuse fait que l&rsquo;universit\u00e9 soit innovante et visible au niveau national et international.Le Vice D\u00e9canat\u00a0 charg\u00e9 de [&hellip;]<\/p>\n","protected":false},"author":18,"featured_media":0,"parent":6792,"menu_order":0,"comment_status":"closed","ping_status":"closed","template":"elementor_header_footer","meta":{"_exactmetrics_skip_tracking":false,"_exactmetrics_sitenote_active":false,"_exactmetrics_sitenote_note":"","_exactmetrics_sitenote_category":0,"footnotes":""},"coauthors":[527],"class_list":["post-9607","page","type-page","status-publish","hentry"],"_links":{"self":[{"href":"http:\/\/lagh-univ.dz\/fr\/wp-json\/wp\/v2\/pages\/9607","targetHints":{"allow":["GET"]}}],"collection":[{"href":"http:\/\/lagh-univ.dz\/fr\/wp-json\/wp\/v2\/pages"}],"about":[{"href":"http:\/\/lagh-univ.dz\/fr\/wp-json\/wp\/v2\/types\/page"}],"author":[{"embeddable":true,"href":"http:\/\/lagh-univ.dz\/fr\/wp-json\/wp\/v2\/users\/18"}],"replies":[{"embeddable":true,"href":"http:\/\/lagh-univ.dz\/fr\/wp-json\/wp\/v2\/comments?post=9607"}],"version-history":[{"count":6,"href":"http:\/\/lagh-univ.dz\/fr\/wp-json\/wp\/v2\/pages\/9607\/revisions"}],"predecessor-version":[{"id":19715,"href":"http:\/\/lagh-univ.dz\/fr\/wp-json\/wp\/v2\/pages\/9607\/revisions\/19715"}],"up":[{"embeddable":true,"href":"http:\/\/lagh-univ.dz\/fr\/wp-json\/wp\/v2\/pages\/6792"}],"wp:attachment":[{"href":"http:\/\/lagh-univ.dz\/fr\/wp-json\/wp\/v2\/media?parent=9607"}],"wp:term":[{"taxonomy":"author","embeddable":true,"href":"http:\/\/lagh-univ.dz\/fr\/wp-json\/wp\/v2\/coauthors?post=9607"}],"curies":[{"name":"wp","href":"https:\/\/api.w.org\/{rel}","templated":true}]}}