{"id":9613,"date":"2018-07-23T18:53:18","date_gmt":"2018-07-23T18:53:18","guid":{"rendered":"http:\/\/lagh-univ.dz\/genie-civil-post-graduation-service-de-relation-et-cooperation-externe-2\/"},"modified":"2019-02-26T12:37:25","modified_gmt":"2019-02-26T14:37:25","slug":"genie-civil-post-graduation-service-de-relation-et-cooperation-externe-2","status":"publish","type":"page","link":"http:\/\/lagh-univ.dz\/fr\/faculte-de-genie-civil-et-architecture\/genie-civil-post-graduation-service-de-relation-et-cooperation-externe-2\/","title":{"rendered":"G\u00e9nie Civil &#8211; post Graduation-service de relation et coop\u00e9ration externe"},"content":{"rendered":"<p dir=\"rtl\" style=\"text-align: left\"><span style=\"font-size: 14pt;font-family: 'Book Antiqua', Palatino\"><strong>Dossiers des Stages <\/strong><\/span><\/p>\n<p dir=\"rtl\" style=\"text-align: left\"><span style=\"font-size: 14pt;font-family: 'Book Antiqua', Palatino\"><strong style=\"font-size: 18.6667px\">:<\/strong><strong>Stage de Perfectionnement \u00e0 l\u2019\u00e9tranger<\/strong><\/span><\/p>\n<ul style=\"text-align: left\">\n<li><span style=\"font-size: 14pt;font-family: 'Book Antiqua', Palatino\">Fiche de candidature<\/span><\/li>\n<li><span style=\"font-size: 14pt;font-family: 'Book Antiqua', Palatino\">Demande manuscrite adress\u00e9e au pr\u00e9sident de Conseil Scientifique \u061b<\/span><\/li>\n<li><span style=\"font-size: 14pt;font-family: 'Book Antiqua', Palatino\">Plan de travail et objectif du stage dument vis\u00e9 par le directeur de recherche\u061b<\/span><\/li>\n<li><span style=\"font-size: 14pt;font-family: 'Book Antiqua', Palatino\">Attestation d\u2019inscription en doctorat \u061b<\/span><\/li>\n<li><span style=\"font-size: 14pt;font-family: 'Book Antiqua', Palatino\">Copie du dernier dipl\u00f4me obtenu (pour les nouveaux candidats) \u061b<\/span><\/li>\n<li><span style=\"font-size: 14pt;font-family: 'Book Antiqua', Palatino\">Copie de l\u2019arr\u00eat\u00e9 de titularisation (pour les nouveaux candidats) \u061b<\/span><\/li>\n<li><span style=\"font-size: 14pt;font-family: 'Book Antiqua', Palatino\">Copie de l\u2019arr\u00eat\u00e9 de la derni\u00e8re promotion (pour les nouveaux candidats) \u061b<\/span><\/li>\n<li><span style=\"font-size: 14pt;font-family: 'Book Antiqua', Palatino\">Une photo (pour les nouveaux candidats).<\/span><\/li>\n<li><span style=\"font-size: 14pt;font-family: 'Book Antiqua', Palatino\">Photocopie de passeport<\/span><\/li>\n<\/ul>\n<p dir=\"rtl\" style=\"text-align: left\"><span style=\"font-size: 14pt;font-family: 'Book Antiqua', Palatino\"><strong style=\"font-size: 18.6667px\">:<\/strong><strong>S\u00e9jour scientifique de haut niveau de courte dur\u00e9e<\/strong><\/span><\/p>\n<ul style=\"text-align: left\">\n<li><span style=\"font-size: 14pt;font-family: 'Book Antiqua', Palatino\">Fiche de candidature \u061b<\/span><\/li>\n<li><span style=\"font-size: 14pt;font-family: 'Book Antiqua', Palatino\">Demande manuscrite \u061b<\/span><\/li>\n<li><span style=\"font-size: 14pt;font-family: 'Book Antiqua', Palatino\">Plan et th\u00e8me de travail d\u00e9taill\u00e9 \u061b<\/span><\/li>\n<li><span style=\"font-size: 14pt;font-family: 'Book Antiqua', Palatino\">Copier du dernier dipl\u00f4me obtenu \u061b<\/span><\/li>\n<li><span style=\"font-size: 14pt;font-family: 'Book Antiqua', Palatino\">Copier de l\u2019arr\u00eat\u00e9 de titularisation \u061b<\/span><\/li>\n<li><span style=\"font-size: 14pt;font-family: 'Book Antiqua', Palatino\">Copier de l\u2019arr\u00eat\u00e9 du derni\u00e8re promotion \u061b<\/span><\/li>\n<li><span style=\"font-size: 14pt;font-family: 'Book Antiqua', Palatino\">Une photo<\/span><\/li>\n<li><span style=\"font-size: 14pt;font-family: 'Book Antiqua', Palatino\">Photocopie de passeport<\/span><\/li>\n<\/ul>\n<p dir=\"rtl\" style=\"text-align: left\"><span style=\"font-size: 14pt;font-family: 'Book Antiqua', Palatino\"><strong>Participation \u00e0 des manifestations scientifiques <\/strong><\/span><\/p>\n<p dir=\"rtl\" style=\"text-align: left\"><span style=\"font-size: 14pt;font-family: 'Book Antiqua', Palatino\"><strong>(cong\u00e9 scientifique):<\/strong><\/span><\/p>\n<ul style=\"text-align: left\">\n<li><span style=\"font-size: 14pt;font-family: 'Book Antiqua', Palatino\">Fiche de candidature \u061b<\/span><\/li>\n<li><span style=\"font-size: 14pt;font-family: 'Book Antiqua', Palatino\">Demande manuscrite \u061b<\/span><\/li>\n<li><span style=\"font-size: 14pt;font-family: 'Book Antiqua', Palatino\">Invitation \u061b<\/span><\/li>\n<li><span style=\"font-size: 14pt;font-family: 'Book Antiqua', Palatino\">Copie de la communication orale \u061b<\/span><\/li>\n<li><span style=\"font-size: 14pt;font-family: 'Book Antiqua', Palatino\">Copie de programme de la manifestation \u061b<\/span><\/li>\n<li><span style=\"font-size: 14pt;font-family: 'Book Antiqua', Palatino\">Copie du dernier dipl\u00f4me obtenu\u00a0 \u061b<\/span><\/li>\n<li><span style=\"font-size: 14pt;font-family: 'Book Antiqua', Palatino\">Copie de l\u2019arr\u00eat\u00e9 de titularisation \u061b<\/span><\/li>\n<li><span style=\"font-size: 14pt;font-family: 'Book Antiqua', Palatino\">Copie de l\u2019arr\u00eat\u00e9 de la derni\u00e8re promotion \u061b<\/span><\/li>\n<li><span style=\"font-size: 14pt;font-family: 'Book Antiqua', Palatino\">Une photo\u00a0<\/span><\/li>\n<li><span style=\"font-size: 14pt;font-family: 'Book Antiqua', Palatino\">Photocopie de passeport<\/span><\/li>\n<li><span style=\"font-size: 14pt;font-family: 'Book Antiqua', Palatino\">Attestation d\u2019inscription en doctorat<\/span><\/li>\n<\/ul>\n<p dir=\"rtl\" style=\"text-align: left\"><span style=\"font-size: 14pt;font-family: 'Book Antiqua', Palatino\">A son retour l\u2019int\u00e9ress\u00e9(e) doit obligatoirement d\u00e9poser, aupr\u00e8s\u00a0 du vice doyen charg\u00e9 de la post graduation, de la recherche scientifique et des relations ext\u00e9rieures, les pi\u00e8ces suivantes dans un d\u00e9lai n\u2019exc\u00e9dant pas les 15 jours\u00a0:<\/span><\/p>\n<ul>\n<li style=\"list-style-type: none\">\n<ul>\n<li style=\"text-align: left\"><span style=\"font-size: 14pt;font-family: 'Book Antiqua', Palatino\">Un Rapport de stage vis\u00e9 par l&rsquo;int\u00e9ress\u00e9 \u00a0pour \u00a0maitres de conf\u00e9rences\u00a0 classe A et maitres de\u00a0conf\u00e9rences\u00a0 classe B<\/span><\/li>\n<li style=\"text-align: left\"><span style=\"font-size: 14pt;font-family: 'Book Antiqua', Palatino\">Un rapport de stage\u00a0 vis\u00e9 par l\u2019\u00e9tablissement d\u2019accueil ou le\u00a0 laboratoire d\u2019accueil pour les maitres de conf\u00e9rences classe B, maitre assistants classe A et B ainsi que pour les doctorants<\/span><\/li>\n<li style=\"text-align: left\"><span style=\"font-size: 14pt;font-family: 'Book Antiqua', Palatino\">Le billet d\u2019avion<\/span><\/li>\n<li style=\"text-align: left\"><span style=\"font-size: 14pt;font-family: 'Book Antiqua', Palatino\">La d\u00e9cision vis\u00e9e par la PAF<\/span><\/li>\n<\/ul>\n<\/li>\n<\/ul>\n","protected":false},"excerpt":{"rendered":"<p>Dossiers des Stages :Stage de Perfectionnement \u00e0 l\u2019\u00e9tranger Fiche de candidature Demande manuscrite adress\u00e9e au pr\u00e9sident de Conseil Scientifique \u061b Plan de travail et objectif du stage dument vis\u00e9 par le directeur de recherche\u061b Attestation d\u2019inscription en doctorat \u061b Copie du dernier dipl\u00f4me obtenu (pour les nouveaux candidats) \u061b Copie de l\u2019arr\u00eat\u00e9 de titularisation (pour [&hellip;]<\/p>\n","protected":false},"author":18,"featured_media":0,"parent":6792,"menu_order":0,"comment_status":"closed","ping_status":"closed","template":"elementor_header_footer","meta":{"_exactmetrics_skip_tracking":false,"_exactmetrics_sitenote_active":false,"_exactmetrics_sitenote_note":"","_exactmetrics_sitenote_category":0,"footnotes":""},"coauthors":[527],"class_list":["post-9613","page","type-page","status-publish","hentry"],"_links":{"self":[{"href":"http:\/\/lagh-univ.dz\/fr\/wp-json\/wp\/v2\/pages\/9613","targetHints":{"allow":["GET"]}}],"collection":[{"href":"http:\/\/lagh-univ.dz\/fr\/wp-json\/wp\/v2\/pages"}],"about":[{"href":"http:\/\/lagh-univ.dz\/fr\/wp-json\/wp\/v2\/types\/page"}],"author":[{"embeddable":true,"href":"http:\/\/lagh-univ.dz\/fr\/wp-json\/wp\/v2\/users\/18"}],"replies":[{"embeddable":true,"href":"http:\/\/lagh-univ.dz\/fr\/wp-json\/wp\/v2\/comments?post=9613"}],"version-history":[{"count":7,"href":"http:\/\/lagh-univ.dz\/fr\/wp-json\/wp\/v2\/pages\/9613\/revisions"}],"predecessor-version":[{"id":13975,"href":"http:\/\/lagh-univ.dz\/fr\/wp-json\/wp\/v2\/pages\/9613\/revisions\/13975"}],"up":[{"embeddable":true,"href":"http:\/\/lagh-univ.dz\/fr\/wp-json\/wp\/v2\/pages\/6792"}],"wp:attachment":[{"href":"http:\/\/lagh-univ.dz\/fr\/wp-json\/wp\/v2\/media?parent=9613"}],"wp:term":[{"taxonomy":"author","embeddable":true,"href":"http:\/\/lagh-univ.dz\/fr\/wp-json\/wp\/v2\/coauthors?post=9613"}],"curies":[{"name":"wp","href":"https:\/\/api.w.org\/{rel}","templated":true}]}}