{"id":9615,"date":"2018-07-23T18:54:27","date_gmt":"2018-07-23T18:54:27","guid":{"rendered":"http:\/\/lagh-univ.dz\/genie-civil-post-graduation-service-de-suivit-des-activites-des-recherches-2\/"},"modified":"2019-02-28T08:30:28","modified_gmt":"2019-02-28T10:30:28","slug":"genie-civil-post-graduation-service-de-suivit-des-activites-des-recherches-2","status":"publish","type":"page","link":"http:\/\/lagh-univ.dz\/fr\/faculte-de-genie-civil-et-architecture\/genie-civil-post-graduation-service-de-suivit-des-activites-des-recherches-2\/","title":{"rendered":"G\u00e9nie Civil &#8211; post Graduation-service de suivit des activit\u00e9s des recherches"},"content":{"rendered":"<p style=\"text-align: left\"><span style=\"font-size: 14pt;font-family: 'Book Antiqua', Palatino\">Le service du suivi des activit\u00e9s de recherche a pour t\u00e2ches de suivre le d\u00e9roulement des activit\u00e9s de recherche scientifique, collecter et diffuser les informations sur les activit\u00e9s de recherche men\u00e9es .par la Facult\u00e9.<\/span><\/p>\n","protected":false},"excerpt":{"rendered":"<p>Le service du suivi des activit\u00e9s de recherche a pour t\u00e2ches de suivre le d\u00e9roulement des activit\u00e9s de recherche scientifique, collecter et diffuser les informations sur les activit\u00e9s de recherche men\u00e9es .par la Facult\u00e9.<\/p>\n","protected":false},"author":18,"featured_media":0,"parent":6792,"menu_order":0,"comment_status":"closed","ping_status":"closed","template":"elementor_header_footer","meta":{"_exactmetrics_skip_tracking":false,"_exactmetrics_sitenote_active":false,"_exactmetrics_sitenote_note":"","_exactmetrics_sitenote_category":0,"footnotes":""},"coauthors":[527],"class_list":["post-9615","page","type-page","status-publish","hentry"],"_links":{"self":[{"href":"http:\/\/lagh-univ.dz\/fr\/wp-json\/wp\/v2\/pages\/9615","targetHints":{"allow":["GET"]}}],"collection":[{"href":"http:\/\/lagh-univ.dz\/fr\/wp-json\/wp\/v2\/pages"}],"about":[{"href":"http:\/\/lagh-univ.dz\/fr\/wp-json\/wp\/v2\/types\/page"}],"author":[{"embeddable":true,"href":"http:\/\/lagh-univ.dz\/fr\/wp-json\/wp\/v2\/users\/18"}],"replies":[{"embeddable":true,"href":"http:\/\/lagh-univ.dz\/fr\/wp-json\/wp\/v2\/comments?post=9615"}],"version-history":[{"count":2,"href":"http:\/\/lagh-univ.dz\/fr\/wp-json\/wp\/v2\/pages\/9615\/revisions"}],"predecessor-version":[{"id":14350,"href":"http:\/\/lagh-univ.dz\/fr\/wp-json\/wp\/v2\/pages\/9615\/revisions\/14350"}],"up":[{"embeddable":true,"href":"http:\/\/lagh-univ.dz\/fr\/wp-json\/wp\/v2\/pages\/6792"}],"wp:attachment":[{"href":"http:\/\/lagh-univ.dz\/fr\/wp-json\/wp\/v2\/media?parent=9615"}],"wp:term":[{"taxonomy":"author","embeddable":true,"href":"http:\/\/lagh-univ.dz\/fr\/wp-json\/wp\/v2\/coauthors?post=9615"}],"curies":[{"name":"wp","href":"https:\/\/api.w.org\/{rel}","templated":true}]}}