{"id":9617,"date":"2018-07-23T18:55:55","date_gmt":"2018-07-23T18:55:55","guid":{"rendered":"http:\/\/lagh-univ.dz\/genie-civil-recherche-2\/"},"modified":"2020-01-29T09:17:24","modified_gmt":"2020-01-29T11:17:24","slug":"genie-civil-recherche-2","status":"publish","type":"page","link":"http:\/\/lagh-univ.dz\/fr\/faculte-de-genie-civil-et-architecture\/genie-civil-recherche-2\/","title":{"rendered":"G\u00e9nie Civil &#8211; recherche"},"content":{"rendered":"<p style=\"text-align: center\"><span style=\"color: #000000\"><strong><span style=\"font-size: 18pt\"><span style=\"font-family: 'Book Antiqua', Palatino\">Recherche scientifique<\/span><\/span><\/strong><\/span><\/p>\n<p><img fetchpriority=\"high\" decoding=\"async\" class=\" wp-image-22392 aligncenter\" src=\"http:\/\/lagh-univ.dz\/wp-content\/uploads\/2020\/01\/122-300x212.png\" alt=\"\" width=\"389\" height=\"275\" srcset=\"http:\/\/lagh-univ.dz\/wp-content\/uploads\/2020\/01\/122-300x212.png 300w, http:\/\/lagh-univ.dz\/wp-content\/uploads\/2020\/01\/122.png 658w\" sizes=\"(max-width: 389px) 100vw, 389px\" \/><\/p>\n<p><span style=\"font-family: 'Book Antiqua', Palatino;color: #000000\">La\u00a0<b>recherche scientifique<\/b>\u00a0est, en premier lieu, l\u2019ensemble des\u00a0actions entreprises en vue de produire et de d\u00e9velopper les connaissances<\/span><\/p>\n<p style=\"text-align: left\"><span style=\"font-family: 'Book Antiqua', Palatino;color: #000000\">scientifiques. Par\u00a0extension m\u00e9tonymique, on utilise \u00e9galement ce terme dans le cadre social, \u00e9conomique, institutionnel et juridique de ces actions.<\/span><\/p>\n","protected":false},"excerpt":{"rendered":"<p>Recherche scientifique La\u00a0recherche scientifique\u00a0est, en premier lieu, l\u2019ensemble des\u00a0actions entreprises en vue de produire et de d\u00e9velopper les connaissances scientifiques. Par\u00a0extension m\u00e9tonymique, on utilise \u00e9galement ce terme dans le cadre social, \u00e9conomique, institutionnel et juridique de ces actions.<\/p>\n","protected":false},"author":18,"featured_media":0,"parent":6792,"menu_order":0,"comment_status":"closed","ping_status":"closed","template":"elementor_header_footer","meta":{"_exactmetrics_skip_tracking":false,"_exactmetrics_sitenote_active":false,"_exactmetrics_sitenote_note":"","_exactmetrics_sitenote_category":0,"footnotes":""},"coauthors":[527],"class_list":["post-9617","page","type-page","status-publish","hentry"],"_links":{"self":[{"href":"http:\/\/lagh-univ.dz\/fr\/wp-json\/wp\/v2\/pages\/9617","targetHints":{"allow":["GET"]}}],"collection":[{"href":"http:\/\/lagh-univ.dz\/fr\/wp-json\/wp\/v2\/pages"}],"about":[{"href":"http:\/\/lagh-univ.dz\/fr\/wp-json\/wp\/v2\/types\/page"}],"author":[{"embeddable":true,"href":"http:\/\/lagh-univ.dz\/fr\/wp-json\/wp\/v2\/users\/18"}],"replies":[{"embeddable":true,"href":"http:\/\/lagh-univ.dz\/fr\/wp-json\/wp\/v2\/comments?post=9617"}],"version-history":[{"count":9,"href":"http:\/\/lagh-univ.dz\/fr\/wp-json\/wp\/v2\/pages\/9617\/revisions"}],"predecessor-version":[{"id":22398,"href":"http:\/\/lagh-univ.dz\/fr\/wp-json\/wp\/v2\/pages\/9617\/revisions\/22398"}],"up":[{"embeddable":true,"href":"http:\/\/lagh-univ.dz\/fr\/wp-json\/wp\/v2\/pages\/6792"}],"wp:attachment":[{"href":"http:\/\/lagh-univ.dz\/fr\/wp-json\/wp\/v2\/media?parent=9617"}],"wp:term":[{"taxonomy":"author","embeddable":true,"href":"http:\/\/lagh-univ.dz\/fr\/wp-json\/wp\/v2\/coauthors?post=9617"}],"curies":[{"name":"wp","href":"https:\/\/api.w.org\/{rel}","templated":true}]}}