{"id":9623,"date":"2018-07-23T18:54:48","date_gmt":"2018-07-23T18:54:48","guid":{"rendered":"http:\/\/lagh-univ.dz\/genie-civil-formation-2\/"},"modified":"2019-12-02T08:15:54","modified_gmt":"2019-12-02T10:15:54","slug":"genie-civil-formation-2","status":"publish","type":"page","link":"http:\/\/lagh-univ.dz\/fr\/genie-civil-formation-2\/","title":{"rendered":"G\u00e9nie Civil &#8211; formation"},"content":{"rendered":"<pre id=\"tw-target-text\" class=\"tw-data-text tw-text-large tw-ta\" data-placeholder=\"\u0627\u0644\u062a\u0631\u062c\u0645\u0629\"><span lang=\"fr\" style=\"font-family: 'Book Antiqua', Palatino;font-size: 14pt\"><strong>Les  Formations Agr\u00e9es\u00a0au sein du  la facult\u00e9 de g\u00e9nie civil et d'architecture:<\/strong>\r\n<strong>Licence<\/strong> : G\u00e9nie civil, Achitecture\r\n<strong>Master <\/strong>: G\u00e9nie civil, Achitecture\r\n<strong>Doctorat<\/strong>: G\u00e9nie civil.<\/span><\/pre>\n","protected":false},"excerpt":{"rendered":"<p>Les Formations Agr\u00e9es\u00a0au sein du la facult\u00e9 de g\u00e9nie civil et d&rsquo;architecture: Licence : G\u00e9nie civil, Achitecture Master : G\u00e9nie civil, Achitecture Doctorat: G\u00e9nie civil.<\/p>\n","protected":false},"author":18,"featured_media":0,"parent":0,"menu_order":0,"comment_status":"closed","ping_status":"closed","template":"elementor_header_footer","meta":{"_exactmetrics_skip_tracking":false,"_exactmetrics_sitenote_active":false,"_exactmetrics_sitenote_note":"","_exactmetrics_sitenote_category":0,"footnotes":""},"coauthors":[527],"class_list":["post-9623","page","type-page","status-publish","hentry"],"_links":{"self":[{"href":"http:\/\/lagh-univ.dz\/fr\/wp-json\/wp\/v2\/pages\/9623","targetHints":{"allow":["GET"]}}],"collection":[{"href":"http:\/\/lagh-univ.dz\/fr\/wp-json\/wp\/v2\/pages"}],"about":[{"href":"http:\/\/lagh-univ.dz\/fr\/wp-json\/wp\/v2\/types\/page"}],"author":[{"embeddable":true,"href":"http:\/\/lagh-univ.dz\/fr\/wp-json\/wp\/v2\/users\/18"}],"replies":[{"embeddable":true,"href":"http:\/\/lagh-univ.dz\/fr\/wp-json\/wp\/v2\/comments?post=9623"}],"version-history":[{"count":14,"href":"http:\/\/lagh-univ.dz\/fr\/wp-json\/wp\/v2\/pages\/9623\/revisions"}],"predecessor-version":[{"id":20013,"href":"http:\/\/lagh-univ.dz\/fr\/wp-json\/wp\/v2\/pages\/9623\/revisions\/20013"}],"wp:attachment":[{"href":"http:\/\/lagh-univ.dz\/fr\/wp-json\/wp\/v2\/media?parent=9623"}],"wp:term":[{"taxonomy":"author","embeddable":true,"href":"http:\/\/lagh-univ.dz\/fr\/wp-json\/wp\/v2\/coauthors?post=9623"}],"curies":[{"name":"wp","href":"https:\/\/api.w.org\/{rel}","templated":true}]}}