{"id":9633,"date":"2018-12-24T13:10:31","date_gmt":"2018-12-24T15:10:31","guid":{"rendered":"http:\/\/lagh-univ.dz\/genie-civil-departement-genie-civil-administration-2\/"},"modified":"2019-11-26T12:30:20","modified_gmt":"2019-11-26T14:30:20","slug":"genie-civil-departement-genie-civil-administration-2","status":"publish","type":"page","link":"http:\/\/lagh-univ.dz\/fr\/genie-civil-departement-genie-civil-2\/genie-civil-departement-genie-civil-administration-2\/","title":{"rendered":"Genie civil-Departement- Genie civil-administration"},"content":{"rendered":"<p dir=\"ltr\" style=\"text-align: center\"><span style=\"font-size: 14pt;font-family: 'Book Antiqua', Palatino;color: #000000\"><span style=\"color: #000000;font-family: Book Antiqua, Palatino\"><span style=\"font-size: 14pt\"><b>Chef de <\/b><\/span><span style=\"font-size: 18.6667px\"><b>d\u00e9partement<\/b><\/span><span style=\"font-size: 14pt\"><b>:<\/b><\/span><\/span><\/span><\/p>\n<p style=\"text-align: center\"><img decoding=\"async\" class=\"size-full wp-image-13805 aligncenter\" src=\"http:\/\/lagh-univ.dz\/wp-content\/uploads\/2019\/02\/55.png\" alt=\"\" width=\"130\" height=\"161\" \/><\/p>\n<p dir=\"ltr\" style=\"text-align: center\"><span style=\"font-size: 14pt;font-family: 'Book Antiqua', Palatino;color: #000000\">Mr Sekoum Mohammed\u00a0<\/span><\/p>\n<p dir=\"ltr\" style=\"text-align: center\"><span style=\"font-size: 14pt;font-family: 'Book Antiqua', Palatino;color: #000000\">Tel\u00a0: +213663584926<\/span><\/p>\n<p dir=\"ltr\" style=\"text-align: center\"><span style=\"font-size: 14pt;font-family: 'Book Antiqua', Palatino;color: #000000\">E.mail\u00a0:\u00a0 sekkoum_med@yahoo.fr<\/span><\/p>\n<p style=\"text-align: left\"><strong><span style=\"font-size: 14pt;font-family: 'Book Antiqua', Palatino\">Le mot du Chef de d\u00e9partement\u00a0:<\/span><\/strong><\/p>\n<p dir=\"ltr\" style=\"text-align: left\"><span style=\"font-size: 14pt;font-family: 'Book Antiqua', Palatino;color: #000000\">Le d\u00e9partement de G\u00e9nie-Civil est un d\u00e9partement interne \u00e0 la facult\u00e9 de G\u00e9nie-Civil et d\u2019Architecture de l\u2019Universit\u00e9 Amar Telidji de Laghouat. Il forme des dipl\u00f4m\u00e9s en Licence et en Master, dot\u00e9s des solides comp\u00e9tences scientifiques et techniques, capables d\u2019int\u00e9gration et de synth\u00e8se, de cr\u00e9ativit\u00e9 et d\u2019innovation, poss\u00e9dant les qualit\u00e9s n\u00e9cessaires pour entreprendre et diriger, partager, communiquer et piloter. Pour ce faire, le d\u00e9partement de G\u00e9nie-Civil dispense d\u2019une formation scientifique de haut niveau, proche des entreprises, et s\u2019appuyant sur un potentiel de recherche exceptionnel par sa vari\u00e9t\u00e9 et sa qualit\u00e9<\/span><\/p>\n<p dir=\"ltr\" style=\"text-align: center\"><strong><span style=\"font-size: 14pt;font-family: 'Book Antiqua', Palatino;color: #000000\">Nom et Pr\u00e9nom de l\u2019Adjoint au Chef de D\u00e9partement :\u00a0 <\/span><\/strong><\/p>\n<p dir=\"ltr\" style=\"text-align: center\"><strong><span style=\"font-size: 14pt;font-family: 'Book Antiqua', Palatino;color: #000000\"><img decoding=\"async\" class=\"alignnone wp-image-18977\" src=\"http:\/\/lagh-univ.dz\/wp-content\/uploads\/2019\/11\/3333.png\" alt=\"\" width=\"121\" height=\"153\" \/>\u00a0\u00a0<\/span><\/strong><\/p>\n<p dir=\"ltr\" style=\"text-align: center\"><span style=\"font-size: 14pt;font-family: 'Book Antiqua', Palatino;color: #000000\">BOULAGHMEN Farida\u00a0\u00a0\u00a0\u00a0<\/span><\/p>\n<p dir=\"ltr\" style=\"text-align: center\"><span style=\"font-size: 14pt;font-family: 'Book Antiqua', Palatino;color: #000000\">T\u00e9l : +213 662 479 742<\/span><\/p>\n<p dir=\"ltr\" style=\"text-align: center\"><span style=\"font-size: 14pt;font-family: 'Book Antiqua', Palatino;color: #000000\">Email\u00a0: <a style=\"color: #000000\" href=\"mailto:f.boulaghmen@lagh-univ.dz\">f.boulaghmen@lagh-univ.dz<\/a><\/span><\/p>\n","protected":false},"excerpt":{"rendered":"<p>Chef de d\u00e9partement: Mr Sekoum Mohammed\u00a0 Tel\u00a0: +213663584926 E.mail\u00a0:\u00a0 sekkoum_med@yahoo.fr Le mot du Chef de d\u00e9partement\u00a0: Le d\u00e9partement de G\u00e9nie-Civil est un d\u00e9partement interne \u00e0 la facult\u00e9 de G\u00e9nie-Civil et d\u2019Architecture de l\u2019Universit\u00e9 Amar Telidji de Laghouat. Il forme des dipl\u00f4m\u00e9s en Licence et en Master, dot\u00e9s des solides comp\u00e9tences scientifiques et techniques, capables d\u2019int\u00e9gration [&hellip;]<\/p>\n","protected":false},"author":18,"featured_media":0,"parent":9591,"menu_order":0,"comment_status":"closed","ping_status":"closed","template":"elementor_header_footer","meta":{"_exactmetrics_skip_tracking":false,"_exactmetrics_sitenote_active":false,"_exactmetrics_sitenote_note":"","_exactmetrics_sitenote_category":0,"footnotes":""},"coauthors":[527],"class_list":["post-9633","page","type-page","status-publish","hentry"],"_links":{"self":[{"href":"http:\/\/lagh-univ.dz\/fr\/wp-json\/wp\/v2\/pages\/9633","targetHints":{"allow":["GET"]}}],"collection":[{"href":"http:\/\/lagh-univ.dz\/fr\/wp-json\/wp\/v2\/pages"}],"about":[{"href":"http:\/\/lagh-univ.dz\/fr\/wp-json\/wp\/v2\/types\/page"}],"author":[{"embeddable":true,"href":"http:\/\/lagh-univ.dz\/fr\/wp-json\/wp\/v2\/users\/18"}],"replies":[{"embeddable":true,"href":"http:\/\/lagh-univ.dz\/fr\/wp-json\/wp\/v2\/comments?post=9633"}],"version-history":[{"count":9,"href":"http:\/\/lagh-univ.dz\/fr\/wp-json\/wp\/v2\/pages\/9633\/revisions"}],"predecessor-version":[{"id":19734,"href":"http:\/\/lagh-univ.dz\/fr\/wp-json\/wp\/v2\/pages\/9633\/revisions\/19734"}],"up":[{"embeddable":true,"href":"http:\/\/lagh-univ.dz\/fr\/wp-json\/wp\/v2\/pages\/9591"}],"wp:attachment":[{"href":"http:\/\/lagh-univ.dz\/fr\/wp-json\/wp\/v2\/media?parent=9633"}],"wp:term":[{"taxonomy":"author","embeddable":true,"href":"http:\/\/lagh-univ.dz\/fr\/wp-json\/wp\/v2\/coauthors?post=9633"}],"curies":[{"name":"wp","href":"https:\/\/api.w.org\/{rel}","templated":true}]}}