{"id":9642,"date":"2018-12-24T13:11:02","date_gmt":"2018-12-24T15:11:02","guid":{"rendered":"http:\/\/lagh-univ.dz\/genie-civil-departement-genie-civil-formations-2\/"},"modified":"2019-02-20T22:00:09","modified_gmt":"2019-02-21T00:00:09","slug":"genie-civil-departement-genie-civil-formations-2","status":"publish","type":"page","link":"http:\/\/lagh-univ.dz\/fr\/genie-civil-departement-genie-civil-2\/genie-civil-departement-genie-civil-formations-2\/","title":{"rendered":"Genie civil-Departement- Genie civil-formations"},"content":{"rendered":"<p dir=\"ltr\"><span style=\"color: #000000;font-size: 14pt;font-family: 'Book Antiqua', Palatino\"><span style=\"color: #000000;font-family: Book Antiqua, Palatino\"><span style=\"font-size: 14pt\"><b>Formations Agr\u00e9es au sein du <\/b><\/span><span style=\"font-size: 18.6667px\"><b>d\u00e9partement<\/b><\/span><span style=\"font-size: 14pt\"><b>\u00a0:<\/b><\/span><\/span><\/span><\/p>\n<p dir=\"ltr\"><strong><span style=\"color: #000000;font-size: 14pt;font-family: 'Book Antiqua', Palatino\">Licences<\/span><\/strong><\/p>\n<table dir=\"ltr\" style=\"height: 467px;width: 563px\" width=\"958\">\n<tbody>\n<tr>\n<td style=\"text-align: left;width: 553.6px\" colspan=\"3\"><span style=\"color: #000000;font-size: 14pt;font-family: 'Book Antiqua', Palatino\">Licences<\/span><\/td>\n<\/tr>\n<tr>\n<td style=\"text-align: left;width: 197.6px\" rowspan=\"4\"><span style=\"color: #000000;font-size: 14pt;font-family: 'Book Antiqua', Palatino\">D\u00e9partement<\/span><\/td>\n<td style=\"text-align: left;width: 204px\"><span style=\"color: #000000;font-size: 14pt;font-family: 'Book Antiqua', Palatino\">Licence<\/span><\/td>\n<td style=\"text-align: left;width: 140.8px\"><span style=\"color: #000000;font-size: 14pt;font-family: 'Book Antiqua', Palatino\">Responsable de Licence<\/span><\/td>\n<\/tr>\n<tr>\n<td style=\"text-align: left;width: 204px\"><span style=\"color: #000000;font-size: 14pt;font-family: 'Book Antiqua', Palatino\">G\u00e9nie-Civil<\/span><\/td>\n<td style=\"text-align: left;width: 140.8px\"><span style=\"color: #000000;font-size: 14pt;font-family: 'Book Antiqua', Palatino\">BELAKEHAL Hizia<\/span><\/td>\n<\/tr>\n<tr>\n<td style=\"text-align: left;width: 204px\"><span style=\"color: #000000;font-size: 14pt;font-family: 'Book Antiqua', Palatino\">Travaux Publics<\/span><\/td>\n<td style=\"text-align: left;width: 140.8px\"><span style=\"color: #000000;font-size: 14pt;font-family: 'Book Antiqua', Palatino\">NOUIOUA Tahar<\/span><\/td>\n<\/tr>\n<tr>\n<td style=\"text-align: left;width: 204px\"><span style=\"color: #000000;font-size: 14pt;font-family: 'Book Antiqua', Palatino\">Hydraulique<\/span><\/td>\n<td style=\"text-align: left;width: 140.8px\"><span style=\"color: #000000;font-size: 14pt;font-family: 'Book Antiqua', Palatino\">Guiddoum Azzeddine<\/span><\/td>\n<\/tr>\n<\/tbody>\n<\/table>\n<p dir=\"ltr\"><strong><span style=\"color: #000000;font-size: 14pt;font-family: 'Book Antiqua', Palatino\">Masters<\/span><\/strong><\/p>\n<table dir=\"ltr\">\n<tbody>\n<tr>\n<td colspan=\"3\" width=\"531\"><span style=\"color: #000000;font-size: 14pt;font-family: 'Book Antiqua', Palatino\">Masters<\/span><\/td>\n<\/tr>\n<tr>\n<td rowspan=\"6\" width=\"132\"><span style=\"color: #000000;font-size: 14pt;font-family: 'Book Antiqua', Palatino\">D\u00e9partement<\/span><\/td>\n<td width=\"153\"><span style=\"color: #000000;font-size: 14pt;font-family: 'Book Antiqua', Palatino\">Master<\/span><\/td>\n<td width=\"246\"><span style=\"color: #000000;font-size: 14pt;font-family: 'Book Antiqua', Palatino\">Responsable de Master<\/span><\/td>\n<\/tr>\n<tr>\n<td width=\"153\"><span style=\"color: #000000;font-size: 14pt;font-family: 'Book Antiqua', Palatino\">Structures<\/span><\/td>\n<td width=\"246\"><span style=\"color: #000000;font-size: 14pt;font-family: 'Book Antiqua', Palatino\">ZAIDI Ali<\/span><\/td>\n<\/tr>\n<tr>\n<td width=\"153\"><span style=\"color: #000000;font-size: 14pt;font-family: 'Book Antiqua', Palatino\">Mat\u00e9riaux en G\u00e9nie-Civil<\/span><\/td>\n<td width=\"246\"><span style=\"color: #000000;font-size: 14pt;font-family: 'Book Antiqua', Palatino\">BENDJILLALI Khadra<\/span><\/td>\n<\/tr>\n<tr>\n<td width=\"153\"><span style=\"color: #000000;font-size: 14pt;font-family: 'Book Antiqua', Palatino\">Voies et Ouvrages d\u2019Art<\/span><\/td>\n<td width=\"246\"><span style=\"color: #000000;font-size: 14pt;font-family: 'Book Antiqua', Palatino\">ZIREGUE Ahmed<\/span><\/td>\n<\/tr>\n<tr>\n<td width=\"153\"><span style=\"color: #000000;font-size: 14pt;font-family: 'Book Antiqua', Palatino\">Ressources hydrauliques<\/span><\/td>\n<td width=\"246\"><span style=\"color: #000000;font-size: 14pt;font-family: 'Book Antiqua', Palatino\">Bouache Mohamed<\/span><\/td>\n<\/tr>\n<tr>\n<td width=\"153\"><span style=\"color: #000000;font-size: 14pt;font-family: 'Book Antiqua', Palatino\">Topographie<\/span><\/td>\n<td width=\"246\"><span style=\"color: #000000;font-size: 14pt;font-family: 'Book Antiqua', Palatino\">GUERROUDJ Abdel-Halim<\/span><\/td>\n<\/tr>\n<tr>\n<td width=\"132\"><\/td>\n<td width=\"153\"><\/td>\n<td width=\"246\"><\/td>\n<\/tr>\n<\/tbody>\n<\/table>\n<ul>\n<li><span style=\"color: #000000;font-size: 14pt;font-family: 'Book Antiqua', Palatino\">En post-graduation, nous sommes parmi les premi\u00e8res universit\u00e9s au niveau national qui ont acc\u00e9d\u00e9 \u00e0 des formations doctorales DLMD . Trois formations doctorales ont \u00e9t\u00e9 entreprises dans deux fili\u00e8res diff\u00e9rentes :<\/span><\/li>\n<\/ul>\n<ul>\n<li><span style=\"color: #000000;font-size: 14pt;font-family: 'Book Antiqua', Palatino\">Fili\u00e8re de G\u00e9nie Civil avec deux options<\/span><\/li>\n<li><span style=\"color: #000000;font-size: 14pt;font-family: 'Book Antiqua', Palatino\">Mat\u00e9riaux et analyse des structures<\/span><\/li>\n<li><span style=\"color: #000000;font-size: 14pt;font-family: 'Book Antiqua', Palatino\">Sols et mat\u00e9riaux<\/span><\/li>\n<li><span style=\"color: #000000;font-size: 14pt;font-family: 'Book Antiqua', Palatino\">Fili\u00e8re Hydraulique avec une seule option : Ressources Hydrauliques<\/span><\/li>\n<\/ul>\n<p dir=\"ltr\"><span style=\"color: #000000;font-size: 14pt;font-family: 'Book Antiqua', Palatino\">Chaque fili\u00e8re suit sa th\u00e9matique en collaboration avec les laboratoires de recherches.<\/span><\/p>\n<p dir=\"ltr\"><span style=\"color: #000000;font-size: 14pt;font-family: 'Book Antiqua', Palatino\">Le d\u00e9partement de G\u00e9nie-Civil pr\u00e9voit d\u2019\u00e9tablir des conventions portant sur les formations en cotutelle avec des \u00e9tablissements \u00e9trangers tels que la France, la Belgique, la Malaisie. Canada, U.S.A.<\/span><\/p>\n<p dir=\"ltr\" style=\"text-align: left\"><span style=\"color: #000000;font-size: 14pt;font-family: 'Book Antiqua', Palatino\">Aujourd\u2019hui, et suite au travail continu et laborieux de l\u2019ensemble de l\u2019\u00e9quipe p\u00e9dagogique ; le d\u00e9partement de g\u00e9nie-Civil est bien r\u00e9put\u00e9 par son r\u00e9gime stricte et efficace, et elle est devenue une structure p\u00e9dagogique ind\u00e9pendante de la facult\u00e9 de Technologie suite \u00e0 la cr\u00e9ation et la mise en place d\u2019une nouvelle facult\u00e9 nomm\u00e9e, Facult\u00e9 de G\u00e9nie-Civil et d\u2019Architecture de l\u2019Universit\u00e9 Amar Telidji de Laghouat \u00e0 la rentr\u00e9e universitaire 2017\/2018, conform\u00e9ment au d\u00e9cret N\u00b0..16-72 du 22\/02\/2016<\/span><\/p>\n","protected":false},"excerpt":{"rendered":"<p>Formations Agr\u00e9es au sein du d\u00e9partement\u00a0: Licences Licences D\u00e9partement Licence Responsable de Licence G\u00e9nie-Civil BELAKEHAL Hizia Travaux Publics NOUIOUA Tahar Hydraulique Guiddoum Azzeddine Masters Masters D\u00e9partement Master Responsable de Master Structures ZAIDI Ali Mat\u00e9riaux en G\u00e9nie-Civil BENDJILLALI Khadra Voies et Ouvrages d\u2019Art ZIREGUE Ahmed Ressources hydrauliques Bouache Mohamed Topographie GUERROUDJ Abdel-Halim En post-graduation, nous sommes [&hellip;]<\/p>\n","protected":false},"author":18,"featured_media":0,"parent":9591,"menu_order":0,"comment_status":"closed","ping_status":"closed","template":"elementor_header_footer","meta":{"_exactmetrics_skip_tracking":false,"_exactmetrics_sitenote_active":false,"_exactmetrics_sitenote_note":"","_exactmetrics_sitenote_category":0,"footnotes":""},"coauthors":[527],"class_list":["post-9642","page","type-page","status-publish","hentry"],"_links":{"self":[{"href":"http:\/\/lagh-univ.dz\/fr\/wp-json\/wp\/v2\/pages\/9642","targetHints":{"allow":["GET"]}}],"collection":[{"href":"http:\/\/lagh-univ.dz\/fr\/wp-json\/wp\/v2\/pages"}],"about":[{"href":"http:\/\/lagh-univ.dz\/fr\/wp-json\/wp\/v2\/types\/page"}],"author":[{"embeddable":true,"href":"http:\/\/lagh-univ.dz\/fr\/wp-json\/wp\/v2\/users\/18"}],"replies":[{"embeddable":true,"href":"http:\/\/lagh-univ.dz\/fr\/wp-json\/wp\/v2\/comments?post=9642"}],"version-history":[{"count":4,"href":"http:\/\/lagh-univ.dz\/fr\/wp-json\/wp\/v2\/pages\/9642\/revisions"}],"predecessor-version":[{"id":13815,"href":"http:\/\/lagh-univ.dz\/fr\/wp-json\/wp\/v2\/pages\/9642\/revisions\/13815"}],"up":[{"embeddable":true,"href":"http:\/\/lagh-univ.dz\/fr\/wp-json\/wp\/v2\/pages\/9591"}],"wp:attachment":[{"href":"http:\/\/lagh-univ.dz\/fr\/wp-json\/wp\/v2\/media?parent=9642"}],"wp:term":[{"taxonomy":"author","embeddable":true,"href":"http:\/\/lagh-univ.dz\/fr\/wp-json\/wp\/v2\/coauthors?post=9642"}],"curies":[{"name":"wp","href":"https:\/\/api.w.org\/{rel}","templated":true}]}}