{"id":9646,"date":"2018-12-24T13:12:15","date_gmt":"2018-12-24T15:12:15","guid":{"rendered":"http:\/\/lagh-univ.dz\/genie-civil-departement-genie-civil-formations-master-2\/"},"modified":"2020-02-04T09:15:28","modified_gmt":"2020-02-04T11:15:28","slug":"genie-civil-departement-genie-civil-formations-master-2","status":"publish","type":"page","link":"http:\/\/lagh-univ.dz\/fr\/genie-civil-departement-genie-civil-2\/genie-civil-departement-genie-civil-formations-master-2\/","title":{"rendered":"Genie civil-Departement- Genie civil-formations -master"},"content":{"rendered":"<table style=\"width: 610px;height: 345px\">\n<tbody>\n<tr style=\"height: 56px\">\n<td style=\"width: 600px;text-align: left;height: 39px\" colspan=\"3\">\n<p style=\"text-align: center\"><span style=\"font-size: 14pt;font-family: 'Book Antiqua', Palatino\"><strong>Masters<\/strong><\/span><\/p>\n<\/td>\n<\/tr>\n<tr style=\"height: 56px\">\n<td style=\"width: 147px;text-align: left;height: 306px\" rowspan=\"6\"><span style=\"font-size: 14pt;font-family: 'Book Antiqua', Palatino\"><strong>D\u00e9partement<\/strong><\/span><\/td>\n<td style=\"width: 182px;text-align: left;height: 36px\"><span style=\"font-size: 12pt;font-family: 'Book Antiqua', Palatino;color: #000000\"><strong>Master<\/strong><\/span><\/td>\n<td style=\"width: 259px;text-align: left;height: 36px\"><span style=\"font-size: 12pt;font-family: 'Book Antiqua', Palatino;color: #000000\"><strong>Responsable de Master<\/strong><\/span><\/td>\n<\/tr>\n<tr style=\"height: 56px\">\n<td style=\"width: 182px;text-align: left;height: 44px\"><span style=\"font-size: 12pt;font-family: 'Book Antiqua', Palatino;color: #000000\">Structures<\/span><\/td>\n<td style=\"width: 259px;text-align: left;height: 44px\"><span style=\"font-size: 12pt;font-family: 'Book Antiqua', Palatino;color: #000000\">ZAIDI Ali<\/span><\/td>\n<\/tr>\n<tr style=\"height: 80px\">\n<td style=\"width: 182px;text-align: left;height: 59px\"><span style=\"font-size: 12pt;font-family: 'Book Antiqua', Palatino;color: #000000\">Mat\u00e9riaux en G\u00e9nie-Civil<\/span><\/td>\n<td style=\"width: 259px;text-align: left;height: 59px\"><span style=\"font-size: 12pt;font-family: 'Book Antiqua', Palatino;color: #000000\">BENDJILLALI Khadra<\/span><\/td>\n<\/tr>\n<tr style=\"height: 80px\">\n<td style=\"width: 182px;text-align: left;height: 52px\"><span style=\"font-size: 12pt;font-family: 'Book Antiqua', Palatino;color: #000000\">Voies et Ouvrages d\u2019Art<\/span><\/td>\n<td style=\"width: 259px;text-align: left;height: 52px\"><span style=\"font-size: 12pt;font-family: 'Book Antiqua', Palatino;color: #000000\">ZIREGUE Ahmed<\/span><\/td>\n<\/tr>\n<tr style=\"height: 80px\">\n<td style=\"width: 182px;text-align: left;height: 59px\"><span style=\"font-size: 12pt;font-family: 'Book Antiqua', Palatino;color: #000000\">Ressources hydrauliques<\/span><\/td>\n<td style=\"width: 259px;text-align: left;height: 59px\"><span style=\"font-size: 12pt;font-family: 'Book Antiqua', Palatino;color: #000000\">Bouache Mohamed<\/span><\/td>\n<\/tr>\n<tr style=\"height: 56px\">\n<td style=\"width: 182px;text-align: left;height: 56px\"><span style=\"font-size: 12pt;font-family: 'Book Antiqua', Palatino;color: #000000\">Topographie<\/span><\/td>\n<td style=\"width: 259px;text-align: left;height: 56px\">\n<p style=\"text-align: left\"><span style=\"font-size: 12pt;font-family: 'Book Antiqua', Palatino;color: #000000\">GUERROUDJ Abdel-Halim<\/span><\/p>\n<\/td>\n<\/tr>\n<\/tbody>\n<\/table>\n","protected":false},"excerpt":{"rendered":"<p>Masters D\u00e9partement Master Responsable de Master Structures ZAIDI Ali Mat\u00e9riaux en G\u00e9nie-Civil BENDJILLALI Khadra Voies et Ouvrages d\u2019Art ZIREGUE Ahmed Ressources hydrauliques Bouache Mohamed Topographie GUERROUDJ Abdel-Halim<\/p>\n","protected":false},"author":18,"featured_media":0,"parent":9591,"menu_order":0,"comment_status":"closed","ping_status":"closed","template":"elementor_header_footer","meta":{"_exactmetrics_skip_tracking":false,"_exactmetrics_sitenote_active":false,"_exactmetrics_sitenote_note":"","_exactmetrics_sitenote_category":0,"footnotes":""},"coauthors":[527],"class_list":["post-9646","page","type-page","status-publish","hentry"],"_links":{"self":[{"href":"http:\/\/lagh-univ.dz\/fr\/wp-json\/wp\/v2\/pages\/9646","targetHints":{"allow":["GET"]}}],"collection":[{"href":"http:\/\/lagh-univ.dz\/fr\/wp-json\/wp\/v2\/pages"}],"about":[{"href":"http:\/\/lagh-univ.dz\/fr\/wp-json\/wp\/v2\/types\/page"}],"author":[{"embeddable":true,"href":"http:\/\/lagh-univ.dz\/fr\/wp-json\/wp\/v2\/users\/18"}],"replies":[{"embeddable":true,"href":"http:\/\/lagh-univ.dz\/fr\/wp-json\/wp\/v2\/comments?post=9646"}],"version-history":[{"count":5,"href":"http:\/\/lagh-univ.dz\/fr\/wp-json\/wp\/v2\/pages\/9646\/revisions"}],"predecessor-version":[{"id":23258,"href":"http:\/\/lagh-univ.dz\/fr\/wp-json\/wp\/v2\/pages\/9646\/revisions\/23258"}],"up":[{"embeddable":true,"href":"http:\/\/lagh-univ.dz\/fr\/wp-json\/wp\/v2\/pages\/9591"}],"wp:attachment":[{"href":"http:\/\/lagh-univ.dz\/fr\/wp-json\/wp\/v2\/media?parent=9646"}],"wp:term":[{"taxonomy":"author","embeddable":true,"href":"http:\/\/lagh-univ.dz\/fr\/wp-json\/wp\/v2\/coauthors?post=9646"}],"curies":[{"name":"wp","href":"https:\/\/api.w.org\/{rel}","templated":true}]}}